{"id":87572,"date":"2024-04-05T16:58:49","date_gmt":"2024-04-05T14:58:49","guid":{"rendered":"https:\/\/www.smartystore.it\/prodotto\/poubelle-haccp-a-pedale\/"},"modified":"2024-04-05T16:58:49","modified_gmt":"2024-04-05T14:58:49","slug":"poubelle-haccp-a-pedale","status":"publish","type":"product","link":"https:\/\/www.smartystore.it\/fr\/prodotto\/poubelle-haccp-a-pedale\/","title":{"rendered":"Poubelle HACCP \u00e0 p\u00e9dale"},"content":{"rendered":"<h2><strong>Poubelle HACCP \u00e0 p\u00e9dale<\/strong><\/h2>\n<p>La poubelle HACCP est une corbeille enti\u00e8rement r\u00e9alis\u00e9e en m\u00e9tal blanc avec une finition lisse. Cela permet un nettoyage et une d\u00e9sinfection plus approfondis, un d\u00e9tail indispensable dans des environnements tels que les cuisines des restaurants, des h\u00f4tels, des grands d\u00e9taillants alimentaires et \u00e9galement dans les environnements de sant\u00e9 tels que les h\u00f4pitaux et les laboratoires. La poubelle est \u00e9quip\u00e9e d&rsquo;une p\u00e9dale d&rsquo;une largeur de 20 cm. ce qui permet d&rsquo;ouvrir le couvercle sans avoir \u00e0 le toucher avec les mains et se ferme silencieusement, r\u00e9duisant ainsi la contamination et la propagation des germes. Le syst\u00e8me Soft Close, quant \u00e0 lui, permet une fermeture silencieuse, douce et hygi\u00e9nique.<\/p>\n<p>Deux bras internes permettent un syst\u00e8me de verrouillage des sacs poubelles, r\u00e9duisant ainsi le risque de d\u00e9versements. La poign\u00e9e situ\u00e9e \u00e0 l&rsquo;arri\u00e8re de la poubelle facilite son d\u00e9placement.<\/p>\n<p>Chaque poubelle \u00e0 p\u00e9dale HACCP est \u00e9quip\u00e9e d&rsquo;un kit de 5 autocollants noirs permettant d&rsquo;identifier la poubelle (verre, plastique, papier, humide et sec).<\/p>\n<p>Disponible en deux formats :<\/p>\n<ul>\n<li>Capacit\u00e9 : 42 litres<\/li>\n<li>Capacit\u00e9 : 85 litres<\/li>\n<\/ul>\n<h3>CARACT\u00c9RISTIQUES:<\/h3>\n<p>Poubelle en acier.<\/p>\n<p>Surface lisse pour un meilleur nettoyage.<\/p>\n<p>Couleur blanche.<\/p>\n<p>Poign\u00e9e arri\u00e8re pour le transport.<\/p>\n<p>P\u00e9dale noire pour l&rsquo;ouverture.<\/p>\n<p>Syst\u00e8me de verrouillage du sac.<\/p>\n<p>Syst\u00e8me Soft Close pour une ouverture et une fermeture silencieuses et hygi\u00e9niques.<\/p>\n<p>Kit d&rsquo;autocollants d&rsquo;identification inclus (verre, plastique, papier, humide, sec).<\/p>\n<p>Disponible en deux tailles : 42 litres et 85 litres.<\/p>\n<p>Dimensions poubelle d&rsquo;une capacit\u00e9 de 42 litres : L 320 x H 595 x P 396 mm.<\/p>\n<p>Poids du panier d&rsquo;une capacit\u00e9 de 42 litres : 8,9 kg<\/p>\n<p>Dimensions poubelle d&rsquo;une capacit\u00e9 de 85 litres : L 390 x H 775 x P 466 mm.<\/p>\n<p>Poids du panier d&rsquo;une capacit\u00e9 de 85 litres : 13,6 kg<\/p>\n","protected":false},"excerpt":{"rendered":"<p>Poubelle HACCP en acier blanc avec syst\u00e8me Soft Close. Disponible en deux tailles.<\/p>\n","protected":false},"featured_media":87533,"comment_status":"open","ping_status":"closed","template":"","meta":{"_acf_changed":false},"pwb-brand":[],"product_brand":[],"product_cat":[2993],"product_tag":[],"class_list":{"0":"post-87572","1":"product","2":"type-product","3":"status-publish","4":"has-post-thumbnail","6":"product_cat-corbeilles","7":"pa_c2c_color-blanc","8":"pa_c2c_trovraprezzi-oui","10":"first","11":"instock","12":"taxable","13":"shipping-taxable","14":"purchasable","15":"product-type-variable"},"acf":[],"yoast_head":"<!-- This site is optimized with the Yoast SEO plugin v27.4 - https:\/\/yoast.com\/product\/yoast-seo-wordpress\/ -->\n<title>Poubelle HACCP \u00e0 p\u00e9dale - Smarty Store<\/title>\n<meta name=\"robots\" content=\"index, follow, max-snippet:-1, max-image-preview:large, max-video-preview:-1\" \/>\n<link rel=\"canonical\" href=\"https:\/\/www.smartystore.it\/fr\/prodotto\/poubelle-haccp-a-pedale\/\" \/>\n<meta property=\"og:locale\" content=\"fr_FR\" \/>\n<meta property=\"og:type\" content=\"article\" \/>\n<meta property=\"og:title\" content=\"Poubelle HACCP \u00e0 p\u00e9dale - Smarty Store\" \/>\n<meta property=\"og:description\" content=\"Poubelle HACCP en acier blanc avec syst\u00e8me Soft Close. Disponible en deux tailles.\" \/>\n<meta property=\"og:url\" content=\"https:\/\/www.smartystore.it\/fr\/prodotto\/poubelle-haccp-a-pedale\/\" \/>\n<meta property=\"og:site_name\" content=\"Smarty Store\" \/>\n<meta property=\"og:image\" content=\"https:\/\/www.smartystore.it\/v25\/wp-content\/uploads\/2024\/04\/Pattumiera-haccp-con-pedale-capacita-42-e-85-litri.jpg\" \/>\n\t<meta property=\"og:image:width\" content=\"1000\" \/>\n\t<meta property=\"og:image:height\" content=\"1000\" \/>\n\t<meta property=\"og:image:type\" content=\"image\/jpeg\" \/>\n<meta name=\"twitter:card\" content=\"summary_large_image\" \/>\n<meta name=\"twitter:label1\" content=\"Dur\u00e9e de lecture estim\u00e9e\" \/>\n\t<meta name=\"twitter:data1\" content=\"1 minute\" \/>\n<script type=\"application\/ld+json\" class=\"yoast-schema-graph\">{\"@context\":\"https:\\\/\\\/schema.org\",\"@graph\":[{\"@type\":\"WebPage\",\"@id\":\"https:\\\/\\\/www.smartystore.it\\\/fr\\\/prodotto\\\/poubelle-haccp-a-pedale\\\/\",\"url\":\"https:\\\/\\\/www.smartystore.it\\\/fr\\\/prodotto\\\/poubelle-haccp-a-pedale\\\/\",\"name\":\"Poubelle HACCP \u00e0 p\u00e9dale - Smarty Store\",\"isPartOf\":{\"@id\":\"https:\\\/\\\/www.smartystore.it\\\/fr\\\/#website\"},\"primaryImageOfPage\":{\"@id\":\"https:\\\/\\\/www.smartystore.it\\\/fr\\\/prodotto\\\/poubelle-haccp-a-pedale\\\/#primaryimage\"},\"image\":{\"@id\":\"https:\\\/\\\/www.smartystore.it\\\/fr\\\/prodotto\\\/poubelle-haccp-a-pedale\\\/#primaryimage\"},\"thumbnailUrl\":\"https:\\\/\\\/www.smartystore.it\\\/v25\\\/wp-content\\\/uploads\\\/2024\\\/04\\\/Pattumiera-haccp-con-pedale-capacita-42-e-85-litri.jpg\",\"datePublished\":\"2024-04-05T14:58:49+00:00\",\"breadcrumb\":{\"@id\":\"https:\\\/\\\/www.smartystore.it\\\/fr\\\/prodotto\\\/poubelle-haccp-a-pedale\\\/#breadcrumb\"},\"inLanguage\":\"fr-FR\",\"potentialAction\":[{\"@type\":\"ReadAction\",\"target\":[\"https:\\\/\\\/www.smartystore.it\\\/fr\\\/prodotto\\\/poubelle-haccp-a-pedale\\\/\"]}]},{\"@type\":\"ImageObject\",\"inLanguage\":\"fr-FR\",\"@id\":\"https:\\\/\\\/www.smartystore.it\\\/fr\\\/prodotto\\\/poubelle-haccp-a-pedale\\\/#primaryimage\",\"url\":\"https:\\\/\\\/www.smartystore.it\\\/v25\\\/wp-content\\\/uploads\\\/2024\\\/04\\\/Pattumiera-haccp-con-pedale-capacita-42-e-85-litri.jpg\",\"contentUrl\":\"https:\\\/\\\/www.smartystore.it\\\/v25\\\/wp-content\\\/uploads\\\/2024\\\/04\\\/Pattumiera-haccp-con-pedale-capacita-42-e-85-litri.jpg\",\"width\":1000,\"height\":1000},{\"@type\":\"BreadcrumbList\",\"@id\":\"https:\\\/\\\/www.smartystore.it\\\/fr\\\/prodotto\\\/poubelle-haccp-a-pedale\\\/#breadcrumb\",\"itemListElement\":[{\"@type\":\"ListItem\",\"position\":1,\"name\":\"Home\",\"item\":\"https:\\\/\\\/www.smartystore.it\\\/fr\\\/\"},{\"@type\":\"ListItem\",\"position\":2,\"name\":\"Boutique\",\"item\":\"https:\\\/\\\/www.smartystore.it\\\/fr\\\/boutique\\\/\"},{\"@type\":\"ListItem\",\"position\":3,\"name\":\"Poubelle HACCP \u00e0 p\u00e9dale\"}]},{\"@type\":\"WebSite\",\"@id\":\"https:\\\/\\\/www.smartystore.it\\\/fr\\\/#website\",\"url\":\"https:\\\/\\\/www.smartystore.it\\\/fr\\\/\",\"name\":\"Smarty Store\",\"description\":\"Espositori Pubblicitari e Sistemi di Comunicazione Visiva\",\"potentialAction\":[{\"@type\":\"SearchAction\",\"target\":{\"@type\":\"EntryPoint\",\"urlTemplate\":\"https:\\\/\\\/www.smartystore.it\\\/fr\\\/?s={search_term_string}\"},\"query-input\":{\"@type\":\"PropertyValueSpecification\",\"valueRequired\":true,\"valueName\":\"search_term_string\"}}],\"inLanguage\":\"fr-FR\"}]}<\/script>\n<!-- \/ Yoast SEO plugin. -->","yoast_head_json":{"title":"Poubelle HACCP \u00e0 p\u00e9dale - Smarty Store","robots":{"index":"index","follow":"follow","max-snippet":"max-snippet:-1","max-image-preview":"max-image-preview:large","max-video-preview":"max-video-preview:-1"},"canonical":"https:\/\/www.smartystore.it\/fr\/prodotto\/poubelle-haccp-a-pedale\/","og_locale":"fr_FR","og_type":"article","og_title":"Poubelle HACCP \u00e0 p\u00e9dale - Smarty Store","og_description":"Poubelle HACCP en acier blanc avec syst\u00e8me Soft Close. Disponible en deux tailles.","og_url":"https:\/\/www.smartystore.it\/fr\/prodotto\/poubelle-haccp-a-pedale\/","og_site_name":"Smarty Store","og_image":[{"width":1000,"height":1000,"url":"https:\/\/www.smartystore.it\/v25\/wp-content\/uploads\/2024\/04\/Pattumiera-haccp-con-pedale-capacita-42-e-85-litri.jpg","type":"image\/jpeg"}],"twitter_card":"summary_large_image","twitter_misc":{"Dur\u00e9e de lecture estim\u00e9e":"1 minute"},"schema":{"@context":"https:\/\/schema.org","@graph":[{"@type":"WebPage","@id":"https:\/\/www.smartystore.it\/fr\/prodotto\/poubelle-haccp-a-pedale\/","url":"https:\/\/www.smartystore.it\/fr\/prodotto\/poubelle-haccp-a-pedale\/","name":"Poubelle HACCP \u00e0 p\u00e9dale - Smarty Store","isPartOf":{"@id":"https:\/\/www.smartystore.it\/fr\/#website"},"primaryImageOfPage":{"@id":"https:\/\/www.smartystore.it\/fr\/prodotto\/poubelle-haccp-a-pedale\/#primaryimage"},"image":{"@id":"https:\/\/www.smartystore.it\/fr\/prodotto\/poubelle-haccp-a-pedale\/#primaryimage"},"thumbnailUrl":"https:\/\/www.smartystore.it\/v25\/wp-content\/uploads\/2024\/04\/Pattumiera-haccp-con-pedale-capacita-42-e-85-litri.jpg","datePublished":"2024-04-05T14:58:49+00:00","breadcrumb":{"@id":"https:\/\/www.smartystore.it\/fr\/prodotto\/poubelle-haccp-a-pedale\/#breadcrumb"},"inLanguage":"fr-FR","potentialAction":[{"@type":"ReadAction","target":["https:\/\/www.smartystore.it\/fr\/prodotto\/poubelle-haccp-a-pedale\/"]}]},{"@type":"ImageObject","inLanguage":"fr-FR","@id":"https:\/\/www.smartystore.it\/fr\/prodotto\/poubelle-haccp-a-pedale\/#primaryimage","url":"https:\/\/www.smartystore.it\/v25\/wp-content\/uploads\/2024\/04\/Pattumiera-haccp-con-pedale-capacita-42-e-85-litri.jpg","contentUrl":"https:\/\/www.smartystore.it\/v25\/wp-content\/uploads\/2024\/04\/Pattumiera-haccp-con-pedale-capacita-42-e-85-litri.jpg","width":1000,"height":1000},{"@type":"BreadcrumbList","@id":"https:\/\/www.smartystore.it\/fr\/prodotto\/poubelle-haccp-a-pedale\/#breadcrumb","itemListElement":[{"@type":"ListItem","position":1,"name":"Home","item":"https:\/\/www.smartystore.it\/fr\/"},{"@type":"ListItem","position":2,"name":"Boutique","item":"https:\/\/www.smartystore.it\/fr\/boutique\/"},{"@type":"ListItem","position":3,"name":"Poubelle HACCP \u00e0 p\u00e9dale"}]},{"@type":"WebSite","@id":"https:\/\/www.smartystore.it\/fr\/#website","url":"https:\/\/www.smartystore.it\/fr\/","name":"Smarty Store","description":"Espositori Pubblicitari e Sistemi di Comunicazione Visiva","potentialAction":[{"@type":"SearchAction","target":{"@type":"EntryPoint","urlTemplate":"https:\/\/www.smartystore.it\/fr\/?s={search_term_string}"},"query-input":{"@type":"PropertyValueSpecification","valueRequired":true,"valueName":"search_term_string"}}],"inLanguage":"fr-FR"}]}},"brands":[],"_links":{"self":[{"href":"https:\/\/www.smartystore.it\/fr\/wp-json\/wp\/v2\/product\/87572","targetHints":{"allow":["GET"]}}],"collection":[{"href":"https:\/\/www.smartystore.it\/fr\/wp-json\/wp\/v2\/product"}],"about":[{"href":"https:\/\/www.smartystore.it\/fr\/wp-json\/wp\/v2\/types\/product"}],"replies":[{"embeddable":true,"href":"https:\/\/www.smartystore.it\/fr\/wp-json\/wp\/v2\/comments?post=87572"}],"wp:featuredmedia":[{"embeddable":true,"href":"https:\/\/www.smartystore.it\/fr\/wp-json\/wp\/v2\/media\/87533"}],"wp:attachment":[{"href":"https:\/\/www.smartystore.it\/fr\/wp-json\/wp\/v2\/media?parent=87572"}],"wp:term":[{"taxonomy":"pwb-brand","embeddable":true,"href":"https:\/\/www.smartystore.it\/fr\/wp-json\/wp\/v2\/pwb-brand?post=87572"},{"taxonomy":"product_brand","embeddable":true,"href":"https:\/\/www.smartystore.it\/fr\/wp-json\/wp\/v2\/product_brand?post=87572"},{"taxonomy":"product_cat","embeddable":true,"href":"https:\/\/www.smartystore.it\/fr\/wp-json\/wp\/v2\/product_cat?post=87572"},{"taxonomy":"product_tag","embeddable":true,"href":"https:\/\/www.smartystore.it\/fr\/wp-json\/wp\/v2\/product_tag?post=87572"}],"curies":[{"name":"wp","href":"https:\/\/api.w.org\/{rel}","templated":true}]}}