{"id":87510,"date":"2024-04-04T16:22:26","date_gmt":"2024-04-04T14:22:26","guid":{"rendered":"https:\/\/www.smartystore.it\/prodotto\/barre-porte-commandes-murale-en-aluminium\/"},"modified":"2026-02-11T11:25:42","modified_gmt":"2026-02-11T09:25:42","slug":"barre-porte-commandes-murale-en-aluminium","status":"publish","type":"product","link":"https:\/\/www.smartystore.it\/fr\/prodotto\/barre-porte-commandes-murale-en-aluminium\/","title":{"rendered":"Barre murale en aluminium porte-commande"},"content":{"rendered":"<div class=\"wpb-content-wrapper\"><p>[vc_row][vc_column][vc_column_text css=\u00a0\u00bb\u00a0\u00bb css_params=\u00a0\u00bb\u00a0\u00bb]<\/p>\n<h2>Barre murale en aluminium porte-commande<\/h2>\n<p>La barre porte-cartes murale en aluminium est un support suspendu par gravit\u00e9 qui est devenu indispensable dans des lieux tels que les cuisines de restaurants, les h\u00f4tels et les grandes cha\u00eenes de magasins, car elle permet de g\u00e9rer les commandes et les annonces de mani\u00e8re ordonn\u00e9e.<\/p>\n<p>D&rsquo;un design \u00e9pur\u00e9 et \u00e9l\u00e9gant, la barre est enti\u00e8rement fabriqu\u00e9e en aluminium de haute qualit\u00e9 et dispose d&rsquo;un nouveau syst\u00e8me de verrouillage efficace pour garder les feuilles visibles. Il suffit de les ins\u00e9rer par le bas et de les retirer en les tirant vers le haut. <\/p>\n<h2>Barre de commande murale en aluminium : simplicit\u00e9 et praticit\u00e9<\/h2>\n<p>Le <strong>syst\u00e8me de verrouillage<\/strong> efficace, compos\u00e9 de tiges en PVC, permet d&rsquo;ins\u00e9rer facilement plusieurs feuilles, m\u00eame de formats diff\u00e9rents. Les commandes et les documents importants peuvent ainsi \u00eatre trait\u00e9s de mani\u00e8re s\u00fbre et intuitive. Le syst\u00e8me de maintien des feuilles garantit que les documents restent en place, \u00e9vitant ainsi qu&rsquo;ils ne tombent ou ne se perdent.  <\/p>\n<p>Le montage mural est tr\u00e8s facile car la barre est fournie avec un ruban adh\u00e9sif double face d\u00e9j\u00e0 appliqu\u00e9 au dos. Cependant, elle est pr\u00e9par\u00e9e pour une fixation murale au moyen de vis et de chevilles (incluses dans l&#8217;emballage). Cela permet de la fixer sur n&rsquo;importe quelle surface.  <\/p>\n<p>La barre est disponible en 4 tailles : cm. 70 &#8211; 100 &#8211; 120 &#8211; 150, ce qui permet de composer facilement n&rsquo;importe quelle longueur : si vous avez besoin d&rsquo;une longueur de cm. 250, par exemple, placez simplement une barre de cm. 100 et une barre de cm. 150 l&rsquo;une \u00e0 c\u00f4t\u00e9 de l&rsquo;autre.<\/p>\n<h3>CARACT\u00c9RISTIQUES:<\/h3>\n<ol>\n<li>Tableau d&rsquo;affichage mural.<\/li>\n<li>Barre en aluminium.<\/li>\n<li>Couleur : argent.<\/li>\n<li>Syst\u00e8me d&rsquo;insertion et de verrouillage des commandes \u00e0 l&rsquo;aide de billes en PVC.<\/li>\n<li>Dimensions du bar : 70 &#8211; 100 &#8211; 120 &#8211; 150 cm.<\/li>\n<li>Montage mural \u00e0 l&rsquo;aide d&rsquo;un ruban adh\u00e9sif double face et des vis et chevilles incluses dans l&#8217;emballage.<\/li>\n<\/ol>\n<p>Vous pouvez voir d&rsquo;autres syst\u00e8mes de fixation sur ce <span style=\"color: #ff0000;\"><strong><a style=\"color: #ff0000;\" href=\"https:\/\/www.smartystore.it\/fr\/categoria-prodotto\/affichage-porte-avis-emplacement\/porte-affiche-mural\/\">LIEN<\/a><\/strong><\/span><\/p>\n<p>&nbsp;<\/p>\n<p><a href=\"https:\/\/www.smartystore.it\/v25\/wp-content\/uploads\/2024\/04\/STR-BPC070-100-120-150.pdf\" target=\"_blank\" rel=\"noopener\"><img loading=\"lazy\" decoding=\"async\" class=\"alignnone size-full wp-image-93510\" src=\"https:\/\/www.smartystore.it\/v25\/wp-content\/uploads\/2014\/10\/SchedaTecnica-300-e1750084266903.png\" alt=\"\" width=\"249\" height=\"63\"><\/a><\/p>\n<p>&nbsp;[\/vc_column_text][\/vc_column][\/vc_row]<\/p>\n<\/div>","protected":false},"excerpt":{"rendered":"<p>Barre de suspension par gravit\u00e9 en aluminium. Disponible en plusieurs formats.<\/p>\n","protected":false},"featured_media":87476,"comment_status":"open","ping_status":"closed","template":"","meta":{"_acf_changed":false},"pwb-brand":[],"product_brand":[],"product_cat":[3010,3012,3665,3664],"product_tag":[4932,4936,4935,4934,4933,4937],"class_list":{"0":"post-87510","1":"product","2":"type-product","3":"status-publish","4":"has-post-thumbnail","6":"product_cat-affichage-porte-avis-emplacement","7":"product_cat-porte-affiche-mural","8":"product_cat-porte-banniere-mural","9":"product_cat-porte-banniere","10":"product_tag-barre-de-message","11":"product_tag-barre-de-messages-murale","12":"product_tag-barre-de-support-de-commande-70-100-120-150-cm","13":"product_tag-barre-de-suspension-de-tole-en-aluminium","14":"product_tag-barre-en-tole-suspendue","15":"product_tag-porte-documents-suspendu","16":"pa_c2c_color-argent","17":"pa_c2c_dimensione-120-cm","18":"pa_c2c_dimensione-cm-100-fr","19":"pa_c2c_dimensione-cm-150-fr","20":"pa_c2c_dimensione-cm-70","21":"pa_c2c_mono_bifacciale-simple-face","22":"pa_c2c_trovraprezzi-oui","24":"first","25":"instock","26":"taxable","27":"shipping-taxable","28":"purchasable","29":"product-type-variable"},"acf":[],"yoast_head":"<!-- This site is optimized with the Yoast SEO plugin v27.4 - https:\/\/yoast.com\/product\/yoast-seo-wordpress\/ -->\n<title>Barre murale en aluminium porte-commande - Achetez au Meilleur Prix<\/title>\n<meta name=\"description\" content=\"Barre murale en aluminium pour supports de commande et d&#039;affichage. Syst\u00e8me d&#039;insertion des commandes et de verrouillage au moyen de billes en PVC. Disponible en 4 tailles\" \/>\n<meta name=\"robots\" content=\"index, follow, max-snippet:-1, max-image-preview:large, max-video-preview:-1\" \/>\n<link rel=\"canonical\" href=\"https:\/\/www.smartystore.it\/fr\/prodotto\/barre-porte-commandes-murale-en-aluminium\/\" \/>\n<meta property=\"og:locale\" content=\"fr_FR\" \/>\n<meta property=\"og:type\" content=\"article\" \/>\n<meta property=\"og:title\" content=\"Barre murale en aluminium porte-commande - Achetez au Meilleur Prix\" \/>\n<meta property=\"og:description\" content=\"Barre murale en aluminium pour supports de commande et d&#039;affichage. Syst\u00e8me d&#039;insertion des commandes et de verrouillage au moyen de billes en PVC. Disponible en 4 tailles\" \/>\n<meta property=\"og:url\" content=\"https:\/\/www.smartystore.it\/fr\/prodotto\/barre-porte-commandes-murale-en-aluminium\/\" \/>\n<meta property=\"og:site_name\" content=\"Smarty Store\" \/>\n<meta property=\"article:modified_time\" content=\"2026-02-11T09:25:42+00:00\" \/>\n<meta property=\"og:image\" content=\"https:\/\/www.smartystore.it\/v25\/wp-content\/uploads\/2024\/04\/Barra-in-alluminio-da-parete-porta-comande.jpg\" \/>\n\t<meta property=\"og:image:width\" content=\"1000\" \/>\n\t<meta property=\"og:image:height\" content=\"1000\" \/>\n\t<meta property=\"og:image:type\" content=\"image\/jpeg\" \/>\n<meta name=\"twitter:card\" content=\"summary_large_image\" \/>\n<meta name=\"twitter:label1\" content=\"Dur\u00e9e de lecture estim\u00e9e\" \/>\n\t<meta name=\"twitter:data1\" content=\"3 minutes\" \/>\n<script type=\"application\/ld+json\" class=\"yoast-schema-graph\">{\"@context\":\"https:\\\/\\\/schema.org\",\"@graph\":[{\"@type\":\"WebPage\",\"@id\":\"https:\\\/\\\/www.smartystore.it\\\/fr\\\/prodotto\\\/barre-porte-commandes-murale-en-aluminium\\\/\",\"url\":\"https:\\\/\\\/www.smartystore.it\\\/fr\\\/prodotto\\\/barre-porte-commandes-murale-en-aluminium\\\/\",\"name\":\"Barre murale en aluminium porte-commande - Achetez au Meilleur Prix\",\"isPartOf\":{\"@id\":\"https:\\\/\\\/www.smartystore.it\\\/fr\\\/#website\"},\"primaryImageOfPage\":{\"@id\":\"https:\\\/\\\/www.smartystore.it\\\/fr\\\/prodotto\\\/barre-porte-commandes-murale-en-aluminium\\\/#primaryimage\"},\"image\":{\"@id\":\"https:\\\/\\\/www.smartystore.it\\\/fr\\\/prodotto\\\/barre-porte-commandes-murale-en-aluminium\\\/#primaryimage\"},\"thumbnailUrl\":\"https:\\\/\\\/www.smartystore.it\\\/v25\\\/wp-content\\\/uploads\\\/2024\\\/04\\\/Barra-in-alluminio-da-parete-porta-comande.jpg\",\"datePublished\":\"2024-04-04T14:22:26+00:00\",\"dateModified\":\"2026-02-11T09:25:42+00:00\",\"description\":\"Barre murale en aluminium pour supports de commande et d'affichage. Syst\u00e8me d'insertion des commandes et de verrouillage au moyen de billes en PVC. Disponible en 4 tailles\",\"breadcrumb\":{\"@id\":\"https:\\\/\\\/www.smartystore.it\\\/fr\\\/prodotto\\\/barre-porte-commandes-murale-en-aluminium\\\/#breadcrumb\"},\"inLanguage\":\"fr-FR\",\"potentialAction\":[{\"@type\":\"ReadAction\",\"target\":[\"https:\\\/\\\/www.smartystore.it\\\/fr\\\/prodotto\\\/barre-porte-commandes-murale-en-aluminium\\\/\"]}]},{\"@type\":\"ImageObject\",\"inLanguage\":\"fr-FR\",\"@id\":\"https:\\\/\\\/www.smartystore.it\\\/fr\\\/prodotto\\\/barre-porte-commandes-murale-en-aluminium\\\/#primaryimage\",\"url\":\"https:\\\/\\\/www.smartystore.it\\\/v25\\\/wp-content\\\/uploads\\\/2024\\\/04\\\/Barra-in-alluminio-da-parete-porta-comande.jpg\",\"contentUrl\":\"https:\\\/\\\/www.smartystore.it\\\/v25\\\/wp-content\\\/uploads\\\/2024\\\/04\\\/Barra-in-alluminio-da-parete-porta-comande.jpg\",\"width\":1000,\"height\":1000,\"caption\":\"barre porte-cartes murale en aluminium\"},{\"@type\":\"BreadcrumbList\",\"@id\":\"https:\\\/\\\/www.smartystore.it\\\/fr\\\/prodotto\\\/barre-porte-commandes-murale-en-aluminium\\\/#breadcrumb\",\"itemListElement\":[{\"@type\":\"ListItem\",\"position\":1,\"name\":\"Home\",\"item\":\"https:\\\/\\\/www.smartystore.it\\\/fr\\\/\"},{\"@type\":\"ListItem\",\"position\":2,\"name\":\"Boutique\",\"item\":\"https:\\\/\\\/www.smartystore.it\\\/fr\\\/boutique\\\/\"},{\"@type\":\"ListItem\",\"position\":3,\"name\":\"Barre murale en aluminium porte-commande\"}]},{\"@type\":\"WebSite\",\"@id\":\"https:\\\/\\\/www.smartystore.it\\\/fr\\\/#website\",\"url\":\"https:\\\/\\\/www.smartystore.it\\\/fr\\\/\",\"name\":\"Smarty Store\",\"description\":\"Espositori Pubblicitari e Sistemi di Comunicazione Visiva\",\"potentialAction\":[{\"@type\":\"SearchAction\",\"target\":{\"@type\":\"EntryPoint\",\"urlTemplate\":\"https:\\\/\\\/www.smartystore.it\\\/fr\\\/?s={search_term_string}\"},\"query-input\":{\"@type\":\"PropertyValueSpecification\",\"valueRequired\":true,\"valueName\":\"search_term_string\"}}],\"inLanguage\":\"fr-FR\"}]}<\/script>\n<!-- \/ Yoast SEO plugin. -->","yoast_head_json":{"title":"Barre murale en aluminium porte-commande - Achetez au Meilleur Prix","description":"Barre murale en aluminium pour supports de commande et d'affichage. Syst\u00e8me d'insertion des commandes et de verrouillage au moyen de billes en PVC. Disponible en 4 tailles","robots":{"index":"index","follow":"follow","max-snippet":"max-snippet:-1","max-image-preview":"max-image-preview:large","max-video-preview":"max-video-preview:-1"},"canonical":"https:\/\/www.smartystore.it\/fr\/prodotto\/barre-porte-commandes-murale-en-aluminium\/","og_locale":"fr_FR","og_type":"article","og_title":"Barre murale en aluminium porte-commande - Achetez au Meilleur Prix","og_description":"Barre murale en aluminium pour supports de commande et d'affichage. Syst\u00e8me d'insertion des commandes et de verrouillage au moyen de billes en PVC. Disponible en 4 tailles","og_url":"https:\/\/www.smartystore.it\/fr\/prodotto\/barre-porte-commandes-murale-en-aluminium\/","og_site_name":"Smarty Store","article_modified_time":"2026-02-11T09:25:42+00:00","og_image":[{"width":1000,"height":1000,"url":"https:\/\/www.smartystore.it\/v25\/wp-content\/uploads\/2024\/04\/Barra-in-alluminio-da-parete-porta-comande.jpg","type":"image\/jpeg"}],"twitter_card":"summary_large_image","twitter_misc":{"Dur\u00e9e de lecture estim\u00e9e":"3 minutes"},"schema":{"@context":"https:\/\/schema.org","@graph":[{"@type":"WebPage","@id":"https:\/\/www.smartystore.it\/fr\/prodotto\/barre-porte-commandes-murale-en-aluminium\/","url":"https:\/\/www.smartystore.it\/fr\/prodotto\/barre-porte-commandes-murale-en-aluminium\/","name":"Barre murale en aluminium porte-commande - Achetez au Meilleur Prix","isPartOf":{"@id":"https:\/\/www.smartystore.it\/fr\/#website"},"primaryImageOfPage":{"@id":"https:\/\/www.smartystore.it\/fr\/prodotto\/barre-porte-commandes-murale-en-aluminium\/#primaryimage"},"image":{"@id":"https:\/\/www.smartystore.it\/fr\/prodotto\/barre-porte-commandes-murale-en-aluminium\/#primaryimage"},"thumbnailUrl":"https:\/\/www.smartystore.it\/v25\/wp-content\/uploads\/2024\/04\/Barra-in-alluminio-da-parete-porta-comande.jpg","datePublished":"2024-04-04T14:22:26+00:00","dateModified":"2026-02-11T09:25:42+00:00","description":"Barre murale en aluminium pour supports de commande et d'affichage. Syst\u00e8me d'insertion des commandes et de verrouillage au moyen de billes en PVC. Disponible en 4 tailles","breadcrumb":{"@id":"https:\/\/www.smartystore.it\/fr\/prodotto\/barre-porte-commandes-murale-en-aluminium\/#breadcrumb"},"inLanguage":"fr-FR","potentialAction":[{"@type":"ReadAction","target":["https:\/\/www.smartystore.it\/fr\/prodotto\/barre-porte-commandes-murale-en-aluminium\/"]}]},{"@type":"ImageObject","inLanguage":"fr-FR","@id":"https:\/\/www.smartystore.it\/fr\/prodotto\/barre-porte-commandes-murale-en-aluminium\/#primaryimage","url":"https:\/\/www.smartystore.it\/v25\/wp-content\/uploads\/2024\/04\/Barra-in-alluminio-da-parete-porta-comande.jpg","contentUrl":"https:\/\/www.smartystore.it\/v25\/wp-content\/uploads\/2024\/04\/Barra-in-alluminio-da-parete-porta-comande.jpg","width":1000,"height":1000,"caption":"barre porte-cartes murale en aluminium"},{"@type":"BreadcrumbList","@id":"https:\/\/www.smartystore.it\/fr\/prodotto\/barre-porte-commandes-murale-en-aluminium\/#breadcrumb","itemListElement":[{"@type":"ListItem","position":1,"name":"Home","item":"https:\/\/www.smartystore.it\/fr\/"},{"@type":"ListItem","position":2,"name":"Boutique","item":"https:\/\/www.smartystore.it\/fr\/boutique\/"},{"@type":"ListItem","position":3,"name":"Barre murale en aluminium porte-commande"}]},{"@type":"WebSite","@id":"https:\/\/www.smartystore.it\/fr\/#website","url":"https:\/\/www.smartystore.it\/fr\/","name":"Smarty Store","description":"Espositori Pubblicitari e Sistemi di Comunicazione Visiva","potentialAction":[{"@type":"SearchAction","target":{"@type":"EntryPoint","urlTemplate":"https:\/\/www.smartystore.it\/fr\/?s={search_term_string}"},"query-input":{"@type":"PropertyValueSpecification","valueRequired":true,"valueName":"search_term_string"}}],"inLanguage":"fr-FR"}]}},"brands":[],"_links":{"self":[{"href":"https:\/\/www.smartystore.it\/fr\/wp-json\/wp\/v2\/product\/87510","targetHints":{"allow":["GET"]}}],"collection":[{"href":"https:\/\/www.smartystore.it\/fr\/wp-json\/wp\/v2\/product"}],"about":[{"href":"https:\/\/www.smartystore.it\/fr\/wp-json\/wp\/v2\/types\/product"}],"replies":[{"embeddable":true,"href":"https:\/\/www.smartystore.it\/fr\/wp-json\/wp\/v2\/comments?post=87510"}],"wp:featuredmedia":[{"embeddable":true,"href":"https:\/\/www.smartystore.it\/fr\/wp-json\/wp\/v2\/media\/87476"}],"wp:attachment":[{"href":"https:\/\/www.smartystore.it\/fr\/wp-json\/wp\/v2\/media?parent=87510"}],"wp:term":[{"taxonomy":"pwb-brand","embeddable":true,"href":"https:\/\/www.smartystore.it\/fr\/wp-json\/wp\/v2\/pwb-brand?post=87510"},{"taxonomy":"product_brand","embeddable":true,"href":"https:\/\/www.smartystore.it\/fr\/wp-json\/wp\/v2\/product_brand?post=87510"},{"taxonomy":"product_cat","embeddable":true,"href":"https:\/\/www.smartystore.it\/fr\/wp-json\/wp\/v2\/product_cat?post=87510"},{"taxonomy":"product_tag","embeddable":true,"href":"https:\/\/www.smartystore.it\/fr\/wp-json\/wp\/v2\/product_tag?post=87510"}],"curies":[{"name":"wp","href":"https:\/\/api.w.org\/{rel}","templated":true}]}}