{"id":87463,"date":"2024-04-04T11:05:20","date_gmt":"2024-04-04T09:05:20","guid":{"rendered":"https:\/\/www.smartystore.it\/prodotto\/pochette-magnetique\/"},"modified":"2024-04-04T11:05:20","modified_gmt":"2024-04-04T09:05:20","slug":"pochette-magnetique","status":"publish","type":"product","link":"https:\/\/www.smartystore.it\/fr\/prodotto\/pochette-magnetique\/","title":{"rendered":"Pochette magn\u00e8tique"},"content":{"rendered":"<h2><strong>Pochette magn\u00e8tique<\/strong><\/h2>\n<p>La pochette pour magn\u00e8tique est une solution rapide et pratique \u00e0 appliquer sur les surfaces m\u00e9talliques telles que les casiers d&rsquo;entreprise, les vestiaires de salle de sport, les machines de laboratoire ou d&rsquo;atelier, et toutes les surfaces m\u00e9talliques sans avoir \u00e0 les percer ni \u00e0 utiliser d&rsquo;adh\u00e9sifs.<\/p>\n<p>La poche est enti\u00e8rement transparente et peut \u00eatre ajust\u00e9e aussi bien verticalement qu&rsquo;horizontalement. En effet, \u00e0 l&rsquo;int\u00e9rieur se trouve un syst\u00e8me de verrouillage des feuilles qui emp\u00eache leur sortie.<\/p>\n<p>Disponible pour les imprim\u00e9s A4 et A3, la pochette pour avis \u00e0 fond magn\u00e9tique est vraiment utile et pratique \u00e0 utiliser, comme un aimant sur des surfaces telles que celles des panneaux d&rsquo;affichage int\u00e9rieurs et des murs d&rsquo;affichage avec panneaux grillag\u00e9s m\u00e9talliques.<\/p>\n<h3>CARACT\u00c9RISTIQUES:<\/h3>\n<p>Pochette en PVC transparent.<\/p>\n<p>Dos magn\u00e9tique pour utilisation sur surfaces m\u00e9talliques.<\/p>\n<p>Disponible pour les impressions A3 et A4.<\/p>\n<p>R\u00e9glable verticalement et horizontalement.<\/p>\n<p>Graphiques interchangeables.<\/p>\n<p>La pochette s&rsquo;ouvre sur le dessus et sur le c\u00f4t\u00e9 pour permettre l&rsquo;insertion de la feuille.<\/p>\n<p>Poche non \u00e9tanche donc \u00e0 utiliser dans des endroits non ext\u00e9rieurs.<\/p>\n","protected":false},"excerpt":{"rendered":"<p>Pochette pour avis en PVC transparent avec fond magn\u00e9tique pour surfaces m\u00e9talliques. Disponible pour les impressions A3 et A4.<\/p>\n","protected":false},"featured_media":87407,"comment_status":"open","ping_status":"closed","template":"","meta":{"_acf_changed":false},"pwb-brand":[],"product_brand":[],"product_cat":[3010,3012],"product_tag":[],"class_list":{"0":"post-87463","1":"product","2":"type-product","3":"status-publish","4":"has-post-thumbnail","6":"product_cat-affichage-porte-avis-emplacement","7":"product_cat-porte-affiche-mural","8":"pa_c2c_color-transparent","9":"pa_c2c_dimensione-a3-fr","10":"pa_c2c_dimensione-a4-fr","11":"pa_c2c_mono_bifacciale-simple-face","12":"pa_c2c_trovraprezzi-oui","14":"first","15":"instock","16":"taxable","17":"shipping-taxable","18":"purchasable","19":"product-type-variable"},"acf":[],"yoast_head":"<!-- This site is optimized with the Yoast SEO plugin v27.4 - https:\/\/yoast.com\/product\/yoast-seo-wordpress\/ -->\n<title>Pochette magn\u00e8tique - Smarty Store<\/title>\n<meta name=\"robots\" content=\"index, follow, max-snippet:-1, max-image-preview:large, max-video-preview:-1\" \/>\n<link rel=\"canonical\" href=\"https:\/\/www.smartystore.it\/fr\/prodotto\/pochette-magnetique\/\" \/>\n<meta property=\"og:locale\" content=\"fr_FR\" \/>\n<meta property=\"og:type\" content=\"article\" \/>\n<meta property=\"og:title\" content=\"Pochette magn\u00e8tique - Smarty Store\" \/>\n<meta property=\"og:description\" content=\"Pochette pour avis en PVC transparent avec fond magn\u00e9tique pour surfaces m\u00e9talliques. Disponible pour les impressions A3 et A4.\" \/>\n<meta property=\"og:url\" content=\"https:\/\/www.smartystore.it\/fr\/prodotto\/pochette-magnetique\/\" \/>\n<meta property=\"og:site_name\" content=\"Smarty Store\" \/>\n<meta property=\"og:image\" content=\"https:\/\/www.smartystore.it\/v25\/wp-content\/uploads\/2024\/04\/Tasca-trasparente-porta-avvisi-con-fondo-magnetico-per-stampati-a3-e-a4.jpg\" \/>\n\t<meta property=\"og:image:width\" content=\"1000\" \/>\n\t<meta property=\"og:image:height\" content=\"1000\" \/>\n\t<meta property=\"og:image:type\" content=\"image\/jpeg\" \/>\n<meta name=\"twitter:card\" content=\"summary_large_image\" \/>\n<meta name=\"twitter:label1\" content=\"Dur\u00e9e de lecture estim\u00e9e\" \/>\n\t<meta name=\"twitter:data1\" content=\"1 minute\" \/>\n<script type=\"application\/ld+json\" class=\"yoast-schema-graph\">{\"@context\":\"https:\\\/\\\/schema.org\",\"@graph\":[{\"@type\":\"WebPage\",\"@id\":\"https:\\\/\\\/www.smartystore.it\\\/fr\\\/prodotto\\\/pochette-magnetique\\\/\",\"url\":\"https:\\\/\\\/www.smartystore.it\\\/fr\\\/prodotto\\\/pochette-magnetique\\\/\",\"name\":\"Pochette magn\u00e8tique - Smarty Store\",\"isPartOf\":{\"@id\":\"https:\\\/\\\/www.smartystore.it\\\/fr\\\/#website\"},\"primaryImageOfPage\":{\"@id\":\"https:\\\/\\\/www.smartystore.it\\\/fr\\\/prodotto\\\/pochette-magnetique\\\/#primaryimage\"},\"image\":{\"@id\":\"https:\\\/\\\/www.smartystore.it\\\/fr\\\/prodotto\\\/pochette-magnetique\\\/#primaryimage\"},\"thumbnailUrl\":\"https:\\\/\\\/www.smartystore.it\\\/v25\\\/wp-content\\\/uploads\\\/2024\\\/04\\\/Tasca-trasparente-porta-avvisi-con-fondo-magnetico-per-stampati-a3-e-a4.jpg\",\"datePublished\":\"2024-04-04T09:05:20+00:00\",\"breadcrumb\":{\"@id\":\"https:\\\/\\\/www.smartystore.it\\\/fr\\\/prodotto\\\/pochette-magnetique\\\/#breadcrumb\"},\"inLanguage\":\"fr-FR\",\"potentialAction\":[{\"@type\":\"ReadAction\",\"target\":[\"https:\\\/\\\/www.smartystore.it\\\/fr\\\/prodotto\\\/pochette-magnetique\\\/\"]}]},{\"@type\":\"ImageObject\",\"inLanguage\":\"fr-FR\",\"@id\":\"https:\\\/\\\/www.smartystore.it\\\/fr\\\/prodotto\\\/pochette-magnetique\\\/#primaryimage\",\"url\":\"https:\\\/\\\/www.smartystore.it\\\/v25\\\/wp-content\\\/uploads\\\/2024\\\/04\\\/Tasca-trasparente-porta-avvisi-con-fondo-magnetico-per-stampati-a3-e-a4.jpg\",\"contentUrl\":\"https:\\\/\\\/www.smartystore.it\\\/v25\\\/wp-content\\\/uploads\\\/2024\\\/04\\\/Tasca-trasparente-porta-avvisi-con-fondo-magnetico-per-stampati-a3-e-a4.jpg\",\"width\":1000,\"height\":1000},{\"@type\":\"BreadcrumbList\",\"@id\":\"https:\\\/\\\/www.smartystore.it\\\/fr\\\/prodotto\\\/pochette-magnetique\\\/#breadcrumb\",\"itemListElement\":[{\"@type\":\"ListItem\",\"position\":1,\"name\":\"Home\",\"item\":\"https:\\\/\\\/www.smartystore.it\\\/fr\\\/\"},{\"@type\":\"ListItem\",\"position\":2,\"name\":\"Boutique\",\"item\":\"https:\\\/\\\/www.smartystore.it\\\/fr\\\/boutique\\\/\"},{\"@type\":\"ListItem\",\"position\":3,\"name\":\"Pochette magn\u00e8tique\"}]},{\"@type\":\"WebSite\",\"@id\":\"https:\\\/\\\/www.smartystore.it\\\/fr\\\/#website\",\"url\":\"https:\\\/\\\/www.smartystore.it\\\/fr\\\/\",\"name\":\"Smarty Store\",\"description\":\"Espositori Pubblicitari e Sistemi di Comunicazione Visiva\",\"potentialAction\":[{\"@type\":\"SearchAction\",\"target\":{\"@type\":\"EntryPoint\",\"urlTemplate\":\"https:\\\/\\\/www.smartystore.it\\\/fr\\\/?s={search_term_string}\"},\"query-input\":{\"@type\":\"PropertyValueSpecification\",\"valueRequired\":true,\"valueName\":\"search_term_string\"}}],\"inLanguage\":\"fr-FR\"}]}<\/script>\n<!-- \/ Yoast SEO plugin. -->","yoast_head_json":{"title":"Pochette magn\u00e8tique - Smarty Store","robots":{"index":"index","follow":"follow","max-snippet":"max-snippet:-1","max-image-preview":"max-image-preview:large","max-video-preview":"max-video-preview:-1"},"canonical":"https:\/\/www.smartystore.it\/fr\/prodotto\/pochette-magnetique\/","og_locale":"fr_FR","og_type":"article","og_title":"Pochette magn\u00e8tique - Smarty Store","og_description":"Pochette pour avis en PVC transparent avec fond magn\u00e9tique pour surfaces m\u00e9talliques. Disponible pour les impressions A3 et A4.","og_url":"https:\/\/www.smartystore.it\/fr\/prodotto\/pochette-magnetique\/","og_site_name":"Smarty Store","og_image":[{"width":1000,"height":1000,"url":"https:\/\/www.smartystore.it\/v25\/wp-content\/uploads\/2024\/04\/Tasca-trasparente-porta-avvisi-con-fondo-magnetico-per-stampati-a3-e-a4.jpg","type":"image\/jpeg"}],"twitter_card":"summary_large_image","twitter_misc":{"Dur\u00e9e de lecture estim\u00e9e":"1 minute"},"schema":{"@context":"https:\/\/schema.org","@graph":[{"@type":"WebPage","@id":"https:\/\/www.smartystore.it\/fr\/prodotto\/pochette-magnetique\/","url":"https:\/\/www.smartystore.it\/fr\/prodotto\/pochette-magnetique\/","name":"Pochette magn\u00e8tique - Smarty Store","isPartOf":{"@id":"https:\/\/www.smartystore.it\/fr\/#website"},"primaryImageOfPage":{"@id":"https:\/\/www.smartystore.it\/fr\/prodotto\/pochette-magnetique\/#primaryimage"},"image":{"@id":"https:\/\/www.smartystore.it\/fr\/prodotto\/pochette-magnetique\/#primaryimage"},"thumbnailUrl":"https:\/\/www.smartystore.it\/v25\/wp-content\/uploads\/2024\/04\/Tasca-trasparente-porta-avvisi-con-fondo-magnetico-per-stampati-a3-e-a4.jpg","datePublished":"2024-04-04T09:05:20+00:00","breadcrumb":{"@id":"https:\/\/www.smartystore.it\/fr\/prodotto\/pochette-magnetique\/#breadcrumb"},"inLanguage":"fr-FR","potentialAction":[{"@type":"ReadAction","target":["https:\/\/www.smartystore.it\/fr\/prodotto\/pochette-magnetique\/"]}]},{"@type":"ImageObject","inLanguage":"fr-FR","@id":"https:\/\/www.smartystore.it\/fr\/prodotto\/pochette-magnetique\/#primaryimage","url":"https:\/\/www.smartystore.it\/v25\/wp-content\/uploads\/2024\/04\/Tasca-trasparente-porta-avvisi-con-fondo-magnetico-per-stampati-a3-e-a4.jpg","contentUrl":"https:\/\/www.smartystore.it\/v25\/wp-content\/uploads\/2024\/04\/Tasca-trasparente-porta-avvisi-con-fondo-magnetico-per-stampati-a3-e-a4.jpg","width":1000,"height":1000},{"@type":"BreadcrumbList","@id":"https:\/\/www.smartystore.it\/fr\/prodotto\/pochette-magnetique\/#breadcrumb","itemListElement":[{"@type":"ListItem","position":1,"name":"Home","item":"https:\/\/www.smartystore.it\/fr\/"},{"@type":"ListItem","position":2,"name":"Boutique","item":"https:\/\/www.smartystore.it\/fr\/boutique\/"},{"@type":"ListItem","position":3,"name":"Pochette magn\u00e8tique"}]},{"@type":"WebSite","@id":"https:\/\/www.smartystore.it\/fr\/#website","url":"https:\/\/www.smartystore.it\/fr\/","name":"Smarty Store","description":"Espositori Pubblicitari e Sistemi di Comunicazione Visiva","potentialAction":[{"@type":"SearchAction","target":{"@type":"EntryPoint","urlTemplate":"https:\/\/www.smartystore.it\/fr\/?s={search_term_string}"},"query-input":{"@type":"PropertyValueSpecification","valueRequired":true,"valueName":"search_term_string"}}],"inLanguage":"fr-FR"}]}},"brands":[],"_links":{"self":[{"href":"https:\/\/www.smartystore.it\/fr\/wp-json\/wp\/v2\/product\/87463","targetHints":{"allow":["GET"]}}],"collection":[{"href":"https:\/\/www.smartystore.it\/fr\/wp-json\/wp\/v2\/product"}],"about":[{"href":"https:\/\/www.smartystore.it\/fr\/wp-json\/wp\/v2\/types\/product"}],"replies":[{"embeddable":true,"href":"https:\/\/www.smartystore.it\/fr\/wp-json\/wp\/v2\/comments?post=87463"}],"wp:featuredmedia":[{"embeddable":true,"href":"https:\/\/www.smartystore.it\/fr\/wp-json\/wp\/v2\/media\/87407"}],"wp:attachment":[{"href":"https:\/\/www.smartystore.it\/fr\/wp-json\/wp\/v2\/media?parent=87463"}],"wp:term":[{"taxonomy":"pwb-brand","embeddable":true,"href":"https:\/\/www.smartystore.it\/fr\/wp-json\/wp\/v2\/pwb-brand?post=87463"},{"taxonomy":"product_brand","embeddable":true,"href":"https:\/\/www.smartystore.it\/fr\/wp-json\/wp\/v2\/product_brand?post=87463"},{"taxonomy":"product_cat","embeddable":true,"href":"https:\/\/www.smartystore.it\/fr\/wp-json\/wp\/v2\/product_cat?post=87463"},{"taxonomy":"product_tag","embeddable":true,"href":"https:\/\/www.smartystore.it\/fr\/wp-json\/wp\/v2\/product_tag?post=87463"}],"curies":[{"name":"wp","href":"https:\/\/api.w.org\/{rel}","templated":true}]}}