{"id":87435,"date":"2023-07-11T16:20:16","date_gmt":"2023-07-11T14:20:16","guid":{"rendered":"https:\/\/www.smartystore.it\/prodotto\/porte-message-avec-pochettes-a3-vertical\/"},"modified":"2026-02-17T17:18:34","modified_gmt":"2026-02-17T15:18:34","slug":"porte-message-avec-pochettes-a3-vertical","status":"publish","type":"product","link":"https:\/\/www.smartystore.it\/fr\/prodotto\/porte-message-avec-pochettes-a3-vertical\/","title":{"rendered":"Pr\u00e9sentoir de messages avec pochettes verticales A3"},"content":{"rendered":"<div class=\"wpb-content-wrapper\"><p>[vc_row][vc_column][vc_column_text css=\u00a0\u00bb\u00a0\u00bb css_params=\u00a0\u00bb\u00a0\u00bb]<\/p>\n<h1>Pr\u00e9sentoir de messages avec pochettes verticales A3<\/h1>\n<p>Le pr\u00e9sentoir \u00e0 messages avec pochettes verticales A3 est une structure sur pied qui fait partie de la ligne QUADRA SERIES. Enti\u00e8rement r\u00e9alis\u00e9 en aluminium, il est compos\u00e9 de pochettes en plexiglas transparent pour les imprim\u00e9s verticaux de format A3, d&rsquo;un montant \u00e0 double section carr\u00e9e (d&rsquo;o\u00f9 le nom de la s\u00e9rie) et d&rsquo;une paire de pieds fixes ou frein\u00e9s permettant de d\u00e9placer facilement la structure dans la position ou l&#8217;emplacement d\u00e9sir\u00e9. <\/p>\n<h2>Pr\u00e9sentoir \u00e0 messages avec pochettes verticales A3 : vos annonces sur deux faces<\/h2>\n<p>Le pr\u00e9sentoir publicitaire peut \u00eatre utilis\u00e9 en version simple face, utilisant ainsi le devant des pochettes, ou en version double face, doublant ainsi le nombre d&rsquo;avis \u00e0 afficher. Les affiches peuvent \u00eatre remplac\u00e9es aussi souvent que vous le souhaitez. <\/p>\n<p>Les pochettes \u00e0 messages sont fix\u00e9es aux barres transversales par des entretoises en chrome poli.<\/p>\n<p>Lors de la commande, vous pouvez choisir :<\/p>\n<ul>\n<li>le nombre de pochettes A3 avec orientation verticale de l&rsquo;affichage entre : 9 pochettes &#8211; 12 pochettes &#8211; 15 pochettes<\/li>\n<li>le type de base entre : pieds fixes &#8211; pieds \u00e0 roulettes<\/li>\n<\/ul>\n<h3>CARACT\u00c9RISTIQUES:<\/h3>\n<ul>\n<li>Pr\u00e9sentoir de communication.<\/li>\n<li>Montants et barres transversales en aluminium anodis\u00e9 argent\u00e9 : 30&#215;30 mm.<\/li>\n<li>Base : avec pieds fixes ou sur roues avec roues de freinage (\u00e0 choisir lors de la commande).<\/li>\n<li>Pochettes transparentes en plexiglas pour les imprim\u00e9s au format A3 portrait.<\/li>\n<li>Entretoises en chrome poli pour fixer les poches \u00e0 la barre transversale.<\/li>\n<li>Peut \u00eatre utilis\u00e9 en version simple ou double face.<\/li>\n<\/ul>\n<table style=\"width: 73.1366%; border-collapse: collapse; border-color: #000000; height: 96px;\" border=\"1\">\n<tbody>\n<tr style=\"height: 24px;\">\n<td style=\"width: 10.9041%; height: 24px; text-align: center;\"><strong>CODE<\/strong><\/td>\n<td style=\"width: 14.7416%; height: 24px; text-align: center;\"><strong>N\u00b0 POCHETTES<\/strong><\/td>\n<td style=\"width: 10.4377%; height: 24px; text-align: center;\"><strong>DIMENSIONS <\/strong><\/td>\n<td style=\"width: 10.4377%; text-align: center;\"><strong>POIDS<\/strong><\/td>\n<\/tr>\n<tr style=\"height: 24px;\">\n<td style=\"width: 10.9041%; height: 24px;\"><strong>SST-EPC9A3V<\/strong><\/td>\n<td style=\"width: 14.7416%; height: 24px; text-align: center;\">9 pochettes verticales A3<\/td>\n<td style=\"width: 10.4377%; height: 24px; text-align: center;\">L 107 &#8211; H 187,5 &#8211; P 38 cm. (hauteur avec roues 191,5 cm.)<\/td>\n<td style=\"width: 10.4377%; text-align: center;\">12,30 Kg environ<\/td>\n<\/tr>\n<tr style=\"height: 24px;\">\n<td style=\"width: 10.9041%; height: 24px;\"><strong>SST-EPC12A3V<\/strong><\/td>\n<td style=\"width: 14.7416%; height: 24px; text-align: center;\">12 pochettes verticales A3<\/td>\n<td style=\"width: 10.4377%; height: 24px; text-align: center;\">L 157 &#8211; H 187,5 &#8211; P 38 cm. (hauteur avec roues 191,5 cm.)<\/td>\n<td style=\"width: 10.4377%; text-align: center;\">14,90 Kg environ<\/td>\n<\/tr>\n<tr style=\"height: 24px;\">\n<td style=\"width: 10.9041%; height: 24px;\"><strong>SST-EPC15A3V<\/strong><\/td>\n<td style=\"width: 14.7416%; height: 24px; text-align: center;\">15 pochettes verticales A3<\/td>\n<td style=\"width: 10.4377%; height: 24px; text-align: center;\">L 192 &#8211; H 187,5 &#8211; P 38 cm. (hauteur avec roues 191,5 cm.)<\/td>\n<td style=\"width: 10.4377%; text-align: center;\">18,10 Kg environ<\/td>\n<\/tr>\n<\/tbody>\n<\/table>\n<p>&nbsp;<\/p>\n<table style=\"width: 73.1366%; border-collapse: collapse; border-style: solid; border-color: #e01009;\" border=\"3\">\n<tbody>\n<tr>\n<td style=\"width: 100%; text-align: center;\">\n<p><span style=\"color: #000000;\"><strong>Nous pouvons fabriquer le pr\u00e9sentoir avec des dimensions personnalis\u00e9es, un nombre de poches diff\u00e9rent de celui propos\u00e9 en ligne, et avec un panneau imprim\u00e9 avec vos propres graphiques.<\/strong><\/span><\/p>\n<p><span style=\"color: #000000;\"><strong>Pour de plus amples informations et des devis, veuillez contacter <span style=\"color: #3366ff;\">info@smartystore.it<\/span><\/strong><\/span><\/td>\n<\/tr>\n<\/tbody>\n<\/table>\n<p>&nbsp;<\/p>\n<h4 style=\"text-align: center;\">D\u00e9couvrez d&rsquo;autres mod\u00e8les d&rsquo;afficheurs de messages sur ce <span style=\"color: #ff0000;\"><a style=\"color: #ff0000;\" href=\"https:\/\/www.smartystore.it\/fr\/categoria-prodotto\/presentoirs-publicitaires\/quadra-series-fr\/afficheurs-porte-messages\/\">LIEN<\/a><\/span><\/h4>\n<p>&nbsp;<\/p>\n<p><a href=\"https:\/\/www.smartystore.it\/v25\/wp-content\/uploads\/2023\/07\/SST-EPCA3V_Scheda-tecnica.pdf\" target=\"_blank\" rel=\"noopener\"><img loading=\"lazy\" decoding=\"async\" class=\"alignnone size-full wp-image-93510\" src=\"https:\/\/www.smartystore.it\/v25\/wp-content\/uploads\/2014\/10\/SchedaTecnica-300-e1750084266903.png\" alt=\"\" width=\"249\" height=\"63\"><\/a><\/p>\n<p>&nbsp;[\/vc_column_text][\/vc_column][\/vc_row]<\/p>\n<\/div>","protected":false},"excerpt":{"rendered":"<p>Syst\u00e8me de panneaux d&rsquo;affichage autoportants pour les messages verticaux de format A3. Disponible en trois tailles : avec 9 &#8211; 12 &#8211; 15 poches transparentes en plexiglas.<\/p>\n","protected":false},"featured_media":87436,"comment_status":"open","ping_status":"closed","template":"","meta":{"_acf_changed":false},"pwb-brand":[],"product_brand":[3872],"product_cat":[3026,3013,3023,3022,3018,2914],"product_tag":[6411,6412,6413,6408,6409,6407,6410,6414],"class_list":{"0":"post-87435","1":"product","2":"type-product","3":"status-publish","4":"has-post-thumbnail","6":"product_brand-smartystore","7":"product_cat-afficheurs-porte-messages","8":"product_cat-porte-affiche-au-sol","9":"product_cat-presentoirs-publicitaires-fr","10":"product_cat-presentoirs-publicitaires-au-sol","11":"product_cat-presentoirs-publicitaires","12":"product_cat-quadra-series-fr","13":"product_tag-annonces-de-porte-pour-lagence-immobiliere","14":"product_tag-les-annonces-de-porte-pour-les-concessionnaires-automobiles","15":"product_tag-porte-affiche-a3-a-roulettes","16":"product_tag-porte-message-a3-vertical-a-roulettes","17":"product_tag-porte-message-double-face","18":"product_tag-support-daffichage-de-messages-a3","19":"product_tag-support-publicitaire-a3-pour-vitrine","20":"product_tag-vitrine-pour-tableau-daffichage-double-face","21":"pa_c2c_base-pieds-a-roulettes","22":"pa_c2c_base-pieds-fixes","23":"pa_c2c_color-argent","24":"pa_c2c_color-transparent","25":"pa_c2c_dimensione-12-x-a3-fr","26":"pa_c2c_dimensione-15-x-a3-fr","27":"pa_c2c_dimensione-9-x-a3-fr","28":"pa_c2c_finitura_distanziale-chrome-poli","29":"pa_c2c_mono_bifacciale-double-face","30":"pa_c2c_mono_bifacciale-simple-face","31":"pa_c2c_orientamento-verticale","32":"pa_c2c_trovraprezzi-oui","33":"pa_serie-quadra-series","35":"first","36":"instock","37":"taxable","38":"shipping-taxable","39":"purchasable","40":"product-type-variable"},"acf":[],"yoast_head":"<!-- This site is optimized with the Yoast SEO plugin v27.4 - https:\/\/yoast.com\/product\/yoast-seo-wordpress\/ -->\n<title>Pr\u00e9sentoir de messages avec pochettes verticales A3 - Achetez au Meilleur Prix<\/title>\n<meta name=\"description\" content=\"Pr\u00e9sentoir \u00e0 messages avec pochettes A3 verticales disponibles en trois tailles. Choix de pieds fixes et de roues frein\u00e9es.\" \/>\n<meta name=\"robots\" content=\"index, follow, max-snippet:-1, max-image-preview:large, max-video-preview:-1\" \/>\n<link rel=\"canonical\" href=\"https:\/\/www.smartystore.it\/fr\/prodotto\/porte-message-avec-pochettes-a3-vertical\/\" \/>\n<meta property=\"og:locale\" content=\"fr_FR\" \/>\n<meta property=\"og:type\" content=\"article\" \/>\n<meta property=\"og:title\" content=\"Pr\u00e9sentoir de messages avec pochettes verticales A3 - Achetez au Meilleur Prix\" \/>\n<meta property=\"og:description\" content=\"Pr\u00e9sentoir \u00e0 messages avec pochettes A3 verticales disponibles en trois tailles. Choix de pieds fixes et de roues frein\u00e9es.\" \/>\n<meta property=\"og:url\" content=\"https:\/\/www.smartystore.it\/fr\/prodotto\/porte-message-avec-pochettes-a3-vertical\/\" \/>\n<meta property=\"og:site_name\" content=\"Smarty Store\" \/>\n<meta property=\"article:modified_time\" content=\"2026-02-17T15:18:34+00:00\" \/>\n<meta property=\"og:image\" content=\"https:\/\/www.smartystore.it\/v25\/wp-content\/uploads\/2023\/07\/Espositore-porta-messaggi-con-9-12-15-tasche-A3-verticale-disponibile-con-piedini-fissi-o-ruote-frenanti.jpg\" \/>\n\t<meta property=\"og:image:width\" content=\"1000\" \/>\n\t<meta property=\"og:image:height\" content=\"1000\" \/>\n\t<meta property=\"og:image:type\" content=\"image\/jpeg\" \/>\n<meta name=\"twitter:card\" content=\"summary_large_image\" \/>\n<meta name=\"twitter:label1\" content=\"Dur\u00e9e de lecture estim\u00e9e\" \/>\n\t<meta name=\"twitter:data1\" content=\"3 minutes\" \/>\n<script type=\"application\/ld+json\" class=\"yoast-schema-graph\">{\"@context\":\"https:\\\/\\\/schema.org\",\"@graph\":[{\"@type\":\"WebPage\",\"@id\":\"https:\\\/\\\/www.smartystore.it\\\/fr\\\/prodotto\\\/porte-message-avec-pochettes-a3-vertical\\\/\",\"url\":\"https:\\\/\\\/www.smartystore.it\\\/fr\\\/prodotto\\\/porte-message-avec-pochettes-a3-vertical\\\/\",\"name\":\"Pr\u00e9sentoir de messages avec pochettes verticales A3 - Achetez au Meilleur Prix\",\"isPartOf\":{\"@id\":\"https:\\\/\\\/www.smartystore.it\\\/fr\\\/#website\"},\"primaryImageOfPage\":{\"@id\":\"https:\\\/\\\/www.smartystore.it\\\/fr\\\/prodotto\\\/porte-message-avec-pochettes-a3-vertical\\\/#primaryimage\"},\"image\":{\"@id\":\"https:\\\/\\\/www.smartystore.it\\\/fr\\\/prodotto\\\/porte-message-avec-pochettes-a3-vertical\\\/#primaryimage\"},\"thumbnailUrl\":\"https:\\\/\\\/www.smartystore.it\\\/v25\\\/wp-content\\\/uploads\\\/2023\\\/07\\\/Espositore-porta-messaggi-con-9-12-15-tasche-A3-verticale-disponibile-con-piedini-fissi-o-ruote-frenanti.jpg\",\"datePublished\":\"2023-07-11T14:20:16+00:00\",\"dateModified\":\"2026-02-17T15:18:34+00:00\",\"description\":\"Pr\u00e9sentoir \u00e0 messages avec pochettes A3 verticales disponibles en trois tailles. Choix de pieds fixes et de roues frein\u00e9es.\",\"breadcrumb\":{\"@id\":\"https:\\\/\\\/www.smartystore.it\\\/fr\\\/prodotto\\\/porte-message-avec-pochettes-a3-vertical\\\/#breadcrumb\"},\"inLanguage\":\"fr-FR\",\"potentialAction\":[{\"@type\":\"ReadAction\",\"target\":[\"https:\\\/\\\/www.smartystore.it\\\/fr\\\/prodotto\\\/porte-message-avec-pochettes-a3-vertical\\\/\"]}]},{\"@type\":\"ImageObject\",\"inLanguage\":\"fr-FR\",\"@id\":\"https:\\\/\\\/www.smartystore.it\\\/fr\\\/prodotto\\\/porte-message-avec-pochettes-a3-vertical\\\/#primaryimage\",\"url\":\"https:\\\/\\\/www.smartystore.it\\\/v25\\\/wp-content\\\/uploads\\\/2023\\\/07\\\/Espositore-porta-messaggi-con-9-12-15-tasche-A3-verticale-disponibile-con-piedini-fissi-o-ruote-frenanti.jpg\",\"contentUrl\":\"https:\\\/\\\/www.smartystore.it\\\/v25\\\/wp-content\\\/uploads\\\/2023\\\/07\\\/Espositore-porta-messaggi-con-9-12-15-tasche-A3-verticale-disponibile-con-piedini-fissi-o-ruote-frenanti.jpg\",\"width\":1000,\"height\":1000,\"caption\":\"Afficheur de messages avec 9 12 15 pochettes verticales A3 disponibles avec pieds fixes ou roulettes avec frein\"},{\"@type\":\"BreadcrumbList\",\"@id\":\"https:\\\/\\\/www.smartystore.it\\\/fr\\\/prodotto\\\/porte-message-avec-pochettes-a3-vertical\\\/#breadcrumb\",\"itemListElement\":[{\"@type\":\"ListItem\",\"position\":1,\"name\":\"Home\",\"item\":\"https:\\\/\\\/www.smartystore.it\\\/fr\\\/\"},{\"@type\":\"ListItem\",\"position\":2,\"name\":\"Boutique\",\"item\":\"https:\\\/\\\/www.smartystore.it\\\/fr\\\/boutique\\\/\"},{\"@type\":\"ListItem\",\"position\":3,\"name\":\"Pr\u00e9sentoir de messages avec pochettes verticales A3\"}]},{\"@type\":\"WebSite\",\"@id\":\"https:\\\/\\\/www.smartystore.it\\\/fr\\\/#website\",\"url\":\"https:\\\/\\\/www.smartystore.it\\\/fr\\\/\",\"name\":\"Smarty Store\",\"description\":\"Espositori Pubblicitari e Sistemi di Comunicazione Visiva\",\"potentialAction\":[{\"@type\":\"SearchAction\",\"target\":{\"@type\":\"EntryPoint\",\"urlTemplate\":\"https:\\\/\\\/www.smartystore.it\\\/fr\\\/?s={search_term_string}\"},\"query-input\":{\"@type\":\"PropertyValueSpecification\",\"valueRequired\":true,\"valueName\":\"search_term_string\"}}],\"inLanguage\":\"fr-FR\"}]}<\/script>\n<!-- \/ Yoast SEO plugin. -->","yoast_head_json":{"title":"Pr\u00e9sentoir de messages avec pochettes verticales A3 - Achetez au Meilleur Prix","description":"Pr\u00e9sentoir \u00e0 messages avec pochettes A3 verticales disponibles en trois tailles. Choix de pieds fixes et de roues frein\u00e9es.","robots":{"index":"index","follow":"follow","max-snippet":"max-snippet:-1","max-image-preview":"max-image-preview:large","max-video-preview":"max-video-preview:-1"},"canonical":"https:\/\/www.smartystore.it\/fr\/prodotto\/porte-message-avec-pochettes-a3-vertical\/","og_locale":"fr_FR","og_type":"article","og_title":"Pr\u00e9sentoir de messages avec pochettes verticales A3 - Achetez au Meilleur Prix","og_description":"Pr\u00e9sentoir \u00e0 messages avec pochettes A3 verticales disponibles en trois tailles. Choix de pieds fixes et de roues frein\u00e9es.","og_url":"https:\/\/www.smartystore.it\/fr\/prodotto\/porte-message-avec-pochettes-a3-vertical\/","og_site_name":"Smarty Store","article_modified_time":"2026-02-17T15:18:34+00:00","og_image":[{"width":1000,"height":1000,"url":"https:\/\/www.smartystore.it\/v25\/wp-content\/uploads\/2023\/07\/Espositore-porta-messaggi-con-9-12-15-tasche-A3-verticale-disponibile-con-piedini-fissi-o-ruote-frenanti.jpg","type":"image\/jpeg"}],"twitter_card":"summary_large_image","twitter_misc":{"Dur\u00e9e de lecture estim\u00e9e":"3 minutes"},"schema":{"@context":"https:\/\/schema.org","@graph":[{"@type":"WebPage","@id":"https:\/\/www.smartystore.it\/fr\/prodotto\/porte-message-avec-pochettes-a3-vertical\/","url":"https:\/\/www.smartystore.it\/fr\/prodotto\/porte-message-avec-pochettes-a3-vertical\/","name":"Pr\u00e9sentoir de messages avec pochettes verticales A3 - Achetez au Meilleur Prix","isPartOf":{"@id":"https:\/\/www.smartystore.it\/fr\/#website"},"primaryImageOfPage":{"@id":"https:\/\/www.smartystore.it\/fr\/prodotto\/porte-message-avec-pochettes-a3-vertical\/#primaryimage"},"image":{"@id":"https:\/\/www.smartystore.it\/fr\/prodotto\/porte-message-avec-pochettes-a3-vertical\/#primaryimage"},"thumbnailUrl":"https:\/\/www.smartystore.it\/v25\/wp-content\/uploads\/2023\/07\/Espositore-porta-messaggi-con-9-12-15-tasche-A3-verticale-disponibile-con-piedini-fissi-o-ruote-frenanti.jpg","datePublished":"2023-07-11T14:20:16+00:00","dateModified":"2026-02-17T15:18:34+00:00","description":"Pr\u00e9sentoir \u00e0 messages avec pochettes A3 verticales disponibles en trois tailles. Choix de pieds fixes et de roues frein\u00e9es.","breadcrumb":{"@id":"https:\/\/www.smartystore.it\/fr\/prodotto\/porte-message-avec-pochettes-a3-vertical\/#breadcrumb"},"inLanguage":"fr-FR","potentialAction":[{"@type":"ReadAction","target":["https:\/\/www.smartystore.it\/fr\/prodotto\/porte-message-avec-pochettes-a3-vertical\/"]}]},{"@type":"ImageObject","inLanguage":"fr-FR","@id":"https:\/\/www.smartystore.it\/fr\/prodotto\/porte-message-avec-pochettes-a3-vertical\/#primaryimage","url":"https:\/\/www.smartystore.it\/v25\/wp-content\/uploads\/2023\/07\/Espositore-porta-messaggi-con-9-12-15-tasche-A3-verticale-disponibile-con-piedini-fissi-o-ruote-frenanti.jpg","contentUrl":"https:\/\/www.smartystore.it\/v25\/wp-content\/uploads\/2023\/07\/Espositore-porta-messaggi-con-9-12-15-tasche-A3-verticale-disponibile-con-piedini-fissi-o-ruote-frenanti.jpg","width":1000,"height":1000,"caption":"Afficheur de messages avec 9 12 15 pochettes verticales A3 disponibles avec pieds fixes ou roulettes avec frein"},{"@type":"BreadcrumbList","@id":"https:\/\/www.smartystore.it\/fr\/prodotto\/porte-message-avec-pochettes-a3-vertical\/#breadcrumb","itemListElement":[{"@type":"ListItem","position":1,"name":"Home","item":"https:\/\/www.smartystore.it\/fr\/"},{"@type":"ListItem","position":2,"name":"Boutique","item":"https:\/\/www.smartystore.it\/fr\/boutique\/"},{"@type":"ListItem","position":3,"name":"Pr\u00e9sentoir de messages avec pochettes verticales A3"}]},{"@type":"WebSite","@id":"https:\/\/www.smartystore.it\/fr\/#website","url":"https:\/\/www.smartystore.it\/fr\/","name":"Smarty Store","description":"Espositori Pubblicitari e Sistemi di Comunicazione Visiva","potentialAction":[{"@type":"SearchAction","target":{"@type":"EntryPoint","urlTemplate":"https:\/\/www.smartystore.it\/fr\/?s={search_term_string}"},"query-input":{"@type":"PropertyValueSpecification","valueRequired":true,"valueName":"search_term_string"}}],"inLanguage":"fr-FR"}]}},"brands":[],"_links":{"self":[{"href":"https:\/\/www.smartystore.it\/fr\/wp-json\/wp\/v2\/product\/87435","targetHints":{"allow":["GET"]}}],"collection":[{"href":"https:\/\/www.smartystore.it\/fr\/wp-json\/wp\/v2\/product"}],"about":[{"href":"https:\/\/www.smartystore.it\/fr\/wp-json\/wp\/v2\/types\/product"}],"replies":[{"embeddable":true,"href":"https:\/\/www.smartystore.it\/fr\/wp-json\/wp\/v2\/comments?post=87435"}],"wp:featuredmedia":[{"embeddable":true,"href":"https:\/\/www.smartystore.it\/fr\/wp-json\/wp\/v2\/media\/87436"}],"wp:attachment":[{"href":"https:\/\/www.smartystore.it\/fr\/wp-json\/wp\/v2\/media?parent=87435"}],"wp:term":[{"taxonomy":"pwb-brand","embeddable":true,"href":"https:\/\/www.smartystore.it\/fr\/wp-json\/wp\/v2\/pwb-brand?post=87435"},{"taxonomy":"product_brand","embeddable":true,"href":"https:\/\/www.smartystore.it\/fr\/wp-json\/wp\/v2\/product_brand?post=87435"},{"taxonomy":"product_cat","embeddable":true,"href":"https:\/\/www.smartystore.it\/fr\/wp-json\/wp\/v2\/product_cat?post=87435"},{"taxonomy":"product_tag","embeddable":true,"href":"https:\/\/www.smartystore.it\/fr\/wp-json\/wp\/v2\/product_tag?post=87435"}],"curies":[{"name":"wp","href":"https:\/\/api.w.org\/{rel}","templated":true}]}}