{"id":87053,"date":"2023-10-06T17:54:43","date_gmt":"2023-10-06T15:54:43","guid":{"rendered":"https:\/\/www.smartystore.it\/prodotto\/chevalet-publicitaire-double-face-trolley-50x70-pro\/"},"modified":"2026-02-12T13:02:47","modified_gmt":"2026-02-12T11:02:47","slug":"chevalet-publicitaire-double-face-trolley-50x70-pro","status":"publish","type":"product","link":"https:\/\/www.smartystore.it\/fr\/prodotto\/chevalet-publicitaire-double-face-trolley-50x70-pro\/","title":{"rendered":"Support publicitaire double face Trolley 50&#215;70 PRO"},"content":{"rendered":"<div class=\"wpb-content-wrapper\"><p>[vc_row][vc_column][vc_column_text css=\u00a0\u00bb\u00a0\u00bb css_params=\u00a0\u00bb\u00a0\u00bb]<\/p>\n<h1>Support publicitaire double face Trolley 50&#215;70 PRO<\/h1>\n<p>Le stand publicitaire recto-verso Trolley 50&#215;70 PRO est un pr\u00e9sentoir sur pied qui fait partie de la ligne QUADRA SERIES. Enti\u00e8rement r\u00e9alis\u00e9 en aluminium, il se compose de deux cadres encliquetables pour des impressions 50&#215;70, d&rsquo;une structure \u00e0 section carr\u00e9e (d&rsquo;o\u00f9 le nom de la s\u00e9rie) et d&rsquo;une base disponible en deux versions. Une version pratique avec des roues frein\u00e9es pour d\u00e9placer le chevalet l\u00e0 o\u00f9 il est n\u00e9cessaire, sans avoir \u00e0 supporter le poids du d\u00e9placement, et une version statique avec une base m\u00e9tallique carr\u00e9e peinte \u00e0 la poudre d&rsquo;argent.  <\/p>\n<h2>Stand publicitaire double face Trolley 50&#215;70 PRO : praticit\u00e9 et robustesse<\/h2>\n<p>La ligne PRO de la QUADRA SERIES est particuli\u00e8rement adapt\u00e9e \u00e0 un usage plus intensif et aux locaux commerciaux \u00e0 fort trafic. En effet, ce nouveau mod\u00e8le dispose de <strong>deux montants de 30&#215;30 mm<\/strong> et de <strong>cadres avec des bords de 32 mm.<\/strong> (avec coins arrondis) au lieu de 25 mm, ce qui le rend <strong>plus robuste et plus stable<\/strong>. <\/p>\n<p>Le pr\u00e9sentoir est \u00e9quip\u00e9 d&rsquo;une poign\u00e9e pratique sur le dessus qui permet de saisir le chevalet et de le d\u00e9placer facilement.<\/p>\n<p>Le profil plat du chevalet le rend moins encombrant que les mod\u00e8les \u00ab A \u00bb classiques.<\/p>\n<h3>CARACT\u00c9RISTIQUES:<\/h3>\n<ul>\n<li>Cadres : cadre 32 (largeur du profil : 32 mm).<\/li>\n<li>Cadres avec coins chrom\u00e9s arrondis.<\/li>\n<li>Possibilit\u00e9 de choisir le type de base : chariot avec roues frein\u00e9es ou carr\u00e9 plat.<\/li>\n<li>Structure en aluminium anodis\u00e9 de section carr\u00e9e : 3 cm.<\/li>\n<li>Base de chariot avec roues frein\u00e9es : D 38 cm.<\/li>\n<li>Base carr\u00e9e en m\u00e9tal thermolaqu\u00e9 argent : L 42 cm. &#8211; H 0,6 cm. &#8211; D 42 cm.  <\/li>\n<li>Deux cadres \u00e0 pression en aluminium argent\u00e9 avec protection PVC antireflet.<\/li>\n<li>Format imprim\u00e9 : 50&#215;70 cm.<\/li>\n<li>Zone visible : 48 x 68 cm.<\/li>\n<li>Dimensions du cadre : 53 x 73 cm.<\/li>\n<li>Dimensions du pr\u00e9sentoir : L 53 &#8211; H 106,5 &#8211; P 38 (version chariot)<\/li>\n<li>Dimensions du pr\u00e9sentoir : L 53 &#8211; H 100,8 &#8211; P 42 (version \u00e0 base plate)<\/li>\n<li>Poids de l&rsquo;affichage version chariot : 6,40 kg environ.<\/li>\n<li>Poids de l&rsquo;\u00e9cran en version \u00e0 base plate : 13,70 kg environ.<\/li>\n<\/ul>\n<p>\u00c9galement disponible dans une version permettant d&rsquo;accueillir des affiches de 70&#215;100 cm. (SST-TRL70100PRO) : <a href=\"https:\/\/www.smartystore.it\/fr\/prodotto\/chevalet-publicitaire-double-face-trolley-70x100-pro\/\" target=\"_blank\" rel=\"noopener\"><strong>LIEN<\/strong><\/a><\/p>\n<p><span style=\"color: #000000;\"><strong>Ce pr\u00e9sentoir est \u00e9galement disponible en version STANDARD : cliquez <a href=\"https:\/\/www.smartystore.it\/fr\/prodotto\/chevalet-publicitaire-double-face-trolley-50x70\/\" target=\"_blank\" rel=\"noopener\">ICI<\/a><\/strong><\/span><\/p>\n<p>SmartyStore assiste pleinement ses clients. Si vous avez besoin de posters 70&#215;100 pour votre cadre, vous pouvez trouver ce que vous cherchez \u00e0 l&rsquo;adresse suivante <a href=\"https:\/\/www.smartystore.it\/fr\/prodotto\/presentoir-a-cadre-instantane-50x70-avec-montant-simple\/\" target=\"_blank\" rel=\"noopener\"><strong>LIEN<\/strong><\/a><\/p>\n<p>&nbsp;<\/p>\n<p><a href=\"https:\/\/www.smartystore.it\/v25\/wp-content\/uploads\/2023\/10\/SST-TRL70P-TRL100P-1.pdf\" target=\"_blank\" rel=\"noopener\"><img loading=\"lazy\" decoding=\"async\" class=\"alignnone size-full wp-image-93510\" src=\"https:\/\/www.smartystore.it\/v25\/wp-content\/uploads\/2014\/10\/SchedaTecnica-300-e1750084266903.png\" alt=\"\" width=\"249\" height=\"63\"><\/a><\/p>\n<p>&nbsp;[\/vc_column_text][\/vc_column][\/vc_row]<\/p>\n<\/div>","protected":false},"excerpt":{"rendered":"<p>Support publicitaire double face pour affiches 50&#215;70. Disponible avec une base \u00e0 roulettes ou une base carr\u00e9e plate. <\/p>\n","protected":false},"featured_media":87054,"comment_status":"open","ping_status":"closed","template":"","meta":{"_acf_changed":false},"pwb-brand":[],"product_brand":[3872],"product_cat":[2915,2914,3004],"product_tag":[6376,6386,6387,4076,4077,4078,4075],"class_list":{"0":"post-87053","1":"product","2":"type-product","3":"status-publish","4":"has-post-thumbnail","6":"product_brand-smartystore","7":"product_cat-ecrans-avec-cadres-instantanes","8":"product_cat-quadra-series-fr","9":"product_cat-stands-publicitaires","10":"product_tag-chevalet-daffichage-double-face-50x70","11":"product_tag-chevalet-publicitaire-50x70","12":"product_tag-porte-affiche-50x70-a-roulettes","13":"product_tag-porte-affiches-a-roulettes","14":"product_tag-porte-menu-de-restaurant","15":"product_tag-porte-menus-pour-bars","16":"product_tag-stand-publicitaire-a-roulettes","17":"pa_c2c_angolo-rond","18":"pa_c2c_base-base-carree","19":"pa_c2c_base-pieds-a-roulettes","20":"pa_c2c_dimensione-50x70","21":"pa_c2c_mono_bifacciale-double-face","22":"pa_c2c_trovraprezzi-oui","23":"pa_serie-quadra-series","25":"first","26":"instock","27":"taxable","28":"shipping-taxable","29":"purchasable","30":"product-type-variable"},"acf":[],"yoast_head":"<!-- This site is optimized with the Yoast SEO plugin v27.4 - https:\/\/yoast.com\/product\/yoast-seo-wordpress\/ -->\n<title>Support publicitaire double face Trolley 50x70 PRO - Achetez au Meilleur Prix<\/title>\n<meta name=\"description\" content=\"Chariot double face 50x70 PRO en aluminium. Choix d&#039;une base trolley avec roues de freinage ou d&#039;une base carr\u00e9e ultra plate.\" \/>\n<meta name=\"robots\" content=\"index, follow, max-snippet:-1, max-image-preview:large, max-video-preview:-1\" \/>\n<link rel=\"canonical\" href=\"https:\/\/www.smartystore.it\/fr\/prodotto\/chevalet-publicitaire-double-face-trolley-50x70-pro\/\" \/>\n<meta property=\"og:locale\" content=\"fr_FR\" \/>\n<meta property=\"og:type\" content=\"article\" \/>\n<meta property=\"og:title\" content=\"Support publicitaire double face Trolley 50x70 PRO - Achetez au Meilleur Prix\" \/>\n<meta property=\"og:description\" content=\"Chariot double face 50x70 PRO en aluminium. Choix d&#039;une base trolley avec roues de freinage ou d&#039;une base carr\u00e9e ultra plate.\" \/>\n<meta property=\"og:url\" content=\"https:\/\/www.smartystore.it\/fr\/prodotto\/chevalet-publicitaire-double-face-trolley-50x70-pro\/\" \/>\n<meta property=\"og:site_name\" content=\"Smarty Store\" \/>\n<meta property=\"article:modified_time\" content=\"2026-02-12T11:02:47+00:00\" \/>\n<meta property=\"og:image\" content=\"https:\/\/www.smartystore.it\/v25\/wp-content\/uploads\/2023\/10\/Cavalletto-pubblicitario-50x70-PRO-trolley-con-ruote-frenanti.jpg\" \/>\n\t<meta property=\"og:image:width\" content=\"1000\" \/>\n\t<meta property=\"og:image:height\" content=\"1000\" \/>\n\t<meta property=\"og:image:type\" content=\"image\/jpeg\" \/>\n<meta name=\"twitter:card\" content=\"summary_large_image\" \/>\n<meta name=\"twitter:label1\" content=\"Dur\u00e9e de lecture estim\u00e9e\" \/>\n\t<meta name=\"twitter:data1\" content=\"3 minutes\" \/>\n<script type=\"application\/ld+json\" class=\"yoast-schema-graph\">{\"@context\":\"https:\\\/\\\/schema.org\",\"@graph\":[{\"@type\":\"WebPage\",\"@id\":\"https:\\\/\\\/www.smartystore.it\\\/fr\\\/prodotto\\\/chevalet-publicitaire-double-face-trolley-50x70-pro\\\/\",\"url\":\"https:\\\/\\\/www.smartystore.it\\\/fr\\\/prodotto\\\/chevalet-publicitaire-double-face-trolley-50x70-pro\\\/\",\"name\":\"Support publicitaire double face Trolley 50x70 PRO - Achetez au Meilleur Prix\",\"isPartOf\":{\"@id\":\"https:\\\/\\\/www.smartystore.it\\\/fr\\\/#website\"},\"primaryImageOfPage\":{\"@id\":\"https:\\\/\\\/www.smartystore.it\\\/fr\\\/prodotto\\\/chevalet-publicitaire-double-face-trolley-50x70-pro\\\/#primaryimage\"},\"image\":{\"@id\":\"https:\\\/\\\/www.smartystore.it\\\/fr\\\/prodotto\\\/chevalet-publicitaire-double-face-trolley-50x70-pro\\\/#primaryimage\"},\"thumbnailUrl\":\"https:\\\/\\\/www.smartystore.it\\\/v25\\\/wp-content\\\/uploads\\\/2023\\\/10\\\/Cavalletto-pubblicitario-50x70-PRO-trolley-con-ruote-frenanti.jpg\",\"datePublished\":\"2023-10-06T15:54:43+00:00\",\"dateModified\":\"2026-02-12T11:02:47+00:00\",\"description\":\"Chariot double face 50x70 PRO en aluminium. Choix d'une base trolley avec roues de freinage ou d'une base carr\u00e9e ultra plate.\",\"breadcrumb\":{\"@id\":\"https:\\\/\\\/www.smartystore.it\\\/fr\\\/prodotto\\\/chevalet-publicitaire-double-face-trolley-50x70-pro\\\/#breadcrumb\"},\"inLanguage\":\"fr-FR\",\"potentialAction\":[{\"@type\":\"ReadAction\",\"target\":[\"https:\\\/\\\/www.smartystore.it\\\/fr\\\/prodotto\\\/chevalet-publicitaire-double-face-trolley-50x70-pro\\\/\"]}]},{\"@type\":\"ImageObject\",\"inLanguage\":\"fr-FR\",\"@id\":\"https:\\\/\\\/www.smartystore.it\\\/fr\\\/prodotto\\\/chevalet-publicitaire-double-face-trolley-50x70-pro\\\/#primaryimage\",\"url\":\"https:\\\/\\\/www.smartystore.it\\\/v25\\\/wp-content\\\/uploads\\\/2023\\\/10\\\/Cavalletto-pubblicitario-50x70-PRO-trolley-con-ruote-frenanti.jpg\",\"contentUrl\":\"https:\\\/\\\/www.smartystore.it\\\/v25\\\/wp-content\\\/uploads\\\/2023\\\/10\\\/Cavalletto-pubblicitario-50x70-PRO-trolley-con-ruote-frenanti.jpg\",\"width\":1000,\"height\":1000,\"caption\":\"Chevalet publicitaire 50x70 PRO trolley avec roues freinantes\"},{\"@type\":\"BreadcrumbList\",\"@id\":\"https:\\\/\\\/www.smartystore.it\\\/fr\\\/prodotto\\\/chevalet-publicitaire-double-face-trolley-50x70-pro\\\/#breadcrumb\",\"itemListElement\":[{\"@type\":\"ListItem\",\"position\":1,\"name\":\"Home\",\"item\":\"https:\\\/\\\/www.smartystore.it\\\/fr\\\/\"},{\"@type\":\"ListItem\",\"position\":2,\"name\":\"Boutique\",\"item\":\"https:\\\/\\\/www.smartystore.it\\\/fr\\\/boutique\\\/\"},{\"@type\":\"ListItem\",\"position\":3,\"name\":\"Support publicitaire double face Trolley 50&#215;70 PRO\"}]},{\"@type\":\"WebSite\",\"@id\":\"https:\\\/\\\/www.smartystore.it\\\/fr\\\/#website\",\"url\":\"https:\\\/\\\/www.smartystore.it\\\/fr\\\/\",\"name\":\"Smarty Store\",\"description\":\"Espositori Pubblicitari e Sistemi di Comunicazione Visiva\",\"potentialAction\":[{\"@type\":\"SearchAction\",\"target\":{\"@type\":\"EntryPoint\",\"urlTemplate\":\"https:\\\/\\\/www.smartystore.it\\\/fr\\\/?s={search_term_string}\"},\"query-input\":{\"@type\":\"PropertyValueSpecification\",\"valueRequired\":true,\"valueName\":\"search_term_string\"}}],\"inLanguage\":\"fr-FR\"}]}<\/script>\n<!-- \/ Yoast SEO plugin. -->","yoast_head_json":{"title":"Support publicitaire double face Trolley 50x70 PRO - Achetez au Meilleur Prix","description":"Chariot double face 50x70 PRO en aluminium. Choix d'une base trolley avec roues de freinage ou d'une base carr\u00e9e ultra plate.","robots":{"index":"index","follow":"follow","max-snippet":"max-snippet:-1","max-image-preview":"max-image-preview:large","max-video-preview":"max-video-preview:-1"},"canonical":"https:\/\/www.smartystore.it\/fr\/prodotto\/chevalet-publicitaire-double-face-trolley-50x70-pro\/","og_locale":"fr_FR","og_type":"article","og_title":"Support publicitaire double face Trolley 50x70 PRO - Achetez au Meilleur Prix","og_description":"Chariot double face 50x70 PRO en aluminium. Choix d'une base trolley avec roues de freinage ou d'une base carr\u00e9e ultra plate.","og_url":"https:\/\/www.smartystore.it\/fr\/prodotto\/chevalet-publicitaire-double-face-trolley-50x70-pro\/","og_site_name":"Smarty Store","article_modified_time":"2026-02-12T11:02:47+00:00","og_image":[{"width":1000,"height":1000,"url":"https:\/\/www.smartystore.it\/v25\/wp-content\/uploads\/2023\/10\/Cavalletto-pubblicitario-50x70-PRO-trolley-con-ruote-frenanti.jpg","type":"image\/jpeg"}],"twitter_card":"summary_large_image","twitter_misc":{"Dur\u00e9e de lecture estim\u00e9e":"3 minutes"},"schema":{"@context":"https:\/\/schema.org","@graph":[{"@type":"WebPage","@id":"https:\/\/www.smartystore.it\/fr\/prodotto\/chevalet-publicitaire-double-face-trolley-50x70-pro\/","url":"https:\/\/www.smartystore.it\/fr\/prodotto\/chevalet-publicitaire-double-face-trolley-50x70-pro\/","name":"Support publicitaire double face Trolley 50x70 PRO - Achetez au Meilleur Prix","isPartOf":{"@id":"https:\/\/www.smartystore.it\/fr\/#website"},"primaryImageOfPage":{"@id":"https:\/\/www.smartystore.it\/fr\/prodotto\/chevalet-publicitaire-double-face-trolley-50x70-pro\/#primaryimage"},"image":{"@id":"https:\/\/www.smartystore.it\/fr\/prodotto\/chevalet-publicitaire-double-face-trolley-50x70-pro\/#primaryimage"},"thumbnailUrl":"https:\/\/www.smartystore.it\/v25\/wp-content\/uploads\/2023\/10\/Cavalletto-pubblicitario-50x70-PRO-trolley-con-ruote-frenanti.jpg","datePublished":"2023-10-06T15:54:43+00:00","dateModified":"2026-02-12T11:02:47+00:00","description":"Chariot double face 50x70 PRO en aluminium. Choix d'une base trolley avec roues de freinage ou d'une base carr\u00e9e ultra plate.","breadcrumb":{"@id":"https:\/\/www.smartystore.it\/fr\/prodotto\/chevalet-publicitaire-double-face-trolley-50x70-pro\/#breadcrumb"},"inLanguage":"fr-FR","potentialAction":[{"@type":"ReadAction","target":["https:\/\/www.smartystore.it\/fr\/prodotto\/chevalet-publicitaire-double-face-trolley-50x70-pro\/"]}]},{"@type":"ImageObject","inLanguage":"fr-FR","@id":"https:\/\/www.smartystore.it\/fr\/prodotto\/chevalet-publicitaire-double-face-trolley-50x70-pro\/#primaryimage","url":"https:\/\/www.smartystore.it\/v25\/wp-content\/uploads\/2023\/10\/Cavalletto-pubblicitario-50x70-PRO-trolley-con-ruote-frenanti.jpg","contentUrl":"https:\/\/www.smartystore.it\/v25\/wp-content\/uploads\/2023\/10\/Cavalletto-pubblicitario-50x70-PRO-trolley-con-ruote-frenanti.jpg","width":1000,"height":1000,"caption":"Chevalet publicitaire 50x70 PRO trolley avec roues freinantes"},{"@type":"BreadcrumbList","@id":"https:\/\/www.smartystore.it\/fr\/prodotto\/chevalet-publicitaire-double-face-trolley-50x70-pro\/#breadcrumb","itemListElement":[{"@type":"ListItem","position":1,"name":"Home","item":"https:\/\/www.smartystore.it\/fr\/"},{"@type":"ListItem","position":2,"name":"Boutique","item":"https:\/\/www.smartystore.it\/fr\/boutique\/"},{"@type":"ListItem","position":3,"name":"Support publicitaire double face Trolley 50&#215;70 PRO"}]},{"@type":"WebSite","@id":"https:\/\/www.smartystore.it\/fr\/#website","url":"https:\/\/www.smartystore.it\/fr\/","name":"Smarty Store","description":"Espositori Pubblicitari e Sistemi di Comunicazione Visiva","potentialAction":[{"@type":"SearchAction","target":{"@type":"EntryPoint","urlTemplate":"https:\/\/www.smartystore.it\/fr\/?s={search_term_string}"},"query-input":{"@type":"PropertyValueSpecification","valueRequired":true,"valueName":"search_term_string"}}],"inLanguage":"fr-FR"}]}},"brands":[],"_links":{"self":[{"href":"https:\/\/www.smartystore.it\/fr\/wp-json\/wp\/v2\/product\/87053","targetHints":{"allow":["GET"]}}],"collection":[{"href":"https:\/\/www.smartystore.it\/fr\/wp-json\/wp\/v2\/product"}],"about":[{"href":"https:\/\/www.smartystore.it\/fr\/wp-json\/wp\/v2\/types\/product"}],"replies":[{"embeddable":true,"href":"https:\/\/www.smartystore.it\/fr\/wp-json\/wp\/v2\/comments?post=87053"}],"wp:featuredmedia":[{"embeddable":true,"href":"https:\/\/www.smartystore.it\/fr\/wp-json\/wp\/v2\/media\/87054"}],"wp:attachment":[{"href":"https:\/\/www.smartystore.it\/fr\/wp-json\/wp\/v2\/media?parent=87053"}],"wp:term":[{"taxonomy":"pwb-brand","embeddable":true,"href":"https:\/\/www.smartystore.it\/fr\/wp-json\/wp\/v2\/pwb-brand?post=87053"},{"taxonomy":"product_brand","embeddable":true,"href":"https:\/\/www.smartystore.it\/fr\/wp-json\/wp\/v2\/product_brand?post=87053"},{"taxonomy":"product_cat","embeddable":true,"href":"https:\/\/www.smartystore.it\/fr\/wp-json\/wp\/v2\/product_cat?post=87053"},{"taxonomy":"product_tag","embeddable":true,"href":"https:\/\/www.smartystore.it\/fr\/wp-json\/wp\/v2\/product_tag?post=87053"}],"curies":[{"name":"wp","href":"https:\/\/api.w.org\/{rel}","templated":true}]}}