{"id":87045,"date":"2023-11-03T15:31:36","date_gmt":"2023-11-03T13:31:36","guid":{"rendered":"https:\/\/www.smartystore.it\/prodotto\/porte-brochures-sur-pied-avec-3-pochettes-a4-serie-quadra\/"},"modified":"2026-02-11T18:53:02","modified_gmt":"2026-02-11T16:53:02","slug":"porte-brochures-autoportant-3-pochettes-a4","status":"publish","type":"product","link":"https:\/\/www.smartystore.it\/fr\/prodotto\/porte-brochures-autoportant-3-pochettes-a4\/","title":{"rendered":"Porte-brochures ind\u00e9pendant 3 pochettes A4"},"content":{"rendered":"<div class=\"wpb-content-wrapper\"><p>[vc_row][vc_column][vc_column_text css=\u00a0\u00bb\u00a0\u00bb css_params=\u00a0\u00bb\u00a0\u00bb]<\/p>\n<h1>Porte-brochures autoportant 3 pochettes A4 &#8211; S\u00e9rie Quadra<\/h1>\n<p>Le porte-brochures sur pied 3 poches A4 de la s\u00e9rie Quadra est une solution \u00e9l\u00e9gante et fonctionnelle pour la pr\u00e9sentation de documents d&rsquo;information. Con\u00e7u pour optimiser la visibilit\u00e9 des catalogues, brochures et prospectus, ce pr\u00e9sentoir se distingue par son design sobre et contemporain, capable de s&rsquo;int\u00e9grer parfaitement dans diff\u00e9rents contextes commerciaux et professionnels. <\/p>\n<p>La structure est caract\u00e9ris\u00e9e par un montant en aluminium argent\u00e9 de section carr\u00e9e (30&#215;30 mm), qui conf\u00e8re force et stabilit\u00e9 \u00e0 l&rsquo;ensemble du syst\u00e8me. La base carr\u00e9e, \u00e9galement en m\u00e9tal peint par poudrage dans la m\u00eame couleur argent\u00e9e \u00e9l\u00e9gante, assure une r\u00e9partition optimale du poids, ce qui rend le pr\u00e9sentoir solide et durable. En outre, la base ultraplate, d&rsquo;une \u00e9paisseur de seulement 6 mm, est con\u00e7ue pour r\u00e9sister aux chocs, ce qui minimise le risque d&rsquo;accident et facilite l&rsquo;acc\u00e8s aux informations affich\u00e9es.  <\/p>\n<h2>Porte-brochures autoportant \u00e0 3 poches A4 : ordre et \u00e9l\u00e9gance<\/h2>\n<p>Les trois pochettes en styr\u00e8ne transparent sont sp\u00e9cialement con\u00e7ues pour accueillir des documents de format A4 (21&#215;29,7 cm), ce qui permet un rangement syst\u00e9matique et facilement accessible des documents. Chaque pochette est positionn\u00e9e \u00e0 un niveau diff\u00e9rent, ce qui permet d&rsquo;optimiser l&rsquo;espace et de garantir la visibilit\u00e9 de chaque brochure sans obstruction. Ce type de disposition est particuli\u00e8rement avantageux dans les environnements tr\u00e8s fr\u00e9quent\u00e9s ou lors d&rsquo;\u00e9v\u00e9nements, o\u00f9 la rapidit\u00e9 d&rsquo;acquisition de l&rsquo;information est cruciale pour attirer l&rsquo;attention du client.  <\/p>\n<p>Avec son style \u00e9pur\u00e9 et lin\u00e9aire, le porte-brochures autoportant de la s\u00e9rie Quadra se pr\u00eate \u00e0 de multiples utilisations, ce qui le rend id\u00e9al pour les agences de voyage, les salles d&rsquo;exposition, les r\u00e9unions, les conventions et les entr\u00e9es d&rsquo;entreprises. Plac\u00e9 strat\u00e9giquement, ce pr\u00e9sentoir guidera les visiteurs vers les informations souhait\u00e9es, contribuant ainsi \u00e0 une meilleure exp\u00e9rience client. <\/p>\n<p>D&rsquo;autres d\u00e9tails pratiques, tels que les quatre patins en caoutchouc antid\u00e9rapants sur la base, prot\u00e8gent le sol des rayures et des chocs, garantissant une utilisation s\u00fbre et sans souci dans n&rsquo;importe quel environnement. L&rsquo;absence d&rsquo;ar\u00eates vives et le design harmonieux du porte-brochures le rendent \u00e9galement adapt\u00e9 aux contextes o\u00f9 une attention particuli\u00e8re \u00e0 la s\u00e9curit\u00e9 et \u00e0 l&rsquo;esth\u00e9tique est requise. <\/p>\n<p>En r\u00e9sum\u00e9, le porte-brochures autoportant 3 poches A4 de la s\u00e9rie Quadra est un excellent choix pour ceux qui souhaitent un pr\u00e9sentoir de haute qualit\u00e9, fonctionnel et esth\u00e9tique pour communiquer efficacement avec leurs clients.<\/p>\n<p>&nbsp;<\/p>\n<h3>CARACT\u00c9RISTIQUES:<\/h3>\n<ul>\n<li>Pochette \u00e0 brochures en styr\u00e8ne transparent pour pr\u00e9senter des brochures au format A4 (21&#215;29,7 cm) sur trois niveaux<\/li>\n<li>Dimensions totales du porte-brochures transparent : L 22,5 x H 31,0 x P 15,0 cm.<\/li>\n<li>Dimensions int\u00e9rieures du plateau du catalogue : L 22,0 x P 3,5 cm.<\/li>\n<li>Montant en aluminium argent\u00e9 \u00e0 section carr\u00e9e : H 100- L 3 cm.<\/li>\n<li>Base carr\u00e9e en m\u00e9tal thermolaqu\u00e9 argent : L 32,5 cm. &#8211; H 0,6 cm. &#8211; D 32,5 cm.  <\/li>\n<li>Quatre patins en caoutchouc antid\u00e9rapants plac\u00e9s \u00e0 la base<\/li>\n<li><span style=\"text-decoration: underline;\"><strong>BASE ANTI-TR\u00c9CISSEMENT ULTRA PLATE : \u00e9paisseur 6 mm.<\/strong><\/span><\/li>\n<li>Dimensions de l&rsquo;\u00e9cran (en mm) : L 325 &#8211; H 1285 &#8211; P 325<\/li>\n<li>Poids de l&rsquo;\u00e9cran : environ 6,40 kg.<\/li>\n<\/ul>\n<h4 style=\"text-align: center;\"><strong>D\u00e9couvrez tous les mod\u00e8les de rayonnages de catalogue autoportants sur ce <span style=\"color: #ff0000;\"><a style=\"color: #ff0000;\" href=\"https:\/\/www.smartystore.it\/fr\/?count=25&amp;paged=&amp;s=sst-plp&amp;post_type=product\">LIEN<\/a><\/span><\/strong><\/h4>\n<p>&nbsp;<\/p>\n<p><a href=\"https:\/\/www.smartystore.it\/v25\/wp-content\/uploads\/2024\/08\/Scheda-tecnica-SST-PLP.pdf\" target=\"_blank\" rel=\"noopener\"><img loading=\"lazy\" decoding=\"async\" class=\"alignnone size-full wp-image-93510\" src=\"https:\/\/www.smartystore.it\/v25\/wp-content\/uploads\/2014\/10\/SchedaTecnica-300-e1750084266903.png\" alt=\"\" width=\"249\" height=\"63\"><\/a><\/p>\n<p>&nbsp;<\/p>\n<p>&nbsp;[\/vc_column_text][\/vc_column][\/vc_row]<\/p>\n<\/div>","protected":false},"excerpt":{"rendered":"<p>Porte-brochures sur pied avec base carr\u00e9e, pilier en aluminium et 3 pochettes pour catalogues A4.<\/p>\n","protected":false},"featured_media":87051,"comment_status":"open","ping_status":"closed","template":"","meta":{"_acf_changed":false},"pwb-brand":[],"product_brand":[3872],"product_cat":[2970,2969,2968,2914],"product_tag":[4053,3857,3855,4054,3856],"class_list":{"0":"post-87045","1":"product","2":"type-product","3":"status-publish","4":"has-post-thumbnail","6":"product_brand-smartystore","7":"product_cat-porte-brochure-porte-catalogue","8":"product_cat-porte-brochure-debout","9":"product_cat-porte-brochures-catalogues","10":"product_cat-quadra-series-fr","11":"product_tag-porte-brochures-a4-a-3-poches","12":"product_tag-porte-brochures-independant","13":"product_tag-porte-brochures-sur-pied","14":"product_tag-porte-catalogue-sur-pied-3-pochettes-a4","15":"product_tag-presentoir-de-sol","16":"pa_c2c_base-base-carree","17":"pa_c2c_color-argent","18":"pa_c2c_color-transparent","19":"pa_c2c_dimensione-3-x-a4","20":"pa_c2c_mono_bifacciale-simple-face","21":"pa_c2c_trovraprezzi-oui","22":"pa_serie-quadra-series","24":"first","25":"instock","26":"taxable","27":"shipping-taxable","28":"purchasable","29":"product-type-simple"},"acf":[],"yoast_head":"<!-- This site is optimized with the Yoast SEO plugin v27.4 - https:\/\/yoast.com\/product\/yoast-seo-wordpress\/ -->\n<title>Porte-brochures ind\u00e9pendant 3 pochettes A4 - Achetez au meilleur prix<\/title>\n<meta name=\"description\" content=\"Porte-brochures autoportant avec 3 pochettes A4 - S\u00e9rie Quadra. Structure en m\u00e9tal couleur argent, porte-catalogue en styr\u00e8ne transparent.\" \/>\n<meta name=\"robots\" content=\"index, follow, max-snippet:-1, max-image-preview:large, max-video-preview:-1\" \/>\n<link rel=\"canonical\" href=\"https:\/\/www.smartystore.it\/fr\/prodotto\/porte-brochures-autoportant-3-pochettes-a4\/\" \/>\n<meta property=\"og:locale\" content=\"fr_FR\" \/>\n<meta property=\"og:type\" content=\"article\" \/>\n<meta property=\"og:title\" content=\"Porte-brochures ind\u00e9pendant 3 pochettes A4 - Achetez au meilleur prix\" \/>\n<meta property=\"og:description\" content=\"Porte-brochures autoportant avec 3 pochettes A4 - S\u00e9rie Quadra. Structure en m\u00e9tal couleur argent, porte-catalogue en styr\u00e8ne transparent.\" \/>\n<meta property=\"og:url\" content=\"https:\/\/www.smartystore.it\/fr\/prodotto\/porte-brochures-autoportant-3-pochettes-a4\/\" \/>\n<meta property=\"og:site_name\" content=\"Smarty Store\" \/>\n<meta property=\"article:modified_time\" content=\"2026-02-11T16:53:02+00:00\" \/>\n<meta property=\"og:image\" content=\"https:\/\/www.smartystore.it\/v25\/wp-content\/uploads\/2023\/10\/Portadepliant-a-piantana-3-tasche-A4-serie-quadra-1.jpg\" \/>\n\t<meta property=\"og:image:width\" content=\"1000\" \/>\n\t<meta property=\"og:image:height\" content=\"1000\" \/>\n\t<meta property=\"og:image:type\" content=\"image\/jpeg\" \/>\n<meta name=\"twitter:card\" content=\"summary_large_image\" \/>\n<meta name=\"twitter:label1\" content=\"Dur\u00e9e de lecture estim\u00e9e\" \/>\n\t<meta name=\"twitter:data1\" content=\"4 minutes\" \/>\n<script type=\"application\/ld+json\" class=\"yoast-schema-graph\">{\"@context\":\"https:\\\/\\\/schema.org\",\"@graph\":[{\"@type\":\"WebPage\",\"@id\":\"https:\\\/\\\/www.smartystore.it\\\/fr\\\/prodotto\\\/porte-brochures-autoportant-3-pochettes-a4\\\/\",\"url\":\"https:\\\/\\\/www.smartystore.it\\\/fr\\\/prodotto\\\/porte-brochures-autoportant-3-pochettes-a4\\\/\",\"name\":\"Porte-brochures ind\u00e9pendant 3 pochettes A4 - Achetez au meilleur prix\",\"isPartOf\":{\"@id\":\"https:\\\/\\\/www.smartystore.it\\\/fr\\\/#website\"},\"primaryImageOfPage\":{\"@id\":\"https:\\\/\\\/www.smartystore.it\\\/fr\\\/prodotto\\\/porte-brochures-autoportant-3-pochettes-a4\\\/#primaryimage\"},\"image\":{\"@id\":\"https:\\\/\\\/www.smartystore.it\\\/fr\\\/prodotto\\\/porte-brochures-autoportant-3-pochettes-a4\\\/#primaryimage\"},\"thumbnailUrl\":\"https:\\\/\\\/www.smartystore.it\\\/v25\\\/wp-content\\\/uploads\\\/2023\\\/10\\\/Portadepliant-a-piantana-3-tasche-A4-serie-quadra-1.jpg\",\"datePublished\":\"2023-11-03T13:31:36+00:00\",\"dateModified\":\"2026-02-11T16:53:02+00:00\",\"description\":\"Porte-brochures autoportant avec 3 pochettes A4 - S\u00e9rie Quadra. Structure en m\u00e9tal couleur argent, porte-catalogue en styr\u00e8ne transparent.\",\"breadcrumb\":{\"@id\":\"https:\\\/\\\/www.smartystore.it\\\/fr\\\/prodotto\\\/porte-brochures-autoportant-3-pochettes-a4\\\/#breadcrumb\"},\"inLanguage\":\"fr-FR\",\"potentialAction\":[{\"@type\":\"ReadAction\",\"target\":[\"https:\\\/\\\/www.smartystore.it\\\/fr\\\/prodotto\\\/porte-brochures-autoportant-3-pochettes-a4\\\/\"]}]},{\"@type\":\"ImageObject\",\"inLanguage\":\"fr-FR\",\"@id\":\"https:\\\/\\\/www.smartystore.it\\\/fr\\\/prodotto\\\/porte-brochures-autoportant-3-pochettes-a4\\\/#primaryimage\",\"url\":\"https:\\\/\\\/www.smartystore.it\\\/v25\\\/wp-content\\\/uploads\\\/2023\\\/10\\\/Portadepliant-a-piantana-3-tasche-A4-serie-quadra-1.jpg\",\"contentUrl\":\"https:\\\/\\\/www.smartystore.it\\\/v25\\\/wp-content\\\/uploads\\\/2023\\\/10\\\/Portadepliant-a-piantana-3-tasche-A4-serie-quadra-1.jpg\",\"width\":1000,\"height\":1000,\"caption\":\"Porte-brochures sur pied avec 3 pochettes A4 - S\u00e9rie Quadra\"},{\"@type\":\"BreadcrumbList\",\"@id\":\"https:\\\/\\\/www.smartystore.it\\\/fr\\\/prodotto\\\/porte-brochures-autoportant-3-pochettes-a4\\\/#breadcrumb\",\"itemListElement\":[{\"@type\":\"ListItem\",\"position\":1,\"name\":\"Home\",\"item\":\"https:\\\/\\\/www.smartystore.it\\\/fr\\\/\"},{\"@type\":\"ListItem\",\"position\":2,\"name\":\"Boutique\",\"item\":\"https:\\\/\\\/www.smartystore.it\\\/fr\\\/boutique\\\/\"},{\"@type\":\"ListItem\",\"position\":3,\"name\":\"Porte-brochures ind\u00e9pendant 3 pochettes A4\"}]},{\"@type\":\"WebSite\",\"@id\":\"https:\\\/\\\/www.smartystore.it\\\/fr\\\/#website\",\"url\":\"https:\\\/\\\/www.smartystore.it\\\/fr\\\/\",\"name\":\"Smarty Store\",\"description\":\"Espositori Pubblicitari e Sistemi di Comunicazione Visiva\",\"potentialAction\":[{\"@type\":\"SearchAction\",\"target\":{\"@type\":\"EntryPoint\",\"urlTemplate\":\"https:\\\/\\\/www.smartystore.it\\\/fr\\\/?s={search_term_string}\"},\"query-input\":{\"@type\":\"PropertyValueSpecification\",\"valueRequired\":true,\"valueName\":\"search_term_string\"}}],\"inLanguage\":\"fr-FR\"}]}<\/script>\n<!-- \/ Yoast SEO plugin. -->","yoast_head_json":{"title":"Porte-brochures ind\u00e9pendant 3 pochettes A4 - Achetez au meilleur prix","description":"Porte-brochures autoportant avec 3 pochettes A4 - S\u00e9rie Quadra. Structure en m\u00e9tal couleur argent, porte-catalogue en styr\u00e8ne transparent.","robots":{"index":"index","follow":"follow","max-snippet":"max-snippet:-1","max-image-preview":"max-image-preview:large","max-video-preview":"max-video-preview:-1"},"canonical":"https:\/\/www.smartystore.it\/fr\/prodotto\/porte-brochures-autoportant-3-pochettes-a4\/","og_locale":"fr_FR","og_type":"article","og_title":"Porte-brochures ind\u00e9pendant 3 pochettes A4 - Achetez au meilleur prix","og_description":"Porte-brochures autoportant avec 3 pochettes A4 - S\u00e9rie Quadra. Structure en m\u00e9tal couleur argent, porte-catalogue en styr\u00e8ne transparent.","og_url":"https:\/\/www.smartystore.it\/fr\/prodotto\/porte-brochures-autoportant-3-pochettes-a4\/","og_site_name":"Smarty Store","article_modified_time":"2026-02-11T16:53:02+00:00","og_image":[{"width":1000,"height":1000,"url":"https:\/\/www.smartystore.it\/v25\/wp-content\/uploads\/2023\/10\/Portadepliant-a-piantana-3-tasche-A4-serie-quadra-1.jpg","type":"image\/jpeg"}],"twitter_card":"summary_large_image","twitter_misc":{"Dur\u00e9e de lecture estim\u00e9e":"4 minutes"},"schema":{"@context":"https:\/\/schema.org","@graph":[{"@type":"WebPage","@id":"https:\/\/www.smartystore.it\/fr\/prodotto\/porte-brochures-autoportant-3-pochettes-a4\/","url":"https:\/\/www.smartystore.it\/fr\/prodotto\/porte-brochures-autoportant-3-pochettes-a4\/","name":"Porte-brochures ind\u00e9pendant 3 pochettes A4 - Achetez au meilleur prix","isPartOf":{"@id":"https:\/\/www.smartystore.it\/fr\/#website"},"primaryImageOfPage":{"@id":"https:\/\/www.smartystore.it\/fr\/prodotto\/porte-brochures-autoportant-3-pochettes-a4\/#primaryimage"},"image":{"@id":"https:\/\/www.smartystore.it\/fr\/prodotto\/porte-brochures-autoportant-3-pochettes-a4\/#primaryimage"},"thumbnailUrl":"https:\/\/www.smartystore.it\/v25\/wp-content\/uploads\/2023\/10\/Portadepliant-a-piantana-3-tasche-A4-serie-quadra-1.jpg","datePublished":"2023-11-03T13:31:36+00:00","dateModified":"2026-02-11T16:53:02+00:00","description":"Porte-brochures autoportant avec 3 pochettes A4 - S\u00e9rie Quadra. Structure en m\u00e9tal couleur argent, porte-catalogue en styr\u00e8ne transparent.","breadcrumb":{"@id":"https:\/\/www.smartystore.it\/fr\/prodotto\/porte-brochures-autoportant-3-pochettes-a4\/#breadcrumb"},"inLanguage":"fr-FR","potentialAction":[{"@type":"ReadAction","target":["https:\/\/www.smartystore.it\/fr\/prodotto\/porte-brochures-autoportant-3-pochettes-a4\/"]}]},{"@type":"ImageObject","inLanguage":"fr-FR","@id":"https:\/\/www.smartystore.it\/fr\/prodotto\/porte-brochures-autoportant-3-pochettes-a4\/#primaryimage","url":"https:\/\/www.smartystore.it\/v25\/wp-content\/uploads\/2023\/10\/Portadepliant-a-piantana-3-tasche-A4-serie-quadra-1.jpg","contentUrl":"https:\/\/www.smartystore.it\/v25\/wp-content\/uploads\/2023\/10\/Portadepliant-a-piantana-3-tasche-A4-serie-quadra-1.jpg","width":1000,"height":1000,"caption":"Porte-brochures sur pied avec 3 pochettes A4 - S\u00e9rie Quadra"},{"@type":"BreadcrumbList","@id":"https:\/\/www.smartystore.it\/fr\/prodotto\/porte-brochures-autoportant-3-pochettes-a4\/#breadcrumb","itemListElement":[{"@type":"ListItem","position":1,"name":"Home","item":"https:\/\/www.smartystore.it\/fr\/"},{"@type":"ListItem","position":2,"name":"Boutique","item":"https:\/\/www.smartystore.it\/fr\/boutique\/"},{"@type":"ListItem","position":3,"name":"Porte-brochures ind\u00e9pendant 3 pochettes A4"}]},{"@type":"WebSite","@id":"https:\/\/www.smartystore.it\/fr\/#website","url":"https:\/\/www.smartystore.it\/fr\/","name":"Smarty Store","description":"Espositori Pubblicitari e Sistemi di Comunicazione Visiva","potentialAction":[{"@type":"SearchAction","target":{"@type":"EntryPoint","urlTemplate":"https:\/\/www.smartystore.it\/fr\/?s={search_term_string}"},"query-input":{"@type":"PropertyValueSpecification","valueRequired":true,"valueName":"search_term_string"}}],"inLanguage":"fr-FR"}]}},"brands":[],"_links":{"self":[{"href":"https:\/\/www.smartystore.it\/fr\/wp-json\/wp\/v2\/product\/87045","targetHints":{"allow":["GET"]}}],"collection":[{"href":"https:\/\/www.smartystore.it\/fr\/wp-json\/wp\/v2\/product"}],"about":[{"href":"https:\/\/www.smartystore.it\/fr\/wp-json\/wp\/v2\/types\/product"}],"replies":[{"embeddable":true,"href":"https:\/\/www.smartystore.it\/fr\/wp-json\/wp\/v2\/comments?post=87045"}],"wp:featuredmedia":[{"embeddable":true,"href":"https:\/\/www.smartystore.it\/fr\/wp-json\/wp\/v2\/media\/87051"}],"wp:attachment":[{"href":"https:\/\/www.smartystore.it\/fr\/wp-json\/wp\/v2\/media?parent=87045"}],"wp:term":[{"taxonomy":"pwb-brand","embeddable":true,"href":"https:\/\/www.smartystore.it\/fr\/wp-json\/wp\/v2\/pwb-brand?post=87045"},{"taxonomy":"product_brand","embeddable":true,"href":"https:\/\/www.smartystore.it\/fr\/wp-json\/wp\/v2\/product_brand?post=87045"},{"taxonomy":"product_cat","embeddable":true,"href":"https:\/\/www.smartystore.it\/fr\/wp-json\/wp\/v2\/product_cat?post=87045"},{"taxonomy":"product_tag","embeddable":true,"href":"https:\/\/www.smartystore.it\/fr\/wp-json\/wp\/v2\/product_tag?post=87045"}],"curies":[{"name":"wp","href":"https:\/\/api.w.org\/{rel}","templated":true}]}}