{"id":87013,"date":"2020-05-27T13:46:36","date_gmt":"2020-05-27T11:46:36","guid":{"rendered":"https:\/\/www.smartystore.it\/prodotto\/pupitre-en-aluminium-avec-etagere-support-pour-livres-a3\/"},"modified":"2025-07-30T14:43:04","modified_gmt":"2025-07-30T12:43:04","slug":"pupitre-en-aluminium-avec-etagere-support-pour-livres-a3","status":"publish","type":"product","link":"https:\/\/www.smartystore.it\/fr\/prodotto\/pupitre-en-aluminium-avec-etagere-support-pour-livres-a3\/","title":{"rendered":"Pr\u00e9sentoir en aluminium avec \u00e9tag\u00e8re A3"},"content":{"rendered":"<h2>Pr\u00e9sentoir en aluminium avec \u00e9tag\u00e8re pour livres A3.<\/h2>\n<p>Le pr\u00e9sentoir en aluminium avec \u00e9tag\u00e8re pour livre A3 (42 x 30 cm) fait partie de la ligne QUADRA SERIES. Enti\u00e8rement r\u00e9alis\u00e9 en aluminium, il se compose d&rsquo;une tablette pour brochures A3 horizontales ou 2xA4 verticales, d&rsquo;un montant \u00e0 section carr\u00e9e (d&rsquo;o\u00f9 le nom de la s\u00e9rie) et d&rsquo;une base en m\u00e9tal poudr\u00e9 argent\u00e9.<\/p>\n<p>Particuli\u00e8rement adapt\u00e9 aux entreprises ou \u00e0 toutes les activit\u00e9s qui doivent fournir des informations et une assistance aux clients et aux utilisateurs qui, pendant leur attente ou leur visite, peuvent consulter des avis et des informations de mani\u00e8re autonome, sans n\u00e9cessairement attendre qu&rsquo;un pr\u00e9pos\u00e9 leur donne l&rsquo;information. Les lieux d&rsquo;utilisation classiques sont en fait les salles de r\u00e9union, les salles d&rsquo;exposition, les conventions, mais aussi les th\u00e9\u00e2tres, les mus\u00e9es et les entr\u00e9es de restaurants.<\/p>\n<p>Le pupitre est enti\u00e8rement r\u00e9alis\u00e9 en aluminium, mais il poss\u00e8de cette touche d&rsquo;\u00e9l\u00e9gance qui en fait un v\u00e9ritable outil d&rsquo;ameublement design. Gr\u00e2ce \u00e0 la couleur neutre de l&rsquo;aluminium, il s&rsquo;int\u00e8gre discr\u00e8tement dans tout type d&rsquo;am\u00e9nagement, qu&rsquo;il s&rsquo;agisse d&rsquo;un mobilier d&rsquo;entreprise ou d&rsquo;un mobilier commercial. La structure en aluminium avec une base en fer thermolaqu\u00e9 argent rend ce pupitre plus robuste et r\u00e9sistant que les mod\u00e8les similaires en plexiglas qui risquent de se casser ou d&rsquo;\u00eatre endommag\u00e9s par des chocs ou des chutes.<\/p>\n<h3>CARACT\u00c9RISTIQUES:<\/h3>\n<p>\u00c9paisseur de l&rsquo;\u00e9tag\u00e8re pour ranger des livres, des brochures, des magazines ou tout autre type d&rsquo;information que vous souhaitez que le client consulte : 2 mm.<\/p>\n<p>Montant en aluminium \u00e0 section carr\u00e9e : H 100 cm. L 3 cm.<\/p>\n<p>Socle en m\u00e9tal argent\u00e9 (en cm) : L 32 &#8211; P 32<\/p>\n<p><span style=\"text-decoration: underline;\"><strong>BASE ANTI-TR\u00c9CISSEMENT ULTRA PLATE : \u00e9paisseur 6 mm.<\/strong><\/span><\/p>\n<p>Hauteur totale de l&rsquo;exposition : 114 cm.<\/p>\n<p>Poids du pupitre : 6 kg environ.<\/p>\n<p><strong><span style=\"color: #000000;\">VOUS CHERCHEZ UN PRODUIT SIMILAIRE MAIS EN NOIR ? CLIQUEZ <\/span> <a href=\"https:\/\/www.smartystore.it\/fr\/prodotto\/pupitre-en-metal-noir-avec-etagere-a3\/\" target=\"_blank\" rel=\"noopener\">ICI<\/a><\/strong><\/p>\n<p><a href=\"https:\/\/www.smartystore.it\/v25\/wp-content\/uploads\/2020\/05\/Leggio-Alluminio_SchedaInfo_SST-LGA3.pdf\" target=\"_blank\" rel=\"noopener\"><img loading=\"lazy\" decoding=\"async\" class=\"alignnone size-full wp-image-93510\" src=\"https:\/\/www.smartystore.it\/v25\/wp-content\/uploads\/2014\/10\/SchedaTecnica-300-e1750084266903.png\" alt=\"\" width=\"249\" height=\"63\" \/><\/a><\/p>\n","protected":false},"excerpt":{"rendered":"<p>Pr\u00e9sentoir de pupitre en aluminium avec \u00e9tag\u00e8re pratique pour livres A3.<\/p>\n","protected":false},"featured_media":87019,"comment_status":"open","ping_status":"closed","template":"","meta":{"_acf_changed":false},"pwb-brand":[],"product_brand":[],"product_cat":[3010,3013,2970,2969,2968,3024,2914],"product_tag":[4026,4022,4023,4024,4025],"class_list":{"0":"post-87013","1":"product","2":"type-product","3":"status-publish","4":"has-post-thumbnail","6":"product_cat-affichage-porte-avis-emplacement","7":"product_cat-porte-affiche-au-sol","8":"product_cat-porte-brochure-porte-catalogue","9":"product_cat-porte-brochure-debout","10":"product_cat-porte-brochures-catalogues","11":"product_cat-pupitres-et-tables","12":"product_cat-quadra-series-fr","13":"product_tag-porte-livre-avec-fond-incline","14":"product_tag-pupitre-a3","15":"product_tag-pupitre-a3-sur-pied","16":"product_tag-pupitre-au-sol-avec-tablette-a3","17":"product_tag-support-de-livre-a3","18":"pa_c2c_base-base-carree","19":"pa_c2c_color-argent","20":"pa_c2c_dimensione-a3-42x30-orizz","21":"pa_c2c_mono_bifacciale-simple-face","22":"pa_c2c_trovraprezzi-oui","23":"pa_serie-quadra-series","25":"first","26":"instock","27":"taxable","28":"shipping-taxable","29":"purchasable","30":"product-type-simple"},"acf":[],"yoast_head":"<!-- This site is optimized with the Yoast SEO plugin v27.4 - https:\/\/yoast.com\/product\/yoast-seo-wordpress\/ -->\n<title>Pr\u00e9sentoir en aluminium avec \u00e9tag\u00e8re A3 - Smarty Store<\/title>\n<meta name=\"description\" content=\"Pr\u00e9sentoir pratique en aluminium sur pied avec \u00e9tag\u00e8re pour livres A3 (42 x 30 cm) et base ultra-plate. Id\u00e9al pour les mus\u00e9es, les \u00e9glises, les expositions\" \/>\n<meta name=\"robots\" content=\"index, follow, max-snippet:-1, max-image-preview:large, max-video-preview:-1\" \/>\n<link rel=\"canonical\" href=\"https:\/\/www.smartystore.it\/fr\/prodotto\/pupitre-en-aluminium-avec-etagere-support-pour-livres-a3\/\" \/>\n<meta property=\"og:locale\" content=\"fr_FR\" \/>\n<meta property=\"og:type\" content=\"article\" \/>\n<meta property=\"og:title\" content=\"Pr\u00e9sentoir en aluminium avec \u00e9tag\u00e8re A3 - Smarty Store\" \/>\n<meta property=\"og:description\" content=\"Pr\u00e9sentoir pratique en aluminium sur pied avec \u00e9tag\u00e8re pour livres A3 (42 x 30 cm) et base ultra-plate. Id\u00e9al pour les mus\u00e9es, les \u00e9glises, les expositions\" \/>\n<meta property=\"og:url\" content=\"https:\/\/www.smartystore.it\/fr\/prodotto\/pupitre-en-aluminium-avec-etagere-support-pour-livres-a3\/\" \/>\n<meta property=\"og:site_name\" content=\"Smarty Store\" \/>\n<meta property=\"article:modified_time\" content=\"2025-07-30T12:43:04+00:00\" \/>\n<meta property=\"og:image\" content=\"https:\/\/www.smartystore.it\/v25\/wp-content\/uploads\/2020\/05\/Leggio-alluminio-ripiano-reggi-libro-A3-orizzontale-1.jpg\" \/>\n\t<meta property=\"og:image:width\" content=\"1000\" \/>\n\t<meta property=\"og:image:height\" content=\"1000\" \/>\n\t<meta property=\"og:image:type\" content=\"image\/jpeg\" \/>\n<meta name=\"twitter:card\" content=\"summary_large_image\" \/>\n<meta name=\"twitter:label1\" content=\"Dur\u00e9e de lecture estim\u00e9e\" \/>\n\t<meta name=\"twitter:data1\" content=\"2 minutes\" \/>\n<script type=\"application\/ld+json\" class=\"yoast-schema-graph\">{\"@context\":\"https:\\\/\\\/schema.org\",\"@graph\":[{\"@type\":\"WebPage\",\"@id\":\"https:\\\/\\\/www.smartystore.it\\\/fr\\\/prodotto\\\/pupitre-en-aluminium-avec-etagere-support-pour-livres-a3\\\/\",\"url\":\"https:\\\/\\\/www.smartystore.it\\\/fr\\\/prodotto\\\/pupitre-en-aluminium-avec-etagere-support-pour-livres-a3\\\/\",\"name\":\"Pr\u00e9sentoir en aluminium avec \u00e9tag\u00e8re A3 - Smarty Store\",\"isPartOf\":{\"@id\":\"https:\\\/\\\/www.smartystore.it\\\/fr\\\/#website\"},\"primaryImageOfPage\":{\"@id\":\"https:\\\/\\\/www.smartystore.it\\\/fr\\\/prodotto\\\/pupitre-en-aluminium-avec-etagere-support-pour-livres-a3\\\/#primaryimage\"},\"image\":{\"@id\":\"https:\\\/\\\/www.smartystore.it\\\/fr\\\/prodotto\\\/pupitre-en-aluminium-avec-etagere-support-pour-livres-a3\\\/#primaryimage\"},\"thumbnailUrl\":\"https:\\\/\\\/www.smartystore.it\\\/v25\\\/wp-content\\\/uploads\\\/2020\\\/05\\\/Leggio-alluminio-ripiano-reggi-libro-A3-orizzontale-1.jpg\",\"datePublished\":\"2020-05-27T11:46:36+00:00\",\"dateModified\":\"2025-07-30T12:43:04+00:00\",\"description\":\"Pr\u00e9sentoir pratique en aluminium sur pied avec \u00e9tag\u00e8re pour livres A3 (42 x 30 cm) et base ultra-plate. Id\u00e9al pour les mus\u00e9es, les \u00e9glises, les expositions\",\"breadcrumb\":{\"@id\":\"https:\\\/\\\/www.smartystore.it\\\/fr\\\/prodotto\\\/pupitre-en-aluminium-avec-etagere-support-pour-livres-a3\\\/#breadcrumb\"},\"inLanguage\":\"fr-FR\",\"potentialAction\":[{\"@type\":\"ReadAction\",\"target\":[\"https:\\\/\\\/www.smartystore.it\\\/fr\\\/prodotto\\\/pupitre-en-aluminium-avec-etagere-support-pour-livres-a3\\\/\"]}]},{\"@type\":\"ImageObject\",\"inLanguage\":\"fr-FR\",\"@id\":\"https:\\\/\\\/www.smartystore.it\\\/fr\\\/prodotto\\\/pupitre-en-aluminium-avec-etagere-support-pour-livres-a3\\\/#primaryimage\",\"url\":\"https:\\\/\\\/www.smartystore.it\\\/v25\\\/wp-content\\\/uploads\\\/2020\\\/05\\\/Leggio-alluminio-ripiano-reggi-libro-A3-orizzontale-1.jpg\",\"contentUrl\":\"https:\\\/\\\/www.smartystore.it\\\/v25\\\/wp-content\\\/uploads\\\/2020\\\/05\\\/Leggio-alluminio-ripiano-reggi-libro-A3-orizzontale-1.jpg\",\"width\":1000,\"height\":1000,\"caption\":\"Pupitre en aluminium avec \u00e9tag\u00e8re porte-livre horizontale A3\"},{\"@type\":\"BreadcrumbList\",\"@id\":\"https:\\\/\\\/www.smartystore.it\\\/fr\\\/prodotto\\\/pupitre-en-aluminium-avec-etagere-support-pour-livres-a3\\\/#breadcrumb\",\"itemListElement\":[{\"@type\":\"ListItem\",\"position\":1,\"name\":\"Home\",\"item\":\"https:\\\/\\\/www.smartystore.it\\\/fr\\\/\"},{\"@type\":\"ListItem\",\"position\":2,\"name\":\"Boutique\",\"item\":\"https:\\\/\\\/www.smartystore.it\\\/fr\\\/boutique\\\/\"},{\"@type\":\"ListItem\",\"position\":3,\"name\":\"Pr\u00e9sentoir en aluminium avec \u00e9tag\u00e8re A3\"}]},{\"@type\":\"WebSite\",\"@id\":\"https:\\\/\\\/www.smartystore.it\\\/fr\\\/#website\",\"url\":\"https:\\\/\\\/www.smartystore.it\\\/fr\\\/\",\"name\":\"Smarty Store\",\"description\":\"Espositori Pubblicitari e Sistemi di Comunicazione Visiva\",\"potentialAction\":[{\"@type\":\"SearchAction\",\"target\":{\"@type\":\"EntryPoint\",\"urlTemplate\":\"https:\\\/\\\/www.smartystore.it\\\/fr\\\/?s={search_term_string}\"},\"query-input\":{\"@type\":\"PropertyValueSpecification\",\"valueRequired\":true,\"valueName\":\"search_term_string\"}}],\"inLanguage\":\"fr-FR\"}]}<\/script>\n<!-- \/ Yoast SEO plugin. -->","yoast_head_json":{"title":"Pr\u00e9sentoir en aluminium avec \u00e9tag\u00e8re A3 - Smarty Store","description":"Pr\u00e9sentoir pratique en aluminium sur pied avec \u00e9tag\u00e8re pour livres A3 (42 x 30 cm) et base ultra-plate. Id\u00e9al pour les mus\u00e9es, les \u00e9glises, les expositions","robots":{"index":"index","follow":"follow","max-snippet":"max-snippet:-1","max-image-preview":"max-image-preview:large","max-video-preview":"max-video-preview:-1"},"canonical":"https:\/\/www.smartystore.it\/fr\/prodotto\/pupitre-en-aluminium-avec-etagere-support-pour-livres-a3\/","og_locale":"fr_FR","og_type":"article","og_title":"Pr\u00e9sentoir en aluminium avec \u00e9tag\u00e8re A3 - Smarty Store","og_description":"Pr\u00e9sentoir pratique en aluminium sur pied avec \u00e9tag\u00e8re pour livres A3 (42 x 30 cm) et base ultra-plate. Id\u00e9al pour les mus\u00e9es, les \u00e9glises, les expositions","og_url":"https:\/\/www.smartystore.it\/fr\/prodotto\/pupitre-en-aluminium-avec-etagere-support-pour-livres-a3\/","og_site_name":"Smarty Store","article_modified_time":"2025-07-30T12:43:04+00:00","og_image":[{"width":1000,"height":1000,"url":"https:\/\/www.smartystore.it\/v25\/wp-content\/uploads\/2020\/05\/Leggio-alluminio-ripiano-reggi-libro-A3-orizzontale-1.jpg","type":"image\/jpeg"}],"twitter_card":"summary_large_image","twitter_misc":{"Dur\u00e9e de lecture estim\u00e9e":"2 minutes"},"schema":{"@context":"https:\/\/schema.org","@graph":[{"@type":"WebPage","@id":"https:\/\/www.smartystore.it\/fr\/prodotto\/pupitre-en-aluminium-avec-etagere-support-pour-livres-a3\/","url":"https:\/\/www.smartystore.it\/fr\/prodotto\/pupitre-en-aluminium-avec-etagere-support-pour-livres-a3\/","name":"Pr\u00e9sentoir en aluminium avec \u00e9tag\u00e8re A3 - Smarty Store","isPartOf":{"@id":"https:\/\/www.smartystore.it\/fr\/#website"},"primaryImageOfPage":{"@id":"https:\/\/www.smartystore.it\/fr\/prodotto\/pupitre-en-aluminium-avec-etagere-support-pour-livres-a3\/#primaryimage"},"image":{"@id":"https:\/\/www.smartystore.it\/fr\/prodotto\/pupitre-en-aluminium-avec-etagere-support-pour-livres-a3\/#primaryimage"},"thumbnailUrl":"https:\/\/www.smartystore.it\/v25\/wp-content\/uploads\/2020\/05\/Leggio-alluminio-ripiano-reggi-libro-A3-orizzontale-1.jpg","datePublished":"2020-05-27T11:46:36+00:00","dateModified":"2025-07-30T12:43:04+00:00","description":"Pr\u00e9sentoir pratique en aluminium sur pied avec \u00e9tag\u00e8re pour livres A3 (42 x 30 cm) et base ultra-plate. Id\u00e9al pour les mus\u00e9es, les \u00e9glises, les expositions","breadcrumb":{"@id":"https:\/\/www.smartystore.it\/fr\/prodotto\/pupitre-en-aluminium-avec-etagere-support-pour-livres-a3\/#breadcrumb"},"inLanguage":"fr-FR","potentialAction":[{"@type":"ReadAction","target":["https:\/\/www.smartystore.it\/fr\/prodotto\/pupitre-en-aluminium-avec-etagere-support-pour-livres-a3\/"]}]},{"@type":"ImageObject","inLanguage":"fr-FR","@id":"https:\/\/www.smartystore.it\/fr\/prodotto\/pupitre-en-aluminium-avec-etagere-support-pour-livres-a3\/#primaryimage","url":"https:\/\/www.smartystore.it\/v25\/wp-content\/uploads\/2020\/05\/Leggio-alluminio-ripiano-reggi-libro-A3-orizzontale-1.jpg","contentUrl":"https:\/\/www.smartystore.it\/v25\/wp-content\/uploads\/2020\/05\/Leggio-alluminio-ripiano-reggi-libro-A3-orizzontale-1.jpg","width":1000,"height":1000,"caption":"Pupitre en aluminium avec \u00e9tag\u00e8re porte-livre horizontale A3"},{"@type":"BreadcrumbList","@id":"https:\/\/www.smartystore.it\/fr\/prodotto\/pupitre-en-aluminium-avec-etagere-support-pour-livres-a3\/#breadcrumb","itemListElement":[{"@type":"ListItem","position":1,"name":"Home","item":"https:\/\/www.smartystore.it\/fr\/"},{"@type":"ListItem","position":2,"name":"Boutique","item":"https:\/\/www.smartystore.it\/fr\/boutique\/"},{"@type":"ListItem","position":3,"name":"Pr\u00e9sentoir en aluminium avec \u00e9tag\u00e8re A3"}]},{"@type":"WebSite","@id":"https:\/\/www.smartystore.it\/fr\/#website","url":"https:\/\/www.smartystore.it\/fr\/","name":"Smarty Store","description":"Espositori Pubblicitari e Sistemi di Comunicazione Visiva","potentialAction":[{"@type":"SearchAction","target":{"@type":"EntryPoint","urlTemplate":"https:\/\/www.smartystore.it\/fr\/?s={search_term_string}"},"query-input":{"@type":"PropertyValueSpecification","valueRequired":true,"valueName":"search_term_string"}}],"inLanguage":"fr-FR"}]}},"brands":[],"_links":{"self":[{"href":"https:\/\/www.smartystore.it\/fr\/wp-json\/wp\/v2\/product\/87013","targetHints":{"allow":["GET"]}}],"collection":[{"href":"https:\/\/www.smartystore.it\/fr\/wp-json\/wp\/v2\/product"}],"about":[{"href":"https:\/\/www.smartystore.it\/fr\/wp-json\/wp\/v2\/types\/product"}],"replies":[{"embeddable":true,"href":"https:\/\/www.smartystore.it\/fr\/wp-json\/wp\/v2\/comments?post=87013"}],"wp:featuredmedia":[{"embeddable":true,"href":"https:\/\/www.smartystore.it\/fr\/wp-json\/wp\/v2\/media\/87019"}],"wp:attachment":[{"href":"https:\/\/www.smartystore.it\/fr\/wp-json\/wp\/v2\/media?parent=87013"}],"wp:term":[{"taxonomy":"pwb-brand","embeddable":true,"href":"https:\/\/www.smartystore.it\/fr\/wp-json\/wp\/v2\/pwb-brand?post=87013"},{"taxonomy":"product_brand","embeddable":true,"href":"https:\/\/www.smartystore.it\/fr\/wp-json\/wp\/v2\/product_brand?post=87013"},{"taxonomy":"product_cat","embeddable":true,"href":"https:\/\/www.smartystore.it\/fr\/wp-json\/wp\/v2\/product_cat?post=87013"},{"taxonomy":"product_tag","embeddable":true,"href":"https:\/\/www.smartystore.it\/fr\/wp-json\/wp\/v2\/product_tag?post=87013"}],"curies":[{"name":"wp","href":"https:\/\/api.w.org\/{rel}","templated":true}]}}