{"id":87005,"date":"2023-11-03T15:50:23","date_gmt":"2023-11-03T13:50:23","guid":{"rendered":"https:\/\/www.smartystore.it\/prodotto\/porte-brochures-sur-pied-avec-2-pochettes-a5-serie-quadra\/"},"modified":"2026-02-11T15:23:13","modified_gmt":"2026-02-11T13:23:13","slug":"porte-brochures-autoportant-2-poches-a5","status":"publish","type":"product","link":"https:\/\/www.smartystore.it\/fr\/prodotto\/porte-brochures-autoportant-2-poches-a5\/","title":{"rendered":"Porte-brochures autoportant 2 poches A5"},"content":{"rendered":"<div class=\"wpb-content-wrapper\"><p>[vc_row][vc_column][vc_column_text css=\u00a0\u00bb\u00a0\u00bb css_params=\u00a0\u00bb\u00a0\u00bb]<\/p>\n<h1>Porte-brochures autoportant 2 poches A5 &#8211; S\u00e9rie Quadra<\/h1>\n<p>Le porte-brochures autoportant avec 2 pochettes A5 est une structure sur pied qui fait partie de la ligne QUADRA SERIES. Il se compose d&rsquo;une base en m\u00e9tal rev\u00eatu de poudre argent\u00e9e, d&rsquo;un montant \u00e0 section carr\u00e9e (d&rsquo;o\u00f9 le nom de la s\u00e9rie) et d&rsquo;un porte-brochures transparent qui permet de ranger des catalogues A5 sur deux niveaux.<\/p>\n<p>Adapt\u00e9 \u00e0 l&rsquo;affichage de catalogues et de d\u00e9pliants, il peut \u00eatre utilis\u00e9 dans des endroits tels que les agences de voyages, les salles d&rsquo;exposition, les r\u00e9unions, les conventions, les entr\u00e9es d&rsquo;entreprise et dans tout endroit o\u00f9 il est n\u00e9cessaire de mettre des documents imprim\u00e9s\/brochures\/catalogues \u00e0 la disposition des clients.<\/p>\n<h2>Pr\u00e9sentation soign\u00e9e et \u00e9l\u00e9gante du catalogue<\/h2>\n<p>Son style \u00e9pur\u00e9, lin\u00e9aire et neutre le rend adapt\u00e9 \u00e0 toutes les situations et environnements, il peut donc \u00eatre positionn\u00e9 \u00e0 des points strat\u00e9giques pour attirer l&rsquo;attention du client.<\/p>\n<p>La base carr\u00e9e est \u00e9quip\u00e9e de quatre patins en caoutchouc antid\u00e9rapants aux extr\u00e9mit\u00e9s inf\u00e9rieures pour prot\u00e9ger le sol des chocs et \u00e9viter les mouvements\/glissements ind\u00e9sirables.<\/p>\n<h3>CARACT\u00c9RISTIQUES:<\/h3>\n<ul>\n<li>Pochette \u00e0 brochures en styr\u00e8ne transparent pour pr\u00e9senter des brochures de format A5 (15&#215;21 cm) sur deux niveaux<\/li>\n<li>Dimensions totales du porte-brochures transparent : L 16,5 x H 24,0 x P 12,0 cm.<\/li>\n<li>Dimensions int\u00e9rieures du plateau du catalogue : L 15,5 x P 3,5 cm.<\/li>\n<li>Montant en aluminium argent\u00e9 \u00e0 section carr\u00e9e : H 100- L 3 cm.<\/li>\n<li>Base carr\u00e9e en m\u00e9tal thermolaqu\u00e9 argent : L 32,5 cm. &#8211; H 0,6 cm. &#8211; D 32,5 cm.<\/li>\n<li>Quatre patins en caoutchouc antid\u00e9rapants plac\u00e9s \u00e0 la base<\/li>\n<li><span style=\"text-decoration: underline;\"><strong>BASE ANTI-TR\u00c9CISSEMENT ULTRA PLATE : \u00e9paisseur 6 mm.<\/strong><\/span><\/li>\n<li>Dimensions de l&rsquo;\u00e9cran (en mm) : L 325 &#8211; H 1210 &#8211; P 325<\/li>\n<li>Poids de l&rsquo;\u00e9cran : environ 6,40 kg.<\/li>\n<\/ul>\n<h4 style=\"text-align: center;\"><strong>Voir tous les mod\u00e8les de porte-catalogues autoportants sur ce <a href=\"https:\/\/www.smartystore.it\/fr\/?count=25&amp;paged=&amp;s=sst-plp&amp;post_type=product\">LIEN<\/a><\/strong><\/h4>\n<p>&nbsp;<\/p>\n<p><a href=\"https:\/\/www.smartystore.it\/v25\/wp-content\/uploads\/2024\/08\/Scheda-tecnica-SST-PLP.pdf\" target=\"_blank\" rel=\"noopener\"><img loading=\"lazy\" decoding=\"async\" class=\"alignnone size-full wp-image-93510\" src=\"https:\/\/www.smartystore.it\/v25\/wp-content\/uploads\/2014\/10\/SchedaTecnica-300-e1750084266903.png\" alt=\"\" width=\"249\" height=\"63\" \/><\/a><\/p>\n<p>[\/vc_column_text][\/vc_column][\/vc_row]<\/p>\n<\/div>","protected":false},"excerpt":{"rendered":"<p>Porte-brochures sur pied avec base carr\u00e9e, pilier en aluminium et 2 pochettes pour catalogues A5.<\/p>\n","protected":false},"featured_media":87010,"comment_status":"open","ping_status":"closed","template":"","meta":{"_acf_changed":false},"pwb-brand":[],"product_brand":[3872],"product_cat":[2970,2969,2968,2914],"product_tag":[4049,3857,3855,4050,3856],"class_list":{"0":"post-87005","1":"product","2":"type-product","3":"status-publish","4":"has-post-thumbnail","6":"product_brand-smartystore","7":"product_cat-porte-brochure-porte-catalogue","8":"product_cat-porte-brochure-debout","9":"product_cat-porte-brochures-catalogues","10":"product_cat-quadra-series-fr","11":"product_tag-porte-brochures-a5-a-2-poches","12":"product_tag-porte-brochures-independant","13":"product_tag-porte-brochures-sur-pied","14":"product_tag-porte-catalogue-sur-pied-2-pochettes-a5","15":"product_tag-presentoir-de-sol","16":"pa_c2c_base-base-carree","17":"pa_c2c_color-argent","18":"pa_c2c_color-transparent","19":"pa_c2c_dimensione-2-x-a5-fr","20":"pa_c2c_mono_bifacciale-simple-face","21":"pa_c2c_trovraprezzi-oui","22":"pa_serie-quadra-series","24":"first","25":"instock","26":"taxable","27":"shipping-taxable","28":"purchasable","29":"product-type-simple"},"acf":[],"yoast_head":"<!-- This site is optimized with the Yoast SEO plugin v27.0 - https:\/\/yoast.com\/product\/yoast-seo-wordpress\/ -->\n<title>Porte-brochures autoportant 2 poches A5 - Achetez au Meilleur Prix<\/title>\n<meta name=\"description\" content=\"Porte-brochures autoportant avec 2 pochettes A5 - S\u00e9rie Quadra. Structure en m\u00e9tal couleur argent, porte-catalogue en styr\u00e8ne transparent.\" \/>\n<meta name=\"robots\" content=\"index, follow, max-snippet:-1, max-image-preview:large, max-video-preview:-1\" \/>\n<link rel=\"canonical\" href=\"https:\/\/www.smartystore.it\/fr\/prodotto\/porte-brochures-autoportant-2-poches-a5\/\" \/>\n<meta property=\"og:locale\" content=\"fr_FR\" \/>\n<meta property=\"og:type\" content=\"article\" \/>\n<meta property=\"og:title\" content=\"Porte-brochures autoportant 2 poches A5 - Achetez au Meilleur Prix\" \/>\n<meta property=\"og:description\" content=\"Porte-brochures autoportant avec 2 pochettes A5 - S\u00e9rie Quadra. Structure en m\u00e9tal couleur argent, porte-catalogue en styr\u00e8ne transparent.\" \/>\n<meta property=\"og:url\" content=\"https:\/\/www.smartystore.it\/fr\/prodotto\/porte-brochures-autoportant-2-poches-a5\/\" \/>\n<meta property=\"og:site_name\" content=\"Smarty Store\" \/>\n<meta property=\"article:modified_time\" content=\"2026-02-11T13:23:13+00:00\" \/>\n<meta property=\"og:image\" content=\"https:\/\/www.smartystore.it\/v25\/wp-content\/uploads\/2023\/10\/Portadepliant-a-piantana-2-tasche-A5-serie-quadra-1.jpg\" \/>\n\t<meta property=\"og:image:width\" content=\"1000\" \/>\n\t<meta property=\"og:image:height\" content=\"1000\" \/>\n\t<meta property=\"og:image:type\" content=\"image\/jpeg\" \/>\n<meta name=\"twitter:card\" content=\"summary_large_image\" \/>\n<meta name=\"twitter:label1\" content=\"Dur\u00e9e de lecture estim\u00e9e\" \/>\n\t<meta name=\"twitter:data1\" content=\"2 minutes\" \/>\n<script type=\"application\/ld+json\" class=\"yoast-schema-graph\">{\"@context\":\"https:\/\/schema.org\",\"@graph\":[{\"@type\":\"WebPage\",\"@id\":\"https:\/\/www.smartystore.it\/fr\/prodotto\/porte-brochures-autoportant-2-poches-a5\/\",\"url\":\"https:\/\/www.smartystore.it\/fr\/prodotto\/porte-brochures-autoportant-2-poches-a5\/\",\"name\":\"Porte-brochures autoportant 2 poches A5 - Achetez au Meilleur Prix\",\"isPartOf\":{\"@id\":\"https:\/\/www.smartystore.it\/fr\/#website\"},\"primaryImageOfPage\":{\"@id\":\"https:\/\/www.smartystore.it\/fr\/prodotto\/porte-brochures-autoportant-2-poches-a5\/#primaryimage\"},\"image\":{\"@id\":\"https:\/\/www.smartystore.it\/fr\/prodotto\/porte-brochures-autoportant-2-poches-a5\/#primaryimage\"},\"thumbnailUrl\":\"https:\/\/www.smartystore.it\/v25\/wp-content\/uploads\/2023\/10\/Portadepliant-a-piantana-2-tasche-A5-serie-quadra-1.jpg\",\"datePublished\":\"2023-11-03T13:50:23+00:00\",\"dateModified\":\"2026-02-11T13:23:13+00:00\",\"description\":\"Porte-brochures autoportant avec 2 pochettes A5 - S\u00e9rie Quadra. Structure en m\u00e9tal couleur argent, porte-catalogue en styr\u00e8ne transparent.\",\"breadcrumb\":{\"@id\":\"https:\/\/www.smartystore.it\/fr\/prodotto\/porte-brochures-autoportant-2-poches-a5\/#breadcrumb\"},\"inLanguage\":\"fr-FR\",\"potentialAction\":[{\"@type\":\"ReadAction\",\"target\":[\"https:\/\/www.smartystore.it\/fr\/prodotto\/porte-brochures-autoportant-2-poches-a5\/\"]}]},{\"@type\":\"ImageObject\",\"inLanguage\":\"fr-FR\",\"@id\":\"https:\/\/www.smartystore.it\/fr\/prodotto\/porte-brochures-autoportant-2-poches-a5\/#primaryimage\",\"url\":\"https:\/\/www.smartystore.it\/v25\/wp-content\/uploads\/2023\/10\/Portadepliant-a-piantana-2-tasche-A5-serie-quadra-1.jpg\",\"contentUrl\":\"https:\/\/www.smartystore.it\/v25\/wp-content\/uploads\/2023\/10\/Portadepliant-a-piantana-2-tasche-A5-serie-quadra-1.jpg\",\"width\":1000,\"height\":1000,\"caption\":\"Porte-brochures debout avec 2 pochettes A5 - S\u00e9rie Quadra\"},{\"@type\":\"BreadcrumbList\",\"@id\":\"https:\/\/www.smartystore.it\/fr\/prodotto\/porte-brochures-autoportant-2-poches-a5\/#breadcrumb\",\"itemListElement\":[{\"@type\":\"ListItem\",\"position\":1,\"name\":\"Home\",\"item\":\"https:\/\/www.smartystore.it\/fr\/\"},{\"@type\":\"ListItem\",\"position\":2,\"name\":\"Boutique\",\"item\":\"https:\/\/www.smartystore.it\/fr\/boutique\/\"},{\"@type\":\"ListItem\",\"position\":3,\"name\":\"Porte-brochures autoportant 2 poches A5\"}]},{\"@type\":\"WebSite\",\"@id\":\"https:\/\/www.smartystore.it\/fr\/#website\",\"url\":\"https:\/\/www.smartystore.it\/fr\/\",\"name\":\"Smarty Store\",\"description\":\"Espositori Pubblicitari e Sistemi di Comunicazione Visiva\",\"potentialAction\":[{\"@type\":\"SearchAction\",\"target\":{\"@type\":\"EntryPoint\",\"urlTemplate\":\"https:\/\/www.smartystore.it\/fr\/?s={search_term_string}\"},\"query-input\":{\"@type\":\"PropertyValueSpecification\",\"valueRequired\":true,\"valueName\":\"search_term_string\"}}],\"inLanguage\":\"fr-FR\"}]}<\/script>\n<!-- \/ Yoast SEO plugin. -->","yoast_head_json":{"title":"Porte-brochures autoportant 2 poches A5 - Achetez au Meilleur Prix","description":"Porte-brochures autoportant avec 2 pochettes A5 - S\u00e9rie Quadra. Structure en m\u00e9tal couleur argent, porte-catalogue en styr\u00e8ne transparent.","robots":{"index":"index","follow":"follow","max-snippet":"max-snippet:-1","max-image-preview":"max-image-preview:large","max-video-preview":"max-video-preview:-1"},"canonical":"https:\/\/www.smartystore.it\/fr\/prodotto\/porte-brochures-autoportant-2-poches-a5\/","og_locale":"fr_FR","og_type":"article","og_title":"Porte-brochures autoportant 2 poches A5 - Achetez au Meilleur Prix","og_description":"Porte-brochures autoportant avec 2 pochettes A5 - S\u00e9rie Quadra. Structure en m\u00e9tal couleur argent, porte-catalogue en styr\u00e8ne transparent.","og_url":"https:\/\/www.smartystore.it\/fr\/prodotto\/porte-brochures-autoportant-2-poches-a5\/","og_site_name":"Smarty Store","article_modified_time":"2026-02-11T13:23:13+00:00","og_image":[{"width":1000,"height":1000,"url":"https:\/\/www.smartystore.it\/v25\/wp-content\/uploads\/2023\/10\/Portadepliant-a-piantana-2-tasche-A5-serie-quadra-1.jpg","type":"image\/jpeg"}],"twitter_card":"summary_large_image","twitter_misc":{"Dur\u00e9e de lecture estim\u00e9e":"2 minutes"},"schema":{"@context":"https:\/\/schema.org","@graph":[{"@type":"WebPage","@id":"https:\/\/www.smartystore.it\/fr\/prodotto\/porte-brochures-autoportant-2-poches-a5\/","url":"https:\/\/www.smartystore.it\/fr\/prodotto\/porte-brochures-autoportant-2-poches-a5\/","name":"Porte-brochures autoportant 2 poches A5 - Achetez au Meilleur Prix","isPartOf":{"@id":"https:\/\/www.smartystore.it\/fr\/#website"},"primaryImageOfPage":{"@id":"https:\/\/www.smartystore.it\/fr\/prodotto\/porte-brochures-autoportant-2-poches-a5\/#primaryimage"},"image":{"@id":"https:\/\/www.smartystore.it\/fr\/prodotto\/porte-brochures-autoportant-2-poches-a5\/#primaryimage"},"thumbnailUrl":"https:\/\/www.smartystore.it\/v25\/wp-content\/uploads\/2023\/10\/Portadepliant-a-piantana-2-tasche-A5-serie-quadra-1.jpg","datePublished":"2023-11-03T13:50:23+00:00","dateModified":"2026-02-11T13:23:13+00:00","description":"Porte-brochures autoportant avec 2 pochettes A5 - S\u00e9rie Quadra. Structure en m\u00e9tal couleur argent, porte-catalogue en styr\u00e8ne transparent.","breadcrumb":{"@id":"https:\/\/www.smartystore.it\/fr\/prodotto\/porte-brochures-autoportant-2-poches-a5\/#breadcrumb"},"inLanguage":"fr-FR","potentialAction":[{"@type":"ReadAction","target":["https:\/\/www.smartystore.it\/fr\/prodotto\/porte-brochures-autoportant-2-poches-a5\/"]}]},{"@type":"ImageObject","inLanguage":"fr-FR","@id":"https:\/\/www.smartystore.it\/fr\/prodotto\/porte-brochures-autoportant-2-poches-a5\/#primaryimage","url":"https:\/\/www.smartystore.it\/v25\/wp-content\/uploads\/2023\/10\/Portadepliant-a-piantana-2-tasche-A5-serie-quadra-1.jpg","contentUrl":"https:\/\/www.smartystore.it\/v25\/wp-content\/uploads\/2023\/10\/Portadepliant-a-piantana-2-tasche-A5-serie-quadra-1.jpg","width":1000,"height":1000,"caption":"Porte-brochures debout avec 2 pochettes A5 - S\u00e9rie Quadra"},{"@type":"BreadcrumbList","@id":"https:\/\/www.smartystore.it\/fr\/prodotto\/porte-brochures-autoportant-2-poches-a5\/#breadcrumb","itemListElement":[{"@type":"ListItem","position":1,"name":"Home","item":"https:\/\/www.smartystore.it\/fr\/"},{"@type":"ListItem","position":2,"name":"Boutique","item":"https:\/\/www.smartystore.it\/fr\/boutique\/"},{"@type":"ListItem","position":3,"name":"Porte-brochures autoportant 2 poches A5"}]},{"@type":"WebSite","@id":"https:\/\/www.smartystore.it\/fr\/#website","url":"https:\/\/www.smartystore.it\/fr\/","name":"Smarty Store","description":"Espositori Pubblicitari e Sistemi di Comunicazione Visiva","potentialAction":[{"@type":"SearchAction","target":{"@type":"EntryPoint","urlTemplate":"https:\/\/www.smartystore.it\/fr\/?s={search_term_string}"},"query-input":{"@type":"PropertyValueSpecification","valueRequired":true,"valueName":"search_term_string"}}],"inLanguage":"fr-FR"}]}},"brands":[],"_links":{"self":[{"href":"https:\/\/www.smartystore.it\/fr\/wp-json\/wp\/v2\/product\/87005","targetHints":{"allow":["GET"]}}],"collection":[{"href":"https:\/\/www.smartystore.it\/fr\/wp-json\/wp\/v2\/product"}],"about":[{"href":"https:\/\/www.smartystore.it\/fr\/wp-json\/wp\/v2\/types\/product"}],"replies":[{"embeddable":true,"href":"https:\/\/www.smartystore.it\/fr\/wp-json\/wp\/v2\/comments?post=87005"}],"wp:featuredmedia":[{"embeddable":true,"href":"https:\/\/www.smartystore.it\/fr\/wp-json\/wp\/v2\/media\/87010"}],"wp:attachment":[{"href":"https:\/\/www.smartystore.it\/fr\/wp-json\/wp\/v2\/media?parent=87005"}],"wp:term":[{"taxonomy":"pwb-brand","embeddable":true,"href":"https:\/\/www.smartystore.it\/fr\/wp-json\/wp\/v2\/pwb-brand?post=87005"},{"taxonomy":"product_brand","embeddable":true,"href":"https:\/\/www.smartystore.it\/fr\/wp-json\/wp\/v2\/product_brand?post=87005"},{"taxonomy":"product_cat","embeddable":true,"href":"https:\/\/www.smartystore.it\/fr\/wp-json\/wp\/v2\/product_cat?post=87005"},{"taxonomy":"product_tag","embeddable":true,"href":"https:\/\/www.smartystore.it\/fr\/wp-json\/wp\/v2\/product_tag?post=87005"}],"curies":[{"name":"wp","href":"https:\/\/api.w.org\/{rel}","templated":true}]}}