{"id":86998,"date":"2023-11-04T16:16:04","date_gmt":"2023-11-04T14:16:04","guid":{"rendered":"https:\/\/www.smartystore.it\/prodotto\/porte-brochures-sur-pied-avec-3-pochettes-1-3-a4-serie-quadra\/"},"modified":"2026-02-11T13:48:08","modified_gmt":"2026-02-11T11:48:08","slug":"porte-brochures-sur-pied-avec-3-pochettes-1-3-a4","status":"publish","type":"product","link":"https:\/\/www.smartystore.it\/fr\/prodotto\/porte-brochures-sur-pied-avec-3-pochettes-1-3-a4\/","title":{"rendered":"Porte-brochures autoportant 3 pochettes 1\/3 A4"},"content":{"rendered":"<div class=\"wpb-content-wrapper\"><p>[vc_row][vc_column][vc_column_text css=\u00a0\u00bb\u00a0\u00bb css_params=\u00a0\u00bb\u00a0\u00bb]<\/p>\n<h1>Porte-brochures sur pied avec 3 pochettes 1\/3 A4 &#8211; S\u00e9rie Quadra<\/h1>\n<p>Le porte-brochures sur pied avec 3 pochettes 1\/3 A4 est une structure sur pied qui fait partie de la ligne QUADRA SERIES. Il se compose d&rsquo;une base en m\u00e9tal thermolaqu\u00e9 argent, d&rsquo;un montant \u00e0 section carr\u00e9e (d&rsquo;o\u00f9 le nom de la s\u00e9rie) et d&rsquo;un porte-brochures transparent permettant de ranger des catalogues 1\/3 A4 (10&#215;21 cm) sur trois niveaux. <\/p>\n<p>Adapt\u00e9 \u00e0 l&rsquo;affichage de catalogues et de d\u00e9pliants, il peut \u00eatre utilis\u00e9 dans des endroits tels que les agences de voyages, les salles d&rsquo;exposition, les r\u00e9unions, les conventions, les entr\u00e9es d&rsquo;entreprise et dans tout endroit o\u00f9 il est n\u00e9cessaire de mettre des documents imprim\u00e9s\/brochures\/catalogues \u00e0 la disposition des clients.<\/p>\n<p>Son style \u00e9pur\u00e9, lin\u00e9aire et neutre le rend adapt\u00e9 \u00e0 toutes les situations et environnements, il peut donc \u00eatre positionn\u00e9 \u00e0 des points strat\u00e9giques pour attirer l&rsquo;attention du client.<\/p>\n<p>La base carr\u00e9e ultraplate (6 mm d&rsquo;\u00e9paisseur) est \u00e9quip\u00e9e de quatre patins en caoutchouc antid\u00e9rapants aux extr\u00e9mit\u00e9s inf\u00e9rieures pour prot\u00e9ger le sol contre les chocs et emp\u00eacher tout mouvement ou glissement ind\u00e9sirable.<\/p>\n<h3>CARACT\u00c9RISTIQUES:<\/h3>\n<p>Porte-brochures en styr\u00e8ne transparent pour l&rsquo;affichage de brochures 1\/3 A4 (10&#215;21 cm) dispos\u00e9es sur trois niveaux<\/p>\n<p>Dimensions hors tout du porte-brochures transparent : L 10,9 x H 21,8 x P 11,2 cm.<\/p>\n<p>Dimensions int\u00e9rieures du plateau du catalogue : L 10,4 x P 3,5 cm.<\/p>\n<p>Montant en aluminium argent\u00e9 \u00e0 section carr\u00e9e : H 100- L 3 cm.<\/p>\n<p>Base carr\u00e9e en m\u00e9tal thermolaqu\u00e9 argent : L 32,5 cm. &#8211; H 0,6 cm. &#8211; D 32,5 cm.  <\/p>\n<p>Quatre patins en caoutchouc antid\u00e9rapants plac\u00e9s \u00e0 la base<\/p>\n<p><span style=\"text-decoration: underline;\"><strong>BASE ANTI-TR\u00c9CISSEMENT ULTRA PLATE : \u00e9paisseur 6 mm.<\/strong><\/span><\/p>\n<p>Dimensions de l&rsquo;\u00e9cran (en mm) : L 325 &#8211; H 1210 &#8211; P 325<\/p>\n<p>Poids de l&rsquo;\u00e9cran : environ 5,80 kg.<\/p>\n<h4 style=\"text-align: center;\">Voir tous les mod\u00e8les sur ce <span style=\"color: #ff0000;\"><a style=\"color: #ff0000;\" href=\"https:\/\/www.smartystore.it\/fr\/categoria-prodotto\/presentoirs-publicitaires\/quadra-series-fr\/porte-brochure-porte-catalogue\/\">LIEN<\/a><\/span><\/h4>\n<p><a href=\"https:\/\/www.smartystore.it\/v25\/wp-content\/uploads\/2024\/08\/Scheda-tecnica-SST-PLP.pdf\" target=\"_blank\" rel=\"noopener\"><img loading=\"lazy\" decoding=\"async\" class=\"alignnone size-full wp-image-93510\" src=\"https:\/\/www.smartystore.it\/v25\/wp-content\/uploads\/2014\/10\/SchedaTecnica-300-e1750084266903.png\" alt=\"\" width=\"249\" height=\"63\"><\/a><\/p>\n<p>&nbsp;[\/vc_column_text][\/vc_column][\/vc_row]<\/p>\n<\/div>","protected":false},"excerpt":{"rendered":"<p>Porte-brochures sur pied avec base carr\u00e9e, pilier en aluminium et 3 pochettes pour 1\/3 de catalogues A4 (10&#215;21 cm).<\/p>\n","protected":false},"featured_media":86999,"comment_status":"open","ping_status":"closed","template":"","meta":{"_acf_changed":false},"pwb-brand":[],"product_brand":[],"product_cat":[2970,2969,2968,2914],"product_tag":[3862,3857,3855,3863,3856],"class_list":{"0":"post-86998","1":"product","2":"type-product","3":"status-publish","4":"has-post-thumbnail","6":"product_cat-porte-brochure-porte-catalogue","7":"product_cat-porte-brochure-debout","8":"product_cat-porte-brochures-catalogues","9":"product_cat-quadra-series-fr","10":"product_tag-porte-brochures-3-poches-10x21","11":"product_tag-porte-brochures-independant","12":"product_tag-porte-brochures-sur-pied","13":"product_tag-porte-catalogue-au-sol-3-poches-10x21","14":"product_tag-presentoir-de-sol","15":"pa_c2c_base-base-carree","16":"pa_c2c_color-argent","17":"pa_c2c_color-transparent","18":"pa_c2c_dimensione-3-x-1-3-a4-fr","19":"pa_c2c_mono_bifacciale-simple-face","20":"pa_c2c_trovraprezzi-oui","21":"pa_serie-quadra-series","23":"first","24":"instock","25":"taxable","26":"shipping-taxable","27":"purchasable","28":"product-type-simple"},"acf":[],"yoast_head":"<!-- This site is optimized with the Yoast SEO plugin v27.4 - https:\/\/yoast.com\/product\/yoast-seo-wordpress\/ -->\n<title>Porte-brochures autoportant 3 pochettes 1\/3 A4 - Achetez au Meilleur Prix<\/title>\n<meta name=\"description\" content=\"Porte-brochures autoportant avec 3 pochettes 1\/3 A4 (10x21 cm). Structure en m\u00e9tal couleur argent, porte-catalogue en styr\u00e8ne transparent.\" \/>\n<meta name=\"robots\" content=\"index, follow, max-snippet:-1, max-image-preview:large, max-video-preview:-1\" \/>\n<link rel=\"canonical\" href=\"https:\/\/www.smartystore.it\/fr\/prodotto\/porte-brochures-sur-pied-avec-3-pochettes-1-3-a4\/\" \/>\n<meta property=\"og:locale\" content=\"fr_FR\" \/>\n<meta property=\"og:type\" content=\"article\" \/>\n<meta property=\"og:title\" content=\"Porte-brochures autoportant 3 pochettes 1\/3 A4 - Achetez au Meilleur Prix\" \/>\n<meta property=\"og:description\" content=\"Porte-brochures autoportant avec 3 pochettes 1\/3 A4 (10x21 cm). Structure en m\u00e9tal couleur argent, porte-catalogue en styr\u00e8ne transparent.\" \/>\n<meta property=\"og:url\" content=\"https:\/\/www.smartystore.it\/fr\/prodotto\/porte-brochures-sur-pied-avec-3-pochettes-1-3-a4\/\" \/>\n<meta property=\"og:site_name\" content=\"Smarty Store\" \/>\n<meta property=\"article:modified_time\" content=\"2026-02-11T11:48:08+00:00\" \/>\n<meta property=\"og:image\" content=\"https:\/\/www.smartystore.it\/v25\/wp-content\/uploads\/2023\/10\/Portadepliant-a-piantana-3-tasche-1-3-A4-serie-quadra.jpg\" \/>\n\t<meta property=\"og:image:width\" content=\"1000\" \/>\n\t<meta property=\"og:image:height\" content=\"1000\" \/>\n\t<meta property=\"og:image:type\" content=\"image\/jpeg\" \/>\n<meta name=\"twitter:card\" content=\"summary_large_image\" \/>\n<meta name=\"twitter:label1\" content=\"Dur\u00e9e de lecture estim\u00e9e\" \/>\n\t<meta name=\"twitter:data1\" content=\"2 minutes\" \/>\n<script type=\"application\/ld+json\" class=\"yoast-schema-graph\">{\"@context\":\"https:\\\/\\\/schema.org\",\"@graph\":[{\"@type\":\"WebPage\",\"@id\":\"https:\\\/\\\/www.smartystore.it\\\/fr\\\/prodotto\\\/porte-brochures-sur-pied-avec-3-pochettes-1-3-a4\\\/\",\"url\":\"https:\\\/\\\/www.smartystore.it\\\/fr\\\/prodotto\\\/porte-brochures-sur-pied-avec-3-pochettes-1-3-a4\\\/\",\"name\":\"Porte-brochures autoportant 3 pochettes 1\\\/3 A4 - Achetez au Meilleur Prix\",\"isPartOf\":{\"@id\":\"https:\\\/\\\/www.smartystore.it\\\/fr\\\/#website\"},\"primaryImageOfPage\":{\"@id\":\"https:\\\/\\\/www.smartystore.it\\\/fr\\\/prodotto\\\/porte-brochures-sur-pied-avec-3-pochettes-1-3-a4\\\/#primaryimage\"},\"image\":{\"@id\":\"https:\\\/\\\/www.smartystore.it\\\/fr\\\/prodotto\\\/porte-brochures-sur-pied-avec-3-pochettes-1-3-a4\\\/#primaryimage\"},\"thumbnailUrl\":\"https:\\\/\\\/www.smartystore.it\\\/v25\\\/wp-content\\\/uploads\\\/2023\\\/10\\\/Portadepliant-a-piantana-3-tasche-1-3-A4-serie-quadra.jpg\",\"datePublished\":\"2023-11-04T14:16:04+00:00\",\"dateModified\":\"2026-02-11T11:48:08+00:00\",\"description\":\"Porte-brochures autoportant avec 3 pochettes 1\\\/3 A4 (10x21 cm). Structure en m\u00e9tal couleur argent, porte-catalogue en styr\u00e8ne transparent.\",\"breadcrumb\":{\"@id\":\"https:\\\/\\\/www.smartystore.it\\\/fr\\\/prodotto\\\/porte-brochures-sur-pied-avec-3-pochettes-1-3-a4\\\/#breadcrumb\"},\"inLanguage\":\"fr-FR\",\"potentialAction\":[{\"@type\":\"ReadAction\",\"target\":[\"https:\\\/\\\/www.smartystore.it\\\/fr\\\/prodotto\\\/porte-brochures-sur-pied-avec-3-pochettes-1-3-a4\\\/\"]}]},{\"@type\":\"ImageObject\",\"inLanguage\":\"fr-FR\",\"@id\":\"https:\\\/\\\/www.smartystore.it\\\/fr\\\/prodotto\\\/porte-brochures-sur-pied-avec-3-pochettes-1-3-a4\\\/#primaryimage\",\"url\":\"https:\\\/\\\/www.smartystore.it\\\/v25\\\/wp-content\\\/uploads\\\/2023\\\/10\\\/Portadepliant-a-piantana-3-tasche-1-3-A4-serie-quadra.jpg\",\"contentUrl\":\"https:\\\/\\\/www.smartystore.it\\\/v25\\\/wp-content\\\/uploads\\\/2023\\\/10\\\/Portadepliant-a-piantana-3-tasche-1-3-A4-serie-quadra.jpg\",\"width\":1000,\"height\":1000,\"caption\":\"Porte-brochures sur pied avec 3 pochettes 1\\\/3 A4 - s\u00e9rie carr\u00e9e\"},{\"@type\":\"BreadcrumbList\",\"@id\":\"https:\\\/\\\/www.smartystore.it\\\/fr\\\/prodotto\\\/porte-brochures-sur-pied-avec-3-pochettes-1-3-a4\\\/#breadcrumb\",\"itemListElement\":[{\"@type\":\"ListItem\",\"position\":1,\"name\":\"Home\",\"item\":\"https:\\\/\\\/www.smartystore.it\\\/fr\\\/\"},{\"@type\":\"ListItem\",\"position\":2,\"name\":\"Boutique\",\"item\":\"https:\\\/\\\/www.smartystore.it\\\/fr\\\/boutique\\\/\"},{\"@type\":\"ListItem\",\"position\":3,\"name\":\"Porte-brochures autoportant 3 pochettes 1\\\/3 A4\"}]},{\"@type\":\"WebSite\",\"@id\":\"https:\\\/\\\/www.smartystore.it\\\/fr\\\/#website\",\"url\":\"https:\\\/\\\/www.smartystore.it\\\/fr\\\/\",\"name\":\"Smarty Store\",\"description\":\"Espositori Pubblicitari e Sistemi di Comunicazione Visiva\",\"potentialAction\":[{\"@type\":\"SearchAction\",\"target\":{\"@type\":\"EntryPoint\",\"urlTemplate\":\"https:\\\/\\\/www.smartystore.it\\\/fr\\\/?s={search_term_string}\"},\"query-input\":{\"@type\":\"PropertyValueSpecification\",\"valueRequired\":true,\"valueName\":\"search_term_string\"}}],\"inLanguage\":\"fr-FR\"}]}<\/script>\n<!-- \/ Yoast SEO plugin. -->","yoast_head_json":{"title":"Porte-brochures autoportant 3 pochettes 1\/3 A4 - Achetez au Meilleur Prix","description":"Porte-brochures autoportant avec 3 pochettes 1\/3 A4 (10x21 cm). Structure en m\u00e9tal couleur argent, porte-catalogue en styr\u00e8ne transparent.","robots":{"index":"index","follow":"follow","max-snippet":"max-snippet:-1","max-image-preview":"max-image-preview:large","max-video-preview":"max-video-preview:-1"},"canonical":"https:\/\/www.smartystore.it\/fr\/prodotto\/porte-brochures-sur-pied-avec-3-pochettes-1-3-a4\/","og_locale":"fr_FR","og_type":"article","og_title":"Porte-brochures autoportant 3 pochettes 1\/3 A4 - Achetez au Meilleur Prix","og_description":"Porte-brochures autoportant avec 3 pochettes 1\/3 A4 (10x21 cm). Structure en m\u00e9tal couleur argent, porte-catalogue en styr\u00e8ne transparent.","og_url":"https:\/\/www.smartystore.it\/fr\/prodotto\/porte-brochures-sur-pied-avec-3-pochettes-1-3-a4\/","og_site_name":"Smarty Store","article_modified_time":"2026-02-11T11:48:08+00:00","og_image":[{"width":1000,"height":1000,"url":"https:\/\/www.smartystore.it\/v25\/wp-content\/uploads\/2023\/10\/Portadepliant-a-piantana-3-tasche-1-3-A4-serie-quadra.jpg","type":"image\/jpeg"}],"twitter_card":"summary_large_image","twitter_misc":{"Dur\u00e9e de lecture estim\u00e9e":"2 minutes"},"schema":{"@context":"https:\/\/schema.org","@graph":[{"@type":"WebPage","@id":"https:\/\/www.smartystore.it\/fr\/prodotto\/porte-brochures-sur-pied-avec-3-pochettes-1-3-a4\/","url":"https:\/\/www.smartystore.it\/fr\/prodotto\/porte-brochures-sur-pied-avec-3-pochettes-1-3-a4\/","name":"Porte-brochures autoportant 3 pochettes 1\/3 A4 - Achetez au Meilleur Prix","isPartOf":{"@id":"https:\/\/www.smartystore.it\/fr\/#website"},"primaryImageOfPage":{"@id":"https:\/\/www.smartystore.it\/fr\/prodotto\/porte-brochures-sur-pied-avec-3-pochettes-1-3-a4\/#primaryimage"},"image":{"@id":"https:\/\/www.smartystore.it\/fr\/prodotto\/porte-brochures-sur-pied-avec-3-pochettes-1-3-a4\/#primaryimage"},"thumbnailUrl":"https:\/\/www.smartystore.it\/v25\/wp-content\/uploads\/2023\/10\/Portadepliant-a-piantana-3-tasche-1-3-A4-serie-quadra.jpg","datePublished":"2023-11-04T14:16:04+00:00","dateModified":"2026-02-11T11:48:08+00:00","description":"Porte-brochures autoportant avec 3 pochettes 1\/3 A4 (10x21 cm). Structure en m\u00e9tal couleur argent, porte-catalogue en styr\u00e8ne transparent.","breadcrumb":{"@id":"https:\/\/www.smartystore.it\/fr\/prodotto\/porte-brochures-sur-pied-avec-3-pochettes-1-3-a4\/#breadcrumb"},"inLanguage":"fr-FR","potentialAction":[{"@type":"ReadAction","target":["https:\/\/www.smartystore.it\/fr\/prodotto\/porte-brochures-sur-pied-avec-3-pochettes-1-3-a4\/"]}]},{"@type":"ImageObject","inLanguage":"fr-FR","@id":"https:\/\/www.smartystore.it\/fr\/prodotto\/porte-brochures-sur-pied-avec-3-pochettes-1-3-a4\/#primaryimage","url":"https:\/\/www.smartystore.it\/v25\/wp-content\/uploads\/2023\/10\/Portadepliant-a-piantana-3-tasche-1-3-A4-serie-quadra.jpg","contentUrl":"https:\/\/www.smartystore.it\/v25\/wp-content\/uploads\/2023\/10\/Portadepliant-a-piantana-3-tasche-1-3-A4-serie-quadra.jpg","width":1000,"height":1000,"caption":"Porte-brochures sur pied avec 3 pochettes 1\/3 A4 - s\u00e9rie carr\u00e9e"},{"@type":"BreadcrumbList","@id":"https:\/\/www.smartystore.it\/fr\/prodotto\/porte-brochures-sur-pied-avec-3-pochettes-1-3-a4\/#breadcrumb","itemListElement":[{"@type":"ListItem","position":1,"name":"Home","item":"https:\/\/www.smartystore.it\/fr\/"},{"@type":"ListItem","position":2,"name":"Boutique","item":"https:\/\/www.smartystore.it\/fr\/boutique\/"},{"@type":"ListItem","position":3,"name":"Porte-brochures autoportant 3 pochettes 1\/3 A4"}]},{"@type":"WebSite","@id":"https:\/\/www.smartystore.it\/fr\/#website","url":"https:\/\/www.smartystore.it\/fr\/","name":"Smarty Store","description":"Espositori Pubblicitari e Sistemi di Comunicazione Visiva","potentialAction":[{"@type":"SearchAction","target":{"@type":"EntryPoint","urlTemplate":"https:\/\/www.smartystore.it\/fr\/?s={search_term_string}"},"query-input":{"@type":"PropertyValueSpecification","valueRequired":true,"valueName":"search_term_string"}}],"inLanguage":"fr-FR"}]}},"brands":[],"_links":{"self":[{"href":"https:\/\/www.smartystore.it\/fr\/wp-json\/wp\/v2\/product\/86998","targetHints":{"allow":["GET"]}}],"collection":[{"href":"https:\/\/www.smartystore.it\/fr\/wp-json\/wp\/v2\/product"}],"about":[{"href":"https:\/\/www.smartystore.it\/fr\/wp-json\/wp\/v2\/types\/product"}],"replies":[{"embeddable":true,"href":"https:\/\/www.smartystore.it\/fr\/wp-json\/wp\/v2\/comments?post=86998"}],"wp:featuredmedia":[{"embeddable":true,"href":"https:\/\/www.smartystore.it\/fr\/wp-json\/wp\/v2\/media\/86999"}],"wp:attachment":[{"href":"https:\/\/www.smartystore.it\/fr\/wp-json\/wp\/v2\/media?parent=86998"}],"wp:term":[{"taxonomy":"pwb-brand","embeddable":true,"href":"https:\/\/www.smartystore.it\/fr\/wp-json\/wp\/v2\/pwb-brand?post=86998"},{"taxonomy":"product_brand","embeddable":true,"href":"https:\/\/www.smartystore.it\/fr\/wp-json\/wp\/v2\/product_brand?post=86998"},{"taxonomy":"product_cat","embeddable":true,"href":"https:\/\/www.smartystore.it\/fr\/wp-json\/wp\/v2\/product_cat?post=86998"},{"taxonomy":"product_tag","embeddable":true,"href":"https:\/\/www.smartystore.it\/fr\/wp-json\/wp\/v2\/product_tag?post=86998"}],"curies":[{"name":"wp","href":"https:\/\/api.w.org\/{rel}","templated":true}]}}