{"id":86942,"date":"2022-03-02T17:59:32","date_gmt":"2022-03-02T15:59:32","guid":{"rendered":"https:\/\/www.smartystore.it\/prodotto\/presentoir-noir-avec-cadre-a-pression-a4\/"},"modified":"2026-02-20T18:37:27","modified_gmt":"2026-02-20T16:37:27","slug":"presentoir-noir-avec-cadre-a-pression-a4","status":"publish","type":"product","link":"https:\/\/www.smartystore.it\/fr\/prodotto\/presentoir-noir-avec-cadre-a-pression-a4\/","title":{"rendered":"Pr\u00e9sentoir A4 noir \u00e0 cadre encliquetable"},"content":{"rendered":"<div class=\"wpb-content-wrapper\"><p>[vc_row][vc_column][vc_column_text css=\u00a0\u00bb\u00a0\u00bb css_params=\u00a0\u00bb\u00a0\u00bb]<\/p>\n<h1>Pr\u00e9sentoir A4 noir \u00e0 cadre encliquetable<\/h1>\n<p>Le pr\u00e9sentoir A4 noir \u00e0 cadre encliquetable est une structure sur pied qui fait partie de la ligne QUADRA SERIES. Enti\u00e8rement r\u00e9alis\u00e9 en aluminium, il se compose d&rsquo;un cadre \u00e0 encliqueter pour les imprim\u00e9s A4, d&rsquo;un montant \u00e0 section carr\u00e9e (d&rsquo;o\u00f9 le nom de la s\u00e9rie) et d&rsquo;un socle en m\u00e9tal peint par poudrage en noir. <\/p>\n<p>Adapt\u00e9 \u00e0 l&rsquo;affichage de messages promotionnels ou m\u00eame simplement de messages pour indiquer la direction \u00e0 suivre pour atteindre les bureaux et les \u00e9tages souhait\u00e9s, le pr\u00e9sentoir autoportant avec cadre clic-clac peut \u00eatre utilis\u00e9 dans des endroits tels que les salles d&rsquo;exposition, les supermarch\u00e9s, les r\u00e9unions, les conventions, les entr\u00e9es d&rsquo;entreprise et dans tout endroit o\u00f9 vous avez besoin d&rsquo;afficher votre message.<\/p>\n<p>Cet affichage peut \u00eatre personnalis\u00e9 selon les besoins en choisissant l&rsquo;orientation du cadre au moment de l&rsquo;achat, en fonction des informations \u00e0 afficher.<\/p>\n<h2>Pr\u00e9sentoir A4 noir \u00e0 cadre encliquetable : simple ou double face<\/h2>\n<p>En outre, vous pouvez choisir, lors de la commande, si vous souhaitez que le pr\u00e9sentoir soit disponible en version recto ou recto-verso, selon que vous souhaitez le placer sur un passage \u00e0 sens unique ou \u00e0 double sens, et vous avez la possibilit\u00e9 de placer un porte-brochures dans les formats suivants : 1\/3 A4 &#8211; A4 et A5 le long de la colonne. Si vous achetez un pr\u00e9sentoir recto-verso, il y aura deux porte-brochures (un de chaque c\u00f4t\u00e9). <\/p>\n<h3>CARACT\u00c9RISTIQUES:<\/h3>\n<ul>\n<li>Cadre noir : cadre 25 (largeur du profil : 25 mm).<\/li>\n<li>Possibilit\u00e9 de changer d&rsquo;orientation : verticale ou horizontale.<\/li>\n<li>Montant en aluminium noir \u00e0 section carr\u00e9e : H 150 &#8211; L 2 cm.<\/li>\n<li>Base carr\u00e9e en m\u00e9tal peint par poudrage noir : L 32.5 cm. &#8211; H 0,6 cm. &#8211; P 32,5 cm.  <\/li>\n<li><span style=\"text-decoration: underline;\"><strong>BASE ANTI-TR\u00c9CISSEMENT ULTRA PLATE : \u00e9paisseur 6 mm.<\/strong><\/span><\/li>\n<li>Application d&rsquo;un cadre en aluminium noir avec protection en PVC anti-reflet.<\/li>\n<li>Format imprim\u00e9 : A4.<\/li>\n<li>Zone visible : 19 x 27,7 cm<\/li>\n<li>Dimensions du cadre : 24,1 x 32,8 cm.<\/li>\n<li>Dimensions du pr\u00e9sentoir : L 32,5 &#8211; H 150,6 &#8211; P 32,5<\/li>\n<li>Poids de l&rsquo;\u00e9cran : 6,0 kg.<\/li>\n<\/ul>\n<p>SmartyStore assiste pleinement ses clients donc, si vous avez besoin d&rsquo;affiches A4 \u00e0 ins\u00e9rer dans le cadre, vous pouvez trouver ce que vous cherchez sur le <a href=\"https:\/\/www.smartystore.it\/fr\/prodotto\/presentoir-a-cadre-instantane-50x70-avec-montant-simple\/\" target=\"_blank\" rel=\"noopener\"><strong>LIEN <\/strong><\/a>suivant<\/p>\n<p>Cet \u00e9cran enti\u00e8rement noir est \u00e9galement disponible avec un cadre A3 : cliquez <a href=\"https:\/\/www.smartystore.it\/fr\/prodotto\/presentoir-noir-avec-cadre-a-pression-a3\/\" target=\"_blank\" rel=\"noopener\"><strong>ICI<\/strong><\/a><\/p>\n<p>&nbsp;<\/p>\n<table style=\"width: 34.6839%; border-collapse: collapse; border-style: double; border-color: #f7a500;\">\n<tbody>\n<tr>\n<td style=\"width: 10.251%; border-style: double; border-color: #f7a500; text-align: center;\"><a href=\"https:\/\/www.smartystore.it\/v25\/wp-content\/uploads\/2024\/01\/Porta-Messaggi-Autoportante-SST-PMAA4TB-A3TB_SchedaInfo.pdf\" target=\"_blank\" rel=\"noopener\"><img loading=\"lazy\" decoding=\"async\" class=\"alignnone size-full wp-image-93672\" src=\"https:\/\/www.smartystore.it\/v25\/wp-content\/uploads\/2023\/11\/LogoDownload_yellow.jpg\" alt=\"\" width=\"50\" height=\"50\"><\/a><\/td>\n<td style=\"width: 24.4339%;\"><a href=\"https:\/\/www.smartystore.it\/v25\/wp-content\/uploads\/2024\/01\/Porta-Messaggi-Autoportante-SST-PMAA4TB-A3TB_SchedaInfo.pdf\" target=\"_blank\" rel=\"noopener\"><strong>FICHE TECHNIQUE<\/strong><\/a><\/td>\n<\/tr>\n<\/tbody>\n<\/table>\n<p>&nbsp;[\/vc_column_text][\/vc_column][\/vc_row]<\/p>\n<\/div>","protected":false},"excerpt":{"rendered":"<p>Structure autoportante simple ou double face avec montant \u00e0 section carr\u00e9e et cadre A4 enti\u00e8rement noir. Possibilit\u00e9 de choisir l&rsquo;orientation du cadre.<\/p>\n","protected":false},"featured_media":86947,"comment_status":"open","ping_status":"closed","template":"","meta":{"_acf_changed":false},"pwb-brand":[],"product_brand":[3872],"product_cat":[2915,2912,2914,2913],"product_tag":[3523,3520,3522,3521,3515,3519,3517,3516,3518],"class_list":{"0":"post-86942","1":"product","2":"type-product","3":"status-publish","4":"has-post-thumbnail","6":"product_brand-smartystore","7":"product_cat-ecrans-avec-cadres-instantanes","8":"product_cat-cadres-instantanes","9":"product_cat-quadra-series-fr","10":"product_cat-structures-autoportantes-et-soutient","11":"product_tag-porte-affichage-au-sol-noir-avec-cadre-a4","12":"product_tag-porte-message-noir-sur-pied-avec-cadre-a-pression-a4","13":"product_tag-presentoir-de-sol-noir-avec-cadre-a-pression-a4","14":"product_tag-presentoir-noir-autonome-avec-cadre-a-pression-a4","15":"product_tag-presentoir-noir-avec-cadre-a-pression-a4","16":"product_tag-presentoir-noir-avec-cadre-snap-double-face-21x30","17":"product_tag-support-daffichage-noir-pour-messages-a4","18":"product_tag-totem-presentoir-noir-avec-cadre-snap-21x30","19":"product_tag-vitrine-noire-avec-cadre-a4","20":"pa_accessori-non","21":"pa_accessori-porte-brochures-1-3-a4-fr","22":"pa_accessori-porte-brochures-a4-fr","23":"pa_accessori-porte-brochures-a5-fr","24":"pa_c2c_angolo-vif","25":"pa_c2c_base-base-carree","26":"pa_c2c_color-noir","27":"pa_c2c_dimensione-a4-fr","28":"pa_c2c_mono_bifacciale-double-face","29":"pa_c2c_mono_bifacciale-simple-face","30":"pa_c2c_orientamento-horizontal","31":"pa_c2c_orientamento-verticale","32":"pa_serie-quadra-series","34":"first","35":"instock","36":"taxable","37":"shipping-taxable","38":"purchasable","39":"product-type-variable"},"acf":[],"yoast_head":"<!-- This site is optimized with the Yoast SEO plugin v27.4 - https:\/\/yoast.com\/product\/yoast-seo-wordpress\/ -->\n<title>Pr\u00e9sentoir A4 noir \u00e0 cadre encliquetable - Achetez au Meilleur Prix<\/title>\n<meta name=\"description\" content=\"Pr\u00e9sentoir \u00e0 cadre noir A4. Choix de l&#039;orientation du cadre et du recto ou du recto-verso. Base ultra-plate : 6 mm d&#039;\u00e9paisseur.\" \/>\n<meta name=\"robots\" content=\"index, follow, max-snippet:-1, max-image-preview:large, max-video-preview:-1\" \/>\n<link rel=\"canonical\" href=\"https:\/\/www.smartystore.it\/fr\/prodotto\/presentoir-noir-avec-cadre-a-pression-a4\/\" \/>\n<meta property=\"og:locale\" content=\"fr_FR\" \/>\n<meta property=\"og:type\" content=\"article\" \/>\n<meta property=\"og:title\" content=\"Pr\u00e9sentoir A4 noir \u00e0 cadre encliquetable - Achetez au Meilleur Prix\" \/>\n<meta property=\"og:description\" content=\"Pr\u00e9sentoir \u00e0 cadre noir A4. Choix de l&#039;orientation du cadre et du recto ou du recto-verso. Base ultra-plate : 6 mm d&#039;\u00e9paisseur.\" \/>\n<meta property=\"og:url\" content=\"https:\/\/www.smartystore.it\/fr\/prodotto\/presentoir-noir-avec-cadre-a-pression-a4\/\" \/>\n<meta property=\"og:site_name\" content=\"Smarty Store\" \/>\n<meta property=\"article:modified_time\" content=\"2026-02-20T16:37:27+00:00\" \/>\n<meta property=\"og:image\" content=\"https:\/\/www.smartystore.it\/v25\/wp-content\/uploads\/2022\/03\/Cornice-a-scatto-autoportante-A4-interamente-nera-monofacciale-bifacciale-verticale-orizzontale-angolo-vivo-2.jpg\" \/>\n\t<meta property=\"og:image:width\" content=\"1000\" \/>\n\t<meta property=\"og:image:height\" content=\"1000\" \/>\n\t<meta property=\"og:image:type\" content=\"image\/jpeg\" \/>\n<meta name=\"twitter:card\" content=\"summary_large_image\" \/>\n<meta name=\"twitter:label1\" content=\"Dur\u00e9e de lecture estim\u00e9e\" \/>\n\t<meta name=\"twitter:data1\" content=\"3 minutes\" \/>\n<script type=\"application\/ld+json\" class=\"yoast-schema-graph\">{\"@context\":\"https:\\\/\\\/schema.org\",\"@graph\":[{\"@type\":\"WebPage\",\"@id\":\"https:\\\/\\\/www.smartystore.it\\\/fr\\\/prodotto\\\/presentoir-noir-avec-cadre-a-pression-a4\\\/\",\"url\":\"https:\\\/\\\/www.smartystore.it\\\/fr\\\/prodotto\\\/presentoir-noir-avec-cadre-a-pression-a4\\\/\",\"name\":\"Pr\u00e9sentoir A4 noir \u00e0 cadre encliquetable - Achetez au Meilleur Prix\",\"isPartOf\":{\"@id\":\"https:\\\/\\\/www.smartystore.it\\\/fr\\\/#website\"},\"primaryImageOfPage\":{\"@id\":\"https:\\\/\\\/www.smartystore.it\\\/fr\\\/prodotto\\\/presentoir-noir-avec-cadre-a-pression-a4\\\/#primaryimage\"},\"image\":{\"@id\":\"https:\\\/\\\/www.smartystore.it\\\/fr\\\/prodotto\\\/presentoir-noir-avec-cadre-a-pression-a4\\\/#primaryimage\"},\"thumbnailUrl\":\"https:\\\/\\\/www.smartystore.it\\\/v25\\\/wp-content\\\/uploads\\\/2022\\\/03\\\/Cornice-a-scatto-autoportante-A4-interamente-nera-monofacciale-bifacciale-verticale-orizzontale-angolo-vivo-2.jpg\",\"datePublished\":\"2022-03-02T15:59:32+00:00\",\"dateModified\":\"2026-02-20T16:37:27+00:00\",\"description\":\"Pr\u00e9sentoir \u00e0 cadre noir A4. Choix de l'orientation du cadre et du recto ou du recto-verso. Base ultra-plate : 6 mm d'\u00e9paisseur.\",\"breadcrumb\":{\"@id\":\"https:\\\/\\\/www.smartystore.it\\\/fr\\\/prodotto\\\/presentoir-noir-avec-cadre-a-pression-a4\\\/#breadcrumb\"},\"inLanguage\":\"fr-FR\",\"potentialAction\":[{\"@type\":\"ReadAction\",\"target\":[\"https:\\\/\\\/www.smartystore.it\\\/fr\\\/prodotto\\\/presentoir-noir-avec-cadre-a-pression-a4\\\/\"]}]},{\"@type\":\"ImageObject\",\"inLanguage\":\"fr-FR\",\"@id\":\"https:\\\/\\\/www.smartystore.it\\\/fr\\\/prodotto\\\/presentoir-noir-avec-cadre-a-pression-a4\\\/#primaryimage\",\"url\":\"https:\\\/\\\/www.smartystore.it\\\/v25\\\/wp-content\\\/uploads\\\/2022\\\/03\\\/Cornice-a-scatto-autoportante-A4-interamente-nera-monofacciale-bifacciale-verticale-orizzontale-angolo-vivo-2.jpg\",\"contentUrl\":\"https:\\\/\\\/www.smartystore.it\\\/v25\\\/wp-content\\\/uploads\\\/2022\\\/03\\\/Cornice-a-scatto-autoportante-A4-interamente-nera-monofacciale-bifacciale-verticale-orizzontale-angolo-vivo-2.jpg\",\"width\":1000,\"height\":1000,\"caption\":\"Cadre \u00e0 pression autoportant A4 enti\u00e8rement noir simple face double face vertical horizontal coin vif 2\"},{\"@type\":\"BreadcrumbList\",\"@id\":\"https:\\\/\\\/www.smartystore.it\\\/fr\\\/prodotto\\\/presentoir-noir-avec-cadre-a-pression-a4\\\/#breadcrumb\",\"itemListElement\":[{\"@type\":\"ListItem\",\"position\":1,\"name\":\"Home\",\"item\":\"https:\\\/\\\/www.smartystore.it\\\/fr\\\/\"},{\"@type\":\"ListItem\",\"position\":2,\"name\":\"Boutique\",\"item\":\"https:\\\/\\\/www.smartystore.it\\\/fr\\\/boutique\\\/\"},{\"@type\":\"ListItem\",\"position\":3,\"name\":\"Pr\u00e9sentoir A4 noir \u00e0 cadre encliquetable\"}]},{\"@type\":\"WebSite\",\"@id\":\"https:\\\/\\\/www.smartystore.it\\\/fr\\\/#website\",\"url\":\"https:\\\/\\\/www.smartystore.it\\\/fr\\\/\",\"name\":\"Smarty Store\",\"description\":\"Espositori Pubblicitari e Sistemi di Comunicazione Visiva\",\"potentialAction\":[{\"@type\":\"SearchAction\",\"target\":{\"@type\":\"EntryPoint\",\"urlTemplate\":\"https:\\\/\\\/www.smartystore.it\\\/fr\\\/?s={search_term_string}\"},\"query-input\":{\"@type\":\"PropertyValueSpecification\",\"valueRequired\":true,\"valueName\":\"search_term_string\"}}],\"inLanguage\":\"fr-FR\"}]}<\/script>\n<!-- \/ Yoast SEO plugin. -->","yoast_head_json":{"title":"Pr\u00e9sentoir A4 noir \u00e0 cadre encliquetable - Achetez au Meilleur Prix","description":"Pr\u00e9sentoir \u00e0 cadre noir A4. Choix de l'orientation du cadre et du recto ou du recto-verso. Base ultra-plate : 6 mm d'\u00e9paisseur.","robots":{"index":"index","follow":"follow","max-snippet":"max-snippet:-1","max-image-preview":"max-image-preview:large","max-video-preview":"max-video-preview:-1"},"canonical":"https:\/\/www.smartystore.it\/fr\/prodotto\/presentoir-noir-avec-cadre-a-pression-a4\/","og_locale":"fr_FR","og_type":"article","og_title":"Pr\u00e9sentoir A4 noir \u00e0 cadre encliquetable - Achetez au Meilleur Prix","og_description":"Pr\u00e9sentoir \u00e0 cadre noir A4. Choix de l'orientation du cadre et du recto ou du recto-verso. Base ultra-plate : 6 mm d'\u00e9paisseur.","og_url":"https:\/\/www.smartystore.it\/fr\/prodotto\/presentoir-noir-avec-cadre-a-pression-a4\/","og_site_name":"Smarty Store","article_modified_time":"2026-02-20T16:37:27+00:00","og_image":[{"width":1000,"height":1000,"url":"https:\/\/www.smartystore.it\/v25\/wp-content\/uploads\/2022\/03\/Cornice-a-scatto-autoportante-A4-interamente-nera-monofacciale-bifacciale-verticale-orizzontale-angolo-vivo-2.jpg","type":"image\/jpeg"}],"twitter_card":"summary_large_image","twitter_misc":{"Dur\u00e9e de lecture estim\u00e9e":"3 minutes"},"schema":{"@context":"https:\/\/schema.org","@graph":[{"@type":"WebPage","@id":"https:\/\/www.smartystore.it\/fr\/prodotto\/presentoir-noir-avec-cadre-a-pression-a4\/","url":"https:\/\/www.smartystore.it\/fr\/prodotto\/presentoir-noir-avec-cadre-a-pression-a4\/","name":"Pr\u00e9sentoir A4 noir \u00e0 cadre encliquetable - Achetez au Meilleur Prix","isPartOf":{"@id":"https:\/\/www.smartystore.it\/fr\/#website"},"primaryImageOfPage":{"@id":"https:\/\/www.smartystore.it\/fr\/prodotto\/presentoir-noir-avec-cadre-a-pression-a4\/#primaryimage"},"image":{"@id":"https:\/\/www.smartystore.it\/fr\/prodotto\/presentoir-noir-avec-cadre-a-pression-a4\/#primaryimage"},"thumbnailUrl":"https:\/\/www.smartystore.it\/v25\/wp-content\/uploads\/2022\/03\/Cornice-a-scatto-autoportante-A4-interamente-nera-monofacciale-bifacciale-verticale-orizzontale-angolo-vivo-2.jpg","datePublished":"2022-03-02T15:59:32+00:00","dateModified":"2026-02-20T16:37:27+00:00","description":"Pr\u00e9sentoir \u00e0 cadre noir A4. Choix de l'orientation du cadre et du recto ou du recto-verso. Base ultra-plate : 6 mm d'\u00e9paisseur.","breadcrumb":{"@id":"https:\/\/www.smartystore.it\/fr\/prodotto\/presentoir-noir-avec-cadre-a-pression-a4\/#breadcrumb"},"inLanguage":"fr-FR","potentialAction":[{"@type":"ReadAction","target":["https:\/\/www.smartystore.it\/fr\/prodotto\/presentoir-noir-avec-cadre-a-pression-a4\/"]}]},{"@type":"ImageObject","inLanguage":"fr-FR","@id":"https:\/\/www.smartystore.it\/fr\/prodotto\/presentoir-noir-avec-cadre-a-pression-a4\/#primaryimage","url":"https:\/\/www.smartystore.it\/v25\/wp-content\/uploads\/2022\/03\/Cornice-a-scatto-autoportante-A4-interamente-nera-monofacciale-bifacciale-verticale-orizzontale-angolo-vivo-2.jpg","contentUrl":"https:\/\/www.smartystore.it\/v25\/wp-content\/uploads\/2022\/03\/Cornice-a-scatto-autoportante-A4-interamente-nera-monofacciale-bifacciale-verticale-orizzontale-angolo-vivo-2.jpg","width":1000,"height":1000,"caption":"Cadre \u00e0 pression autoportant A4 enti\u00e8rement noir simple face double face vertical horizontal coin vif 2"},{"@type":"BreadcrumbList","@id":"https:\/\/www.smartystore.it\/fr\/prodotto\/presentoir-noir-avec-cadre-a-pression-a4\/#breadcrumb","itemListElement":[{"@type":"ListItem","position":1,"name":"Home","item":"https:\/\/www.smartystore.it\/fr\/"},{"@type":"ListItem","position":2,"name":"Boutique","item":"https:\/\/www.smartystore.it\/fr\/boutique\/"},{"@type":"ListItem","position":3,"name":"Pr\u00e9sentoir A4 noir \u00e0 cadre encliquetable"}]},{"@type":"WebSite","@id":"https:\/\/www.smartystore.it\/fr\/#website","url":"https:\/\/www.smartystore.it\/fr\/","name":"Smarty Store","description":"Espositori Pubblicitari e Sistemi di Comunicazione Visiva","potentialAction":[{"@type":"SearchAction","target":{"@type":"EntryPoint","urlTemplate":"https:\/\/www.smartystore.it\/fr\/?s={search_term_string}"},"query-input":{"@type":"PropertyValueSpecification","valueRequired":true,"valueName":"search_term_string"}}],"inLanguage":"fr-FR"}]}},"brands":[],"_links":{"self":[{"href":"https:\/\/www.smartystore.it\/fr\/wp-json\/wp\/v2\/product\/86942","targetHints":{"allow":["GET"]}}],"collection":[{"href":"https:\/\/www.smartystore.it\/fr\/wp-json\/wp\/v2\/product"}],"about":[{"href":"https:\/\/www.smartystore.it\/fr\/wp-json\/wp\/v2\/types\/product"}],"replies":[{"embeddable":true,"href":"https:\/\/www.smartystore.it\/fr\/wp-json\/wp\/v2\/comments?post=86942"}],"wp:featuredmedia":[{"embeddable":true,"href":"https:\/\/www.smartystore.it\/fr\/wp-json\/wp\/v2\/media\/86947"}],"wp:attachment":[{"href":"https:\/\/www.smartystore.it\/fr\/wp-json\/wp\/v2\/media?parent=86942"}],"wp:term":[{"taxonomy":"pwb-brand","embeddable":true,"href":"https:\/\/www.smartystore.it\/fr\/wp-json\/wp\/v2\/pwb-brand?post=86942"},{"taxonomy":"product_brand","embeddable":true,"href":"https:\/\/www.smartystore.it\/fr\/wp-json\/wp\/v2\/product_brand?post=86942"},{"taxonomy":"product_cat","embeddable":true,"href":"https:\/\/www.smartystore.it\/fr\/wp-json\/wp\/v2\/product_cat?post=86942"},{"taxonomy":"product_tag","embeddable":true,"href":"https:\/\/www.smartystore.it\/fr\/wp-json\/wp\/v2\/product_tag?post=86942"}],"curies":[{"name":"wp","href":"https:\/\/api.w.org\/{rel}","templated":true}]}}