{"id":86903,"date":"2023-11-03T12:39:58","date_gmt":"2023-11-03T10:39:58","guid":{"rendered":"https:\/\/www.smartystore.it\/prodotto\/porte-brochures-autoportant-avec-12-pochettes-1-3-a4-serie-quadra\/"},"modified":"2026-03-16T17:08:45","modified_gmt":"2026-03-16T15:08:45","slug":"porte-brochures-autoportant-avec-12-pochettes-1-3-a4","status":"publish","type":"product","link":"https:\/\/www.smartystore.it\/fr\/prodotto\/porte-brochures-autoportant-avec-12-pochettes-1-3-a4\/","title":{"rendered":"Pr\u00e9sentoir de documentation 12 poches 10&#215;21"},"content":{"rendered":"<div class=\"wpb-content-wrapper\"><p>[vc_row][vc_column][vc_column_text css=\u00a0\u00bb\u00a0\u00bb css_params=\u00a0\u00bb\u00a0\u00bb]<\/p>\n<h1>Porte-brochures autoportant 12 poches 10&#215;21 &#8211; S\u00e9rie Quadra<\/h1>\n<p>Le porte-brochures autoportant 12 poches 10&#215;21 est une structure sur pied qui fait partie de la gamme QUADRA SERIES. Il se compose d&rsquo;une base en m\u00e9tal thermolaqu\u00e9 argent, de deux montants \u00e0 section carr\u00e9e (d&rsquo;o\u00f9 le nom de la s\u00e9rie) et d&rsquo;un porte-brochures transparent pouvant contenir 1\/3 de catalogues A4 sur quatre niveaux. <\/p>\n<p>Adapt\u00e9 \u00e0 l&rsquo;affichage de catalogues et de d\u00e9pliants, il peut \u00eatre utilis\u00e9 dans des endroits tels que les agences de voyages, les salles d&rsquo;exposition, les r\u00e9unions, les conventions, les entr\u00e9es d&rsquo;entreprise et dans tout endroit o\u00f9 il est n\u00e9cessaire de mettre des documents imprim\u00e9s\/brochures\/catalogues \u00e0 la disposition des clients.<\/p>\n<h2>Porte-brochures autoportant 12 poches 10&#215;21 : Personnalisable<\/h2>\n<p>Son style \u00e9pur\u00e9, lin\u00e9aire et neutre le rend adapt\u00e9 \u00e0 toutes les situations et environnements, il peut donc \u00eatre positionn\u00e9 \u00e0 des points strat\u00e9giques pour attirer l&rsquo;attention du client.<\/p>\n<p>La base carr\u00e9e est \u00e9quip\u00e9e de quatre patins en caoutchouc antid\u00e9rapants aux extr\u00e9mit\u00e9s inf\u00e9rieures pour prot\u00e9ger le sol des chocs et \u00e9viter les mouvements\/glissements ind\u00e9sirables.<\/p>\n<p>Ce porte-brochures autoportant peut \u00eatre <strong>personnalis\u00e9 avec un panneau<\/strong> avant qui sera plac\u00e9 entre les deux montants. Cela <strong>am\u00e9liorera la visibilit\u00e9 <\/strong>et rendra le stand de communication diff\u00e9rent de tous les autres. <\/p>\n<p>Le porte-brochures est \u00e9quip\u00e9 de 8 inserts amovibles qui permettent d&rsquo;obtenir les formats suivants en les d\u00e9pla\u00e7ant :<\/p>\n<ul>\n<li>12 pochettes 1\/3 A4 sur quatre niveaux<\/li>\n<li>ou 4 pochettes verticales + 4 pochettes 1\/3 A4<\/li>\n<li>ou 4 pochettes A4 horizontales<\/li>\n<li>ou 8 pochettes verticales A5.<\/li>\n<\/ul>\n<h3>CARACT\u00c9RISTIQUES:<\/h3>\n<ul>\n<li>Pochette \u00e0 brochures en styr\u00e8ne transparent pour pr\u00e9senter des brochures 1\/3 A4 (10&#215;21 cm) sur quatre niveaux<\/li>\n<li>Dimensions totales du porte-brochures transparent : L 34,0 x H 34,5 x P 17,5 cm.<\/li>\n<li>Dimensions du porte-brochures interne : L 33,0 x P 3,2 cm.<\/li>\n<li>Double montant en aluminium argent\u00e9 \u00e0 section carr\u00e9e : H 100- L 2 cm.<\/li>\n<li>Base carr\u00e9e en m\u00e9tal thermolaqu\u00e9 argent : L 32,5 cm. &#8211; H 0,6 cm. &#8211; D 32,5 cm.  <\/li>\n<li>Quatre patins en caoutchouc antid\u00e9rapants plac\u00e9s \u00e0 la base<\/li>\n<li><span style=\"text-decoration: underline;\"><strong>BASE ANTI-TR\u00c9CISSEMENT ULTRA PLATE : \u00e9paisseur 6 mm.<\/strong><\/span><\/li>\n<li>Dimensions de l&rsquo;\u00e9cran (en mm) : L 325 &#8211; H 1240 &#8211; P 325<\/li>\n<li>Poids de l&rsquo;\u00e9cran : environ 7,10 kg.<\/li>\n<\/ul>\n<h4><\/h4>\n<h4 style=\"text-align: center;\"><strong>D\u00e9couvrez tous les mod\u00e8les de rayonnages de catalogue autoportants sur ce <span style=\"color: #ff0000;\"><a style=\"color: #ff0000;\" href=\"https:\/\/www.smartystore.it\/fr\/?count=36&amp;paged=&amp;s=plp&amp;post_type=product\">LIEN<\/a><\/span><\/strong><\/h4>\n<p>&nbsp;<\/p>\n<p><span style=\"color: #993300;\"><strong>POUR LE FICHIER GRAPHIQUE : cr\u00e9ez le fichier de la taille <b>indiqu\u00e9e dans la section \u00ab\u00a0ZONE D&rsquo;IMPRESSION\u00a0\u00bb<\/b>avec les textes convertis en trac\u00e9s, apr\u00e8s avoir sauvegard\u00e9 le fichier en format PDF (r\u00e9solution minimale de 200 dpi), envoyez le document \u00e0 l&rsquo;adresse \u00e9lectronique suivante<\/strong><\/span><strong> <a href=\"mailto:grafica@smartystore.it\">grafica@smartystore.it<\/a> <\/strong><span style=\"color: #993300;\"><strong>en indiquant le num\u00e9ro de commande.<\/strong><\/span><\/p>\n<p>&nbsp;<\/p>\n<table style=\"width: 40.5904%; border-collapse: collapse; border-style: double; border-color: #f7a500;\">\n<tbody>\n<tr>\n<td style=\"width: 16.1993%;\">\n<h2><a href=\"https:\/\/www.smartystore.it\/v25\/wp-content\/uploads\/2023\/11\/Scheda-tecnica-SST-PLP12x13A4-1.pdf\" target=\"_blank\" rel=\"noopener\"><img loading=\"lazy\" decoding=\"async\" class=\"size-full wp-image-93672 aligncenter\" src=\"https:\/\/www.smartystore.it\/v25\/wp-content\/uploads\/2023\/11\/LogoDownload_yellow.jpg\" alt=\"\" width=\"50\" height=\"50\"><\/a><\/h2>\n<\/td>\n<td style=\"width: 24.3911%; border-style: double; border-color: #f7a500;\"><a href=\"https:\/\/www.smartystore.it\/v25\/wp-content\/uploads\/2023\/11\/Scheda-tecnica-SST-PLP12x13A4-1.pdf\" target=\"_blank\" rel=\"noopener\"><strong>FICHE TECHNIQUE<\/strong><\/a><\/td>\n<\/tr>\n<tr>\n<td style=\"width: 16.1993%; border-style: double; border-color: #f7a500;\"><a href=\"https:\/\/www.smartystore.it\/v25\/wp-content\/uploads\/2023\/11\/Template_SST-PLP12x13A4.pdf\" target=\"_blank\" rel=\"noopener\"><img loading=\"lazy\" decoding=\"async\" class=\"size-full wp-image-93609 aligncenter\" src=\"https:\/\/www.smartystore.it\/v25\/wp-content\/uploads\/2021\/02\/LogoDownload_green-1.jpg\" alt=\"\" width=\"50\" height=\"50\"><\/a><\/td>\n<td style=\"width: 24.3911%;\"><a href=\"https:\/\/www.smartystore.it\/v25\/wp-content\/uploads\/2023\/11\/Template_SST-PLP12x13A4.pdf\" target=\"_blank\" rel=\"noopener\"><strong>DISPOSITION DE LA D\u00c9COUPE \u00c0 L&rsquo;EMPORTE-PI\u00c8CE<\/strong><\/a><\/td>\n<\/tr>\n<\/tbody>\n<\/table>\n<p>&nbsp;<\/p>\n<p><strong>SERVICES DE GRAPHISME ET D&rsquo;IMPRESSION<\/strong><\/p>\n<p>Smarty Store peut fournir des services de mise en page et\/ou d&rsquo;impression.<\/p>\n<p>Si le service d&rsquo;impression seule est demand\u00e9, le client doit envoyer le fichier d&rsquo;impression au format PDF. Les graphiques seront imprim\u00e9s tels qu&rsquo;ils sont re\u00e7us dans le fichier. <\/p>\n<p>Si un service de mise en page est demand\u00e9, notre organisation contactera le client par t\u00e9l\u00e9phone pour obtenir les informations n\u00e9cessaires. La mise en page graphique exclut les images, qui doivent \u00eatre fournies par le client ou faire l&rsquo;objet d&rsquo;un devis s\u00e9par\u00e9.<br \/>\nLe client recevra la proposition graphique au format PDF pour approbation. <\/p>\n<p><strong>ATTENTION :<\/strong><br \/>\nLes couleurs affich\u00e9es peuvent varier d&rsquo;un \u00e9cran \u00e0 l&rsquo;autre. Pour les couleurs d&rsquo;impression, vous devez toujours vous r\u00e9f\u00e9rer \u00e0 l&rsquo;\u00e9chelle Pantone.<br \/>\nSmarty Store d\u00e9cline toute responsabilit\u00e9 en cas de couleurs v\u00e9rifi\u00e9es par le client uniquement sur son propre moniteur. <\/p>\n<p>[\/vc_column_text][\/vc_column][\/vc_row]<\/p>\n<\/div>","protected":false},"excerpt":{"rendered":"<p>Pr\u00e9sentoir de brochures sur pied personnalisable avec base carr\u00e9e, montant en aluminium et 12 pochettes avec s\u00e9parateur amovible pour 1\/3 de catalogues A4.<\/p>\n","protected":false},"featured_media":86904,"comment_status":"open","ping_status":"closed","template":"","meta":{"_acf_changed":false},"pwb-brand":[],"product_brand":[3872],"product_cat":[2970,2969,2968,2914],"product_tag":[3857,3855,6696,3881,3880,3856],"class_list":{"0":"post-86903","1":"product","2":"type-product","3":"status-publish","4":"has-post-thumbnail","6":"product_brand-smartystore","7":"product_cat-porte-brochure-porte-catalogue","8":"product_cat-porte-brochure-debout","9":"product_cat-porte-brochures-catalogues","10":"product_cat-quadra-series-fr","11":"product_tag-porte-brochures-independant","12":"product_tag-porte-brochures-sur-pied","13":"product_tag-porte-catalogue-de-sol-personnalise","14":"product_tag-porte-catalogue-sur-pied-12-pochettes-10x21-cm","15":"product_tag-porte-documents-12-poches-10x21","16":"product_tag-presentoir-de-sol","17":"pa_c2c_base-base-carree","18":"pa_c2c_color-argent","19":"pa_c2c_color-transparent","20":"pa_c2c_configurazione-exposant","21":"pa_c2c_configurazione-presentoir-panneau-imprime","22":"pa_c2c_dimensione-12-x-1-3-a4-fr","23":"pa_c2c_grafica-non","24":"pa_c2c_grafica-oui","25":"pa_c2c_mono_bifacciale-simple-face","26":"pa_c2c_trovraprezzi-oui","27":"pa_serie-quadra-series","29":"first","30":"instock","31":"taxable","32":"shipping-taxable","33":"purchasable","34":"product-type-variable"},"acf":[],"yoast_head":"<!-- This site is optimized with the Yoast SEO plugin v27.4 - https:\/\/yoast.com\/product\/yoast-seo-wordpress\/ -->\n<title>Pr\u00e9sentoir de documentation 12 poches 10x21 - Smarty Store Au Meilleur Prix<\/title>\n<meta name=\"description\" content=\"Pr\u00e9sentoir porte-brochures autoportant avec 12 pochettes 10x21 personnalisables. Cadre m\u00e9tallique argent\u00e9, porte-catalogue avec s\u00e9parateurs amovibles.\" \/>\n<meta name=\"robots\" content=\"index, follow, max-snippet:-1, max-image-preview:large, max-video-preview:-1\" \/>\n<link rel=\"canonical\" href=\"https:\/\/www.smartystore.it\/fr\/prodotto\/porte-brochures-autoportant-avec-12-pochettes-1-3-a4\/\" \/>\n<meta property=\"og:locale\" content=\"fr_FR\" \/>\n<meta property=\"og:type\" content=\"article\" \/>\n<meta property=\"og:title\" content=\"Pr\u00e9sentoir de documentation 12 poches 10x21 - Smarty Store Au Meilleur Prix\" \/>\n<meta property=\"og:description\" content=\"Pr\u00e9sentoir porte-brochures autoportant avec 12 pochettes 10x21 personnalisables. Cadre m\u00e9tallique argent\u00e9, porte-catalogue avec s\u00e9parateurs amovibles.\" \/>\n<meta property=\"og:url\" content=\"https:\/\/www.smartystore.it\/fr\/prodotto\/porte-brochures-autoportant-avec-12-pochettes-1-3-a4\/\" \/>\n<meta property=\"og:site_name\" content=\"Smarty Store\" \/>\n<meta property=\"article:modified_time\" content=\"2026-03-16T15:08:45+00:00\" \/>\n<meta property=\"og:image\" content=\"https:\/\/www.smartystore.it\/v25\/wp-content\/uploads\/2023\/11\/Portadepliant-a-piantana-12-tasche-1-3-A4-serie-quadra.jpg\" \/>\n\t<meta property=\"og:image:width\" content=\"1000\" \/>\n\t<meta property=\"og:image:height\" content=\"1000\" \/>\n\t<meta property=\"og:image:type\" content=\"image\/jpeg\" \/>\n<meta name=\"twitter:card\" content=\"summary_large_image\" \/>\n<meta name=\"twitter:label1\" content=\"Dur\u00e9e de lecture estim\u00e9e\" \/>\n\t<meta name=\"twitter:data1\" content=\"4 minutes\" \/>\n<script type=\"application\/ld+json\" class=\"yoast-schema-graph\">{\"@context\":\"https:\\\/\\\/schema.org\",\"@graph\":[{\"@type\":\"WebPage\",\"@id\":\"https:\\\/\\\/www.smartystore.it\\\/fr\\\/prodotto\\\/porte-brochures-autoportant-avec-12-pochettes-1-3-a4\\\/\",\"url\":\"https:\\\/\\\/www.smartystore.it\\\/fr\\\/prodotto\\\/porte-brochures-autoportant-avec-12-pochettes-1-3-a4\\\/\",\"name\":\"Pr\u00e9sentoir de documentation 12 poches 10x21 - Smarty Store Au Meilleur Prix\",\"isPartOf\":{\"@id\":\"https:\\\/\\\/www.smartystore.it\\\/fr\\\/#website\"},\"primaryImageOfPage\":{\"@id\":\"https:\\\/\\\/www.smartystore.it\\\/fr\\\/prodotto\\\/porte-brochures-autoportant-avec-12-pochettes-1-3-a4\\\/#primaryimage\"},\"image\":{\"@id\":\"https:\\\/\\\/www.smartystore.it\\\/fr\\\/prodotto\\\/porte-brochures-autoportant-avec-12-pochettes-1-3-a4\\\/#primaryimage\"},\"thumbnailUrl\":\"https:\\\/\\\/www.smartystore.it\\\/v25\\\/wp-content\\\/uploads\\\/2023\\\/11\\\/Portadepliant-a-piantana-12-tasche-1-3-A4-serie-quadra.jpg\",\"datePublished\":\"2023-11-03T10:39:58+00:00\",\"dateModified\":\"2026-03-16T15:08:45+00:00\",\"description\":\"Pr\u00e9sentoir porte-brochures autoportant avec 12 pochettes 10x21 personnalisables. Cadre m\u00e9tallique argent\u00e9, porte-catalogue avec s\u00e9parateurs amovibles.\",\"breadcrumb\":{\"@id\":\"https:\\\/\\\/www.smartystore.it\\\/fr\\\/prodotto\\\/porte-brochures-autoportant-avec-12-pochettes-1-3-a4\\\/#breadcrumb\"},\"inLanguage\":\"fr-FR\",\"potentialAction\":[{\"@type\":\"ReadAction\",\"target\":[\"https:\\\/\\\/www.smartystore.it\\\/fr\\\/prodotto\\\/porte-brochures-autoportant-avec-12-pochettes-1-3-a4\\\/\"]}]},{\"@type\":\"ImageObject\",\"inLanguage\":\"fr-FR\",\"@id\":\"https:\\\/\\\/www.smartystore.it\\\/fr\\\/prodotto\\\/porte-brochures-autoportant-avec-12-pochettes-1-3-a4\\\/#primaryimage\",\"url\":\"https:\\\/\\\/www.smartystore.it\\\/v25\\\/wp-content\\\/uploads\\\/2023\\\/11\\\/Portadepliant-a-piantana-12-tasche-1-3-A4-serie-quadra.jpg\",\"contentUrl\":\"https:\\\/\\\/www.smartystore.it\\\/v25\\\/wp-content\\\/uploads\\\/2023\\\/11\\\/Portadepliant-a-piantana-12-tasche-1-3-A4-serie-quadra.jpg\",\"width\":1000,\"height\":1000,\"caption\":\"Porte-brochures sur pied avec 12 pochettes 1\\\/3 A4 Quadra Serie\"},{\"@type\":\"BreadcrumbList\",\"@id\":\"https:\\\/\\\/www.smartystore.it\\\/fr\\\/prodotto\\\/porte-brochures-autoportant-avec-12-pochettes-1-3-a4\\\/#breadcrumb\",\"itemListElement\":[{\"@type\":\"ListItem\",\"position\":1,\"name\":\"Home\",\"item\":\"https:\\\/\\\/www.smartystore.it\\\/fr\\\/\"},{\"@type\":\"ListItem\",\"position\":2,\"name\":\"Boutique\",\"item\":\"https:\\\/\\\/www.smartystore.it\\\/fr\\\/boutique\\\/\"},{\"@type\":\"ListItem\",\"position\":3,\"name\":\"Pr\u00e9sentoir de documentation 12 poches 10&#215;21\"}]},{\"@type\":\"WebSite\",\"@id\":\"https:\\\/\\\/www.smartystore.it\\\/fr\\\/#website\",\"url\":\"https:\\\/\\\/www.smartystore.it\\\/fr\\\/\",\"name\":\"Smarty Store\",\"description\":\"Espositori Pubblicitari e Sistemi di Comunicazione Visiva\",\"potentialAction\":[{\"@type\":\"SearchAction\",\"target\":{\"@type\":\"EntryPoint\",\"urlTemplate\":\"https:\\\/\\\/www.smartystore.it\\\/fr\\\/?s={search_term_string}\"},\"query-input\":{\"@type\":\"PropertyValueSpecification\",\"valueRequired\":true,\"valueName\":\"search_term_string\"}}],\"inLanguage\":\"fr-FR\"}]}<\/script>\n<!-- \/ Yoast SEO plugin. -->","yoast_head_json":{"title":"Pr\u00e9sentoir de documentation 12 poches 10x21 - Smarty Store Au Meilleur Prix","description":"Pr\u00e9sentoir porte-brochures autoportant avec 12 pochettes 10x21 personnalisables. Cadre m\u00e9tallique argent\u00e9, porte-catalogue avec s\u00e9parateurs amovibles.","robots":{"index":"index","follow":"follow","max-snippet":"max-snippet:-1","max-image-preview":"max-image-preview:large","max-video-preview":"max-video-preview:-1"},"canonical":"https:\/\/www.smartystore.it\/fr\/prodotto\/porte-brochures-autoportant-avec-12-pochettes-1-3-a4\/","og_locale":"fr_FR","og_type":"article","og_title":"Pr\u00e9sentoir de documentation 12 poches 10x21 - Smarty Store Au Meilleur Prix","og_description":"Pr\u00e9sentoir porte-brochures autoportant avec 12 pochettes 10x21 personnalisables. Cadre m\u00e9tallique argent\u00e9, porte-catalogue avec s\u00e9parateurs amovibles.","og_url":"https:\/\/www.smartystore.it\/fr\/prodotto\/porte-brochures-autoportant-avec-12-pochettes-1-3-a4\/","og_site_name":"Smarty Store","article_modified_time":"2026-03-16T15:08:45+00:00","og_image":[{"width":1000,"height":1000,"url":"https:\/\/www.smartystore.it\/v25\/wp-content\/uploads\/2023\/11\/Portadepliant-a-piantana-12-tasche-1-3-A4-serie-quadra.jpg","type":"image\/jpeg"}],"twitter_card":"summary_large_image","twitter_misc":{"Dur\u00e9e de lecture estim\u00e9e":"4 minutes"},"schema":{"@context":"https:\/\/schema.org","@graph":[{"@type":"WebPage","@id":"https:\/\/www.smartystore.it\/fr\/prodotto\/porte-brochures-autoportant-avec-12-pochettes-1-3-a4\/","url":"https:\/\/www.smartystore.it\/fr\/prodotto\/porte-brochures-autoportant-avec-12-pochettes-1-3-a4\/","name":"Pr\u00e9sentoir de documentation 12 poches 10x21 - Smarty Store Au Meilleur Prix","isPartOf":{"@id":"https:\/\/www.smartystore.it\/fr\/#website"},"primaryImageOfPage":{"@id":"https:\/\/www.smartystore.it\/fr\/prodotto\/porte-brochures-autoportant-avec-12-pochettes-1-3-a4\/#primaryimage"},"image":{"@id":"https:\/\/www.smartystore.it\/fr\/prodotto\/porte-brochures-autoportant-avec-12-pochettes-1-3-a4\/#primaryimage"},"thumbnailUrl":"https:\/\/www.smartystore.it\/v25\/wp-content\/uploads\/2023\/11\/Portadepliant-a-piantana-12-tasche-1-3-A4-serie-quadra.jpg","datePublished":"2023-11-03T10:39:58+00:00","dateModified":"2026-03-16T15:08:45+00:00","description":"Pr\u00e9sentoir porte-brochures autoportant avec 12 pochettes 10x21 personnalisables. Cadre m\u00e9tallique argent\u00e9, porte-catalogue avec s\u00e9parateurs amovibles.","breadcrumb":{"@id":"https:\/\/www.smartystore.it\/fr\/prodotto\/porte-brochures-autoportant-avec-12-pochettes-1-3-a4\/#breadcrumb"},"inLanguage":"fr-FR","potentialAction":[{"@type":"ReadAction","target":["https:\/\/www.smartystore.it\/fr\/prodotto\/porte-brochures-autoportant-avec-12-pochettes-1-3-a4\/"]}]},{"@type":"ImageObject","inLanguage":"fr-FR","@id":"https:\/\/www.smartystore.it\/fr\/prodotto\/porte-brochures-autoportant-avec-12-pochettes-1-3-a4\/#primaryimage","url":"https:\/\/www.smartystore.it\/v25\/wp-content\/uploads\/2023\/11\/Portadepliant-a-piantana-12-tasche-1-3-A4-serie-quadra.jpg","contentUrl":"https:\/\/www.smartystore.it\/v25\/wp-content\/uploads\/2023\/11\/Portadepliant-a-piantana-12-tasche-1-3-A4-serie-quadra.jpg","width":1000,"height":1000,"caption":"Porte-brochures sur pied avec 12 pochettes 1\/3 A4 Quadra Serie"},{"@type":"BreadcrumbList","@id":"https:\/\/www.smartystore.it\/fr\/prodotto\/porte-brochures-autoportant-avec-12-pochettes-1-3-a4\/#breadcrumb","itemListElement":[{"@type":"ListItem","position":1,"name":"Home","item":"https:\/\/www.smartystore.it\/fr\/"},{"@type":"ListItem","position":2,"name":"Boutique","item":"https:\/\/www.smartystore.it\/fr\/boutique\/"},{"@type":"ListItem","position":3,"name":"Pr\u00e9sentoir de documentation 12 poches 10&#215;21"}]},{"@type":"WebSite","@id":"https:\/\/www.smartystore.it\/fr\/#website","url":"https:\/\/www.smartystore.it\/fr\/","name":"Smarty Store","description":"Espositori Pubblicitari e Sistemi di Comunicazione Visiva","potentialAction":[{"@type":"SearchAction","target":{"@type":"EntryPoint","urlTemplate":"https:\/\/www.smartystore.it\/fr\/?s={search_term_string}"},"query-input":{"@type":"PropertyValueSpecification","valueRequired":true,"valueName":"search_term_string"}}],"inLanguage":"fr-FR"}]}},"brands":[],"_links":{"self":[{"href":"https:\/\/www.smartystore.it\/fr\/wp-json\/wp\/v2\/product\/86903","targetHints":{"allow":["GET"]}}],"collection":[{"href":"https:\/\/www.smartystore.it\/fr\/wp-json\/wp\/v2\/product"}],"about":[{"href":"https:\/\/www.smartystore.it\/fr\/wp-json\/wp\/v2\/types\/product"}],"replies":[{"embeddable":true,"href":"https:\/\/www.smartystore.it\/fr\/wp-json\/wp\/v2\/comments?post=86903"}],"wp:featuredmedia":[{"embeddable":true,"href":"https:\/\/www.smartystore.it\/fr\/wp-json\/wp\/v2\/media\/86904"}],"wp:attachment":[{"href":"https:\/\/www.smartystore.it\/fr\/wp-json\/wp\/v2\/media?parent=86903"}],"wp:term":[{"taxonomy":"pwb-brand","embeddable":true,"href":"https:\/\/www.smartystore.it\/fr\/wp-json\/wp\/v2\/pwb-brand?post=86903"},{"taxonomy":"product_brand","embeddable":true,"href":"https:\/\/www.smartystore.it\/fr\/wp-json\/wp\/v2\/product_brand?post=86903"},{"taxonomy":"product_cat","embeddable":true,"href":"https:\/\/www.smartystore.it\/fr\/wp-json\/wp\/v2\/product_cat?post=86903"},{"taxonomy":"product_tag","embeddable":true,"href":"https:\/\/www.smartystore.it\/fr\/wp-json\/wp\/v2\/product_tag?post=86903"}],"curies":[{"name":"wp","href":"https:\/\/api.w.org\/{rel}","templated":true}]}}