{"id":86888,"date":"2020-07-07T12:44:39","date_gmt":"2020-07-07T10:44:39","guid":{"rendered":"https:\/\/www.smartystore.it\/prodotto\/presentoir-a-cadre-a3\/"},"modified":"2025-09-22T15:58:40","modified_gmt":"2025-09-22T13:58:40","slug":"presentoir-a-cadre-a3","status":"publish","type":"product","link":"https:\/\/www.smartystore.it\/fr\/prodotto\/presentoir-a-cadre-a3\/","title":{"rendered":"Pr\u00e9sentoir A3 \u00e0 cadre encliquetable"},"content":{"rendered":"<h2>Pr\u00e9sentoir A3 \u00e0 cadre encliquetable<\/h2>\n<p>Le Pr\u00e9sentoir A3 \u00e0 cadre encliquetable est une structure sur pied qui fait partie de la ligne QUADRA SERIES. Enti\u00e8rement r\u00e9alis\u00e9 en aluminium, il se compose d&rsquo;un cadre \u00e0 encliqueter pour les imprim\u00e9s A3, d&rsquo;un montant \u00e0 section carr\u00e9e (d&rsquo;o\u00f9 le nom de la s\u00e9rie) et d&rsquo;une base en m\u00e9tal poudr\u00e9 argent\u00e9.<\/p>\n<p>Adapt\u00e9 \u00e0 l&rsquo;affichage de messages promotionnels ou m\u00eame simplement de messages pour indiquer la direction \u00e0 suivre pour atteindre les bureaux et les \u00e9tages souhait\u00e9s, le pr\u00e9sentoir autoportant avec cadre clic-clac peut \u00eatre utilis\u00e9 dans des endroits tels que les salles d&rsquo;exposition, les supermarch\u00e9s, les r\u00e9unions, les conventions, les entr\u00e9es d&rsquo;entreprise et dans tout endroit o\u00f9 vous avez besoin d&rsquo;afficher votre message.<\/p>\n<p>Ce pr\u00e9sentoir peut \u00eatre personnalis\u00e9 selon vos besoins en choisissant la finition du cadre lors de l&rsquo;achat (angles vifs ou arrondis). Le cadre est d\u00e9j\u00e0 pr\u00eat \u00e0 l&#8217;emploi, vous pouvez donc le positionner verticalement ou horizontalement selon les informations \u00e0 afficher.<\/p>\n<p>Une autre remarque suppl\u00e9mentaire est la possibilit\u00e9 de choisir lors de la commande si vous souhaitez l&rsquo;affichage en version simple face ou double face selon que vous devez le positionner sur un passage \u00e0 sens unique ou \u00e0 double sens.<\/p>\n<h3>CARACT\u00c9RISTIQUES:<\/h3>\n<p>Cadre : cadre 25 (largeur du profil : 25 mm.).<\/p>\n<p>Possibilit\u00e9 de choisir le type de cadre : coin pointu ou coin rond chrom\u00e9.<\/p>\n<p>Possibilit\u00e9 de changer d&rsquo;orientation : verticale ou horizontale.<\/p>\n<p>Montant en aluminium anodis\u00e9 de section carr\u00e9e : H 150 &#8211; L 2 cm.<\/p>\n<p>Base carr\u00e9e en m\u00e9tal thermolaqu\u00e9 argent : L 32,5 cm. &#8211; H 0,6 cm. &#8211; D 32,5 cm.<\/p>\n<p><span style=\"text-decoration: underline;\"><strong>BASE ANTI-TR\u00c9CISSEMENT ULTRA PLATE : \u00e9paisseur 6 mm.<\/strong><\/span><\/p>\n<p>Application d&rsquo;un cadre clic-clac en aluminium argent\u00e9 avec protection PVC antireflet.<\/p>\n<p>Format imprim\u00e9 : A3.<\/p>\n<p>Surface visible : 27,7 x 40 cm<\/p>\n<p>Dimensions du cadre : 32,8 x 45,1 cm.<\/p>\n<p>Dimensions du pr\u00e9sentoir : L 32 &#8211; H 150,6 &#8211; P 32<\/p>\n<p>Poids de l&rsquo;\u00e9cran : 6,5 kg.<\/p>\n<p>SmartyStore assiste pleinement ses clients, donc si vous avez besoin d&rsquo;affiches A3 \u00e0 placer dans votre cadre, vous pouvez trouver ce que vous cherchez sur le site suivant <a href=\"https:\/\/www.smartystore.it\/fr\/prodotto\/presentoir-a-cadre-instantane-50x70-avec-montant-simple\/\" target=\"_blank\" rel=\"noopener\"><strong>LIEN<\/strong><\/a><\/p>\n<p><a href=\"https:\/\/www.smartystore.it\/v25\/wp-content\/uploads\/2025\/06\/Scheda-tecnica-cornici-autoportanti-con-cornici-A3-A4.pdf\" target=\"_blank\" rel=\"noopener\"><img loading=\"lazy\" decoding=\"async\" class=\"alignnone size-full wp-image-93510\" src=\"https:\/\/www.smartystore.it\/v25\/wp-content\/uploads\/2014\/10\/SchedaTecnica-300-e1750084266903.png\" alt=\"\" width=\"249\" height=\"63\" \/><\/a><\/p>\n","protected":false},"excerpt":{"rendered":"<p>Structure autoportante simple ou double face avec montant en aluminium anodis\u00e9 de section carr\u00e9e et cadre A3. Possibilit\u00e9 de choisir le type de finition des angles et l&rsquo;orientation du cadre.<\/p>\n","protected":false},"featured_media":86890,"comment_status":"open","ping_status":"closed","template":"","meta":{"_acf_changed":false},"pwb-brand":[],"product_brand":[],"product_cat":[2915,2912,2914,2913],"product_tag":[3940,3942,3941,3939],"class_list":{"0":"post-86888","1":"product","2":"type-product","3":"status-publish","4":"has-post-thumbnail","6":"product_cat-ecrans-avec-cadres-instantanes","7":"product_cat-cadres-instantanes","8":"product_cat-quadra-series-fr","9":"product_cat-structures-autoportantes-et-soutient","10":"product_tag-porte-message-a3-sur-pied","11":"product_tag-porte-message-double-face-a3-a-poser-au-sol","12":"product_tag-presentoir-a-encliqueter-au-sol-a3-autoportant","13":"product_tag-presentoir-a3-a-cadre-encliquetable","14":"pa_c2c_angolo-rond","15":"pa_c2c_angolo-vif","16":"pa_c2c_base-base-carree","17":"pa_c2c_color-argent","18":"pa_c2c_dimensione-a3-30x42","19":"pa_c2c_mono_bifacciale-double-face","20":"pa_c2c_mono_bifacciale-simple-face","21":"pa_c2c_orientamento-horizontal","22":"pa_c2c_orientamento-verticale","23":"pa_c2c_trovraprezzi-oui","24":"pa_serie-quadra-series","26":"first","27":"instock","28":"taxable","29":"shipping-taxable","30":"purchasable","31":"product-type-variable"},"acf":[],"yoast_head":"<!-- This site is optimized with the Yoast SEO plugin v27.4 - https:\/\/yoast.com\/product\/yoast-seo-wordpress\/ -->\n<title>Pr\u00e9sentoir A3 \u00e0 cadre encliquetable - Achetez au Meilleur Prix<\/title>\n<meta name=\"description\" content=\"Pr\u00e9sentoir A3 \u00e0 cadre encliquetable recto ou recto-verso, avec choix de la finition, ar\u00eates vives ou arrondies. Base ultra plate: 6 mm\" \/>\n<meta name=\"robots\" content=\"index, follow, max-snippet:-1, max-image-preview:large, max-video-preview:-1\" \/>\n<link rel=\"canonical\" href=\"https:\/\/www.smartystore.it\/fr\/prodotto\/presentoir-a-cadre-a3\/\" \/>\n<meta property=\"og:locale\" content=\"fr_FR\" \/>\n<meta property=\"og:type\" content=\"article\" \/>\n<meta property=\"og:title\" content=\"Pr\u00e9sentoir A3 \u00e0 cadre encliquetable - Achetez au Meilleur Prix\" \/>\n<meta property=\"og:description\" content=\"Pr\u00e9sentoir A3 \u00e0 cadre encliquetable recto ou recto-verso, avec choix de la finition, ar\u00eates vives ou arrondies. Base ultra plate: 6 mm\" \/>\n<meta property=\"og:url\" content=\"https:\/\/www.smartystore.it\/fr\/prodotto\/presentoir-a-cadre-a3\/\" \/>\n<meta property=\"og:site_name\" content=\"Smarty Store\" \/>\n<meta property=\"article:modified_time\" content=\"2025-09-22T13:58:40+00:00\" \/>\n<meta property=\"og:image\" content=\"https:\/\/www.smartystore.it\/v25\/wp-content\/uploads\/2020\/07\/Cornice-a-scatto-autoportante-A3-monofacciale-bifacciale-verticale-orizzontale-angolo-vivo-tondo-2.jpg\" \/>\n\t<meta property=\"og:image:width\" content=\"1000\" \/>\n\t<meta property=\"og:image:height\" content=\"1000\" \/>\n\t<meta property=\"og:image:type\" content=\"image\/jpeg\" \/>\n<meta name=\"twitter:card\" content=\"summary_large_image\" \/>\n<meta name=\"twitter:label1\" content=\"Dur\u00e9e de lecture estim\u00e9e\" \/>\n\t<meta name=\"twitter:data1\" content=\"3 minutes\" \/>\n<script type=\"application\/ld+json\" class=\"yoast-schema-graph\">{\"@context\":\"https:\\\/\\\/schema.org\",\"@graph\":[{\"@type\":\"WebPage\",\"@id\":\"https:\\\/\\\/www.smartystore.it\\\/fr\\\/prodotto\\\/presentoir-a-cadre-a3\\\/\",\"url\":\"https:\\\/\\\/www.smartystore.it\\\/fr\\\/prodotto\\\/presentoir-a-cadre-a3\\\/\",\"name\":\"Pr\u00e9sentoir A3 \u00e0 cadre encliquetable - Achetez au Meilleur Prix\",\"isPartOf\":{\"@id\":\"https:\\\/\\\/www.smartystore.it\\\/fr\\\/#website\"},\"primaryImageOfPage\":{\"@id\":\"https:\\\/\\\/www.smartystore.it\\\/fr\\\/prodotto\\\/presentoir-a-cadre-a3\\\/#primaryimage\"},\"image\":{\"@id\":\"https:\\\/\\\/www.smartystore.it\\\/fr\\\/prodotto\\\/presentoir-a-cadre-a3\\\/#primaryimage\"},\"thumbnailUrl\":\"https:\\\/\\\/www.smartystore.it\\\/v25\\\/wp-content\\\/uploads\\\/2020\\\/07\\\/Cornice-a-scatto-autoportante-A3-monofacciale-bifacciale-verticale-orizzontale-angolo-vivo-tondo-2.jpg\",\"datePublished\":\"2020-07-07T10:44:39+00:00\",\"dateModified\":\"2025-09-22T13:58:40+00:00\",\"description\":\"Pr\u00e9sentoir A3 \u00e0 cadre encliquetable recto ou recto-verso, avec choix de la finition, ar\u00eates vives ou arrondies. Base ultra plate: 6 mm\",\"breadcrumb\":{\"@id\":\"https:\\\/\\\/www.smartystore.it\\\/fr\\\/prodotto\\\/presentoir-a-cadre-a3\\\/#breadcrumb\"},\"inLanguage\":\"fr-FR\",\"potentialAction\":[{\"@type\":\"ReadAction\",\"target\":[\"https:\\\/\\\/www.smartystore.it\\\/fr\\\/prodotto\\\/presentoir-a-cadre-a3\\\/\"]}]},{\"@type\":\"ImageObject\",\"inLanguage\":\"fr-FR\",\"@id\":\"https:\\\/\\\/www.smartystore.it\\\/fr\\\/prodotto\\\/presentoir-a-cadre-a3\\\/#primaryimage\",\"url\":\"https:\\\/\\\/www.smartystore.it\\\/v25\\\/wp-content\\\/uploads\\\/2020\\\/07\\\/Cornice-a-scatto-autoportante-A3-monofacciale-bifacciale-verticale-orizzontale-angolo-vivo-tondo-2.jpg\",\"contentUrl\":\"https:\\\/\\\/www.smartystore.it\\\/v25\\\/wp-content\\\/uploads\\\/2020\\\/07\\\/Cornice-a-scatto-autoportante-A3-monofacciale-bifacciale-verticale-orizzontale-angolo-vivo-tondo-2.jpg\",\"width\":1000,\"height\":1000,\"caption\":\"Cadre \u00e0 pression autoportant A3 simple face double face vertical horizontal coin vif rond 2\"},{\"@type\":\"BreadcrumbList\",\"@id\":\"https:\\\/\\\/www.smartystore.it\\\/fr\\\/prodotto\\\/presentoir-a-cadre-a3\\\/#breadcrumb\",\"itemListElement\":[{\"@type\":\"ListItem\",\"position\":1,\"name\":\"Home\",\"item\":\"https:\\\/\\\/www.smartystore.it\\\/fr\\\/\"},{\"@type\":\"ListItem\",\"position\":2,\"name\":\"Boutique\",\"item\":\"https:\\\/\\\/www.smartystore.it\\\/fr\\\/boutique\\\/\"},{\"@type\":\"ListItem\",\"position\":3,\"name\":\"Pr\u00e9sentoir A3 \u00e0 cadre encliquetable\"}]},{\"@type\":\"WebSite\",\"@id\":\"https:\\\/\\\/www.smartystore.it\\\/fr\\\/#website\",\"url\":\"https:\\\/\\\/www.smartystore.it\\\/fr\\\/\",\"name\":\"Smarty Store\",\"description\":\"Espositori Pubblicitari e Sistemi di Comunicazione Visiva\",\"potentialAction\":[{\"@type\":\"SearchAction\",\"target\":{\"@type\":\"EntryPoint\",\"urlTemplate\":\"https:\\\/\\\/www.smartystore.it\\\/fr\\\/?s={search_term_string}\"},\"query-input\":{\"@type\":\"PropertyValueSpecification\",\"valueRequired\":true,\"valueName\":\"search_term_string\"}}],\"inLanguage\":\"fr-FR\"}]}<\/script>\n<!-- \/ Yoast SEO plugin. -->","yoast_head_json":{"title":"Pr\u00e9sentoir A3 \u00e0 cadre encliquetable - Achetez au Meilleur Prix","description":"Pr\u00e9sentoir A3 \u00e0 cadre encliquetable recto ou recto-verso, avec choix de la finition, ar\u00eates vives ou arrondies. Base ultra plate: 6 mm","robots":{"index":"index","follow":"follow","max-snippet":"max-snippet:-1","max-image-preview":"max-image-preview:large","max-video-preview":"max-video-preview:-1"},"canonical":"https:\/\/www.smartystore.it\/fr\/prodotto\/presentoir-a-cadre-a3\/","og_locale":"fr_FR","og_type":"article","og_title":"Pr\u00e9sentoir A3 \u00e0 cadre encliquetable - Achetez au Meilleur Prix","og_description":"Pr\u00e9sentoir A3 \u00e0 cadre encliquetable recto ou recto-verso, avec choix de la finition, ar\u00eates vives ou arrondies. Base ultra plate: 6 mm","og_url":"https:\/\/www.smartystore.it\/fr\/prodotto\/presentoir-a-cadre-a3\/","og_site_name":"Smarty Store","article_modified_time":"2025-09-22T13:58:40+00:00","og_image":[{"width":1000,"height":1000,"url":"https:\/\/www.smartystore.it\/v25\/wp-content\/uploads\/2020\/07\/Cornice-a-scatto-autoportante-A3-monofacciale-bifacciale-verticale-orizzontale-angolo-vivo-tondo-2.jpg","type":"image\/jpeg"}],"twitter_card":"summary_large_image","twitter_misc":{"Dur\u00e9e de lecture estim\u00e9e":"3 minutes"},"schema":{"@context":"https:\/\/schema.org","@graph":[{"@type":"WebPage","@id":"https:\/\/www.smartystore.it\/fr\/prodotto\/presentoir-a-cadre-a3\/","url":"https:\/\/www.smartystore.it\/fr\/prodotto\/presentoir-a-cadre-a3\/","name":"Pr\u00e9sentoir A3 \u00e0 cadre encliquetable - Achetez au Meilleur Prix","isPartOf":{"@id":"https:\/\/www.smartystore.it\/fr\/#website"},"primaryImageOfPage":{"@id":"https:\/\/www.smartystore.it\/fr\/prodotto\/presentoir-a-cadre-a3\/#primaryimage"},"image":{"@id":"https:\/\/www.smartystore.it\/fr\/prodotto\/presentoir-a-cadre-a3\/#primaryimage"},"thumbnailUrl":"https:\/\/www.smartystore.it\/v25\/wp-content\/uploads\/2020\/07\/Cornice-a-scatto-autoportante-A3-monofacciale-bifacciale-verticale-orizzontale-angolo-vivo-tondo-2.jpg","datePublished":"2020-07-07T10:44:39+00:00","dateModified":"2025-09-22T13:58:40+00:00","description":"Pr\u00e9sentoir A3 \u00e0 cadre encliquetable recto ou recto-verso, avec choix de la finition, ar\u00eates vives ou arrondies. Base ultra plate: 6 mm","breadcrumb":{"@id":"https:\/\/www.smartystore.it\/fr\/prodotto\/presentoir-a-cadre-a3\/#breadcrumb"},"inLanguage":"fr-FR","potentialAction":[{"@type":"ReadAction","target":["https:\/\/www.smartystore.it\/fr\/prodotto\/presentoir-a-cadre-a3\/"]}]},{"@type":"ImageObject","inLanguage":"fr-FR","@id":"https:\/\/www.smartystore.it\/fr\/prodotto\/presentoir-a-cadre-a3\/#primaryimage","url":"https:\/\/www.smartystore.it\/v25\/wp-content\/uploads\/2020\/07\/Cornice-a-scatto-autoportante-A3-monofacciale-bifacciale-verticale-orizzontale-angolo-vivo-tondo-2.jpg","contentUrl":"https:\/\/www.smartystore.it\/v25\/wp-content\/uploads\/2020\/07\/Cornice-a-scatto-autoportante-A3-monofacciale-bifacciale-verticale-orizzontale-angolo-vivo-tondo-2.jpg","width":1000,"height":1000,"caption":"Cadre \u00e0 pression autoportant A3 simple face double face vertical horizontal coin vif rond 2"},{"@type":"BreadcrumbList","@id":"https:\/\/www.smartystore.it\/fr\/prodotto\/presentoir-a-cadre-a3\/#breadcrumb","itemListElement":[{"@type":"ListItem","position":1,"name":"Home","item":"https:\/\/www.smartystore.it\/fr\/"},{"@type":"ListItem","position":2,"name":"Boutique","item":"https:\/\/www.smartystore.it\/fr\/boutique\/"},{"@type":"ListItem","position":3,"name":"Pr\u00e9sentoir A3 \u00e0 cadre encliquetable"}]},{"@type":"WebSite","@id":"https:\/\/www.smartystore.it\/fr\/#website","url":"https:\/\/www.smartystore.it\/fr\/","name":"Smarty Store","description":"Espositori Pubblicitari e Sistemi di Comunicazione Visiva","potentialAction":[{"@type":"SearchAction","target":{"@type":"EntryPoint","urlTemplate":"https:\/\/www.smartystore.it\/fr\/?s={search_term_string}"},"query-input":{"@type":"PropertyValueSpecification","valueRequired":true,"valueName":"search_term_string"}}],"inLanguage":"fr-FR"}]}},"brands":[],"_links":{"self":[{"href":"https:\/\/www.smartystore.it\/fr\/wp-json\/wp\/v2\/product\/86888","targetHints":{"allow":["GET"]}}],"collection":[{"href":"https:\/\/www.smartystore.it\/fr\/wp-json\/wp\/v2\/product"}],"about":[{"href":"https:\/\/www.smartystore.it\/fr\/wp-json\/wp\/v2\/types\/product"}],"replies":[{"embeddable":true,"href":"https:\/\/www.smartystore.it\/fr\/wp-json\/wp\/v2\/comments?post=86888"}],"wp:featuredmedia":[{"embeddable":true,"href":"https:\/\/www.smartystore.it\/fr\/wp-json\/wp\/v2\/media\/86890"}],"wp:attachment":[{"href":"https:\/\/www.smartystore.it\/fr\/wp-json\/wp\/v2\/media?parent=86888"}],"wp:term":[{"taxonomy":"pwb-brand","embeddable":true,"href":"https:\/\/www.smartystore.it\/fr\/wp-json\/wp\/v2\/pwb-brand?post=86888"},{"taxonomy":"product_brand","embeddable":true,"href":"https:\/\/www.smartystore.it\/fr\/wp-json\/wp\/v2\/product_brand?post=86888"},{"taxonomy":"product_cat","embeddable":true,"href":"https:\/\/www.smartystore.it\/fr\/wp-json\/wp\/v2\/product_cat?post=86888"},{"taxonomy":"product_tag","embeddable":true,"href":"https:\/\/www.smartystore.it\/fr\/wp-json\/wp\/v2\/product_tag?post=86888"}],"curies":[{"name":"wp","href":"https:\/\/api.w.org\/{rel}","templated":true}]}}