{"id":86779,"date":"2024-03-13T12:56:11","date_gmt":"2024-03-13T10:56:11","guid":{"rendered":"https:\/\/www.smartystore.it\/prodotto\/pupitre-podium-transparent-avec-etagere-a-livres-et-trois-etageres-porte-objets\/"},"modified":"2025-08-19T11:59:00","modified_gmt":"2025-08-19T09:59:00","slug":"pupitre-podium-transparent-avec-etagere-a-livres-et-trois-etageres-porte-objets","status":"publish","type":"product","link":"https:\/\/www.smartystore.it\/fr\/prodotto\/pupitre-podium-transparent-avec-etagere-a-livres-et-trois-etageres-porte-objets\/","title":{"rendered":"Pupitre transparent avec \u00e9tag\u00e8re \u00e0 livres et trois tablettes"},"content":{"rendered":"<h2>Pupitre transparent avec \u00e9tag\u00e8re \u00e0 livres et trois tablettes<\/h2>\n<p>Il se compose d&rsquo;une structure en acolonne, d&rsquo;une \u00e9tag\u00e8re horizontale A3 (ou verticale 2xA4) sur le dessus et de trois \u00e9tag\u00e8res transparentes \u00e0 l&rsquo;int\u00e9rieur pour le rangement de menus, de catalogues, d&rsquo;expositions et d&rsquo;objets divers.<\/p>\n<p>La structure, r\u00e9alis\u00e9e en m\u00e9thacrylate transparent de 8 mm d&rsquo;\u00e9paisseur, se caract\u00e9rise par sa l\u00e9g\u00e8ret\u00e9 visuelle et sa solidit\u00e9. Le pr\u00e9sentoir, de forme \u00e9l\u00e9gante et classique, est \u00e9quip\u00e9 d&rsquo;une base carr\u00e9e de 40&#215;40 cm, d&rsquo;une \u00e9tag\u00e8re \u00e0 livres de 40 mm de hauteur qui peut supporter tout type de communication, de la simple notice au livre plus volumineux, et \u00e0 l&rsquo;int\u00e9rieur de la structure \u00e0 colonnes, pas moins de trois \u00e9tag\u00e8res de 30&#215;34 cm qui peuvent \u00eatre utilis\u00e9es de diff\u00e9rentes mani\u00e8res en fonction des besoins. Par exemple, il est possible de stocker des exemplaires du catalogue pour les clients ou d&rsquo;exposer les produits pr\u00e9sent\u00e9s dans le catalogue.  <\/p>\n<p>Id\u00e9al pour placer le livre de r\u00e9servation ou le menu dans les restaurants, mais aussi comme chaire professionnelle pour des lieux tels que les salles de conf\u00e9rence, les lieux de culte et les salles de r\u00e9ception, pour soutenir les communications, les livres mais aussi les ordinateurs portables pour les pr\u00e9sentations et les r\u00e9unions.<\/p>\n<p>\u00c9galement disponible dans une version plus simple pour afficher un message A4 vertical : <strong><a href=\"https:\/\/www.smartystore.it\/fr\/prodotto\/support-de-sol-transparent-en-forme-de-z-avec-pochette-a4\/\" target=\"_blank\" rel=\"noopener\">LIEN<\/a><\/strong><\/p>\n<p>Mais aussi dans une version en forme de Z avec une \u00e9tag\u00e8re \u00e0 livres : <strong><a href=\"https:\/\/www.smartystore.it\/fr\/prodotto\/pupitre-podium-transparent-avec-etagere-a-livres\/\" target=\"_blank\" rel=\"noopener\">LIEN<\/a><\/strong><\/p>\n<h3>CARACT\u00c9RISTIQUES:<\/h3>\n<p>Pr\u00e9sentoir sur pied avec trois \u00e9tag\u00e8res pour catalogues\/objets et une \u00e9tag\u00e8re horizontale pour livres A3 (ou verticale 2xA4).<\/p>\n<p>Mat\u00e9riau : m\u00e9thacrylate.<\/p>\n<p>Couleur : enti\u00e8rement transparent.<\/p>\n<p>\u00c9paisseur : 8 mm.<\/p>\n<p>\u00c9tag\u00e8re de livres : A3 horizontal (ou 2xA4 vertical).<\/p>\n<p>Dimensions de l&rsquo;\u00e9tag\u00e8re : L 46,0 x P 35,0 cm.<\/p>\n<p>Hauteur de l&rsquo;\u00e9tag\u00e8re : 4,0 cm.<\/p>\n<p>Trois \u00e9tag\u00e8res transparentes : L 30,0 x P 34,0 cm.<\/p>\n<p>Utilisation : simple face.<\/p>\n<p>Dimensions (en cm) : L 46,0 x P 40,0 x H 120,0.<\/p>\n<p>Poids de l&rsquo;\u00e9cran : 15 kg<\/p>\n<p><a href=\"https:\/\/www.smartystore.it\/v25\/wp-content\/uploads\/2024\/03\/STR-LGG03-P-Z.pdf\" target=\"_blank\" rel=\"noopener\"><img loading=\"lazy\" decoding=\"async\" class=\"alignnone size-full wp-image-93510\" src=\"https:\/\/www.smartystore.it\/v25\/wp-content\/uploads\/2014\/10\/SchedaTecnica-300-e1750084266903.png\" alt=\"\" width=\"249\" height=\"63\"><\/a><\/p>\n","protected":false},"excerpt":{"rendered":"<p>Pr\u00e9sentoir de pupitre en plexiglas transparent avec \u00e9tag\u00e8re \u00e0 livres et trois \u00e9tag\u00e8res de rangement.<\/p>\n","protected":false},"featured_media":86768,"comment_status":"open","ping_status":"closed","template":"","meta":{"_acf_changed":false},"pwb-brand":[],"product_brand":[],"product_cat":[3010,3024],"product_tag":[4208,4212,3180,4209,4210,4207,4211],"class_list":{"0":"post-86779","1":"product","2":"type-product","3":"status-publish","4":"has-post-thumbnail","6":"product_cat-affichage-porte-avis-emplacement","7":"product_cat-pupitres-et-tables","8":"product_tag-podium-transparent-pupitre","9":"product_tag-podiums-pupitres","10":"product_tag-pupitre","11":"product_tag-pupitre-avec-etagere-a-livres","12":"product_tag-pupitre-avec-etageres","13":"product_tag-pupitre-en-plexiglas-transparent","14":"product_tag-pupitres-transparents","15":"pa_c2c_base-base-carree","16":"pa_c2c_color-transparent","17":"pa_c2c_dimensione-a3-fr","18":"pa_c2c_mono_bifacciale-simple-face","19":"pa_c2c_trovraprezzi-oui","21":"first","22":"instock","23":"taxable","24":"shipping-taxable","25":"purchasable","26":"product-type-simple"},"acf":[],"yoast_head":"<!-- This site is optimized with the Yoast SEO plugin v27.4 - https:\/\/yoast.com\/product\/yoast-seo-wordpress\/ -->\n<title>Pupitre transparent avec \u00e9tag\u00e8re \u00e0 livres et trois tablettes - Smarty Store<\/title>\n<meta name=\"description\" content=\"Pupitre de conf\u00e9rence transparent avec tablette horizontale pour livres A3 (ou verticale 2xA4) et trois tablettes de rangement transparentes. Robuste et stable\" \/>\n<meta name=\"robots\" content=\"index, follow, max-snippet:-1, max-image-preview:large, max-video-preview:-1\" \/>\n<link rel=\"canonical\" href=\"https:\/\/www.smartystore.it\/fr\/prodotto\/pupitre-podium-transparent-avec-etagere-a-livres-et-trois-etageres-porte-objets\/\" \/>\n<meta property=\"og:locale\" content=\"fr_FR\" \/>\n<meta property=\"og:type\" content=\"article\" \/>\n<meta property=\"og:title\" content=\"Pupitre transparent avec \u00e9tag\u00e8re \u00e0 livres et trois tablettes - Smarty Store\" \/>\n<meta property=\"og:description\" content=\"Pupitre de conf\u00e9rence transparent avec tablette horizontale pour livres A3 (ou verticale 2xA4) et trois tablettes de rangement transparentes. Robuste et stable\" \/>\n<meta property=\"og:url\" content=\"https:\/\/www.smartystore.it\/fr\/prodotto\/pupitre-podium-transparent-avec-etagere-a-livres-et-trois-etageres-porte-objets\/\" \/>\n<meta property=\"og:site_name\" content=\"Smarty Store\" \/>\n<meta property=\"article:modified_time\" content=\"2025-08-19T09:59:00+00:00\" \/>\n<meta property=\"og:image\" content=\"https:\/\/www.smartystore.it\/v25\/wp-content\/uploads\/2024\/03\/Leggio-trasparente-a-podio-con-ripiano-reggi-libro-e-tre-ripiani-porta-oggetti.jpg\" \/>\n\t<meta property=\"og:image:width\" content=\"1000\" \/>\n\t<meta property=\"og:image:height\" content=\"1000\" \/>\n\t<meta property=\"og:image:type\" content=\"image\/jpeg\" \/>\n<meta name=\"twitter:card\" content=\"summary_large_image\" \/>\n<meta name=\"twitter:label1\" content=\"Dur\u00e9e de lecture estim\u00e9e\" \/>\n\t<meta name=\"twitter:data1\" content=\"2 minutes\" \/>\n<script type=\"application\/ld+json\" class=\"yoast-schema-graph\">{\"@context\":\"https:\\\/\\\/schema.org\",\"@graph\":[{\"@type\":\"WebPage\",\"@id\":\"https:\\\/\\\/www.smartystore.it\\\/fr\\\/prodotto\\\/pupitre-podium-transparent-avec-etagere-a-livres-et-trois-etageres-porte-objets\\\/\",\"url\":\"https:\\\/\\\/www.smartystore.it\\\/fr\\\/prodotto\\\/pupitre-podium-transparent-avec-etagere-a-livres-et-trois-etageres-porte-objets\\\/\",\"name\":\"Pupitre transparent avec \u00e9tag\u00e8re \u00e0 livres et trois tablettes - Smarty Store\",\"isPartOf\":{\"@id\":\"https:\\\/\\\/www.smartystore.it\\\/fr\\\/#website\"},\"primaryImageOfPage\":{\"@id\":\"https:\\\/\\\/www.smartystore.it\\\/fr\\\/prodotto\\\/pupitre-podium-transparent-avec-etagere-a-livres-et-trois-etageres-porte-objets\\\/#primaryimage\"},\"image\":{\"@id\":\"https:\\\/\\\/www.smartystore.it\\\/fr\\\/prodotto\\\/pupitre-podium-transparent-avec-etagere-a-livres-et-trois-etageres-porte-objets\\\/#primaryimage\"},\"thumbnailUrl\":\"https:\\\/\\\/www.smartystore.it\\\/v25\\\/wp-content\\\/uploads\\\/2024\\\/03\\\/Leggio-trasparente-a-podio-con-ripiano-reggi-libro-e-tre-ripiani-porta-oggetti.jpg\",\"datePublished\":\"2024-03-13T10:56:11+00:00\",\"dateModified\":\"2025-08-19T09:59:00+00:00\",\"description\":\"Pupitre de conf\u00e9rence transparent avec tablette horizontale pour livres A3 (ou verticale 2xA4) et trois tablettes de rangement transparentes. Robuste et stable\",\"breadcrumb\":{\"@id\":\"https:\\\/\\\/www.smartystore.it\\\/fr\\\/prodotto\\\/pupitre-podium-transparent-avec-etagere-a-livres-et-trois-etageres-porte-objets\\\/#breadcrumb\"},\"inLanguage\":\"fr-FR\",\"potentialAction\":[{\"@type\":\"ReadAction\",\"target\":[\"https:\\\/\\\/www.smartystore.it\\\/fr\\\/prodotto\\\/pupitre-podium-transparent-avec-etagere-a-livres-et-trois-etageres-porte-objets\\\/\"]}]},{\"@type\":\"ImageObject\",\"inLanguage\":\"fr-FR\",\"@id\":\"https:\\\/\\\/www.smartystore.it\\\/fr\\\/prodotto\\\/pupitre-podium-transparent-avec-etagere-a-livres-et-trois-etageres-porte-objets\\\/#primaryimage\",\"url\":\"https:\\\/\\\/www.smartystore.it\\\/v25\\\/wp-content\\\/uploads\\\/2024\\\/03\\\/Leggio-trasparente-a-podio-con-ripiano-reggi-libro-e-tre-ripiani-porta-oggetti.jpg\",\"contentUrl\":\"https:\\\/\\\/www.smartystore.it\\\/v25\\\/wp-content\\\/uploads\\\/2024\\\/03\\\/Leggio-trasparente-a-podio-con-ripiano-reggi-libro-e-tre-ripiani-porta-oggetti.jpg\",\"width\":1000,\"height\":1000},{\"@type\":\"BreadcrumbList\",\"@id\":\"https:\\\/\\\/www.smartystore.it\\\/fr\\\/prodotto\\\/pupitre-podium-transparent-avec-etagere-a-livres-et-trois-etageres-porte-objets\\\/#breadcrumb\",\"itemListElement\":[{\"@type\":\"ListItem\",\"position\":1,\"name\":\"Home\",\"item\":\"https:\\\/\\\/www.smartystore.it\\\/fr\\\/\"},{\"@type\":\"ListItem\",\"position\":2,\"name\":\"Boutique\",\"item\":\"https:\\\/\\\/www.smartystore.it\\\/fr\\\/boutique\\\/\"},{\"@type\":\"ListItem\",\"position\":3,\"name\":\"Pupitre transparent avec \u00e9tag\u00e8re \u00e0 livres et trois tablettes\"}]},{\"@type\":\"WebSite\",\"@id\":\"https:\\\/\\\/www.smartystore.it\\\/fr\\\/#website\",\"url\":\"https:\\\/\\\/www.smartystore.it\\\/fr\\\/\",\"name\":\"Smarty Store\",\"description\":\"Espositori Pubblicitari e Sistemi di Comunicazione Visiva\",\"potentialAction\":[{\"@type\":\"SearchAction\",\"target\":{\"@type\":\"EntryPoint\",\"urlTemplate\":\"https:\\\/\\\/www.smartystore.it\\\/fr\\\/?s={search_term_string}\"},\"query-input\":{\"@type\":\"PropertyValueSpecification\",\"valueRequired\":true,\"valueName\":\"search_term_string\"}}],\"inLanguage\":\"fr-FR\"}]}<\/script>\n<!-- \/ Yoast SEO plugin. -->","yoast_head_json":{"title":"Pupitre transparent avec \u00e9tag\u00e8re \u00e0 livres et trois tablettes - Smarty Store","description":"Pupitre de conf\u00e9rence transparent avec tablette horizontale pour livres A3 (ou verticale 2xA4) et trois tablettes de rangement transparentes. Robuste et stable","robots":{"index":"index","follow":"follow","max-snippet":"max-snippet:-1","max-image-preview":"max-image-preview:large","max-video-preview":"max-video-preview:-1"},"canonical":"https:\/\/www.smartystore.it\/fr\/prodotto\/pupitre-podium-transparent-avec-etagere-a-livres-et-trois-etageres-porte-objets\/","og_locale":"fr_FR","og_type":"article","og_title":"Pupitre transparent avec \u00e9tag\u00e8re \u00e0 livres et trois tablettes - Smarty Store","og_description":"Pupitre de conf\u00e9rence transparent avec tablette horizontale pour livres A3 (ou verticale 2xA4) et trois tablettes de rangement transparentes. Robuste et stable","og_url":"https:\/\/www.smartystore.it\/fr\/prodotto\/pupitre-podium-transparent-avec-etagere-a-livres-et-trois-etageres-porte-objets\/","og_site_name":"Smarty Store","article_modified_time":"2025-08-19T09:59:00+00:00","og_image":[{"width":1000,"height":1000,"url":"https:\/\/www.smartystore.it\/v25\/wp-content\/uploads\/2024\/03\/Leggio-trasparente-a-podio-con-ripiano-reggi-libro-e-tre-ripiani-porta-oggetti.jpg","type":"image\/jpeg"}],"twitter_card":"summary_large_image","twitter_misc":{"Dur\u00e9e de lecture estim\u00e9e":"2 minutes"},"schema":{"@context":"https:\/\/schema.org","@graph":[{"@type":"WebPage","@id":"https:\/\/www.smartystore.it\/fr\/prodotto\/pupitre-podium-transparent-avec-etagere-a-livres-et-trois-etageres-porte-objets\/","url":"https:\/\/www.smartystore.it\/fr\/prodotto\/pupitre-podium-transparent-avec-etagere-a-livres-et-trois-etageres-porte-objets\/","name":"Pupitre transparent avec \u00e9tag\u00e8re \u00e0 livres et trois tablettes - Smarty Store","isPartOf":{"@id":"https:\/\/www.smartystore.it\/fr\/#website"},"primaryImageOfPage":{"@id":"https:\/\/www.smartystore.it\/fr\/prodotto\/pupitre-podium-transparent-avec-etagere-a-livres-et-trois-etageres-porte-objets\/#primaryimage"},"image":{"@id":"https:\/\/www.smartystore.it\/fr\/prodotto\/pupitre-podium-transparent-avec-etagere-a-livres-et-trois-etageres-porte-objets\/#primaryimage"},"thumbnailUrl":"https:\/\/www.smartystore.it\/v25\/wp-content\/uploads\/2024\/03\/Leggio-trasparente-a-podio-con-ripiano-reggi-libro-e-tre-ripiani-porta-oggetti.jpg","datePublished":"2024-03-13T10:56:11+00:00","dateModified":"2025-08-19T09:59:00+00:00","description":"Pupitre de conf\u00e9rence transparent avec tablette horizontale pour livres A3 (ou verticale 2xA4) et trois tablettes de rangement transparentes. Robuste et stable","breadcrumb":{"@id":"https:\/\/www.smartystore.it\/fr\/prodotto\/pupitre-podium-transparent-avec-etagere-a-livres-et-trois-etageres-porte-objets\/#breadcrumb"},"inLanguage":"fr-FR","potentialAction":[{"@type":"ReadAction","target":["https:\/\/www.smartystore.it\/fr\/prodotto\/pupitre-podium-transparent-avec-etagere-a-livres-et-trois-etageres-porte-objets\/"]}]},{"@type":"ImageObject","inLanguage":"fr-FR","@id":"https:\/\/www.smartystore.it\/fr\/prodotto\/pupitre-podium-transparent-avec-etagere-a-livres-et-trois-etageres-porte-objets\/#primaryimage","url":"https:\/\/www.smartystore.it\/v25\/wp-content\/uploads\/2024\/03\/Leggio-trasparente-a-podio-con-ripiano-reggi-libro-e-tre-ripiani-porta-oggetti.jpg","contentUrl":"https:\/\/www.smartystore.it\/v25\/wp-content\/uploads\/2024\/03\/Leggio-trasparente-a-podio-con-ripiano-reggi-libro-e-tre-ripiani-porta-oggetti.jpg","width":1000,"height":1000},{"@type":"BreadcrumbList","@id":"https:\/\/www.smartystore.it\/fr\/prodotto\/pupitre-podium-transparent-avec-etagere-a-livres-et-trois-etageres-porte-objets\/#breadcrumb","itemListElement":[{"@type":"ListItem","position":1,"name":"Home","item":"https:\/\/www.smartystore.it\/fr\/"},{"@type":"ListItem","position":2,"name":"Boutique","item":"https:\/\/www.smartystore.it\/fr\/boutique\/"},{"@type":"ListItem","position":3,"name":"Pupitre transparent avec \u00e9tag\u00e8re \u00e0 livres et trois tablettes"}]},{"@type":"WebSite","@id":"https:\/\/www.smartystore.it\/fr\/#website","url":"https:\/\/www.smartystore.it\/fr\/","name":"Smarty Store","description":"Espositori Pubblicitari e Sistemi di Comunicazione Visiva","potentialAction":[{"@type":"SearchAction","target":{"@type":"EntryPoint","urlTemplate":"https:\/\/www.smartystore.it\/fr\/?s={search_term_string}"},"query-input":{"@type":"PropertyValueSpecification","valueRequired":true,"valueName":"search_term_string"}}],"inLanguage":"fr-FR"}]}},"brands":[],"_links":{"self":[{"href":"https:\/\/www.smartystore.it\/fr\/wp-json\/wp\/v2\/product\/86779","targetHints":{"allow":["GET"]}}],"collection":[{"href":"https:\/\/www.smartystore.it\/fr\/wp-json\/wp\/v2\/product"}],"about":[{"href":"https:\/\/www.smartystore.it\/fr\/wp-json\/wp\/v2\/types\/product"}],"replies":[{"embeddable":true,"href":"https:\/\/www.smartystore.it\/fr\/wp-json\/wp\/v2\/comments?post=86779"}],"wp:featuredmedia":[{"embeddable":true,"href":"https:\/\/www.smartystore.it\/fr\/wp-json\/wp\/v2\/media\/86768"}],"wp:attachment":[{"href":"https:\/\/www.smartystore.it\/fr\/wp-json\/wp\/v2\/media?parent=86779"}],"wp:term":[{"taxonomy":"pwb-brand","embeddable":true,"href":"https:\/\/www.smartystore.it\/fr\/wp-json\/wp\/v2\/pwb-brand?post=86779"},{"taxonomy":"product_brand","embeddable":true,"href":"https:\/\/www.smartystore.it\/fr\/wp-json\/wp\/v2\/product_brand?post=86779"},{"taxonomy":"product_cat","embeddable":true,"href":"https:\/\/www.smartystore.it\/fr\/wp-json\/wp\/v2\/product_cat?post=86779"},{"taxonomy":"product_tag","embeddable":true,"href":"https:\/\/www.smartystore.it\/fr\/wp-json\/wp\/v2\/product_tag?post=86779"}],"curies":[{"name":"wp","href":"https:\/\/api.w.org\/{rel}","templated":true}]}}