{"id":86763,"date":"2024-03-13T11:18:50","date_gmt":"2024-03-13T09:18:50","guid":{"rendered":"https:\/\/www.smartystore.it\/prodotto\/pupitre-podium-transparent-avec-etagere-a-livres\/"},"modified":"2025-08-19T11:06:51","modified_gmt":"2025-08-19T09:06:51","slug":"pupitre-podium-transparent-avec-etagere-a-livres","status":"publish","type":"product","link":"https:\/\/www.smartystore.it\/fr\/prodotto\/pupitre-podium-transparent-avec-etagere-a-livres\/","title":{"rendered":"Pupitre transparent avec \u00e9tag\u00e8re \u00e0 livres"},"content":{"rendered":"<div class=\"wpb-content-wrapper\"><p>[vc_row][vc_column][vc_column_text css=\u00a0\u00bb\u00a0\u00bb css_params=\u00a0\u00bb\u00a0\u00bb]<\/p>\n<h2>Pupitre transparent avec \u00e9tag\u00e8re \u00e0 livres<\/h2>\n<p>Le pupitre transparent avec \u00e9tag\u00e8re \u00e0 livres est un support sur pied au design \u00e9l\u00e9gant et discret qui s&rsquo;adapte \u00e0 tous les contextes. Il se compose d&rsquo;une structure en forme de Z avec des montants centraux et une \u00e9tag\u00e8re \u00e0 livres horizontale de format A3 (ou verticale de format 2xA4).<\/p>\n<p>La structure, en m\u00e9thacrylate transparent de 8 mm d&rsquo;\u00e9paisseur, se caract\u00e9rise par sa l\u00e9g\u00e8ret\u00e9 visuelle et sa solidit\u00e9. Le pr\u00e9sentoir, pli\u00e9 \u00e0 chaud pour cr\u00e9er une forme en Z \u00e9l\u00e9gante et moderne, est \u00e9quip\u00e9 d&rsquo;un double montant central et d&rsquo;un plateau avec une \u00e9tag\u00e8re de 40 mm de haut. Cela lui permet de supporter tous les types de documents, des notices simples aux livres volumineux. <\/p>\n<p>Id\u00e9al pour placer le livre de r\u00e9servation ou le menu dans les restaurants, mais aussi comme chaire professionnelle pour les lieux tels que les salles de conf\u00e9rence, les conventions, les lieux de culte et les salles de r\u00e9ception, pour soutenir les communications, les livres mais aussi les ordinateurs portables pour les pr\u00e9sentations et les r\u00e9unions.<\/p>\n<p>\u00c9galement disponible dans une version plus simple pour afficher un message A4 vertical : <strong><a href=\"https:\/\/www.smartystore.it\/fr\/prodotto\/support-de-sol-transparent-en-forme-de-z-avec-pochette-a4\/\" target=\"_blank\" rel=\"noopener\">LIEN<\/a><\/strong><\/p>\n<p>Existe \u00e9galement en version avec \u00e9tag\u00e8re sup\u00e9rieure et trois \u00e9tag\u00e8res de rangement int\u00e9rieures : <strong><a href=\"https:\/\/www.smartystore.it\/fr\/prodotto\/pupitre-podium-transparent-avec-etagere-a-livres-et-trois-etageres-porte-objets\/\" target=\"_blank\" rel=\"noopener\">LIEN<\/a><\/strong><\/p>\n<h3>CARACT\u00c9RISTIQUES:<\/h3>\n<p>Pr\u00e9sentoir autoportant en forme de Z avec doubles montants.<\/p>\n<p>Mat\u00e9riau : m\u00e9thacrylate.<\/p>\n<p>Couleur : enti\u00e8rement transparent.<\/p>\n<p>\u00c9paisseur : 8 mm.<\/p>\n<p>\u00c9tag\u00e8re de livres : A3 horizontal (ou 2xA4 vertical).<\/p>\n<p>Dimensions de l&rsquo;\u00e9tag\u00e8re : L 48,0 x P 32,5 cm.<\/p>\n<p>Hauteur de l&rsquo;\u00e9tag\u00e8re : 40 mm.<\/p>\n<p>Utilisation : simple face.<\/p>\n<p>Dimensions de la base : L 48,0 x P 44,0 cm.<\/p>\n<p>Dimensions (en cm) : L 48,0 x P 44,0 x H 128,5.<\/p>\n<p>Poids de l&rsquo;\u00e9cran : 11 kg<\/p>\n<p><a href=\"https:\/\/www.smartystore.it\/v25\/wp-content\/uploads\/2024\/03\/STR-LGG03-P-Z.pdf\" target=\"_blank\" rel=\"noopener\"><img loading=\"lazy\" decoding=\"async\" class=\"alignnone size-full wp-image-93510\" src=\"https:\/\/www.smartystore.it\/v25\/wp-content\/uploads\/2014\/10\/SchedaTecnica-300-e1750084266903.png\" alt=\"\" width=\"249\" height=\"63\"><\/a>[\/vc_column_text][\/vc_column][\/vc_row]<\/p>\n<\/div>","protected":false},"excerpt":{"rendered":"<p>Pr\u00e9sentoir en plexiglas transparent en forme de Z avec \u00e9tag\u00e8re \u00e0 livres.<\/p>\n","protected":false},"featured_media":86733,"comment_status":"open","ping_status":"closed","template":"","meta":{"_acf_changed":false},"pwb-brand":[],"product_brand":[],"product_cat":[3010,3024],"product_tag":[4242,4230,4239,4240,4227,4225,4241],"class_list":{"0":"post-86763","1":"product","2":"type-product","3":"status-publish","4":"has-post-thumbnail","6":"product_cat-affichage-porte-avis-emplacement","7":"product_cat-pupitres-et-tables","8":"product_tag-porte-message-a3-sur-pied-fr","9":"product_tag-porte-message-en-plexiglas","10":"product_tag-pupitre-avec-pochette-a3","11":"product_tag-pupitre-en-z-avec-pochette-a3","12":"product_tag-pupitre-sur-pied-en-plexiglas","13":"product_tag-pupitre-transparent","14":"product_tag-support-en-plexiglas-avec-pochette-a3","15":"pa_c2c_color-transparent","16":"pa_c2c_dimensione-a3-fr","17":"pa_c2c_mono_bifacciale-simple-face","18":"pa_c2c_trovraprezzi-oui","20":"first","21":"instock","22":"taxable","23":"shipping-taxable","24":"purchasable","25":"product-type-simple"},"acf":[],"yoast_head":"<!-- This site is optimized with the Yoast SEO plugin v27.4 - https:\/\/yoast.com\/product\/yoast-seo-wordpress\/ -->\n<title>Pupitre transparent avec \u00e9tag\u00e8re \u00e0 livres - Smarty Store<\/title>\n<meta name=\"description\" content=\"Pr\u00e9sentoir podium transparent au sol avec \u00e9tag\u00e8re \u00e0 livres avec structure en Z. Pour A3 horizontal et 2xA4 vertical\" \/>\n<meta name=\"robots\" content=\"index, follow, max-snippet:-1, max-image-preview:large, max-video-preview:-1\" \/>\n<link rel=\"canonical\" href=\"https:\/\/www.smartystore.it\/fr\/prodotto\/pupitre-podium-transparent-avec-etagere-a-livres\/\" \/>\n<meta property=\"og:locale\" content=\"fr_FR\" \/>\n<meta property=\"og:type\" content=\"article\" \/>\n<meta property=\"og:title\" content=\"Pupitre transparent avec \u00e9tag\u00e8re \u00e0 livres - Smarty Store\" \/>\n<meta property=\"og:description\" content=\"Pr\u00e9sentoir podium transparent au sol avec \u00e9tag\u00e8re \u00e0 livres avec structure en Z. Pour A3 horizontal et 2xA4 vertical\" \/>\n<meta property=\"og:url\" content=\"https:\/\/www.smartystore.it\/fr\/prodotto\/pupitre-podium-transparent-avec-etagere-a-livres\/\" \/>\n<meta property=\"og:site_name\" content=\"Smarty Store\" \/>\n<meta property=\"article:modified_time\" content=\"2025-08-19T09:06:51+00:00\" \/>\n<meta property=\"og:image\" content=\"https:\/\/www.smartystore.it\/v25\/wp-content\/uploads\/2024\/03\/Leggio-trasparente-a-podio-con-ripiano-reggi-libro.jpg\" \/>\n\t<meta property=\"og:image:width\" content=\"1000\" \/>\n\t<meta property=\"og:image:height\" content=\"1000\" \/>\n\t<meta property=\"og:image:type\" content=\"image\/jpeg\" \/>\n<meta name=\"twitter:card\" content=\"summary_large_image\" \/>\n<meta name=\"twitter:label1\" content=\"Dur\u00e9e de lecture estim\u00e9e\" \/>\n\t<meta name=\"twitter:data1\" content=\"2 minutes\" \/>\n<script type=\"application\/ld+json\" class=\"yoast-schema-graph\">{\"@context\":\"https:\\\/\\\/schema.org\",\"@graph\":[{\"@type\":\"WebPage\",\"@id\":\"https:\\\/\\\/www.smartystore.it\\\/fr\\\/prodotto\\\/pupitre-podium-transparent-avec-etagere-a-livres\\\/\",\"url\":\"https:\\\/\\\/www.smartystore.it\\\/fr\\\/prodotto\\\/pupitre-podium-transparent-avec-etagere-a-livres\\\/\",\"name\":\"Pupitre transparent avec \u00e9tag\u00e8re \u00e0 livres - Smarty Store\",\"isPartOf\":{\"@id\":\"https:\\\/\\\/www.smartystore.it\\\/fr\\\/#website\"},\"primaryImageOfPage\":{\"@id\":\"https:\\\/\\\/www.smartystore.it\\\/fr\\\/prodotto\\\/pupitre-podium-transparent-avec-etagere-a-livres\\\/#primaryimage\"},\"image\":{\"@id\":\"https:\\\/\\\/www.smartystore.it\\\/fr\\\/prodotto\\\/pupitre-podium-transparent-avec-etagere-a-livres\\\/#primaryimage\"},\"thumbnailUrl\":\"https:\\\/\\\/www.smartystore.it\\\/v25\\\/wp-content\\\/uploads\\\/2024\\\/03\\\/Leggio-trasparente-a-podio-con-ripiano-reggi-libro.jpg\",\"datePublished\":\"2024-03-13T09:18:50+00:00\",\"dateModified\":\"2025-08-19T09:06:51+00:00\",\"description\":\"Pr\u00e9sentoir podium transparent au sol avec \u00e9tag\u00e8re \u00e0 livres avec structure en Z. Pour A3 horizontal et 2xA4 vertical\",\"breadcrumb\":{\"@id\":\"https:\\\/\\\/www.smartystore.it\\\/fr\\\/prodotto\\\/pupitre-podium-transparent-avec-etagere-a-livres\\\/#breadcrumb\"},\"inLanguage\":\"fr-FR\",\"potentialAction\":[{\"@type\":\"ReadAction\",\"target\":[\"https:\\\/\\\/www.smartystore.it\\\/fr\\\/prodotto\\\/pupitre-podium-transparent-avec-etagere-a-livres\\\/\"]}]},{\"@type\":\"ImageObject\",\"inLanguage\":\"fr-FR\",\"@id\":\"https:\\\/\\\/www.smartystore.it\\\/fr\\\/prodotto\\\/pupitre-podium-transparent-avec-etagere-a-livres\\\/#primaryimage\",\"url\":\"https:\\\/\\\/www.smartystore.it\\\/v25\\\/wp-content\\\/uploads\\\/2024\\\/03\\\/Leggio-trasparente-a-podio-con-ripiano-reggi-libro.jpg\",\"contentUrl\":\"https:\\\/\\\/www.smartystore.it\\\/v25\\\/wp-content\\\/uploads\\\/2024\\\/03\\\/Leggio-trasparente-a-podio-con-ripiano-reggi-libro.jpg\",\"width\":1000,\"height\":1000,\"caption\":\"Pupitre transparent avec \u00e9tag\u00e8re \u00e0 livres\"},{\"@type\":\"BreadcrumbList\",\"@id\":\"https:\\\/\\\/www.smartystore.it\\\/fr\\\/prodotto\\\/pupitre-podium-transparent-avec-etagere-a-livres\\\/#breadcrumb\",\"itemListElement\":[{\"@type\":\"ListItem\",\"position\":1,\"name\":\"Home\",\"item\":\"https:\\\/\\\/www.smartystore.it\\\/fr\\\/\"},{\"@type\":\"ListItem\",\"position\":2,\"name\":\"Boutique\",\"item\":\"https:\\\/\\\/www.smartystore.it\\\/fr\\\/boutique\\\/\"},{\"@type\":\"ListItem\",\"position\":3,\"name\":\"Pupitre transparent avec \u00e9tag\u00e8re \u00e0 livres\"}]},{\"@type\":\"WebSite\",\"@id\":\"https:\\\/\\\/www.smartystore.it\\\/fr\\\/#website\",\"url\":\"https:\\\/\\\/www.smartystore.it\\\/fr\\\/\",\"name\":\"Smarty Store\",\"description\":\"Espositori Pubblicitari e Sistemi di Comunicazione Visiva\",\"potentialAction\":[{\"@type\":\"SearchAction\",\"target\":{\"@type\":\"EntryPoint\",\"urlTemplate\":\"https:\\\/\\\/www.smartystore.it\\\/fr\\\/?s={search_term_string}\"},\"query-input\":{\"@type\":\"PropertyValueSpecification\",\"valueRequired\":true,\"valueName\":\"search_term_string\"}}],\"inLanguage\":\"fr-FR\"}]}<\/script>\n<!-- \/ Yoast SEO plugin. -->","yoast_head_json":{"title":"Pupitre transparent avec \u00e9tag\u00e8re \u00e0 livres - Smarty Store","description":"Pr\u00e9sentoir podium transparent au sol avec \u00e9tag\u00e8re \u00e0 livres avec structure en Z. Pour A3 horizontal et 2xA4 vertical","robots":{"index":"index","follow":"follow","max-snippet":"max-snippet:-1","max-image-preview":"max-image-preview:large","max-video-preview":"max-video-preview:-1"},"canonical":"https:\/\/www.smartystore.it\/fr\/prodotto\/pupitre-podium-transparent-avec-etagere-a-livres\/","og_locale":"fr_FR","og_type":"article","og_title":"Pupitre transparent avec \u00e9tag\u00e8re \u00e0 livres - Smarty Store","og_description":"Pr\u00e9sentoir podium transparent au sol avec \u00e9tag\u00e8re \u00e0 livres avec structure en Z. Pour A3 horizontal et 2xA4 vertical","og_url":"https:\/\/www.smartystore.it\/fr\/prodotto\/pupitre-podium-transparent-avec-etagere-a-livres\/","og_site_name":"Smarty Store","article_modified_time":"2025-08-19T09:06:51+00:00","og_image":[{"width":1000,"height":1000,"url":"https:\/\/www.smartystore.it\/v25\/wp-content\/uploads\/2024\/03\/Leggio-trasparente-a-podio-con-ripiano-reggi-libro.jpg","type":"image\/jpeg"}],"twitter_card":"summary_large_image","twitter_misc":{"Dur\u00e9e de lecture estim\u00e9e":"2 minutes"},"schema":{"@context":"https:\/\/schema.org","@graph":[{"@type":"WebPage","@id":"https:\/\/www.smartystore.it\/fr\/prodotto\/pupitre-podium-transparent-avec-etagere-a-livres\/","url":"https:\/\/www.smartystore.it\/fr\/prodotto\/pupitre-podium-transparent-avec-etagere-a-livres\/","name":"Pupitre transparent avec \u00e9tag\u00e8re \u00e0 livres - Smarty Store","isPartOf":{"@id":"https:\/\/www.smartystore.it\/fr\/#website"},"primaryImageOfPage":{"@id":"https:\/\/www.smartystore.it\/fr\/prodotto\/pupitre-podium-transparent-avec-etagere-a-livres\/#primaryimage"},"image":{"@id":"https:\/\/www.smartystore.it\/fr\/prodotto\/pupitre-podium-transparent-avec-etagere-a-livres\/#primaryimage"},"thumbnailUrl":"https:\/\/www.smartystore.it\/v25\/wp-content\/uploads\/2024\/03\/Leggio-trasparente-a-podio-con-ripiano-reggi-libro.jpg","datePublished":"2024-03-13T09:18:50+00:00","dateModified":"2025-08-19T09:06:51+00:00","description":"Pr\u00e9sentoir podium transparent au sol avec \u00e9tag\u00e8re \u00e0 livres avec structure en Z. Pour A3 horizontal et 2xA4 vertical","breadcrumb":{"@id":"https:\/\/www.smartystore.it\/fr\/prodotto\/pupitre-podium-transparent-avec-etagere-a-livres\/#breadcrumb"},"inLanguage":"fr-FR","potentialAction":[{"@type":"ReadAction","target":["https:\/\/www.smartystore.it\/fr\/prodotto\/pupitre-podium-transparent-avec-etagere-a-livres\/"]}]},{"@type":"ImageObject","inLanguage":"fr-FR","@id":"https:\/\/www.smartystore.it\/fr\/prodotto\/pupitre-podium-transparent-avec-etagere-a-livres\/#primaryimage","url":"https:\/\/www.smartystore.it\/v25\/wp-content\/uploads\/2024\/03\/Leggio-trasparente-a-podio-con-ripiano-reggi-libro.jpg","contentUrl":"https:\/\/www.smartystore.it\/v25\/wp-content\/uploads\/2024\/03\/Leggio-trasparente-a-podio-con-ripiano-reggi-libro.jpg","width":1000,"height":1000,"caption":"Pupitre transparent avec \u00e9tag\u00e8re \u00e0 livres"},{"@type":"BreadcrumbList","@id":"https:\/\/www.smartystore.it\/fr\/prodotto\/pupitre-podium-transparent-avec-etagere-a-livres\/#breadcrumb","itemListElement":[{"@type":"ListItem","position":1,"name":"Home","item":"https:\/\/www.smartystore.it\/fr\/"},{"@type":"ListItem","position":2,"name":"Boutique","item":"https:\/\/www.smartystore.it\/fr\/boutique\/"},{"@type":"ListItem","position":3,"name":"Pupitre transparent avec \u00e9tag\u00e8re \u00e0 livres"}]},{"@type":"WebSite","@id":"https:\/\/www.smartystore.it\/fr\/#website","url":"https:\/\/www.smartystore.it\/fr\/","name":"Smarty Store","description":"Espositori Pubblicitari e Sistemi di Comunicazione Visiva","potentialAction":[{"@type":"SearchAction","target":{"@type":"EntryPoint","urlTemplate":"https:\/\/www.smartystore.it\/fr\/?s={search_term_string}"},"query-input":{"@type":"PropertyValueSpecification","valueRequired":true,"valueName":"search_term_string"}}],"inLanguage":"fr-FR"}]}},"brands":[],"_links":{"self":[{"href":"https:\/\/www.smartystore.it\/fr\/wp-json\/wp\/v2\/product\/86763","targetHints":{"allow":["GET"]}}],"collection":[{"href":"https:\/\/www.smartystore.it\/fr\/wp-json\/wp\/v2\/product"}],"about":[{"href":"https:\/\/www.smartystore.it\/fr\/wp-json\/wp\/v2\/types\/product"}],"replies":[{"embeddable":true,"href":"https:\/\/www.smartystore.it\/fr\/wp-json\/wp\/v2\/comments?post=86763"}],"wp:featuredmedia":[{"embeddable":true,"href":"https:\/\/www.smartystore.it\/fr\/wp-json\/wp\/v2\/media\/86733"}],"wp:attachment":[{"href":"https:\/\/www.smartystore.it\/fr\/wp-json\/wp\/v2\/media?parent=86763"}],"wp:term":[{"taxonomy":"pwb-brand","embeddable":true,"href":"https:\/\/www.smartystore.it\/fr\/wp-json\/wp\/v2\/pwb-brand?post=86763"},{"taxonomy":"product_brand","embeddable":true,"href":"https:\/\/www.smartystore.it\/fr\/wp-json\/wp\/v2\/product_brand?post=86763"},{"taxonomy":"product_cat","embeddable":true,"href":"https:\/\/www.smartystore.it\/fr\/wp-json\/wp\/v2\/product_cat?post=86763"},{"taxonomy":"product_tag","embeddable":true,"href":"https:\/\/www.smartystore.it\/fr\/wp-json\/wp\/v2\/product_tag?post=86763"}],"curies":[{"name":"wp","href":"https:\/\/api.w.org\/{rel}","templated":true}]}}