{"id":86621,"date":"2024-03-07T19:17:52","date_gmt":"2024-03-07T17:17:52","guid":{"rendered":"https:\/\/www.smartystore.it\/prodotto\/support-de-sol-en-metal-avec-cadre-a-pression-et-porte-brochures-a4-avec-base-en-l\/"},"modified":"2026-02-18T13:24:10","modified_gmt":"2026-02-18T11:24:10","slug":"support-de-sol-en-metal-avec-cadre-a-pression-et-porte-brochures-a4-avec-base-en-l","status":"publish","type":"product","link":"https:\/\/www.smartystore.it\/fr\/prodotto\/support-de-sol-en-metal-avec-cadre-a-pression-et-porte-brochures-a4-avec-base-en-l\/","title":{"rendered":"Pupitre sur pied en m\u00e9tal avec cadre encliquetable et porte-brochures A4 avec base en forme de L"},"content":{"rendered":"<h1>Pupitre sur pied en m\u00e9tal avec cadre encliquetable et porte-brochures A4 avec base en forme de L<\/h1>\n<p>Le pr\u00e9sentoir de sol en m\u00e9tal avec cadre d&rsquo;encliquetage et porte-d\u00e9pliants A4 avec base en forme de L est un pr\u00e9sentoir publicitaire autonome dot\u00e9 d&rsquo;un cadre d&rsquo;encliquetage pour les imprim\u00e9s A4 verticaux, d&rsquo;un plateau pour les d\u00e9pliants\/feuilles A4 verticaux et d&rsquo;une base en forme de L.<\/p>\n<p>La structure, en m\u00e9tal peint disponible en blanc et en noir et d&rsquo;une \u00e9paisseur de 4 mm, se caract\u00e9rise par sa l\u00e9g\u00e8ret\u00e9 visuelle et sa solidit\u00e9.<\/p>\n<p>La structure du pr\u00e9sentoir est repli\u00e9e sur elle-m\u00eame pour former une forme \u00e9l\u00e9gante et moderne qui s&rsquo;adapte \u00e0 tous les contextes. Elle comprend un cadre de communication A4 vertical avec des angles vifs et des profils de 25 millim\u00e8tres, plac\u00e9 sur le dessus, et un bac \u00e0 catalogues strat\u00e9giquement plac\u00e9 sur le devant. Cette solution permet non seulement de mettre en valeur les messages, mais aussi de les rendre facilement accessibles pour les remplacer rapidement et sans effort, ce qui est id\u00e9al pour ceux qui ont besoin de mettre \u00e0 jour leurs communications fr\u00e9quemment.<\/p>\n<p>Le remplacement des messages est tr\u00e8s simple : il suffit de soulever les profil\u00e9s du cadre vers l&rsquo;ext\u00e9rieur, de retirer la feuille de PVC transparent antireflet, de remplacer le message, de replacer la feuille de PVC transparent et de refermer les profil\u00e9s. En quelques gestes, votre communication est toujours \u00e0 jour.<\/p>\n<p>Le poids de pr\u00e8s de 12 kg fait de ce pupitre sur pied une structure tr\u00e8s stable.<\/p>\n<h3>CARACT\u00c9RISTIQUES:<\/h3>\n<ul>\n<li>Pr\u00e9sentoir au sol avec base en forme de L.<\/li>\n<li>Mat\u00e9riau : m\u00e9tal.<\/li>\n<li>Couleur : noir et blanc.<\/li>\n<li>\u00c9paisseur : 4 mm.<\/li>\n<li>Un cadre d&rsquo;affichage encliquetable : format A4 portrait.<\/li>\n<li>Profil du cadre : Cadre 25.<\/li>\n<li>Cadre photo avec coin vivant<\/li>\n<li>Cadre \u00e9quip\u00e9 d&rsquo;un film de protection antireflet.<\/li>\n<li>Couleur du cadre : aluminium anodis\u00e9.<\/li>\n<li>Surface visible de l&rsquo;impression : 19 x 27,7 cm.<\/li>\n<li>Dimensions effectives du cadre : 24,1 x 32,8 cm.<\/li>\n<li>Un bac \u00e0 brochures vertical A4.<\/li>\n<li>Utilisation : simple face.<\/li>\n<li>Dimensions du pupitre (en cm) : L 24,5 x P 30,0 x H 103,0.<\/li>\n<li>Poids de l&rsquo;\u00e9cran : 11,46 kg<\/li>\n<\/ul>\n<h3 style=\"text-align: center;\">Voir les autres mod\u00e8les sur ce <span style=\"color: #ff0000;\"><a style=\"color: #ff0000;\" href=\"https:\/\/www.smartystore.it\/fr\/categoria-prodotto\/affichage-porte-avis-emplacement\/porte-affiche-au-sol\/?count=36&#038;paged=\">LIEN<\/a><\/span><\/h3>\n<p>&nbsp;<\/p>\n<p><a href=\"https:\/\/www.smartystore.it\/v25\/wp-content\/uploads\/2024\/03\/STR-LGG17MN-17MB-18PMN-18PMB.pdf\" target=\"_blank\" rel=\"noopener\"><img loading=\"lazy\" decoding=\"async\" class=\"alignnone size-full wp-image-93510\" src=\"https:\/\/www.smartystore.it\/v25\/wp-content\/uploads\/2014\/10\/SchedaTecnica-300-e1750084266903.png\" alt=\"\" width=\"249\" height=\"63\" \/><\/a><\/p>\n<p>&nbsp;<\/p>\n","protected":false},"excerpt":{"rendered":"<p>Pr\u00e9sentoir de pupitre unilat\u00e9ral en m\u00e9tal peint en noir et blanc avec un cadre \u00e0 pression et un bac \u00e0 brochures A4.<\/p>\n","protected":false},"featured_media":86573,"comment_status":"open","ping_status":"closed","template":"","meta":{"_acf_changed":false},"pwb-brand":[],"product_brand":[],"product_cat":[3010,3013,3018,3024],"product_tag":[6432,6436,6435,6433,6434],"class_list":{"0":"post-86621","1":"product","2":"type-product","3":"status-publish","4":"has-post-thumbnail","6":"product_cat-affichage-porte-avis-emplacement","7":"product_cat-porte-affiche-au-sol","8":"product_cat-presentoirs-publicitaires","9":"product_cat-pupitres-et-tables","10":"product_tag-pupitre-en-metal","11":"product_tag-pupitre-en-metal-blanc","12":"product_tag-pupitre-en-metal-noir","13":"product_tag-tableau-daffichage-2","14":"product_tag-tableau-daffichage-avec-pochette-a4","15":"pa_c2c_color-blanc","16":"pa_c2c_color-noir","17":"pa_c2c_dimensione-a4-fr","18":"pa_c2c_mono_bifacciale-simple-face","19":"pa_c2c_trovraprezzi-oui","21":"first","22":"instock","23":"taxable","24":"shipping-taxable","25":"purchasable","26":"product-type-variable"},"acf":[],"yoast_head":"<!-- This site is optimized with the Yoast SEO plugin v27.4 - https:\/\/yoast.com\/product\/yoast-seo-wordpress\/ -->\n<title>Pupitre sur pied en m\u00e9tal avec cadre encliquetable et porte-brochures A4 avec base en forme de L - Achetez au Meilleur Prix<\/title>\n<meta name=\"description\" content=\"Pupitre sur pied en m\u00e9tal avec cadre \u00e0 pression et porte-brochures A4 avec base en forme de L. Disponible en blanc et en noir.\" \/>\n<meta name=\"robots\" content=\"index, follow, max-snippet:-1, max-image-preview:large, max-video-preview:-1\" \/>\n<link rel=\"canonical\" href=\"https:\/\/www.smartystore.it\/fr\/prodotto\/support-de-sol-en-metal-avec-cadre-a-pression-et-porte-brochures-a4-avec-base-en-l\/\" \/>\n<meta property=\"og:locale\" content=\"fr_FR\" \/>\n<meta property=\"og:type\" content=\"article\" \/>\n<meta property=\"og:title\" content=\"Pupitre sur pied en m\u00e9tal avec cadre encliquetable et porte-brochures A4 avec base en forme de L - Achetez au Meilleur Prix\" \/>\n<meta property=\"og:description\" content=\"Pupitre sur pied en m\u00e9tal avec cadre \u00e0 pression et porte-brochures A4 avec base en forme de L. Disponible en blanc et en noir.\" \/>\n<meta property=\"og:url\" content=\"https:\/\/www.smartystore.it\/fr\/prodotto\/support-de-sol-en-metal-avec-cadre-a-pression-et-porte-brochures-a4-avec-base-en-l\/\" \/>\n<meta property=\"og:site_name\" content=\"Smarty Store\" \/>\n<meta property=\"article:modified_time\" content=\"2026-02-18T11:24:10+00:00\" \/>\n<meta property=\"og:image\" content=\"https:\/\/www.smartystore.it\/v25\/wp-content\/uploads\/2024\/03\/Leggio-da-pavimento-in-metallocon-una-cornice-a-scatto-e-tasca-porta-depliant-formato-A4-con-base-a-L_disponibile-bianco-e-nero.jpg\" \/>\n\t<meta property=\"og:image:width\" content=\"1000\" \/>\n\t<meta property=\"og:image:height\" content=\"1000\" \/>\n\t<meta property=\"og:image:type\" content=\"image\/jpeg\" \/>\n<meta name=\"twitter:card\" content=\"summary_large_image\" \/>\n<meta name=\"twitter:label1\" content=\"Dur\u00e9e de lecture estim\u00e9e\" \/>\n\t<meta name=\"twitter:data1\" content=\"3 minutes\" \/>\n<script type=\"application\/ld+json\" class=\"yoast-schema-graph\">{\"@context\":\"https:\\\/\\\/schema.org\",\"@graph\":[{\"@type\":\"WebPage\",\"@id\":\"https:\\\/\\\/www.smartystore.it\\\/fr\\\/prodotto\\\/support-de-sol-en-metal-avec-cadre-a-pression-et-porte-brochures-a4-avec-base-en-l\\\/\",\"url\":\"https:\\\/\\\/www.smartystore.it\\\/fr\\\/prodotto\\\/support-de-sol-en-metal-avec-cadre-a-pression-et-porte-brochures-a4-avec-base-en-l\\\/\",\"name\":\"Pupitre sur pied en m\u00e9tal avec cadre encliquetable et porte-brochures A4 avec base en forme de L - Achetez au Meilleur Prix\",\"isPartOf\":{\"@id\":\"https:\\\/\\\/www.smartystore.it\\\/fr\\\/#website\"},\"primaryImageOfPage\":{\"@id\":\"https:\\\/\\\/www.smartystore.it\\\/fr\\\/prodotto\\\/support-de-sol-en-metal-avec-cadre-a-pression-et-porte-brochures-a4-avec-base-en-l\\\/#primaryimage\"},\"image\":{\"@id\":\"https:\\\/\\\/www.smartystore.it\\\/fr\\\/prodotto\\\/support-de-sol-en-metal-avec-cadre-a-pression-et-porte-brochures-a4-avec-base-en-l\\\/#primaryimage\"},\"thumbnailUrl\":\"https:\\\/\\\/www.smartystore.it\\\/v25\\\/wp-content\\\/uploads\\\/2024\\\/03\\\/Leggio-da-pavimento-in-metallocon-una-cornice-a-scatto-e-tasca-porta-depliant-formato-A4-con-base-a-L_disponibile-bianco-e-nero.jpg\",\"datePublished\":\"2024-03-07T17:17:52+00:00\",\"dateModified\":\"2026-02-18T11:24:10+00:00\",\"description\":\"Pupitre sur pied en m\u00e9tal avec cadre \u00e0 pression et porte-brochures A4 avec base en forme de L. Disponible en blanc et en noir.\",\"breadcrumb\":{\"@id\":\"https:\\\/\\\/www.smartystore.it\\\/fr\\\/prodotto\\\/support-de-sol-en-metal-avec-cadre-a-pression-et-porte-brochures-a4-avec-base-en-l\\\/#breadcrumb\"},\"inLanguage\":\"fr-FR\",\"potentialAction\":[{\"@type\":\"ReadAction\",\"target\":[\"https:\\\/\\\/www.smartystore.it\\\/fr\\\/prodotto\\\/support-de-sol-en-metal-avec-cadre-a-pression-et-porte-brochures-a4-avec-base-en-l\\\/\"]}]},{\"@type\":\"ImageObject\",\"inLanguage\":\"fr-FR\",\"@id\":\"https:\\\/\\\/www.smartystore.it\\\/fr\\\/prodotto\\\/support-de-sol-en-metal-avec-cadre-a-pression-et-porte-brochures-a4-avec-base-en-l\\\/#primaryimage\",\"url\":\"https:\\\/\\\/www.smartystore.it\\\/v25\\\/wp-content\\\/uploads\\\/2024\\\/03\\\/Leggio-da-pavimento-in-metallocon-una-cornice-a-scatto-e-tasca-porta-depliant-formato-A4-con-base-a-L_disponibile-bianco-e-nero.jpg\",\"contentUrl\":\"https:\\\/\\\/www.smartystore.it\\\/v25\\\/wp-content\\\/uploads\\\/2024\\\/03\\\/Leggio-da-pavimento-in-metallocon-una-cornice-a-scatto-e-tasca-porta-depliant-formato-A4-con-base-a-L_disponibile-bianco-e-nero.jpg\",\"width\":1000,\"height\":1000,\"caption\":\"Pupitre sur pied en m\u00e9tal avec cadre encliquetable et porte-brochures A4 avec base en forme de L\"},{\"@type\":\"BreadcrumbList\",\"@id\":\"https:\\\/\\\/www.smartystore.it\\\/fr\\\/prodotto\\\/support-de-sol-en-metal-avec-cadre-a-pression-et-porte-brochures-a4-avec-base-en-l\\\/#breadcrumb\",\"itemListElement\":[{\"@type\":\"ListItem\",\"position\":1,\"name\":\"Home\",\"item\":\"https:\\\/\\\/www.smartystore.it\\\/fr\\\/\"},{\"@type\":\"ListItem\",\"position\":2,\"name\":\"Boutique\",\"item\":\"https:\\\/\\\/www.smartystore.it\\\/fr\\\/boutique\\\/\"},{\"@type\":\"ListItem\",\"position\":3,\"name\":\"Pupitre sur pied en m\u00e9tal avec cadre encliquetable et porte-brochures A4 avec base en forme de L\"}]},{\"@type\":\"WebSite\",\"@id\":\"https:\\\/\\\/www.smartystore.it\\\/fr\\\/#website\",\"url\":\"https:\\\/\\\/www.smartystore.it\\\/fr\\\/\",\"name\":\"Smarty Store\",\"description\":\"Espositori Pubblicitari e Sistemi di Comunicazione Visiva\",\"potentialAction\":[{\"@type\":\"SearchAction\",\"target\":{\"@type\":\"EntryPoint\",\"urlTemplate\":\"https:\\\/\\\/www.smartystore.it\\\/fr\\\/?s={search_term_string}\"},\"query-input\":{\"@type\":\"PropertyValueSpecification\",\"valueRequired\":true,\"valueName\":\"search_term_string\"}}],\"inLanguage\":\"fr-FR\"}]}<\/script>\n<!-- \/ Yoast SEO plugin. -->","yoast_head_json":{"title":"Pupitre sur pied en m\u00e9tal avec cadre encliquetable et porte-brochures A4 avec base en forme de L - Achetez au Meilleur Prix","description":"Pupitre sur pied en m\u00e9tal avec cadre \u00e0 pression et porte-brochures A4 avec base en forme de L. Disponible en blanc et en noir.","robots":{"index":"index","follow":"follow","max-snippet":"max-snippet:-1","max-image-preview":"max-image-preview:large","max-video-preview":"max-video-preview:-1"},"canonical":"https:\/\/www.smartystore.it\/fr\/prodotto\/support-de-sol-en-metal-avec-cadre-a-pression-et-porte-brochures-a4-avec-base-en-l\/","og_locale":"fr_FR","og_type":"article","og_title":"Pupitre sur pied en m\u00e9tal avec cadre encliquetable et porte-brochures A4 avec base en forme de L - Achetez au Meilleur Prix","og_description":"Pupitre sur pied en m\u00e9tal avec cadre \u00e0 pression et porte-brochures A4 avec base en forme de L. Disponible en blanc et en noir.","og_url":"https:\/\/www.smartystore.it\/fr\/prodotto\/support-de-sol-en-metal-avec-cadre-a-pression-et-porte-brochures-a4-avec-base-en-l\/","og_site_name":"Smarty Store","article_modified_time":"2026-02-18T11:24:10+00:00","og_image":[{"width":1000,"height":1000,"url":"https:\/\/www.smartystore.it\/v25\/wp-content\/uploads\/2024\/03\/Leggio-da-pavimento-in-metallocon-una-cornice-a-scatto-e-tasca-porta-depliant-formato-A4-con-base-a-L_disponibile-bianco-e-nero.jpg","type":"image\/jpeg"}],"twitter_card":"summary_large_image","twitter_misc":{"Dur\u00e9e de lecture estim\u00e9e":"3 minutes"},"schema":{"@context":"https:\/\/schema.org","@graph":[{"@type":"WebPage","@id":"https:\/\/www.smartystore.it\/fr\/prodotto\/support-de-sol-en-metal-avec-cadre-a-pression-et-porte-brochures-a4-avec-base-en-l\/","url":"https:\/\/www.smartystore.it\/fr\/prodotto\/support-de-sol-en-metal-avec-cadre-a-pression-et-porte-brochures-a4-avec-base-en-l\/","name":"Pupitre sur pied en m\u00e9tal avec cadre encliquetable et porte-brochures A4 avec base en forme de L - Achetez au Meilleur Prix","isPartOf":{"@id":"https:\/\/www.smartystore.it\/fr\/#website"},"primaryImageOfPage":{"@id":"https:\/\/www.smartystore.it\/fr\/prodotto\/support-de-sol-en-metal-avec-cadre-a-pression-et-porte-brochures-a4-avec-base-en-l\/#primaryimage"},"image":{"@id":"https:\/\/www.smartystore.it\/fr\/prodotto\/support-de-sol-en-metal-avec-cadre-a-pression-et-porte-brochures-a4-avec-base-en-l\/#primaryimage"},"thumbnailUrl":"https:\/\/www.smartystore.it\/v25\/wp-content\/uploads\/2024\/03\/Leggio-da-pavimento-in-metallocon-una-cornice-a-scatto-e-tasca-porta-depliant-formato-A4-con-base-a-L_disponibile-bianco-e-nero.jpg","datePublished":"2024-03-07T17:17:52+00:00","dateModified":"2026-02-18T11:24:10+00:00","description":"Pupitre sur pied en m\u00e9tal avec cadre \u00e0 pression et porte-brochures A4 avec base en forme de L. Disponible en blanc et en noir.","breadcrumb":{"@id":"https:\/\/www.smartystore.it\/fr\/prodotto\/support-de-sol-en-metal-avec-cadre-a-pression-et-porte-brochures-a4-avec-base-en-l\/#breadcrumb"},"inLanguage":"fr-FR","potentialAction":[{"@type":"ReadAction","target":["https:\/\/www.smartystore.it\/fr\/prodotto\/support-de-sol-en-metal-avec-cadre-a-pression-et-porte-brochures-a4-avec-base-en-l\/"]}]},{"@type":"ImageObject","inLanguage":"fr-FR","@id":"https:\/\/www.smartystore.it\/fr\/prodotto\/support-de-sol-en-metal-avec-cadre-a-pression-et-porte-brochures-a4-avec-base-en-l\/#primaryimage","url":"https:\/\/www.smartystore.it\/v25\/wp-content\/uploads\/2024\/03\/Leggio-da-pavimento-in-metallocon-una-cornice-a-scatto-e-tasca-porta-depliant-formato-A4-con-base-a-L_disponibile-bianco-e-nero.jpg","contentUrl":"https:\/\/www.smartystore.it\/v25\/wp-content\/uploads\/2024\/03\/Leggio-da-pavimento-in-metallocon-una-cornice-a-scatto-e-tasca-porta-depliant-formato-A4-con-base-a-L_disponibile-bianco-e-nero.jpg","width":1000,"height":1000,"caption":"Pupitre sur pied en m\u00e9tal avec cadre encliquetable et porte-brochures A4 avec base en forme de L"},{"@type":"BreadcrumbList","@id":"https:\/\/www.smartystore.it\/fr\/prodotto\/support-de-sol-en-metal-avec-cadre-a-pression-et-porte-brochures-a4-avec-base-en-l\/#breadcrumb","itemListElement":[{"@type":"ListItem","position":1,"name":"Home","item":"https:\/\/www.smartystore.it\/fr\/"},{"@type":"ListItem","position":2,"name":"Boutique","item":"https:\/\/www.smartystore.it\/fr\/boutique\/"},{"@type":"ListItem","position":3,"name":"Pupitre sur pied en m\u00e9tal avec cadre encliquetable et porte-brochures A4 avec base en forme de L"}]},{"@type":"WebSite","@id":"https:\/\/www.smartystore.it\/fr\/#website","url":"https:\/\/www.smartystore.it\/fr\/","name":"Smarty Store","description":"Espositori Pubblicitari e Sistemi di Comunicazione Visiva","potentialAction":[{"@type":"SearchAction","target":{"@type":"EntryPoint","urlTemplate":"https:\/\/www.smartystore.it\/fr\/?s={search_term_string}"},"query-input":{"@type":"PropertyValueSpecification","valueRequired":true,"valueName":"search_term_string"}}],"inLanguage":"fr-FR"}]}},"brands":[],"_links":{"self":[{"href":"https:\/\/www.smartystore.it\/fr\/wp-json\/wp\/v2\/product\/86621","targetHints":{"allow":["GET"]}}],"collection":[{"href":"https:\/\/www.smartystore.it\/fr\/wp-json\/wp\/v2\/product"}],"about":[{"href":"https:\/\/www.smartystore.it\/fr\/wp-json\/wp\/v2\/types\/product"}],"replies":[{"embeddable":true,"href":"https:\/\/www.smartystore.it\/fr\/wp-json\/wp\/v2\/comments?post=86621"}],"wp:featuredmedia":[{"embeddable":true,"href":"https:\/\/www.smartystore.it\/fr\/wp-json\/wp\/v2\/media\/86573"}],"wp:attachment":[{"href":"https:\/\/www.smartystore.it\/fr\/wp-json\/wp\/v2\/media?parent=86621"}],"wp:term":[{"taxonomy":"pwb-brand","embeddable":true,"href":"https:\/\/www.smartystore.it\/fr\/wp-json\/wp\/v2\/pwb-brand?post=86621"},{"taxonomy":"product_brand","embeddable":true,"href":"https:\/\/www.smartystore.it\/fr\/wp-json\/wp\/v2\/product_brand?post=86621"},{"taxonomy":"product_cat","embeddable":true,"href":"https:\/\/www.smartystore.it\/fr\/wp-json\/wp\/v2\/product_cat?post=86621"},{"taxonomy":"product_tag","embeddable":true,"href":"https:\/\/www.smartystore.it\/fr\/wp-json\/wp\/v2\/product_tag?post=86621"}],"curies":[{"name":"wp","href":"https:\/\/api.w.org\/{rel}","templated":true}]}}