{"id":86457,"date":"2022-05-27T17:17:03","date_gmt":"2022-05-27T15:17:03","guid":{"rendered":"https:\/\/www.smartystore.it\/prodotto\/presentoir-a-cadre-double-pression-50x70-avec-montant-simple\/"},"modified":"2026-02-19T15:13:44","modified_gmt":"2026-02-19T13:13:44","slug":"presentoir-a-cadre-double-pression-50x70-avec-montant-simple","status":"publish","type":"product","link":"https:\/\/www.smartystore.it\/fr\/prodotto\/presentoir-a-cadre-double-pression-50x70-avec-montant-simple\/","title":{"rendered":"Pr\u00e9sentoir avec double cadre \u00e0 pression 50&#215;70"},"content":{"rendered":"<div class=\"wpb-content-wrapper\"><p>[vc_row][vc_column][vc_column_text css=\u00a0\u00bb\u00a0\u00bb css_params=\u00a0\u00bb\u00a0\u00bb]<\/p>\n<h1>Pr\u00e9sentoir 50&#215;70 avec pilier simple<\/h1>\n<p>Le pr\u00e9sentoir \u00e0 double cadre clipsable 50&#215;70 avec montant simple est une structure sur pied qui fait partie de la ligne QUADRA SERIES. Enti\u00e8rement r\u00e9alis\u00e9e en aluminium, elle se compose de deux cadres \u00e0 pression 50&#215;70 pour les imprim\u00e9s, d&rsquo;un montant \u00e0 section carr\u00e9e (d&rsquo;o\u00f9 le nom de la s\u00e9rie) et d&rsquo;une base en m\u00e9tal thermolaqu\u00e9 argent. <\/p>\n<p>Adapt\u00e9 \u00e0 l&rsquo;affichage de messages promotionnels ou m\u00eame simplement de messages indiquant la direction \u00e0 prendre pour atteindre les bureaux et \u00e9tages souhait\u00e9s, le pr\u00e9sentoir autoportant avec cadre clipsable peut \u00eatre utilis\u00e9 dans des locaux tels que showrooms, supermarch\u00e9s, r\u00e9unions, conventions, entr\u00e9es d&rsquo;entreprises et partout o\u00f9 vous avez besoin d&rsquo;afficher votre message, pour une utilisation standard.<\/p>\n<h2>50&#215;70 double snap frame display : choisissez votre configuration<\/h2>\n<p>Ce pr\u00e9sentoir peut \u00eatre personnalis\u00e9 selon vos besoins en choisissant la finition du cadre (angles vifs ou arrondis) lors de l&rsquo;achat.<\/p>\n<p>Une autre remarque suppl\u00e9mentaire est la possibilit\u00e9 de choisir lors de la commande si vous souhaitez l&rsquo;affichage en version simple face ou double face selon que vous devez le positionner sur un passage \u00e0 sens unique ou \u00e0 double sens.<\/p>\n<p><span style=\"text-decoration: underline;\">La particularit\u00e9 de l&rsquo;\u00e9cran est qu&rsquo;il est possible de moduler l&rsquo;affichage des messages tout en cr\u00e9ant un bel effet optique unique.<\/span><\/p>\n<h3>CARACT\u00c9RISTIQUES:<\/h3>\n<p>Cadre : cadre 25 (largeur du profil : 25 mm.).<\/p>\n<p>Possibilit\u00e9 de choisir le type de cadre : coin pointu ou coin rond chrom\u00e9.<\/p>\n<p>Montant en aluminium anodis\u00e9 \u00e0 section carr\u00e9e : H 185- L 3 cm.<\/p>\n<p>Base carr\u00e9e en m\u00e9tal thermolaqu\u00e9 argent : L 32,5 cm. &#8211; H 0,6 cm. &#8211; D 32,5 cm.  <\/p>\n<p><span style=\"text-decoration: underline;\"><strong>BASE ANTI-TR\u00c9CISSEMENT ULTRA PLATE : \u00e9paisseur 6 mm.<\/strong><\/span><\/p>\n<p>Application de cadres en aluminium argent\u00e9 avec protection en PVC antireflet.<\/p>\n<p>Format imprim\u00e9 : 50&#215;70.<\/p>\n<p>Surface visible : 48 x 68 cm<\/p>\n<p>Dimensions du cadre : 53 x 73 cm.<\/p>\n<p>Dimensions du pr\u00e9sentoir : L 53 &#8211; H 185,6 &#8211; P 32,5<\/p>\n<p>Poids de l&rsquo;\u00e9cran : 9,00 kg pour la version simple face et 11,60 kg pour la version double face<\/p>\n<p>SmartyStore assiste pleinement ses clients, donc si vous avez besoin de posters 50&#215;70 pour mettre dans votre cadre, vous pouvez trouver ce que vous cherchez \u00e0 l&rsquo;adresse suivante <a href=\"https:\/\/www.smartystore.it\/fr\/prodotto\/presentoir-a-cadre-instantane-50x70-avec-montant-simple\/\" target=\"_blank\" rel=\"noopener\"><strong>LIEN<\/strong><\/a><\/p>\n<p>&nbsp;<\/p>\n<p><a href=\"https:\/\/www.smartystore.it\/v25\/wp-content\/uploads\/2022\/05\/SST-PMAS5070D_SchedaInfo.pdf\" target=\"_blank\" rel=\"noopener\"><img loading=\"lazy\" decoding=\"async\" class=\"alignnone size-full wp-image-93510\" src=\"https:\/\/www.smartystore.it\/v25\/wp-content\/uploads\/2014\/10\/SchedaTecnica-300-e1750084266903.png\" alt=\"\" width=\"249\" height=\"63\"><\/a><\/p>\n<p>[\/vc_column_text][\/vc_column][\/vc_row]<\/p>\n<\/div>","protected":false},"excerpt":{"rendered":"<p>Structure autoportante simple ou double face avec un seul montant en aluminium anodis\u00e9 de section carr\u00e9e et un double cadre 50&#215;70. Possibilit\u00e9 de choisir le type de finition de l&rsquo;angle du cadre.<\/p>\n","protected":false},"featured_media":86458,"comment_status":"open","ping_status":"closed","template":"","meta":{"_acf_changed":false},"pwb-brand":[],"product_brand":[3872],"product_cat":[2915,2912,2914,2913],"product_tag":[3626,3365,3362,3366,3364,3360,3361,3363],"class_list":{"0":"post-86457","1":"product","2":"type-product","3":"status-publish","4":"has-post-thumbnail","6":"product_brand-smartystore","7":"product_cat-ecrans-avec-cadres-instantanes","8":"product_cat-cadres-instantanes","9":"product_cat-quadra-series-fr","10":"product_cat-structures-autoportantes-et-soutient","11":"product_tag-porte-affiche-au-sol-50x70","12":"product_tag-porte-message-autoportant-avec-cadre-a-pression-50x70","13":"product_tag-presentoir-a-messages-50x70","14":"product_tag-presentoir-autoportant-avec-cadre-double-pression-50x70","15":"product_tag-presentoir-avec-cadre-clipsable-double-face-50x70","16":"product_tag-presentoir-avec-cadre-double-pression-50x70","17":"product_tag-presentoir-totem-avec-cadre-double-pression-50x70","18":"product_tag-vitrine-avec-double-cadre-50x70","19":"pa_c2c_angolo-rond","20":"pa_c2c_angolo-vif","21":"pa_c2c_base-base-carree","22":"pa_c2c_dimensione-50x70","23":"pa_c2c_mono_bifacciale-double-face","24":"pa_c2c_mono_bifacciale-simple-face","25":"pa_c2c_trovraprezzi-oui","26":"pa_serie-quadra-series","28":"first","29":"instock","30":"taxable","31":"shipping-taxable","32":"purchasable","33":"product-type-variable"},"acf":[],"yoast_head":"<!-- This site is optimized with the Yoast SEO plugin v27.4 - https:\/\/yoast.com\/product\/yoast-seo-wordpress\/ -->\n<title>Pr\u00e9sentoir avec double cadre \u00e0 pression 50x70 - Au meilleur prix<\/title>\n<meta name=\"description\" content=\"Pr\u00e9sentoir 50x70 avec cadre \u00e0 encliqueter, montant simple ou double face, avec choix de l&#039;angle : aigu ou arrondi.\" \/>\n<meta name=\"robots\" content=\"index, follow, max-snippet:-1, max-image-preview:large, max-video-preview:-1\" \/>\n<link rel=\"canonical\" href=\"https:\/\/www.smartystore.it\/fr\/prodotto\/presentoir-a-cadre-double-pression-50x70-avec-montant-simple\/\" \/>\n<meta property=\"og:locale\" content=\"fr_FR\" \/>\n<meta property=\"og:type\" content=\"article\" \/>\n<meta property=\"og:title\" content=\"Pr\u00e9sentoir avec double cadre \u00e0 pression 50x70 - Au meilleur prix\" \/>\n<meta property=\"og:description\" content=\"Pr\u00e9sentoir 50x70 avec cadre \u00e0 encliqueter, montant simple ou double face, avec choix de l&#039;angle : aigu ou arrondi.\" \/>\n<meta property=\"og:url\" content=\"https:\/\/www.smartystore.it\/fr\/prodotto\/presentoir-a-cadre-double-pression-50x70-avec-montant-simple\/\" \/>\n<meta property=\"og:site_name\" content=\"Smarty Store\" \/>\n<meta property=\"article:modified_time\" content=\"2026-02-19T13:13:44+00:00\" \/>\n<meta property=\"og:image\" content=\"https:\/\/www.smartystore.it\/v25\/wp-content\/uploads\/2022\/05\/Cornice-a-scatto-autoportante-doppia-50x70-monofacciale-bifacciale-verticale-angolo-vivo-tondo-con-un-montante.jpg\" \/>\n\t<meta property=\"og:image:width\" content=\"1000\" \/>\n\t<meta property=\"og:image:height\" content=\"1000\" \/>\n\t<meta property=\"og:image:type\" content=\"image\/jpeg\" \/>\n<meta name=\"twitter:card\" content=\"summary_large_image\" \/>\n<meta name=\"twitter:label1\" content=\"Dur\u00e9e de lecture estim\u00e9e\" \/>\n\t<meta name=\"twitter:data1\" content=\"3 minutes\" \/>\n<script type=\"application\/ld+json\" class=\"yoast-schema-graph\">{\"@context\":\"https:\\\/\\\/schema.org\",\"@graph\":[{\"@type\":\"WebPage\",\"@id\":\"https:\\\/\\\/www.smartystore.it\\\/fr\\\/prodotto\\\/presentoir-a-cadre-double-pression-50x70-avec-montant-simple\\\/\",\"url\":\"https:\\\/\\\/www.smartystore.it\\\/fr\\\/prodotto\\\/presentoir-a-cadre-double-pression-50x70-avec-montant-simple\\\/\",\"name\":\"Pr\u00e9sentoir avec double cadre \u00e0 pression 50x70 - Au meilleur prix\",\"isPartOf\":{\"@id\":\"https:\\\/\\\/www.smartystore.it\\\/fr\\\/#website\"},\"primaryImageOfPage\":{\"@id\":\"https:\\\/\\\/www.smartystore.it\\\/fr\\\/prodotto\\\/presentoir-a-cadre-double-pression-50x70-avec-montant-simple\\\/#primaryimage\"},\"image\":{\"@id\":\"https:\\\/\\\/www.smartystore.it\\\/fr\\\/prodotto\\\/presentoir-a-cadre-double-pression-50x70-avec-montant-simple\\\/#primaryimage\"},\"thumbnailUrl\":\"https:\\\/\\\/www.smartystore.it\\\/v25\\\/wp-content\\\/uploads\\\/2022\\\/05\\\/Cornice-a-scatto-autoportante-doppia-50x70-monofacciale-bifacciale-verticale-angolo-vivo-tondo-con-un-montante.jpg\",\"datePublished\":\"2022-05-27T15:17:03+00:00\",\"dateModified\":\"2026-02-19T13:13:44+00:00\",\"description\":\"Pr\u00e9sentoir 50x70 avec cadre \u00e0 encliqueter, montant simple ou double face, avec choix de l'angle : aigu ou arrondi.\",\"breadcrumb\":{\"@id\":\"https:\\\/\\\/www.smartystore.it\\\/fr\\\/prodotto\\\/presentoir-a-cadre-double-pression-50x70-avec-montant-simple\\\/#breadcrumb\"},\"inLanguage\":\"fr-FR\",\"potentialAction\":[{\"@type\":\"ReadAction\",\"target\":[\"https:\\\/\\\/www.smartystore.it\\\/fr\\\/prodotto\\\/presentoir-a-cadre-double-pression-50x70-avec-montant-simple\\\/\"]}]},{\"@type\":\"ImageObject\",\"inLanguage\":\"fr-FR\",\"@id\":\"https:\\\/\\\/www.smartystore.it\\\/fr\\\/prodotto\\\/presentoir-a-cadre-double-pression-50x70-avec-montant-simple\\\/#primaryimage\",\"url\":\"https:\\\/\\\/www.smartystore.it\\\/v25\\\/wp-content\\\/uploads\\\/2022\\\/05\\\/Cornice-a-scatto-autoportante-doppia-50x70-monofacciale-bifacciale-verticale-angolo-vivo-tondo-con-un-montante.jpg\",\"contentUrl\":\"https:\\\/\\\/www.smartystore.it\\\/v25\\\/wp-content\\\/uploads\\\/2022\\\/05\\\/Cornice-a-scatto-autoportante-doppia-50x70-monofacciale-bifacciale-verticale-angolo-vivo-tondo-con-un-montante.jpg\",\"width\":1000,\"height\":1000,\"caption\":\"Deux cadres \u00e0 clipser autoportants 50x70 simple face double face vertical coin rond vif avec un montant\"},{\"@type\":\"BreadcrumbList\",\"@id\":\"https:\\\/\\\/www.smartystore.it\\\/fr\\\/prodotto\\\/presentoir-a-cadre-double-pression-50x70-avec-montant-simple\\\/#breadcrumb\",\"itemListElement\":[{\"@type\":\"ListItem\",\"position\":1,\"name\":\"Home\",\"item\":\"https:\\\/\\\/www.smartystore.it\\\/fr\\\/\"},{\"@type\":\"ListItem\",\"position\":2,\"name\":\"Boutique\",\"item\":\"https:\\\/\\\/www.smartystore.it\\\/fr\\\/boutique\\\/\"},{\"@type\":\"ListItem\",\"position\":3,\"name\":\"Pr\u00e9sentoir avec double cadre \u00e0 pression 50&#215;70\"}]},{\"@type\":\"WebSite\",\"@id\":\"https:\\\/\\\/www.smartystore.it\\\/fr\\\/#website\",\"url\":\"https:\\\/\\\/www.smartystore.it\\\/fr\\\/\",\"name\":\"Smarty Store\",\"description\":\"Espositori Pubblicitari e Sistemi di Comunicazione Visiva\",\"potentialAction\":[{\"@type\":\"SearchAction\",\"target\":{\"@type\":\"EntryPoint\",\"urlTemplate\":\"https:\\\/\\\/www.smartystore.it\\\/fr\\\/?s={search_term_string}\"},\"query-input\":{\"@type\":\"PropertyValueSpecification\",\"valueRequired\":true,\"valueName\":\"search_term_string\"}}],\"inLanguage\":\"fr-FR\"}]}<\/script>\n<!-- \/ Yoast SEO plugin. -->","yoast_head_json":{"title":"Pr\u00e9sentoir avec double cadre \u00e0 pression 50x70 - Au meilleur prix","description":"Pr\u00e9sentoir 50x70 avec cadre \u00e0 encliqueter, montant simple ou double face, avec choix de l'angle : aigu ou arrondi.","robots":{"index":"index","follow":"follow","max-snippet":"max-snippet:-1","max-image-preview":"max-image-preview:large","max-video-preview":"max-video-preview:-1"},"canonical":"https:\/\/www.smartystore.it\/fr\/prodotto\/presentoir-a-cadre-double-pression-50x70-avec-montant-simple\/","og_locale":"fr_FR","og_type":"article","og_title":"Pr\u00e9sentoir avec double cadre \u00e0 pression 50x70 - Au meilleur prix","og_description":"Pr\u00e9sentoir 50x70 avec cadre \u00e0 encliqueter, montant simple ou double face, avec choix de l'angle : aigu ou arrondi.","og_url":"https:\/\/www.smartystore.it\/fr\/prodotto\/presentoir-a-cadre-double-pression-50x70-avec-montant-simple\/","og_site_name":"Smarty Store","article_modified_time":"2026-02-19T13:13:44+00:00","og_image":[{"width":1000,"height":1000,"url":"https:\/\/www.smartystore.it\/v25\/wp-content\/uploads\/2022\/05\/Cornice-a-scatto-autoportante-doppia-50x70-monofacciale-bifacciale-verticale-angolo-vivo-tondo-con-un-montante.jpg","type":"image\/jpeg"}],"twitter_card":"summary_large_image","twitter_misc":{"Dur\u00e9e de lecture estim\u00e9e":"3 minutes"},"schema":{"@context":"https:\/\/schema.org","@graph":[{"@type":"WebPage","@id":"https:\/\/www.smartystore.it\/fr\/prodotto\/presentoir-a-cadre-double-pression-50x70-avec-montant-simple\/","url":"https:\/\/www.smartystore.it\/fr\/prodotto\/presentoir-a-cadre-double-pression-50x70-avec-montant-simple\/","name":"Pr\u00e9sentoir avec double cadre \u00e0 pression 50x70 - Au meilleur prix","isPartOf":{"@id":"https:\/\/www.smartystore.it\/fr\/#website"},"primaryImageOfPage":{"@id":"https:\/\/www.smartystore.it\/fr\/prodotto\/presentoir-a-cadre-double-pression-50x70-avec-montant-simple\/#primaryimage"},"image":{"@id":"https:\/\/www.smartystore.it\/fr\/prodotto\/presentoir-a-cadre-double-pression-50x70-avec-montant-simple\/#primaryimage"},"thumbnailUrl":"https:\/\/www.smartystore.it\/v25\/wp-content\/uploads\/2022\/05\/Cornice-a-scatto-autoportante-doppia-50x70-monofacciale-bifacciale-verticale-angolo-vivo-tondo-con-un-montante.jpg","datePublished":"2022-05-27T15:17:03+00:00","dateModified":"2026-02-19T13:13:44+00:00","description":"Pr\u00e9sentoir 50x70 avec cadre \u00e0 encliqueter, montant simple ou double face, avec choix de l'angle : aigu ou arrondi.","breadcrumb":{"@id":"https:\/\/www.smartystore.it\/fr\/prodotto\/presentoir-a-cadre-double-pression-50x70-avec-montant-simple\/#breadcrumb"},"inLanguage":"fr-FR","potentialAction":[{"@type":"ReadAction","target":["https:\/\/www.smartystore.it\/fr\/prodotto\/presentoir-a-cadre-double-pression-50x70-avec-montant-simple\/"]}]},{"@type":"ImageObject","inLanguage":"fr-FR","@id":"https:\/\/www.smartystore.it\/fr\/prodotto\/presentoir-a-cadre-double-pression-50x70-avec-montant-simple\/#primaryimage","url":"https:\/\/www.smartystore.it\/v25\/wp-content\/uploads\/2022\/05\/Cornice-a-scatto-autoportante-doppia-50x70-monofacciale-bifacciale-verticale-angolo-vivo-tondo-con-un-montante.jpg","contentUrl":"https:\/\/www.smartystore.it\/v25\/wp-content\/uploads\/2022\/05\/Cornice-a-scatto-autoportante-doppia-50x70-monofacciale-bifacciale-verticale-angolo-vivo-tondo-con-un-montante.jpg","width":1000,"height":1000,"caption":"Deux cadres \u00e0 clipser autoportants 50x70 simple face double face vertical coin rond vif avec un montant"},{"@type":"BreadcrumbList","@id":"https:\/\/www.smartystore.it\/fr\/prodotto\/presentoir-a-cadre-double-pression-50x70-avec-montant-simple\/#breadcrumb","itemListElement":[{"@type":"ListItem","position":1,"name":"Home","item":"https:\/\/www.smartystore.it\/fr\/"},{"@type":"ListItem","position":2,"name":"Boutique","item":"https:\/\/www.smartystore.it\/fr\/boutique\/"},{"@type":"ListItem","position":3,"name":"Pr\u00e9sentoir avec double cadre \u00e0 pression 50&#215;70"}]},{"@type":"WebSite","@id":"https:\/\/www.smartystore.it\/fr\/#website","url":"https:\/\/www.smartystore.it\/fr\/","name":"Smarty Store","description":"Espositori Pubblicitari e Sistemi di Comunicazione Visiva","potentialAction":[{"@type":"SearchAction","target":{"@type":"EntryPoint","urlTemplate":"https:\/\/www.smartystore.it\/fr\/?s={search_term_string}"},"query-input":{"@type":"PropertyValueSpecification","valueRequired":true,"valueName":"search_term_string"}}],"inLanguage":"fr-FR"}]}},"brands":[],"_links":{"self":[{"href":"https:\/\/www.smartystore.it\/fr\/wp-json\/wp\/v2\/product\/86457","targetHints":{"allow":["GET"]}}],"collection":[{"href":"https:\/\/www.smartystore.it\/fr\/wp-json\/wp\/v2\/product"}],"about":[{"href":"https:\/\/www.smartystore.it\/fr\/wp-json\/wp\/v2\/types\/product"}],"replies":[{"embeddable":true,"href":"https:\/\/www.smartystore.it\/fr\/wp-json\/wp\/v2\/comments?post=86457"}],"wp:featuredmedia":[{"embeddable":true,"href":"https:\/\/www.smartystore.it\/fr\/wp-json\/wp\/v2\/media\/86458"}],"wp:attachment":[{"href":"https:\/\/www.smartystore.it\/fr\/wp-json\/wp\/v2\/media?parent=86457"}],"wp:term":[{"taxonomy":"pwb-brand","embeddable":true,"href":"https:\/\/www.smartystore.it\/fr\/wp-json\/wp\/v2\/pwb-brand?post=86457"},{"taxonomy":"product_brand","embeddable":true,"href":"https:\/\/www.smartystore.it\/fr\/wp-json\/wp\/v2\/product_brand?post=86457"},{"taxonomy":"product_cat","embeddable":true,"href":"https:\/\/www.smartystore.it\/fr\/wp-json\/wp\/v2\/product_cat?post=86457"},{"taxonomy":"product_tag","embeddable":true,"href":"https:\/\/www.smartystore.it\/fr\/wp-json\/wp\/v2\/product_tag?post=86457"}],"curies":[{"name":"wp","href":"https:\/\/api.w.org\/{rel}","templated":true}]}}