{"id":86443,"date":"2018-04-19T13:03:51","date_gmt":"2018-04-19T11:03:51","guid":{"rendered":"https:\/\/www.smartystore.it\/prodotto\/support-de-sol-en-metal-noir-avec-pochette-a4-et-base-en-l\/"},"modified":"2018-04-19T13:03:51","modified_gmt":"2018-04-19T11:03:51","slug":"support-de-sol-en-metal-noir-avec-pochette-a4-et-base-en-l","status":"publish","type":"product","link":"https:\/\/www.smartystore.it\/fr\/prodotto\/support-de-sol-en-metal-noir-avec-pochette-a4-et-base-en-l\/","title":{"rendered":"Support de sol en m\u00e9tal NOIR avec pochette A4 et base en L"},"content":{"rendered":"<p>Pied de sol en m\u00e9tal NOIR avec pochette A4 et base en L<br \/>\nLe support de sol en m\u00e9tal noir avec pochette A4 et base en L est un pr\u00e9sentoir publicitaire sur pied \u00e9quip\u00e9 d&rsquo;une pochette transparente pour publications verticales A4 et d&rsquo;une base en L.<\/p>\n<p>La structure, r\u00e9alis\u00e9e en m\u00e9tal peint en noir d&rsquo;une \u00e9paisseur de 4 mm, se caract\u00e9rise par sa l\u00e9g\u00e8ret\u00e9 visuelle et sa r\u00e9sistance. La structure du pr\u00e9sentoir est repli\u00e9e sur elle-m\u00eame pour former une forme \u00e9l\u00e9gante et moderne qui s&rsquo;adapte bien \u00e0 tout contexte et dispose d&rsquo;une pochette de communication verticale au format A4 positionn\u00e9e sur le dessus. Cette solution met non seulement en \u00e9vidence les messages, mais les rend facilement accessibles pour un remplacement rapide et sans effort, id\u00e9al pour ceux qui ont besoin de mettre fr\u00e9quemment \u00e0 jour leurs communications.<\/p>\n<p>Remplacer les messages est tr\u00e8s simple, il suffit de soulever la pochette en plexiglas transparent, de retirer l&rsquo;impression pr\u00e9sente et d&rsquo;ins\u00e9rer la nouvelle. En quelques \u00e9tapes simples, la communication est toujours \u00e0 jour.<\/p>\n<p>Le poids de pr\u00e8s de 12 kg fait de ce support de sol une structure tr\u00e8s stable.<\/p>\n<p>CARACT\u00c9RISTIQUES:<br \/>\nPr\u00e9sentoir sur pied avec base en forme de L.<\/p>\n<p>Mat\u00e9riau : m\u00e9tal.<\/p>\n<p>Couleur noire.<\/p>\n<p>\u00c9paisseur : 4 mm.<\/p>\n<p>Une pochette pour les notices et communications : format A4 vertical.<\/p>\n<p>Utilisation : simple face.<\/p>\n<p>Dimensions (en cm.) : L 24,5 x P 30,0 x H 103,0.<\/p>\n<p>Poids de l&rsquo;\u00e9cran : 11,46 kg<br \/>\n\u200b<\/p>\n","protected":false},"excerpt":{"rendered":"<p>Pupitre simple face en m\u00e9tal peint noir \u00e9quip\u00e9 d&rsquo;une pochette pour notice au format A4.<\/p>\n","protected":false},"featured_media":86427,"comment_status":"open","ping_status":"closed","template":"","meta":{"_acf_changed":false},"pwb-brand":[],"product_brand":[],"product_cat":[3010,3013,3018,3024],"product_tag":[],"class_list":{"0":"post-86443","1":"product","2":"type-product","3":"status-publish","4":"has-post-thumbnail","6":"product_cat-affichage-porte-avis-emplacement","7":"product_cat-porte-affiche-au-sol","8":"product_cat-presentoirs-publicitaires","9":"product_cat-pupitres-et-tables","10":"pa_c2c_color-noir","11":"pa_c2c_dimensione-a4-fr","12":"pa_c2c_mono_bifacciale-simple-face","13":"pa_c2c_trovraprezzi-oui","15":"first","16":"instock","17":"taxable","18":"shipping-taxable","19":"purchasable","20":"product-type-simple"},"acf":[],"yoast_head":"<!-- This site is optimized with the Yoast SEO plugin v27.4 - https:\/\/yoast.com\/product\/yoast-seo-wordpress\/ -->\n<title>Support de sol en m\u00e9tal NOIR avec pochette A4 et base en L - Smarty Store<\/title>\n<meta name=\"robots\" content=\"index, follow, max-snippet:-1, max-image-preview:large, max-video-preview:-1\" \/>\n<link rel=\"canonical\" href=\"https:\/\/www.smartystore.it\/fr\/prodotto\/support-de-sol-en-metal-noir-avec-pochette-a4-et-base-en-l\/\" \/>\n<meta property=\"og:locale\" content=\"fr_FR\" \/>\n<meta property=\"og:type\" content=\"article\" \/>\n<meta property=\"og:title\" content=\"Support de sol en m\u00e9tal NOIR avec pochette A4 et base en L - Smarty Store\" \/>\n<meta property=\"og:description\" content=\"Pupitre simple face en m\u00e9tal peint noir \u00e9quip\u00e9 d&#039;une pochette pour notice au format A4.\" \/>\n<meta property=\"og:url\" content=\"https:\/\/www.smartystore.it\/fr\/prodotto\/support-de-sol-en-metal-noir-avec-pochette-a4-et-base-en-l\/\" \/>\n<meta property=\"og:site_name\" content=\"Smarty Store\" \/>\n<meta property=\"og:image\" content=\"https:\/\/www.smartystore.it\/v25\/wp-content\/uploads\/2018\/04\/Leggio-da-pavimento-metallo-nero-una-tasca-A4-base-a-L.jpg\" \/>\n\t<meta property=\"og:image:width\" content=\"1000\" \/>\n\t<meta property=\"og:image:height\" content=\"1000\" \/>\n\t<meta property=\"og:image:type\" content=\"image\/jpeg\" \/>\n<meta name=\"twitter:card\" content=\"summary_large_image\" \/>\n<meta name=\"twitter:label1\" content=\"Dur\u00e9e de lecture estim\u00e9e\" \/>\n\t<meta name=\"twitter:data1\" content=\"1 minute\" \/>\n<script type=\"application\/ld+json\" class=\"yoast-schema-graph\">{\"@context\":\"https:\\\/\\\/schema.org\",\"@graph\":[{\"@type\":\"WebPage\",\"@id\":\"https:\\\/\\\/www.smartystore.it\\\/fr\\\/prodotto\\\/support-de-sol-en-metal-noir-avec-pochette-a4-et-base-en-l\\\/\",\"url\":\"https:\\\/\\\/www.smartystore.it\\\/fr\\\/prodotto\\\/support-de-sol-en-metal-noir-avec-pochette-a4-et-base-en-l\\\/\",\"name\":\"Support de sol en m\u00e9tal NOIR avec pochette A4 et base en L - Smarty Store\",\"isPartOf\":{\"@id\":\"https:\\\/\\\/www.smartystore.it\\\/fr\\\/#website\"},\"primaryImageOfPage\":{\"@id\":\"https:\\\/\\\/www.smartystore.it\\\/fr\\\/prodotto\\\/support-de-sol-en-metal-noir-avec-pochette-a4-et-base-en-l\\\/#primaryimage\"},\"image\":{\"@id\":\"https:\\\/\\\/www.smartystore.it\\\/fr\\\/prodotto\\\/support-de-sol-en-metal-noir-avec-pochette-a4-et-base-en-l\\\/#primaryimage\"},\"thumbnailUrl\":\"https:\\\/\\\/www.smartystore.it\\\/v25\\\/wp-content\\\/uploads\\\/2018\\\/04\\\/Leggio-da-pavimento-metallo-nero-una-tasca-A4-base-a-L.jpg\",\"datePublished\":\"2018-04-19T11:03:51+00:00\",\"breadcrumb\":{\"@id\":\"https:\\\/\\\/www.smartystore.it\\\/fr\\\/prodotto\\\/support-de-sol-en-metal-noir-avec-pochette-a4-et-base-en-l\\\/#breadcrumb\"},\"inLanguage\":\"fr-FR\",\"potentialAction\":[{\"@type\":\"ReadAction\",\"target\":[\"https:\\\/\\\/www.smartystore.it\\\/fr\\\/prodotto\\\/support-de-sol-en-metal-noir-avec-pochette-a4-et-base-en-l\\\/\"]}]},{\"@type\":\"ImageObject\",\"inLanguage\":\"fr-FR\",\"@id\":\"https:\\\/\\\/www.smartystore.it\\\/fr\\\/prodotto\\\/support-de-sol-en-metal-noir-avec-pochette-a4-et-base-en-l\\\/#primaryimage\",\"url\":\"https:\\\/\\\/www.smartystore.it\\\/v25\\\/wp-content\\\/uploads\\\/2018\\\/04\\\/Leggio-da-pavimento-metallo-nero-una-tasca-A4-base-a-L.jpg\",\"contentUrl\":\"https:\\\/\\\/www.smartystore.it\\\/v25\\\/wp-content\\\/uploads\\\/2018\\\/04\\\/Leggio-da-pavimento-metallo-nero-una-tasca-A4-base-a-L.jpg\",\"width\":1000,\"height\":1000},{\"@type\":\"BreadcrumbList\",\"@id\":\"https:\\\/\\\/www.smartystore.it\\\/fr\\\/prodotto\\\/support-de-sol-en-metal-noir-avec-pochette-a4-et-base-en-l\\\/#breadcrumb\",\"itemListElement\":[{\"@type\":\"ListItem\",\"position\":1,\"name\":\"Home\",\"item\":\"https:\\\/\\\/www.smartystore.it\\\/fr\\\/\"},{\"@type\":\"ListItem\",\"position\":2,\"name\":\"Boutique\",\"item\":\"https:\\\/\\\/www.smartystore.it\\\/fr\\\/boutique\\\/\"},{\"@type\":\"ListItem\",\"position\":3,\"name\":\"Support de sol en m\u00e9tal NOIR avec pochette A4 et base en L\"}]},{\"@type\":\"WebSite\",\"@id\":\"https:\\\/\\\/www.smartystore.it\\\/fr\\\/#website\",\"url\":\"https:\\\/\\\/www.smartystore.it\\\/fr\\\/\",\"name\":\"Smarty Store\",\"description\":\"Espositori Pubblicitari e Sistemi di Comunicazione Visiva\",\"potentialAction\":[{\"@type\":\"SearchAction\",\"target\":{\"@type\":\"EntryPoint\",\"urlTemplate\":\"https:\\\/\\\/www.smartystore.it\\\/fr\\\/?s={search_term_string}\"},\"query-input\":{\"@type\":\"PropertyValueSpecification\",\"valueRequired\":true,\"valueName\":\"search_term_string\"}}],\"inLanguage\":\"fr-FR\"}]}<\/script>\n<!-- \/ Yoast SEO plugin. -->","yoast_head_json":{"title":"Support de sol en m\u00e9tal NOIR avec pochette A4 et base en L - Smarty Store","robots":{"index":"index","follow":"follow","max-snippet":"max-snippet:-1","max-image-preview":"max-image-preview:large","max-video-preview":"max-video-preview:-1"},"canonical":"https:\/\/www.smartystore.it\/fr\/prodotto\/support-de-sol-en-metal-noir-avec-pochette-a4-et-base-en-l\/","og_locale":"fr_FR","og_type":"article","og_title":"Support de sol en m\u00e9tal NOIR avec pochette A4 et base en L - Smarty Store","og_description":"Pupitre simple face en m\u00e9tal peint noir \u00e9quip\u00e9 d'une pochette pour notice au format A4.","og_url":"https:\/\/www.smartystore.it\/fr\/prodotto\/support-de-sol-en-metal-noir-avec-pochette-a4-et-base-en-l\/","og_site_name":"Smarty Store","og_image":[{"width":1000,"height":1000,"url":"https:\/\/www.smartystore.it\/v25\/wp-content\/uploads\/2018\/04\/Leggio-da-pavimento-metallo-nero-una-tasca-A4-base-a-L.jpg","type":"image\/jpeg"}],"twitter_card":"summary_large_image","twitter_misc":{"Dur\u00e9e de lecture estim\u00e9e":"1 minute"},"schema":{"@context":"https:\/\/schema.org","@graph":[{"@type":"WebPage","@id":"https:\/\/www.smartystore.it\/fr\/prodotto\/support-de-sol-en-metal-noir-avec-pochette-a4-et-base-en-l\/","url":"https:\/\/www.smartystore.it\/fr\/prodotto\/support-de-sol-en-metal-noir-avec-pochette-a4-et-base-en-l\/","name":"Support de sol en m\u00e9tal NOIR avec pochette A4 et base en L - Smarty Store","isPartOf":{"@id":"https:\/\/www.smartystore.it\/fr\/#website"},"primaryImageOfPage":{"@id":"https:\/\/www.smartystore.it\/fr\/prodotto\/support-de-sol-en-metal-noir-avec-pochette-a4-et-base-en-l\/#primaryimage"},"image":{"@id":"https:\/\/www.smartystore.it\/fr\/prodotto\/support-de-sol-en-metal-noir-avec-pochette-a4-et-base-en-l\/#primaryimage"},"thumbnailUrl":"https:\/\/www.smartystore.it\/v25\/wp-content\/uploads\/2018\/04\/Leggio-da-pavimento-metallo-nero-una-tasca-A4-base-a-L.jpg","datePublished":"2018-04-19T11:03:51+00:00","breadcrumb":{"@id":"https:\/\/www.smartystore.it\/fr\/prodotto\/support-de-sol-en-metal-noir-avec-pochette-a4-et-base-en-l\/#breadcrumb"},"inLanguage":"fr-FR","potentialAction":[{"@type":"ReadAction","target":["https:\/\/www.smartystore.it\/fr\/prodotto\/support-de-sol-en-metal-noir-avec-pochette-a4-et-base-en-l\/"]}]},{"@type":"ImageObject","inLanguage":"fr-FR","@id":"https:\/\/www.smartystore.it\/fr\/prodotto\/support-de-sol-en-metal-noir-avec-pochette-a4-et-base-en-l\/#primaryimage","url":"https:\/\/www.smartystore.it\/v25\/wp-content\/uploads\/2018\/04\/Leggio-da-pavimento-metallo-nero-una-tasca-A4-base-a-L.jpg","contentUrl":"https:\/\/www.smartystore.it\/v25\/wp-content\/uploads\/2018\/04\/Leggio-da-pavimento-metallo-nero-una-tasca-A4-base-a-L.jpg","width":1000,"height":1000},{"@type":"BreadcrumbList","@id":"https:\/\/www.smartystore.it\/fr\/prodotto\/support-de-sol-en-metal-noir-avec-pochette-a4-et-base-en-l\/#breadcrumb","itemListElement":[{"@type":"ListItem","position":1,"name":"Home","item":"https:\/\/www.smartystore.it\/fr\/"},{"@type":"ListItem","position":2,"name":"Boutique","item":"https:\/\/www.smartystore.it\/fr\/boutique\/"},{"@type":"ListItem","position":3,"name":"Support de sol en m\u00e9tal NOIR avec pochette A4 et base en L"}]},{"@type":"WebSite","@id":"https:\/\/www.smartystore.it\/fr\/#website","url":"https:\/\/www.smartystore.it\/fr\/","name":"Smarty Store","description":"Espositori Pubblicitari e Sistemi di Comunicazione Visiva","potentialAction":[{"@type":"SearchAction","target":{"@type":"EntryPoint","urlTemplate":"https:\/\/www.smartystore.it\/fr\/?s={search_term_string}"},"query-input":{"@type":"PropertyValueSpecification","valueRequired":true,"valueName":"search_term_string"}}],"inLanguage":"fr-FR"}]}},"brands":[],"_links":{"self":[{"href":"https:\/\/www.smartystore.it\/fr\/wp-json\/wp\/v2\/product\/86443","targetHints":{"allow":["GET"]}}],"collection":[{"href":"https:\/\/www.smartystore.it\/fr\/wp-json\/wp\/v2\/product"}],"about":[{"href":"https:\/\/www.smartystore.it\/fr\/wp-json\/wp\/v2\/types\/product"}],"replies":[{"embeddable":true,"href":"https:\/\/www.smartystore.it\/fr\/wp-json\/wp\/v2\/comments?post=86443"}],"wp:featuredmedia":[{"embeddable":true,"href":"https:\/\/www.smartystore.it\/fr\/wp-json\/wp\/v2\/media\/86427"}],"wp:attachment":[{"href":"https:\/\/www.smartystore.it\/fr\/wp-json\/wp\/v2\/media?parent=86443"}],"wp:term":[{"taxonomy":"pwb-brand","embeddable":true,"href":"https:\/\/www.smartystore.it\/fr\/wp-json\/wp\/v2\/pwb-brand?post=86443"},{"taxonomy":"product_brand","embeddable":true,"href":"https:\/\/www.smartystore.it\/fr\/wp-json\/wp\/v2\/product_brand?post=86443"},{"taxonomy":"product_cat","embeddable":true,"href":"https:\/\/www.smartystore.it\/fr\/wp-json\/wp\/v2\/product_cat?post=86443"},{"taxonomy":"product_tag","embeddable":true,"href":"https:\/\/www.smartystore.it\/fr\/wp-json\/wp\/v2\/product_tag?post=86443"}],"curies":[{"name":"wp","href":"https:\/\/api.w.org\/{rel}","templated":true}]}}