{"id":86428,"date":"2021-04-02T14:14:43","date_gmt":"2021-04-02T12:14:43","guid":{"rendered":"https:\/\/www.smartystore.it\/prodotto\/porte-visuel-cadre-sur-mat-2xa4\/"},"modified":"2026-03-16T12:20:30","modified_gmt":"2026-03-16T10:20:30","slug":"presentoir-a-cadre-encliquetable-2xa4","status":"publish","type":"product","link":"https:\/\/www.smartystore.it\/fr\/prodotto\/presentoir-a-cadre-encliquetable-2xa4\/","title":{"rendered":"Pr\u00e9sentoir \u00e0 cadre encliquetable 2xA4"},"content":{"rendered":"<div class=\"wpb-content-wrapper\"><p>[vc_row][vc_column][vc_column_text css=\u00a0\u00bb\u00a0\u00bb css_params=\u00a0\u00bb\u00a0\u00bb]<\/p>\n<h1><strong>Pr\u00e9sentoir \u00e0 cadre encliquetable 2xA4<\/strong><\/h1>\n<p>Le pr\u00e9sentoir 2xA4 snap frame est une structure sur pied qui fait partie de la gamme QUADRA SERIES. Enti\u00e8rement r\u00e9alis\u00e9 en aluminium, il se compose de 2 cadres encliquetables (4 cadres pour la version recto-verso) pour les imprim\u00e9s A4, d&rsquo;un montant \u00e0 section carr\u00e9e (d&rsquo;o\u00f9 le nom de la s\u00e9rie) et d&rsquo;une base en m\u00e9tal poudr\u00e9 argent\u00e9. <\/p>\n<p>Adapt\u00e9 \u00e0 l&rsquo;affichage de messages promotionnels ou m\u00eame simplement de messages pour indiquer la direction \u00e0 suivre pour atteindre les bureaux et les \u00e9tages souhait\u00e9s, le pr\u00e9sentoir autoportant avec cadre clic-clac peut \u00eatre utilis\u00e9 dans des endroits tels que les salles d&rsquo;exposition, les supermarch\u00e9s, les r\u00e9unions, les conventions, les entr\u00e9es d&rsquo;entreprise et dans tout endroit o\u00f9 vous avez besoin d&rsquo;afficher votre message.<\/p>\n<h2>Afficheur \u00e0 cadre amovible 2xA4 : Communiquez avec simplicit\u00e9 et polyvalence<\/h2>\n<p>Ce pr\u00e9sentoir peut \u00eatre personnalis\u00e9 selon vos besoins en choisissant la finition du cadre lors de l&rsquo;achat (angles vifs ou arrondis). Le cadre est d\u00e9j\u00e0 pr\u00eat \u00e0 l&#8217;emploi, vous pouvez donc le positionner verticalement ou horizontalement selon les informations \u00e0 afficher. <\/p>\n<p>Le pr\u00e9sentoir est livr\u00e9 d\u00e9j\u00e0 assembl\u00e9 (\u00e0 l&rsquo;exception de la base, qui doit \u00eatre fix\u00e9e \u00e0 l&rsquo;aide de la vis fournie) avec les cadres dans l&rsquo;orientation requise. Il est toutefois possible de d\u00e9cider de changer l&rsquo;orientation \u00e0 tout moment en d\u00e9vissant simplement les deux vis de fixation. <\/p>\n<p>Le poteau de 30\u00d730 mm rend la structure <strong>plus robuste et plus stable.<\/strong><\/p>\n<p>Une autre remarque suppl\u00e9mentaire est la possibilit\u00e9 de choisir lors de la commande si vous souhaitez l&rsquo;affichage en version simple face ou double face selon que vous devez le positionner sur un passage \u00e0 sens unique ou \u00e0 double sens.<\/p>\n<h3>CARACT\u00c9RISTIQUES:<\/h3>\n<ul>\n<li>Cadre : cadre 25 (largeur du profil : 25 mm.).<\/li>\n<li>Possibilit\u00e9 de choisir le type de cadre : coin pointu ou coin rond chrom\u00e9.<\/li>\n<li>Possibilit\u00e9 de changer d&rsquo;orientation : verticale ou horizontale.<\/li>\n<li>Montant en aluminium anodis\u00e9 \u00e0 section carr\u00e9e : H 185- L 3 cm.<\/li>\n<li>Base carr\u00e9e en m\u00e9tal thermolaqu\u00e9 argent : L 32 cm. &#8211; H 0,6 cm. &#8211; P 32 cm.  <\/li>\n<li><span style=\"text-decoration: underline;\"><strong>BASE ANTI-TR\u00c9CISSEMENT ULTRA PLATE : \u00e9paisseur 6 mm.<\/strong><\/span><\/li>\n<li>Application d&rsquo;un cadre clic-clac en aluminium argent\u00e9 avec protection PVC antireflet.<\/li>\n<li>Format imprim\u00e9 : A4.<\/li>\n<li>Zone visible : 19 x 27,7 cm<\/li>\n<li>Dimensions du cadre : 24,1 x 32,8 cm.<\/li>\n<li>Dimensions de l&rsquo;affichage : L 32 &#8211; H 185,6 &#8211; P 32<\/li>\n<li>Poids de l&rsquo;\u00e9cran : environ 6,5 kg pour la version simple face et environ 7,50 kg pour la version double face.<\/li>\n<\/ul>\n<p>SmartyStore assiste pleinement ses clients, donc si vous avez besoin d&rsquo;affiches A4 \u00e0 ins\u00e9rer dans des cadres, vous pouvez trouver ce que vous cherchez sur le <a href=\"https:\/\/www.smartystore.it\/fr\/prodotto\/stampa-poster-monofacciale-su-carta\/\" target=\"_blank\" rel=\"noopener\"><strong>LIEN <\/strong><\/a>suivant<\/p>\n<p>&nbsp;<\/p>\n<p><a href=\"https:\/\/www.smartystore.it\/v25\/wp-content\/uploads\/2025\/06\/Scheda-tecnica-cornici-autoportanti-con-multi-cornici-A3-A4.pdf\" target=\"_blank\" rel=\"noopener\"><img loading=\"lazy\" decoding=\"async\" class=\"alignnone size-full wp-image-93510\" src=\"https:\/\/www.smartystore.it\/v25\/wp-content\/uploads\/2014\/10\/SchedaTecnica-300-e1750084266903.png\" alt=\"\" width=\"249\" height=\"63\"><\/a><\/p>\n<p>&nbsp;[\/vc_column_text][\/vc_column][\/vc_row]<\/p>\n<\/div>","protected":false},"excerpt":{"rendered":"<p>Structure autoportante simple ou double face avec montants en aluminium anodis\u00e9 \u00e0 section carr\u00e9e et cadres A4. Possibilit\u00e9 de choisir le type de finition des angles et l&rsquo;orientation du cadre. <\/p>\n","protected":false},"featured_media":86429,"comment_status":"open","ping_status":"closed","template":"","meta":{"_acf_changed":false},"pwb-brand":[],"product_brand":[3872],"product_cat":[2915,2912,2914,2913],"product_tag":[4654,4653,4652,4649,4657,4650,4651],"class_list":{"0":"post-86428","1":"product","2":"type-product","3":"status-publish","4":"has-post-thumbnail","6":"product_brand-smartystore","7":"product_cat-ecrans-avec-cadres-instantanes","8":"product_cat-cadres-instantanes","9":"product_cat-quadra-series-fr","10":"product_cat-structures-autoportantes-et-soutient","11":"product_tag-porte-message-a4-fr","12":"product_tag-porte-message-a4-recto-verso-a-cadre-clipsable","13":"product_tag-porte-message-a4-sur-pied-fr","14":"product_tag-presentoir-a4-a-cadre-encliquetable-fr","15":"product_tag-presentoir-a4-unilateral-a-cadre-encliquetable","16":"product_tag-presentoir-autonome-avec-cadres-a-clipser-a4","17":"product_tag-presentoir-de-sol-avec-cadres-a4","18":"pa_c2c_angolo-rond","19":"pa_c2c_angolo-vif","20":"pa_c2c_base-base-carree","21":"pa_c2c_color-argent","22":"pa_c2c_dimensione-2-x-a4","23":"pa_c2c_mono_bifacciale-double-face","24":"pa_c2c_mono_bifacciale-simple-face","25":"pa_c2c_orientamento-horizontal","26":"pa_c2c_orientamento-verticale","27":"pa_c2c_trovraprezzi-oui","28":"pa_serie-quadra-series","30":"first","31":"instock","32":"taxable","33":"shipping-taxable","34":"purchasable","35":"product-type-variable"},"acf":[],"yoast_head":"<!-- This site is optimized with the Yoast SEO plugin v27.4 - https:\/\/yoast.com\/product\/yoast-seo-wordpress\/ -->\n<title>Pr\u00e9sentoir \u00e0 cadre encliquetable 2xA4 - Smarty Store Au Meilleur Prix<\/title>\n<meta name=\"description\" content=\"Pr\u00e9sentoir \u00e0 cadre encliquetable 2xA4 recto ou recto-verso, avec choix de la finition, ar\u00eate vive ou ronde.\" \/>\n<meta name=\"robots\" content=\"index, follow, max-snippet:-1, max-image-preview:large, max-video-preview:-1\" \/>\n<link rel=\"canonical\" href=\"https:\/\/www.smartystore.it\/fr\/prodotto\/presentoir-a-cadre-encliquetable-2xa4\/\" \/>\n<meta property=\"og:locale\" content=\"fr_FR\" \/>\n<meta property=\"og:type\" content=\"article\" \/>\n<meta property=\"og:title\" content=\"Pr\u00e9sentoir \u00e0 cadre encliquetable 2xA4 - Smarty Store Au Meilleur Prix\" \/>\n<meta property=\"og:description\" content=\"Pr\u00e9sentoir \u00e0 cadre encliquetable 2xA4 recto ou recto-verso, avec choix de la finition, ar\u00eate vive ou ronde.\" \/>\n<meta property=\"og:url\" content=\"https:\/\/www.smartystore.it\/fr\/prodotto\/presentoir-a-cadre-encliquetable-2xa4\/\" \/>\n<meta property=\"og:site_name\" content=\"Smarty Store\" \/>\n<meta property=\"article:modified_time\" content=\"2026-03-16T10:20:30+00:00\" \/>\n<meta property=\"og:image\" content=\"https:\/\/www.smartystore.it\/v25\/wp-content\/uploads\/2021\/04\/Cornice-a-scatto-autoportante-2xA4-monofacciale-bifacciale-verticale-orizzontale-angolo-vivo-tondo-profilo-30-3.jpg\" \/>\n\t<meta property=\"og:image:width\" content=\"1000\" \/>\n\t<meta property=\"og:image:height\" content=\"1000\" \/>\n\t<meta property=\"og:image:type\" content=\"image\/jpeg\" \/>\n<meta name=\"twitter:card\" content=\"summary_large_image\" \/>\n<meta name=\"twitter:label1\" content=\"Dur\u00e9e de lecture estim\u00e9e\" \/>\n\t<meta name=\"twitter:data1\" content=\"3 minutes\" \/>\n<script type=\"application\/ld+json\" class=\"yoast-schema-graph\">{\"@context\":\"https:\\\/\\\/schema.org\",\"@graph\":[{\"@type\":\"WebPage\",\"@id\":\"https:\\\/\\\/www.smartystore.it\\\/fr\\\/prodotto\\\/presentoir-a-cadre-encliquetable-2xa4\\\/\",\"url\":\"https:\\\/\\\/www.smartystore.it\\\/fr\\\/prodotto\\\/presentoir-a-cadre-encliquetable-2xa4\\\/\",\"name\":\"Pr\u00e9sentoir \u00e0 cadre encliquetable 2xA4 - Smarty Store Au Meilleur Prix\",\"isPartOf\":{\"@id\":\"https:\\\/\\\/www.smartystore.it\\\/fr\\\/#website\"},\"primaryImageOfPage\":{\"@id\":\"https:\\\/\\\/www.smartystore.it\\\/fr\\\/prodotto\\\/presentoir-a-cadre-encliquetable-2xa4\\\/#primaryimage\"},\"image\":{\"@id\":\"https:\\\/\\\/www.smartystore.it\\\/fr\\\/prodotto\\\/presentoir-a-cadre-encliquetable-2xa4\\\/#primaryimage\"},\"thumbnailUrl\":\"https:\\\/\\\/www.smartystore.it\\\/v25\\\/wp-content\\\/uploads\\\/2021\\\/04\\\/Cornice-a-scatto-autoportante-2xA4-monofacciale-bifacciale-verticale-orizzontale-angolo-vivo-tondo-profilo-30-3.jpg\",\"datePublished\":\"2021-04-02T12:14:43+00:00\",\"dateModified\":\"2026-03-16T10:20:30+00:00\",\"description\":\"Pr\u00e9sentoir \u00e0 cadre encliquetable 2xA4 recto ou recto-verso, avec choix de la finition, ar\u00eate vive ou ronde.\",\"breadcrumb\":{\"@id\":\"https:\\\/\\\/www.smartystore.it\\\/fr\\\/prodotto\\\/presentoir-a-cadre-encliquetable-2xa4\\\/#breadcrumb\"},\"inLanguage\":\"fr-FR\",\"potentialAction\":[{\"@type\":\"ReadAction\",\"target\":[\"https:\\\/\\\/www.smartystore.it\\\/fr\\\/prodotto\\\/presentoir-a-cadre-encliquetable-2xa4\\\/\"]}]},{\"@type\":\"ImageObject\",\"inLanguage\":\"fr-FR\",\"@id\":\"https:\\\/\\\/www.smartystore.it\\\/fr\\\/prodotto\\\/presentoir-a-cadre-encliquetable-2xa4\\\/#primaryimage\",\"url\":\"https:\\\/\\\/www.smartystore.it\\\/v25\\\/wp-content\\\/uploads\\\/2021\\\/04\\\/Cornice-a-scatto-autoportante-2xA4-monofacciale-bifacciale-verticale-orizzontale-angolo-vivo-tondo-profilo-30-3.jpg\",\"contentUrl\":\"https:\\\/\\\/www.smartystore.it\\\/v25\\\/wp-content\\\/uploads\\\/2021\\\/04\\\/Cornice-a-scatto-autoportante-2xA4-monofacciale-bifacciale-verticale-orizzontale-angolo-vivo-tondo-profilo-30-3.jpg\",\"width\":1000,\"height\":1000,\"caption\":\"Cadre \u00e0 pression autoportant 2xA4 simple face double face vertical horizontal angle vif profil rond\"},{\"@type\":\"BreadcrumbList\",\"@id\":\"https:\\\/\\\/www.smartystore.it\\\/fr\\\/prodotto\\\/presentoir-a-cadre-encliquetable-2xa4\\\/#breadcrumb\",\"itemListElement\":[{\"@type\":\"ListItem\",\"position\":1,\"name\":\"Home\",\"item\":\"https:\\\/\\\/www.smartystore.it\\\/fr\\\/\"},{\"@type\":\"ListItem\",\"position\":2,\"name\":\"Boutique\",\"item\":\"https:\\\/\\\/www.smartystore.it\\\/fr\\\/boutique\\\/\"},{\"@type\":\"ListItem\",\"position\":3,\"name\":\"Pr\u00e9sentoir \u00e0 cadre encliquetable 2xA4\"}]},{\"@type\":\"WebSite\",\"@id\":\"https:\\\/\\\/www.smartystore.it\\\/fr\\\/#website\",\"url\":\"https:\\\/\\\/www.smartystore.it\\\/fr\\\/\",\"name\":\"Smarty Store\",\"description\":\"Espositori Pubblicitari e Sistemi di Comunicazione Visiva\",\"potentialAction\":[{\"@type\":\"SearchAction\",\"target\":{\"@type\":\"EntryPoint\",\"urlTemplate\":\"https:\\\/\\\/www.smartystore.it\\\/fr\\\/?s={search_term_string}\"},\"query-input\":{\"@type\":\"PropertyValueSpecification\",\"valueRequired\":true,\"valueName\":\"search_term_string\"}}],\"inLanguage\":\"fr-FR\"}]}<\/script>\n<!-- \/ Yoast SEO plugin. -->","yoast_head_json":{"title":"Pr\u00e9sentoir \u00e0 cadre encliquetable 2xA4 - Smarty Store Au Meilleur Prix","description":"Pr\u00e9sentoir \u00e0 cadre encliquetable 2xA4 recto ou recto-verso, avec choix de la finition, ar\u00eate vive ou ronde.","robots":{"index":"index","follow":"follow","max-snippet":"max-snippet:-1","max-image-preview":"max-image-preview:large","max-video-preview":"max-video-preview:-1"},"canonical":"https:\/\/www.smartystore.it\/fr\/prodotto\/presentoir-a-cadre-encliquetable-2xa4\/","og_locale":"fr_FR","og_type":"article","og_title":"Pr\u00e9sentoir \u00e0 cadre encliquetable 2xA4 - Smarty Store Au Meilleur Prix","og_description":"Pr\u00e9sentoir \u00e0 cadre encliquetable 2xA4 recto ou recto-verso, avec choix de la finition, ar\u00eate vive ou ronde.","og_url":"https:\/\/www.smartystore.it\/fr\/prodotto\/presentoir-a-cadre-encliquetable-2xa4\/","og_site_name":"Smarty Store","article_modified_time":"2026-03-16T10:20:30+00:00","og_image":[{"width":1000,"height":1000,"url":"https:\/\/www.smartystore.it\/v25\/wp-content\/uploads\/2021\/04\/Cornice-a-scatto-autoportante-2xA4-monofacciale-bifacciale-verticale-orizzontale-angolo-vivo-tondo-profilo-30-3.jpg","type":"image\/jpeg"}],"twitter_card":"summary_large_image","twitter_misc":{"Dur\u00e9e de lecture estim\u00e9e":"3 minutes"},"schema":{"@context":"https:\/\/schema.org","@graph":[{"@type":"WebPage","@id":"https:\/\/www.smartystore.it\/fr\/prodotto\/presentoir-a-cadre-encliquetable-2xa4\/","url":"https:\/\/www.smartystore.it\/fr\/prodotto\/presentoir-a-cadre-encliquetable-2xa4\/","name":"Pr\u00e9sentoir \u00e0 cadre encliquetable 2xA4 - Smarty Store Au Meilleur Prix","isPartOf":{"@id":"https:\/\/www.smartystore.it\/fr\/#website"},"primaryImageOfPage":{"@id":"https:\/\/www.smartystore.it\/fr\/prodotto\/presentoir-a-cadre-encliquetable-2xa4\/#primaryimage"},"image":{"@id":"https:\/\/www.smartystore.it\/fr\/prodotto\/presentoir-a-cadre-encliquetable-2xa4\/#primaryimage"},"thumbnailUrl":"https:\/\/www.smartystore.it\/v25\/wp-content\/uploads\/2021\/04\/Cornice-a-scatto-autoportante-2xA4-monofacciale-bifacciale-verticale-orizzontale-angolo-vivo-tondo-profilo-30-3.jpg","datePublished":"2021-04-02T12:14:43+00:00","dateModified":"2026-03-16T10:20:30+00:00","description":"Pr\u00e9sentoir \u00e0 cadre encliquetable 2xA4 recto ou recto-verso, avec choix de la finition, ar\u00eate vive ou ronde.","breadcrumb":{"@id":"https:\/\/www.smartystore.it\/fr\/prodotto\/presentoir-a-cadre-encliquetable-2xa4\/#breadcrumb"},"inLanguage":"fr-FR","potentialAction":[{"@type":"ReadAction","target":["https:\/\/www.smartystore.it\/fr\/prodotto\/presentoir-a-cadre-encliquetable-2xa4\/"]}]},{"@type":"ImageObject","inLanguage":"fr-FR","@id":"https:\/\/www.smartystore.it\/fr\/prodotto\/presentoir-a-cadre-encliquetable-2xa4\/#primaryimage","url":"https:\/\/www.smartystore.it\/v25\/wp-content\/uploads\/2021\/04\/Cornice-a-scatto-autoportante-2xA4-monofacciale-bifacciale-verticale-orizzontale-angolo-vivo-tondo-profilo-30-3.jpg","contentUrl":"https:\/\/www.smartystore.it\/v25\/wp-content\/uploads\/2021\/04\/Cornice-a-scatto-autoportante-2xA4-monofacciale-bifacciale-verticale-orizzontale-angolo-vivo-tondo-profilo-30-3.jpg","width":1000,"height":1000,"caption":"Cadre \u00e0 pression autoportant 2xA4 simple face double face vertical horizontal angle vif profil rond"},{"@type":"BreadcrumbList","@id":"https:\/\/www.smartystore.it\/fr\/prodotto\/presentoir-a-cadre-encliquetable-2xa4\/#breadcrumb","itemListElement":[{"@type":"ListItem","position":1,"name":"Home","item":"https:\/\/www.smartystore.it\/fr\/"},{"@type":"ListItem","position":2,"name":"Boutique","item":"https:\/\/www.smartystore.it\/fr\/boutique\/"},{"@type":"ListItem","position":3,"name":"Pr\u00e9sentoir \u00e0 cadre encliquetable 2xA4"}]},{"@type":"WebSite","@id":"https:\/\/www.smartystore.it\/fr\/#website","url":"https:\/\/www.smartystore.it\/fr\/","name":"Smarty Store","description":"Espositori Pubblicitari e Sistemi di Comunicazione Visiva","potentialAction":[{"@type":"SearchAction","target":{"@type":"EntryPoint","urlTemplate":"https:\/\/www.smartystore.it\/fr\/?s={search_term_string}"},"query-input":{"@type":"PropertyValueSpecification","valueRequired":true,"valueName":"search_term_string"}}],"inLanguage":"fr-FR"}]}},"brands":[],"_links":{"self":[{"href":"https:\/\/www.smartystore.it\/fr\/wp-json\/wp\/v2\/product\/86428","targetHints":{"allow":["GET"]}}],"collection":[{"href":"https:\/\/www.smartystore.it\/fr\/wp-json\/wp\/v2\/product"}],"about":[{"href":"https:\/\/www.smartystore.it\/fr\/wp-json\/wp\/v2\/types\/product"}],"replies":[{"embeddable":true,"href":"https:\/\/www.smartystore.it\/fr\/wp-json\/wp\/v2\/comments?post=86428"}],"wp:featuredmedia":[{"embeddable":true,"href":"https:\/\/www.smartystore.it\/fr\/wp-json\/wp\/v2\/media\/86429"}],"wp:attachment":[{"href":"https:\/\/www.smartystore.it\/fr\/wp-json\/wp\/v2\/media?parent=86428"}],"wp:term":[{"taxonomy":"pwb-brand","embeddable":true,"href":"https:\/\/www.smartystore.it\/fr\/wp-json\/wp\/v2\/pwb-brand?post=86428"},{"taxonomy":"product_brand","embeddable":true,"href":"https:\/\/www.smartystore.it\/fr\/wp-json\/wp\/v2\/product_brand?post=86428"},{"taxonomy":"product_cat","embeddable":true,"href":"https:\/\/www.smartystore.it\/fr\/wp-json\/wp\/v2\/product_cat?post=86428"},{"taxonomy":"product_tag","embeddable":true,"href":"https:\/\/www.smartystore.it\/fr\/wp-json\/wp\/v2\/product_tag?post=86428"}],"curies":[{"name":"wp","href":"https:\/\/api.w.org\/{rel}","templated":true}]}}