{"id":86387,"date":"2024-03-04T18:35:18","date_gmt":"2024-03-04T16:35:18","guid":{"rendered":"https:\/\/www.smartystore.it\/prodotto\/cadre-a-pression-avec-colliers\/"},"modified":"2026-02-18T13:58:28","modified_gmt":"2026-02-18T11:58:28","slug":"cadre-a-pression-avec-colliers","status":"publish","type":"product","link":"https:\/\/www.smartystore.it\/fr\/prodotto\/cadre-a-pression-avec-colliers\/","title":{"rendered":"Cadre \u00e0 pression avec colliers"},"content":{"rendered":"<h1>Cadre \u00e0 pression avec colliers<\/h1>\n<p>Le cadre clic-clac EASY avec collier est un cadre en aluminium pour m\u00e2t. Il est dot\u00e9 de coins chrom\u00e9s arrondis, d&rsquo;un fond en PS, de profil\u00e9s de 25 mm, d&rsquo;une feuille PVC antireflet et de doubles colliers au dos. Il est disponible pour les impressions A4 et A3.<\/p>\n<p>Le rev\u00eatement en caoutchouc de la paire de colliers emp\u00eache le cadre \u00e0 pression de glisser le long du poteau.<\/p>\n<h2>Cadre \u00e0 encliqueter avec collier &#8211; FACILE : choisissez le format le plus appropri\u00e9<\/h2>\n<p>Lors de l&rsquo;achat, en plus de la taille du cadre (pour des impressions A3 ou A4) vous pouvez choisir l&rsquo;orientation du cadre (qu&rsquo;elle soit horizontale ou verticale) et la taille du collier (pour une utilisation sur des poteaux d&rsquo;un diam\u00e8tre de 46 mm ou 60 mm).<\/p>\n<p><strong>Conseils d&rsquo;utilisation <\/strong>: En cas d&rsquo;utilisation en ext\u00e9rieur, nous recommandons d&rsquo;imprimer sur une feuille PVC de 1 mm ou d&rsquo;utiliser un sac poster (<a href=\"https:\/\/www.smartystore.it\/fr\/?s=poster+bag\" target=\"_blank\" rel=\"noopener\"><strong>LIEN<\/strong><\/a>) pour prot\u00e9ger l&rsquo;impression papier des \u00e9l\u00e9ments.<\/p>\n<h3><strong>CARACT\u00c9RISTIQUES:<\/strong><\/h3>\n<ul>\n<li>Cadre encliquetable con\u00e7u pour \u00eatre mont\u00e9 sur des poteaux.<\/li>\n<li>Applicable aux structures de mobilier urbain gr\u00e2ce \u00e0 la paire de colliers positionn\u00e9s derri\u00e8re le cadre.<\/li>\n<li>Cadre \u00e0 clipser format A4 &#8211; cadre 25<\/li>\n<li>Cadre \u00e0 clipser format A3 &#8211; cadre 25<\/li>\n<li>Coin rond chrom\u00e9.<\/li>\n<li>Feuille de protection en PVC antireflet.<\/li>\n<li>2 colliers en acier avec rev\u00eatement en caoutchouc.<\/li>\n<li>Kit de montage inclus.<\/li>\n<li>Colliers en acier : \u00d8 46mm &#8211; 60mm.<\/li>\n<li>Utilisation : simple face.<\/li>\n<li>Dimensions r\u00e9elles du cadre photo pour impressions A4 (en cm) : L 24,1 &#8211; H 32,8<\/li>\n<li>Dimensions de la zone visible du cadre photo pour impressions A4 (en cm) : L 19 &#8211; H 27,7<\/li>\n<li>Poids du cadre d&rsquo;impression A4 : 0,45 kg.<\/li>\n<li>Dimensions r\u00e9elles du cadre photo pour impressions A3 (en cm) : L 32,8 &#8211; H 45,1<\/li>\n<li>Dimensions de la zone visible du cadre photo pour impressions A3 (en cm) : L 27,7 &#8211; H 40<\/li>\n<li>Poids du cadre d&rsquo;impression A3 : 0,66 kg.<\/li>\n<\/ul>\n<p>&nbsp;<\/p>\n<h3 style=\"text-align: center;\">Voir tous les cadres disponibles sur ce <a href=\"https:\/\/www.smartystore.it\/fr\/categoria-prodotto\/cadres-instantanes\/?count=36&#038;paged=\">LIEN<\/a><\/h3>\n<p>&nbsp;<\/p>\n<p>&nbsp;<\/p>\n","protected":false},"excerpt":{"rendered":"<p>Coffret ferm\u00e9 avec paire de colliers pour application sur mobilier urbain. Disponible pour les impressions A3 et A4.<\/p>\n","protected":false},"featured_media":86315,"comment_status":"open","ping_status":"closed","template":"","meta":{"_acf_changed":false},"pwb-brand":[],"product_brand":[3872],"product_cat":[3008,2912],"product_tag":[6441,3892,3894,6442,3893,3896,3895],"class_list":{"0":"post-86387","1":"product","2":"type-product","3":"status-publish","4":"has-post-thumbnail","6":"product_brand-smartystore","7":"product_cat-cadres-clic-clac","8":"product_cat-cadres-instantanes","9":"product_tag-cadre-a-boutons-pression-a3-avec-colliers","10":"product_tag-cadre-a-boutons-pression-a4-avec-collier","11":"product_tag-cadre-a-clipser-a4-pour-les-poteaux","12":"product_tag-cadre-a-encliqueter-a3-pour-montage-sur-poteau","13":"product_tag-cadre-dencliquetage-pour-poteau","14":"product_tag-support-de-poteau","15":"product_tag-supports-de-poteaux","16":"pa_c2c_angolo-rond","17":"pa_c2c_color-argent","18":"pa_c2c_dimensione-a3-fr","19":"pa_c2c_dimensione-a4-fr","20":"pa_c2c_mono_bifacciale-simple-face","21":"pa_c2c_orientamento-horizontal","22":"pa_c2c_orientamento-verticale","23":"pa_c2c_trovraprezzi-oui","25":"first","26":"instock","27":"taxable","28":"shipping-taxable","29":"purchasable","30":"product-type-variable"},"acf":[],"yoast_head":"<!-- This site is optimized with the Yoast SEO plugin v27.4 - https:\/\/yoast.com\/product\/yoast-seo-wordpress\/ -->\n<title>Cadre \u00e0 pression avec colliers - Achetez au Meilleur Prix<\/title>\n<meta name=\"description\" content=\"Cadre \u00e0 clipser avec collier pour mobilier urbain. Disponible pour les impressions A3 et A4, avec deux colliers en deux tailles.\" \/>\n<meta name=\"robots\" content=\"index, follow, max-snippet:-1, max-image-preview:large, max-video-preview:-1\" \/>\n<link rel=\"canonical\" href=\"https:\/\/www.smartystore.it\/fr\/prodotto\/cadre-a-pression-avec-colliers\/\" \/>\n<meta property=\"og:locale\" content=\"fr_FR\" \/>\n<meta property=\"og:type\" content=\"article\" \/>\n<meta property=\"og:title\" content=\"Cadre \u00e0 pression avec colliers - Achetez au Meilleur Prix\" \/>\n<meta property=\"og:description\" content=\"Cadre \u00e0 clipser avec collier pour mobilier urbain. Disponible pour les impressions A3 et A4, avec deux colliers en deux tailles.\" \/>\n<meta property=\"og:url\" content=\"https:\/\/www.smartystore.it\/fr\/prodotto\/cadre-a-pression-avec-colliers\/\" \/>\n<meta property=\"og:site_name\" content=\"Smarty Store\" \/>\n<meta property=\"article:modified_time\" content=\"2026-02-18T11:58:28+00:00\" \/>\n<meta property=\"og:image\" content=\"https:\/\/www.smartystore.it\/v25\/wp-content\/uploads\/2024\/03\/Cornice-a-scatto-con-collare-a3-a4.jpg\" \/>\n\t<meta property=\"og:image:width\" content=\"1000\" \/>\n\t<meta property=\"og:image:height\" content=\"1000\" \/>\n\t<meta property=\"og:image:type\" content=\"image\/jpeg\" \/>\n<meta name=\"twitter:card\" content=\"summary_large_image\" \/>\n<meta name=\"twitter:label1\" content=\"Dur\u00e9e de lecture estim\u00e9e\" \/>\n\t<meta name=\"twitter:data1\" content=\"2 minutes\" \/>\n<script type=\"application\/ld+json\" class=\"yoast-schema-graph\">{\"@context\":\"https:\\\/\\\/schema.org\",\"@graph\":[{\"@type\":\"WebPage\",\"@id\":\"https:\\\/\\\/www.smartystore.it\\\/fr\\\/prodotto\\\/cadre-a-pression-avec-colliers\\\/\",\"url\":\"https:\\\/\\\/www.smartystore.it\\\/fr\\\/prodotto\\\/cadre-a-pression-avec-colliers\\\/\",\"name\":\"Cadre \u00e0 pression avec colliers - Achetez au Meilleur Prix\",\"isPartOf\":{\"@id\":\"https:\\\/\\\/www.smartystore.it\\\/fr\\\/#website\"},\"primaryImageOfPage\":{\"@id\":\"https:\\\/\\\/www.smartystore.it\\\/fr\\\/prodotto\\\/cadre-a-pression-avec-colliers\\\/#primaryimage\"},\"image\":{\"@id\":\"https:\\\/\\\/www.smartystore.it\\\/fr\\\/prodotto\\\/cadre-a-pression-avec-colliers\\\/#primaryimage\"},\"thumbnailUrl\":\"https:\\\/\\\/www.smartystore.it\\\/v25\\\/wp-content\\\/uploads\\\/2024\\\/03\\\/Cornice-a-scatto-con-collare-a3-a4.jpg\",\"datePublished\":\"2024-03-04T16:35:18+00:00\",\"dateModified\":\"2026-02-18T11:58:28+00:00\",\"description\":\"Cadre \u00e0 clipser avec collier pour mobilier urbain. Disponible pour les impressions A3 et A4, avec deux colliers en deux tailles.\",\"breadcrumb\":{\"@id\":\"https:\\\/\\\/www.smartystore.it\\\/fr\\\/prodotto\\\/cadre-a-pression-avec-colliers\\\/#breadcrumb\"},\"inLanguage\":\"fr-FR\",\"potentialAction\":[{\"@type\":\"ReadAction\",\"target\":[\"https:\\\/\\\/www.smartystore.it\\\/fr\\\/prodotto\\\/cadre-a-pression-avec-colliers\\\/\"]}]},{\"@type\":\"ImageObject\",\"inLanguage\":\"fr-FR\",\"@id\":\"https:\\\/\\\/www.smartystore.it\\\/fr\\\/prodotto\\\/cadre-a-pression-avec-colliers\\\/#primaryimage\",\"url\":\"https:\\\/\\\/www.smartystore.it\\\/v25\\\/wp-content\\\/uploads\\\/2024\\\/03\\\/Cornice-a-scatto-con-collare-a3-a4.jpg\",\"contentUrl\":\"https:\\\/\\\/www.smartystore.it\\\/v25\\\/wp-content\\\/uploads\\\/2024\\\/03\\\/Cornice-a-scatto-con-collare-a3-a4.jpg\",\"width\":1000,\"height\":1000,\"caption\":\"Cadre \u00e0 pression avec collier\"},{\"@type\":\"BreadcrumbList\",\"@id\":\"https:\\\/\\\/www.smartystore.it\\\/fr\\\/prodotto\\\/cadre-a-pression-avec-colliers\\\/#breadcrumb\",\"itemListElement\":[{\"@type\":\"ListItem\",\"position\":1,\"name\":\"Home\",\"item\":\"https:\\\/\\\/www.smartystore.it\\\/fr\\\/\"},{\"@type\":\"ListItem\",\"position\":2,\"name\":\"Boutique\",\"item\":\"https:\\\/\\\/www.smartystore.it\\\/fr\\\/boutique\\\/\"},{\"@type\":\"ListItem\",\"position\":3,\"name\":\"Cadre \u00e0 pression avec colliers\"}]},{\"@type\":\"WebSite\",\"@id\":\"https:\\\/\\\/www.smartystore.it\\\/fr\\\/#website\",\"url\":\"https:\\\/\\\/www.smartystore.it\\\/fr\\\/\",\"name\":\"Smarty Store\",\"description\":\"Espositori Pubblicitari e Sistemi di Comunicazione Visiva\",\"potentialAction\":[{\"@type\":\"SearchAction\",\"target\":{\"@type\":\"EntryPoint\",\"urlTemplate\":\"https:\\\/\\\/www.smartystore.it\\\/fr\\\/?s={search_term_string}\"},\"query-input\":{\"@type\":\"PropertyValueSpecification\",\"valueRequired\":true,\"valueName\":\"search_term_string\"}}],\"inLanguage\":\"fr-FR\"}]}<\/script>\n<!-- \/ Yoast SEO plugin. -->","yoast_head_json":{"title":"Cadre \u00e0 pression avec colliers - Achetez au Meilleur Prix","description":"Cadre \u00e0 clipser avec collier pour mobilier urbain. Disponible pour les impressions A3 et A4, avec deux colliers en deux tailles.","robots":{"index":"index","follow":"follow","max-snippet":"max-snippet:-1","max-image-preview":"max-image-preview:large","max-video-preview":"max-video-preview:-1"},"canonical":"https:\/\/www.smartystore.it\/fr\/prodotto\/cadre-a-pression-avec-colliers\/","og_locale":"fr_FR","og_type":"article","og_title":"Cadre \u00e0 pression avec colliers - Achetez au Meilleur Prix","og_description":"Cadre \u00e0 clipser avec collier pour mobilier urbain. Disponible pour les impressions A3 et A4, avec deux colliers en deux tailles.","og_url":"https:\/\/www.smartystore.it\/fr\/prodotto\/cadre-a-pression-avec-colliers\/","og_site_name":"Smarty Store","article_modified_time":"2026-02-18T11:58:28+00:00","og_image":[{"width":1000,"height":1000,"url":"https:\/\/www.smartystore.it\/v25\/wp-content\/uploads\/2024\/03\/Cornice-a-scatto-con-collare-a3-a4.jpg","type":"image\/jpeg"}],"twitter_card":"summary_large_image","twitter_misc":{"Dur\u00e9e de lecture estim\u00e9e":"2 minutes"},"schema":{"@context":"https:\/\/schema.org","@graph":[{"@type":"WebPage","@id":"https:\/\/www.smartystore.it\/fr\/prodotto\/cadre-a-pression-avec-colliers\/","url":"https:\/\/www.smartystore.it\/fr\/prodotto\/cadre-a-pression-avec-colliers\/","name":"Cadre \u00e0 pression avec colliers - Achetez au Meilleur Prix","isPartOf":{"@id":"https:\/\/www.smartystore.it\/fr\/#website"},"primaryImageOfPage":{"@id":"https:\/\/www.smartystore.it\/fr\/prodotto\/cadre-a-pression-avec-colliers\/#primaryimage"},"image":{"@id":"https:\/\/www.smartystore.it\/fr\/prodotto\/cadre-a-pression-avec-colliers\/#primaryimage"},"thumbnailUrl":"https:\/\/www.smartystore.it\/v25\/wp-content\/uploads\/2024\/03\/Cornice-a-scatto-con-collare-a3-a4.jpg","datePublished":"2024-03-04T16:35:18+00:00","dateModified":"2026-02-18T11:58:28+00:00","description":"Cadre \u00e0 clipser avec collier pour mobilier urbain. Disponible pour les impressions A3 et A4, avec deux colliers en deux tailles.","breadcrumb":{"@id":"https:\/\/www.smartystore.it\/fr\/prodotto\/cadre-a-pression-avec-colliers\/#breadcrumb"},"inLanguage":"fr-FR","potentialAction":[{"@type":"ReadAction","target":["https:\/\/www.smartystore.it\/fr\/prodotto\/cadre-a-pression-avec-colliers\/"]}]},{"@type":"ImageObject","inLanguage":"fr-FR","@id":"https:\/\/www.smartystore.it\/fr\/prodotto\/cadre-a-pression-avec-colliers\/#primaryimage","url":"https:\/\/www.smartystore.it\/v25\/wp-content\/uploads\/2024\/03\/Cornice-a-scatto-con-collare-a3-a4.jpg","contentUrl":"https:\/\/www.smartystore.it\/v25\/wp-content\/uploads\/2024\/03\/Cornice-a-scatto-con-collare-a3-a4.jpg","width":1000,"height":1000,"caption":"Cadre \u00e0 pression avec collier"},{"@type":"BreadcrumbList","@id":"https:\/\/www.smartystore.it\/fr\/prodotto\/cadre-a-pression-avec-colliers\/#breadcrumb","itemListElement":[{"@type":"ListItem","position":1,"name":"Home","item":"https:\/\/www.smartystore.it\/fr\/"},{"@type":"ListItem","position":2,"name":"Boutique","item":"https:\/\/www.smartystore.it\/fr\/boutique\/"},{"@type":"ListItem","position":3,"name":"Cadre \u00e0 pression avec colliers"}]},{"@type":"WebSite","@id":"https:\/\/www.smartystore.it\/fr\/#website","url":"https:\/\/www.smartystore.it\/fr\/","name":"Smarty Store","description":"Espositori Pubblicitari e Sistemi di Comunicazione Visiva","potentialAction":[{"@type":"SearchAction","target":{"@type":"EntryPoint","urlTemplate":"https:\/\/www.smartystore.it\/fr\/?s={search_term_string}"},"query-input":{"@type":"PropertyValueSpecification","valueRequired":true,"valueName":"search_term_string"}}],"inLanguage":"fr-FR"}]}},"brands":[],"_links":{"self":[{"href":"https:\/\/www.smartystore.it\/fr\/wp-json\/wp\/v2\/product\/86387","targetHints":{"allow":["GET"]}}],"collection":[{"href":"https:\/\/www.smartystore.it\/fr\/wp-json\/wp\/v2\/product"}],"about":[{"href":"https:\/\/www.smartystore.it\/fr\/wp-json\/wp\/v2\/types\/product"}],"replies":[{"embeddable":true,"href":"https:\/\/www.smartystore.it\/fr\/wp-json\/wp\/v2\/comments?post=86387"}],"wp:featuredmedia":[{"embeddable":true,"href":"https:\/\/www.smartystore.it\/fr\/wp-json\/wp\/v2\/media\/86315"}],"wp:attachment":[{"href":"https:\/\/www.smartystore.it\/fr\/wp-json\/wp\/v2\/media?parent=86387"}],"wp:term":[{"taxonomy":"pwb-brand","embeddable":true,"href":"https:\/\/www.smartystore.it\/fr\/wp-json\/wp\/v2\/pwb-brand?post=86387"},{"taxonomy":"product_brand","embeddable":true,"href":"https:\/\/www.smartystore.it\/fr\/wp-json\/wp\/v2\/product_brand?post=86387"},{"taxonomy":"product_cat","embeddable":true,"href":"https:\/\/www.smartystore.it\/fr\/wp-json\/wp\/v2\/product_cat?post=86387"},{"taxonomy":"product_tag","embeddable":true,"href":"https:\/\/www.smartystore.it\/fr\/wp-json\/wp\/v2\/product_tag?post=86387"}],"curies":[{"name":"wp","href":"https:\/\/api.w.org\/{rel}","templated":true}]}}