{"id":86306,"date":"2024-03-01T17:19:08","date_gmt":"2024-03-01T15:19:08","guid":{"rendered":"https:\/\/www.smartystore.it\/prodotto\/support-de-sol-transparent-en-forme-de-z-avec-pochette-a4\/"},"modified":"2025-08-18T14:26:33","modified_gmt":"2025-08-18T12:26:33","slug":"support-de-sol-transparent-en-forme-de-z-avec-pochette-a4","status":"publish","type":"product","link":"https:\/\/www.smartystore.it\/fr\/prodotto\/support-de-sol-transparent-en-forme-de-z-avec-pochette-a4\/","title":{"rendered":"Pupitre de table transparent en forme de Z avec une pochette A4"},"content":{"rendered":"<h2>Pupitre de table transparent en forme de Z avec une pochette A4<\/h2>\n<p>Le pupitre sur pied transparent en forme de Z avec une pochette A4 est un pr\u00e9sentoir \u00e9l\u00e9gant et discret qui s&rsquo;adapte \u00e0 tous les contextes.<\/p>\n<p>Id\u00e9al pour afficher des menus, des communications et des descriptions dans des lieux tels que les bars, les restaurants, les mus\u00e9es, les concessionnaires, les magasins et les \u00e9v\u00e9nements.<\/p>\n<p>La structure, faite de m\u00e9thacrylate transparent de 8 mm d&rsquo;\u00e9paisseur, se caract\u00e9rise par sa l\u00e9g\u00e8ret\u00e9 visuelle et sa solidit\u00e9. L&rsquo;\u00e9cran, pli\u00e9 \u00e0 chaud pour cr\u00e9er une forme en Z \u00e9l\u00e9gante et moderne, est dot\u00e9 d&rsquo;une pochette de communication au format A4 strat\u00e9giquement plac\u00e9e sur le dessus. Cela permet non seulement de mettre en valeur les messages, mais aussi de les rendre facilement accessibles pour les remplacer rapidement et sans effort, ce qui est id\u00e9al pour ceux qui ont besoin de mettre \u00e0 jour leurs communications fr\u00e9quemment.<\/p>\n<p>Le pupitre sur pied est un v\u00e9ritable accroche-regard, id\u00e9al pour capter l&rsquo;attention des passants et communiquer efficacement des promotions, des menus ou toute autre information pertinente. Gr\u00e2ce \u00e0 son design transparent, il s&rsquo;int\u00e8gre harmonieusement dans n&rsquo;importe quel contexte, mettant en valeur le contenu sans l&rsquo;\u00e9craser.<\/p>\n<h3>CARACT\u00c9RISTIQUES:<\/h3>\n<p>Pr\u00e9sentoir au sol en forme de Z.<\/p>\n<p>Mat\u00e9riau : m\u00e9thacrylate.<\/p>\n<p>Couleur : enti\u00e8rement transparent.<\/p>\n<p>\u00c9paisseur : 8 mm.<\/p>\n<p>Pochette de notification et de communication : format A4 portrait.<\/p>\n<p>Utilisation : simple face.<\/p>\n<p>Dimensions (en cm) : L 24,4 x P 32,0 x H 102,0.<\/p>\n<p>Poids de l&rsquo;\u00e9cran : 4 kg<\/p>\n<p><a href=\"https:\/\/www.smartystore.it\/v25\/wp-content\/uploads\/2024\/03\/STR-LGG07Z.pdf\" target=\"_blank\" rel=\"noopener\"><img loading=\"lazy\" decoding=\"async\" class=\"alignnone size-full wp-image-93510\" src=\"https:\/\/www.smartystore.it\/v25\/wp-content\/uploads\/2014\/10\/SchedaTecnica-300-e1750084266903.png\" alt=\"\" width=\"249\" height=\"63\" \/><\/a><\/p>\n","protected":false},"excerpt":{"rendered":"<p>Pr\u00e9sentoir en plexiglas transparent en forme de Z avec pochette A4.<\/p>\n","protected":false},"featured_media":86295,"comment_status":"open","ping_status":"closed","template":"","meta":{"_acf_changed":false},"pwb-brand":[],"product_brand":[],"product_cat":[3010,3013,3024],"product_tag":[3959,4230,4226,4228,4227,4225,4229],"class_list":{"0":"post-86306","1":"product","2":"type-product","3":"status-publish","4":"has-post-thumbnail","6":"product_cat-affichage-porte-avis-emplacement","7":"product_cat-porte-affiche-au-sol","8":"product_cat-pupitres-et-tables","9":"product_tag-porte-message-a4-sur-pied","10":"product_tag-porte-message-en-plexiglas","11":"product_tag-pupitre-avec-pochette-a4","12":"product_tag-pupitre-en-z-avec-pochette-a4","13":"product_tag-pupitre-sur-pied-en-plexiglas","14":"product_tag-pupitre-transparent","15":"product_tag-support-en-plexiglas-avec-pochette-a4","17":"first","18":"instock","19":"taxable","20":"shipping-taxable","21":"purchasable","22":"product-type-simple"},"acf":[],"yoast_head":"<!-- This site is optimized with the Yoast SEO plugin v27.4 - https:\/\/yoast.com\/product\/yoast-seo-wordpress\/ -->\n<title>Pupitre de table transparent en forme de Z avec une pochette A4 - Smarty Store<\/title>\n<meta name=\"description\" content=\"Pr\u00e9sentoir de sol et pupitre transparent en forme de Z avec une pochette pour les imprim\u00e9s A4 dans un design \u00e9l\u00e9gant et minimaliste.\" \/>\n<meta name=\"robots\" content=\"index, follow, max-snippet:-1, max-image-preview:large, max-video-preview:-1\" \/>\n<link rel=\"canonical\" href=\"https:\/\/www.smartystore.it\/fr\/prodotto\/support-de-sol-transparent-en-forme-de-z-avec-pochette-a4\/\" \/>\n<meta property=\"og:locale\" content=\"fr_FR\" \/>\n<meta property=\"og:type\" content=\"article\" \/>\n<meta property=\"og:title\" content=\"Pupitre de table transparent en forme de Z avec une pochette A4 - Smarty Store\" \/>\n<meta property=\"og:description\" content=\"Pr\u00e9sentoir de sol et pupitre transparent en forme de Z avec une pochette pour les imprim\u00e9s A4 dans un design \u00e9l\u00e9gant et minimaliste.\" \/>\n<meta property=\"og:url\" content=\"https:\/\/www.smartystore.it\/fr\/prodotto\/support-de-sol-transparent-en-forme-de-z-avec-pochette-a4\/\" \/>\n<meta property=\"og:site_name\" content=\"Smarty Store\" \/>\n<meta property=\"article:modified_time\" content=\"2025-08-18T12:26:33+00:00\" \/>\n<meta property=\"og:image\" content=\"https:\/\/www.smartystore.it\/v25\/wp-content\/uploads\/2024\/03\/Leggio-trasparente-a-Z-da-pavimento-con-una-tasca-a4.jpg\" \/>\n\t<meta property=\"og:image:width\" content=\"1000\" \/>\n\t<meta property=\"og:image:height\" content=\"1000\" \/>\n\t<meta property=\"og:image:type\" content=\"image\/jpeg\" \/>\n<meta name=\"twitter:card\" content=\"summary_large_image\" \/>\n<meta name=\"twitter:label1\" content=\"Dur\u00e9e de lecture estim\u00e9e\" \/>\n\t<meta name=\"twitter:data1\" content=\"2 minutes\" \/>\n<script type=\"application\/ld+json\" class=\"yoast-schema-graph\">{\"@context\":\"https:\\\/\\\/schema.org\",\"@graph\":[{\"@type\":\"WebPage\",\"@id\":\"https:\\\/\\\/www.smartystore.it\\\/fr\\\/prodotto\\\/support-de-sol-transparent-en-forme-de-z-avec-pochette-a4\\\/\",\"url\":\"https:\\\/\\\/www.smartystore.it\\\/fr\\\/prodotto\\\/support-de-sol-transparent-en-forme-de-z-avec-pochette-a4\\\/\",\"name\":\"Pupitre de table transparent en forme de Z avec une pochette A4 - Smarty Store\",\"isPartOf\":{\"@id\":\"https:\\\/\\\/www.smartystore.it\\\/fr\\\/#website\"},\"primaryImageOfPage\":{\"@id\":\"https:\\\/\\\/www.smartystore.it\\\/fr\\\/prodotto\\\/support-de-sol-transparent-en-forme-de-z-avec-pochette-a4\\\/#primaryimage\"},\"image\":{\"@id\":\"https:\\\/\\\/www.smartystore.it\\\/fr\\\/prodotto\\\/support-de-sol-transparent-en-forme-de-z-avec-pochette-a4\\\/#primaryimage\"},\"thumbnailUrl\":\"https:\\\/\\\/www.smartystore.it\\\/v25\\\/wp-content\\\/uploads\\\/2024\\\/03\\\/Leggio-trasparente-a-Z-da-pavimento-con-una-tasca-a4.jpg\",\"datePublished\":\"2024-03-01T15:19:08+00:00\",\"dateModified\":\"2025-08-18T12:26:33+00:00\",\"description\":\"Pr\u00e9sentoir de sol et pupitre transparent en forme de Z avec une pochette pour les imprim\u00e9s A4 dans un design \u00e9l\u00e9gant et minimaliste.\",\"breadcrumb\":{\"@id\":\"https:\\\/\\\/www.smartystore.it\\\/fr\\\/prodotto\\\/support-de-sol-transparent-en-forme-de-z-avec-pochette-a4\\\/#breadcrumb\"},\"inLanguage\":\"fr-FR\",\"potentialAction\":[{\"@type\":\"ReadAction\",\"target\":[\"https:\\\/\\\/www.smartystore.it\\\/fr\\\/prodotto\\\/support-de-sol-transparent-en-forme-de-z-avec-pochette-a4\\\/\"]}]},{\"@type\":\"ImageObject\",\"inLanguage\":\"fr-FR\",\"@id\":\"https:\\\/\\\/www.smartystore.it\\\/fr\\\/prodotto\\\/support-de-sol-transparent-en-forme-de-z-avec-pochette-a4\\\/#primaryimage\",\"url\":\"https:\\\/\\\/www.smartystore.it\\\/v25\\\/wp-content\\\/uploads\\\/2024\\\/03\\\/Leggio-trasparente-a-Z-da-pavimento-con-una-tasca-a4.jpg\",\"contentUrl\":\"https:\\\/\\\/www.smartystore.it\\\/v25\\\/wp-content\\\/uploads\\\/2024\\\/03\\\/Leggio-trasparente-a-Z-da-pavimento-con-una-tasca-a4.jpg\",\"width\":1000,\"height\":1000,\"caption\":\"Pupitre de table transparent en forme de Z avec une pochette A4\"},{\"@type\":\"BreadcrumbList\",\"@id\":\"https:\\\/\\\/www.smartystore.it\\\/fr\\\/prodotto\\\/support-de-sol-transparent-en-forme-de-z-avec-pochette-a4\\\/#breadcrumb\",\"itemListElement\":[{\"@type\":\"ListItem\",\"position\":1,\"name\":\"Home\",\"item\":\"https:\\\/\\\/www.smartystore.it\\\/fr\\\/\"},{\"@type\":\"ListItem\",\"position\":2,\"name\":\"Boutique\",\"item\":\"https:\\\/\\\/www.smartystore.it\\\/fr\\\/boutique\\\/\"},{\"@type\":\"ListItem\",\"position\":3,\"name\":\"Pupitre de table transparent en forme de Z avec une pochette A4\"}]},{\"@type\":\"WebSite\",\"@id\":\"https:\\\/\\\/www.smartystore.it\\\/fr\\\/#website\",\"url\":\"https:\\\/\\\/www.smartystore.it\\\/fr\\\/\",\"name\":\"Smarty Store\",\"description\":\"Espositori Pubblicitari e Sistemi di Comunicazione Visiva\",\"potentialAction\":[{\"@type\":\"SearchAction\",\"target\":{\"@type\":\"EntryPoint\",\"urlTemplate\":\"https:\\\/\\\/www.smartystore.it\\\/fr\\\/?s={search_term_string}\"},\"query-input\":{\"@type\":\"PropertyValueSpecification\",\"valueRequired\":true,\"valueName\":\"search_term_string\"}}],\"inLanguage\":\"fr-FR\"}]}<\/script>\n<!-- \/ Yoast SEO plugin. -->","yoast_head_json":{"title":"Pupitre de table transparent en forme de Z avec une pochette A4 - Smarty Store","description":"Pr\u00e9sentoir de sol et pupitre transparent en forme de Z avec une pochette pour les imprim\u00e9s A4 dans un design \u00e9l\u00e9gant et minimaliste.","robots":{"index":"index","follow":"follow","max-snippet":"max-snippet:-1","max-image-preview":"max-image-preview:large","max-video-preview":"max-video-preview:-1"},"canonical":"https:\/\/www.smartystore.it\/fr\/prodotto\/support-de-sol-transparent-en-forme-de-z-avec-pochette-a4\/","og_locale":"fr_FR","og_type":"article","og_title":"Pupitre de table transparent en forme de Z avec une pochette A4 - Smarty Store","og_description":"Pr\u00e9sentoir de sol et pupitre transparent en forme de Z avec une pochette pour les imprim\u00e9s A4 dans un design \u00e9l\u00e9gant et minimaliste.","og_url":"https:\/\/www.smartystore.it\/fr\/prodotto\/support-de-sol-transparent-en-forme-de-z-avec-pochette-a4\/","og_site_name":"Smarty Store","article_modified_time":"2025-08-18T12:26:33+00:00","og_image":[{"width":1000,"height":1000,"url":"https:\/\/www.smartystore.it\/v25\/wp-content\/uploads\/2024\/03\/Leggio-trasparente-a-Z-da-pavimento-con-una-tasca-a4.jpg","type":"image\/jpeg"}],"twitter_card":"summary_large_image","twitter_misc":{"Dur\u00e9e de lecture estim\u00e9e":"2 minutes"},"schema":{"@context":"https:\/\/schema.org","@graph":[{"@type":"WebPage","@id":"https:\/\/www.smartystore.it\/fr\/prodotto\/support-de-sol-transparent-en-forme-de-z-avec-pochette-a4\/","url":"https:\/\/www.smartystore.it\/fr\/prodotto\/support-de-sol-transparent-en-forme-de-z-avec-pochette-a4\/","name":"Pupitre de table transparent en forme de Z avec une pochette A4 - Smarty Store","isPartOf":{"@id":"https:\/\/www.smartystore.it\/fr\/#website"},"primaryImageOfPage":{"@id":"https:\/\/www.smartystore.it\/fr\/prodotto\/support-de-sol-transparent-en-forme-de-z-avec-pochette-a4\/#primaryimage"},"image":{"@id":"https:\/\/www.smartystore.it\/fr\/prodotto\/support-de-sol-transparent-en-forme-de-z-avec-pochette-a4\/#primaryimage"},"thumbnailUrl":"https:\/\/www.smartystore.it\/v25\/wp-content\/uploads\/2024\/03\/Leggio-trasparente-a-Z-da-pavimento-con-una-tasca-a4.jpg","datePublished":"2024-03-01T15:19:08+00:00","dateModified":"2025-08-18T12:26:33+00:00","description":"Pr\u00e9sentoir de sol et pupitre transparent en forme de Z avec une pochette pour les imprim\u00e9s A4 dans un design \u00e9l\u00e9gant et minimaliste.","breadcrumb":{"@id":"https:\/\/www.smartystore.it\/fr\/prodotto\/support-de-sol-transparent-en-forme-de-z-avec-pochette-a4\/#breadcrumb"},"inLanguage":"fr-FR","potentialAction":[{"@type":"ReadAction","target":["https:\/\/www.smartystore.it\/fr\/prodotto\/support-de-sol-transparent-en-forme-de-z-avec-pochette-a4\/"]}]},{"@type":"ImageObject","inLanguage":"fr-FR","@id":"https:\/\/www.smartystore.it\/fr\/prodotto\/support-de-sol-transparent-en-forme-de-z-avec-pochette-a4\/#primaryimage","url":"https:\/\/www.smartystore.it\/v25\/wp-content\/uploads\/2024\/03\/Leggio-trasparente-a-Z-da-pavimento-con-una-tasca-a4.jpg","contentUrl":"https:\/\/www.smartystore.it\/v25\/wp-content\/uploads\/2024\/03\/Leggio-trasparente-a-Z-da-pavimento-con-una-tasca-a4.jpg","width":1000,"height":1000,"caption":"Pupitre de table transparent en forme de Z avec une pochette A4"},{"@type":"BreadcrumbList","@id":"https:\/\/www.smartystore.it\/fr\/prodotto\/support-de-sol-transparent-en-forme-de-z-avec-pochette-a4\/#breadcrumb","itemListElement":[{"@type":"ListItem","position":1,"name":"Home","item":"https:\/\/www.smartystore.it\/fr\/"},{"@type":"ListItem","position":2,"name":"Boutique","item":"https:\/\/www.smartystore.it\/fr\/boutique\/"},{"@type":"ListItem","position":3,"name":"Pupitre de table transparent en forme de Z avec une pochette A4"}]},{"@type":"WebSite","@id":"https:\/\/www.smartystore.it\/fr\/#website","url":"https:\/\/www.smartystore.it\/fr\/","name":"Smarty Store","description":"Espositori Pubblicitari e Sistemi di Comunicazione Visiva","potentialAction":[{"@type":"SearchAction","target":{"@type":"EntryPoint","urlTemplate":"https:\/\/www.smartystore.it\/fr\/?s={search_term_string}"},"query-input":{"@type":"PropertyValueSpecification","valueRequired":true,"valueName":"search_term_string"}}],"inLanguage":"fr-FR"}]}},"brands":[],"_links":{"self":[{"href":"https:\/\/www.smartystore.it\/fr\/wp-json\/wp\/v2\/product\/86306","targetHints":{"allow":["GET"]}}],"collection":[{"href":"https:\/\/www.smartystore.it\/fr\/wp-json\/wp\/v2\/product"}],"about":[{"href":"https:\/\/www.smartystore.it\/fr\/wp-json\/wp\/v2\/types\/product"}],"replies":[{"embeddable":true,"href":"https:\/\/www.smartystore.it\/fr\/wp-json\/wp\/v2\/comments?post=86306"}],"wp:featuredmedia":[{"embeddable":true,"href":"https:\/\/www.smartystore.it\/fr\/wp-json\/wp\/v2\/media\/86295"}],"wp:attachment":[{"href":"https:\/\/www.smartystore.it\/fr\/wp-json\/wp\/v2\/media?parent=86306"}],"wp:term":[{"taxonomy":"pwb-brand","embeddable":true,"href":"https:\/\/www.smartystore.it\/fr\/wp-json\/wp\/v2\/pwb-brand?post=86306"},{"taxonomy":"product_brand","embeddable":true,"href":"https:\/\/www.smartystore.it\/fr\/wp-json\/wp\/v2\/product_brand?post=86306"},{"taxonomy":"product_cat","embeddable":true,"href":"https:\/\/www.smartystore.it\/fr\/wp-json\/wp\/v2\/product_cat?post=86306"},{"taxonomy":"product_tag","embeddable":true,"href":"https:\/\/www.smartystore.it\/fr\/wp-json\/wp\/v2\/product_tag?post=86306"}],"curies":[{"name":"wp","href":"https:\/\/api.w.org\/{rel}","templated":true}]}}