{"id":86284,"date":"2024-02-29T17:35:37","date_gmt":"2024-02-29T15:35:37","guid":{"rendered":"https:\/\/www.smartystore.it\/prodotto\/chevalet-publicitaire-pivotant\/"},"modified":"2026-04-08T18:49:26","modified_gmt":"2026-04-08T16:49:26","slug":"chevalet-publicitaire-pivotant","status":"publish","type":"product","link":"https:\/\/www.smartystore.it\/fr\/prodotto\/chevalet-publicitaire-pivotant\/","title":{"rendered":"Tableau de chevalet avec dispositif d&rsquo;inclinaison"},"content":{"rendered":"<h1>Tableau de chevalet avec dispositif d&rsquo;inclinaison<\/h1>\n<p>Le tableau chevalet se compose d&rsquo;un cadre en acier peint en noir et d&rsquo;un panneau en propyl\u00e8ne de 50 x 70 cm.<\/p>\n<p>D&rsquo;un design minimaliste et industriel gr\u00e2ce \u00e0 sa couleur noire, ce tableau chevalet peut \u00eatre affich\u00e9 dans les magasins, les restaurants, les bars, les supermarch\u00e9s, les entreprises et les locaux o\u00f9 il est n\u00e9cessaire d&rsquo;afficher des menus, des offres ou des notes d&rsquo;information \u00e0 l&rsquo;intention des passants.<\/p>\n<h2>Tableau de chevalet avec fixation inclinable : id\u00e9al \u00e0 l&rsquo;int\u00e9rieur ou \u00e0 l&rsquo;ext\u00e9rieur<\/h2>\n<p>Ce chevalet de conf\u00e9rence peut \u00eatre utilis\u00e9 en toute s\u00e9curit\u00e9 \u00e0 l&rsquo;int\u00e9rieur comme \u00e0 l&rsquo;ext\u00e9rieur.<\/p>\n<p>Le tableau se fixe \u00e0 la structure du chevalet gr\u00e2ce \u00e0 deux crochets noirs munis de mousquetons qui permettent au tableau de se balancer, simulant et recr\u00e9ant ainsi les enseignes vintage classiques au style intemporel.<\/p>\n<p>En outre, la structure sp\u00e9ciale et les caract\u00e9ristiques de l&rsquo;oscillation le rendent tr\u00e8s stable et plus r\u00e9sistant, m\u00eame dans des conditions venteuses.<\/p>\n<p>Le tableau est inscriptible et effa\u00e7able des deux c\u00f4t\u00e9s. Nous vous recommandons d&rsquo;utiliser des marqueurs \u00e0 craie liquide que vous pouvez acheter s\u00e9par\u00e9ment : <a href=\"https:\/\/www.smartystore.it\/fr\/prodotto\/marqueur-a-craie-liquide\/\" target=\"_blank\" rel=\"noopener\"><strong>LIEN<\/strong><\/a> <\/p>\n<p>&nbsp;<\/p>\n<h3><strong>CARACT\u00c9RISTIQUES:<\/strong><\/h3>\n<ul>\n<li>Mat\u00e9riau du panneau : propyl\u00e8ne.<\/li>\n<li>Couleur du panneau : noir.<\/li>\n<li>Utilisation du panneau : simple ou double face.<\/li>\n<li>Dimensions du panneau : 500&#215;760 mm.<\/li>\n<li>2 mousquetons noirs pour l&rsquo;effet de basculement.<\/li>\n<li>Mat\u00e9riau de la structure : acier.<\/li>\n<li>Couleur de la structure : noir.<\/li>\n<li>Dimensions du chevalet : L 572 x H 955 x P 696 mm.<\/li>\n<li>Poids du tr\u00e9teau : 4 kg environ.<\/li>\n<\/ul>\n<p>&nbsp;<\/p>\n<p><a href=\"https:\/\/www.smartystore.it\/v25\/wp-content\/uploads\/2024\/02\/STR-CMA030.pdf\" target=\"_blank\" rel=\"noopener\"><img loading=\"lazy\" decoding=\"async\" class=\"alignnone size-full wp-image-93510\" src=\"https:\/\/www.smartystore.it\/v25\/wp-content\/uploads\/2014\/10\/SchedaTecnica-300-e1750084266903.png\" alt=\"\" width=\"249\" height=\"63\"><\/a><\/p>\n<p>&nbsp;<\/p>\n","protected":false},"excerpt":{"rendered":"<p>Tableau chevalet oscillant. \u00c9crivable et effa\u00e7able avec des marqueurs \u00e0 craie liquide.<\/p>\n","protected":false},"featured_media":86256,"comment_status":"open","ping_status":"closed","template":"","meta":{"_acf_changed":false},"pwb-brand":[],"product_brand":[],"product_cat":[3004,3134],"product_tag":[6947,6948,6943,6945,6946,6944,6942],"class_list":{"0":"post-86284","1":"product","2":"type-product","3":"status-publish","4":"has-post-thumbnail","6":"product_cat-stands-publicitaires","7":"product_cat-tableaux-magnetiques","8":"product_tag-chevalet-publicitaire-avec-tableau-inclinable","9":"product_tag-chevalet-publicitaire-avec-tableau-noir-inscriptible","10":"product_tag-panneau-publicitaire-exterieur","11":"product_tag-presentoir-exterieur-pour-tableaux-de-conference","12":"product_tag-tableau-de-chevalet-avec-dispositif-dinclinaison","13":"product_tag-tableau-de-papier-reinscriptible","14":"product_tag-tableau-noir-exterieur","15":"pa_c2c_color-noir","16":"pa_c2c_dimensione-cm-50x70-fr","17":"pa_c2c_trovraprezzi-oui","19":"first","20":"instock","21":"taxable","22":"shipping-taxable","23":"purchasable","24":"product-type-simple"},"acf":[],"yoast_head":"<!-- This site is optimized with the Yoast SEO plugin v27.4 - https:\/\/yoast.com\/product\/yoast-seo-wordpress\/ -->\n<title>Tableau de chevalet avec dispositif d&#039;inclinaison - Smarty Store Au Meilleur Prix<\/title>\n<meta name=\"description\" content=\"Tableau de chevalet avec dispositif d&#039;inclinaison au design vintage\/moderne. \u00c9crivable et effa\u00e7able avec des marqueurs \u00e0 craie liquide.\" \/>\n<meta name=\"robots\" content=\"index, follow, max-snippet:-1, max-image-preview:large, max-video-preview:-1\" \/>\n<link rel=\"canonical\" href=\"https:\/\/www.smartystore.it\/fr\/prodotto\/chevalet-publicitaire-pivotant\/\" \/>\n<meta property=\"og:locale\" content=\"fr_FR\" \/>\n<meta property=\"og:type\" content=\"article\" \/>\n<meta property=\"og:title\" content=\"Tableau de chevalet avec dispositif d&#039;inclinaison - Smarty Store Au Meilleur Prix\" \/>\n<meta property=\"og:description\" content=\"Tableau de chevalet avec dispositif d&#039;inclinaison au design vintage\/moderne. \u00c9crivable et effa\u00e7able avec des marqueurs \u00e0 craie liquide.\" \/>\n<meta property=\"og:url\" content=\"https:\/\/www.smartystore.it\/fr\/prodotto\/chevalet-publicitaire-pivotant\/\" \/>\n<meta property=\"og:site_name\" content=\"Smarty Store\" \/>\n<meta property=\"article:modified_time\" content=\"2026-04-08T16:49:26+00:00\" \/>\n<meta property=\"og:image\" content=\"https:\/\/www.smartystore.it\/v25\/wp-content\/uploads\/2024\/02\/Lavagna-a-cavalletto-con-attacco-basculante.jpg\" \/>\n\t<meta property=\"og:image:width\" content=\"1000\" \/>\n\t<meta property=\"og:image:height\" content=\"1000\" \/>\n\t<meta property=\"og:image:type\" content=\"image\/jpeg\" \/>\n<meta name=\"twitter:card\" content=\"summary_large_image\" \/>\n<meta name=\"twitter:label1\" content=\"Dur\u00e9e de lecture estim\u00e9e\" \/>\n\t<meta name=\"twitter:data1\" content=\"2 minutes\" \/>\n<script type=\"application\/ld+json\" class=\"yoast-schema-graph\">{\"@context\":\"https:\\\/\\\/schema.org\",\"@graph\":[{\"@type\":\"WebPage\",\"@id\":\"https:\\\/\\\/www.smartystore.it\\\/fr\\\/prodotto\\\/chevalet-publicitaire-pivotant\\\/\",\"url\":\"https:\\\/\\\/www.smartystore.it\\\/fr\\\/prodotto\\\/chevalet-publicitaire-pivotant\\\/\",\"name\":\"Tableau de chevalet avec dispositif d'inclinaison - Smarty Store Au Meilleur Prix\",\"isPartOf\":{\"@id\":\"https:\\\/\\\/www.smartystore.it\\\/fr\\\/#website\"},\"primaryImageOfPage\":{\"@id\":\"https:\\\/\\\/www.smartystore.it\\\/fr\\\/prodotto\\\/chevalet-publicitaire-pivotant\\\/#primaryimage\"},\"image\":{\"@id\":\"https:\\\/\\\/www.smartystore.it\\\/fr\\\/prodotto\\\/chevalet-publicitaire-pivotant\\\/#primaryimage\"},\"thumbnailUrl\":\"https:\\\/\\\/www.smartystore.it\\\/v25\\\/wp-content\\\/uploads\\\/2024\\\/02\\\/Lavagna-a-cavalletto-con-attacco-basculante.jpg\",\"datePublished\":\"2024-02-29T15:35:37+00:00\",\"dateModified\":\"2026-04-08T16:49:26+00:00\",\"description\":\"Tableau de chevalet avec dispositif d'inclinaison au design vintage\\\/moderne. \u00c9crivable et effa\u00e7able avec des marqueurs \u00e0 craie liquide.\",\"breadcrumb\":{\"@id\":\"https:\\\/\\\/www.smartystore.it\\\/fr\\\/prodotto\\\/chevalet-publicitaire-pivotant\\\/#breadcrumb\"},\"inLanguage\":\"fr-FR\",\"potentialAction\":[{\"@type\":\"ReadAction\",\"target\":[\"https:\\\/\\\/www.smartystore.it\\\/fr\\\/prodotto\\\/chevalet-publicitaire-pivotant\\\/\"]}]},{\"@type\":\"ImageObject\",\"inLanguage\":\"fr-FR\",\"@id\":\"https:\\\/\\\/www.smartystore.it\\\/fr\\\/prodotto\\\/chevalet-publicitaire-pivotant\\\/#primaryimage\",\"url\":\"https:\\\/\\\/www.smartystore.it\\\/v25\\\/wp-content\\\/uploads\\\/2024\\\/02\\\/Lavagna-a-cavalletto-con-attacco-basculante.jpg\",\"contentUrl\":\"https:\\\/\\\/www.smartystore.it\\\/v25\\\/wp-content\\\/uploads\\\/2024\\\/02\\\/Lavagna-a-cavalletto-con-attacco-basculante.jpg\",\"width\":1000,\"height\":1000,\"caption\":\"Tableau de chevalet avec dispositif d'inclinaison\"},{\"@type\":\"BreadcrumbList\",\"@id\":\"https:\\\/\\\/www.smartystore.it\\\/fr\\\/prodotto\\\/chevalet-publicitaire-pivotant\\\/#breadcrumb\",\"itemListElement\":[{\"@type\":\"ListItem\",\"position\":1,\"name\":\"Home\",\"item\":\"https:\\\/\\\/www.smartystore.it\\\/fr\\\/\"},{\"@type\":\"ListItem\",\"position\":2,\"name\":\"Boutique\",\"item\":\"https:\\\/\\\/www.smartystore.it\\\/fr\\\/boutique\\\/\"},{\"@type\":\"ListItem\",\"position\":3,\"name\":\"Tableau de chevalet avec dispositif d&#8217;inclinaison\"}]},{\"@type\":\"WebSite\",\"@id\":\"https:\\\/\\\/www.smartystore.it\\\/fr\\\/#website\",\"url\":\"https:\\\/\\\/www.smartystore.it\\\/fr\\\/\",\"name\":\"Smarty Store\",\"description\":\"Espositori Pubblicitari e Sistemi di Comunicazione Visiva\",\"potentialAction\":[{\"@type\":\"SearchAction\",\"target\":{\"@type\":\"EntryPoint\",\"urlTemplate\":\"https:\\\/\\\/www.smartystore.it\\\/fr\\\/?s={search_term_string}\"},\"query-input\":{\"@type\":\"PropertyValueSpecification\",\"valueRequired\":true,\"valueName\":\"search_term_string\"}}],\"inLanguage\":\"fr-FR\"}]}<\/script>\n<!-- \/ Yoast SEO plugin. -->","yoast_head_json":{"title":"Tableau de chevalet avec dispositif d'inclinaison - Smarty Store Au Meilleur Prix","description":"Tableau de chevalet avec dispositif d'inclinaison au design vintage\/moderne. \u00c9crivable et effa\u00e7able avec des marqueurs \u00e0 craie liquide.","robots":{"index":"index","follow":"follow","max-snippet":"max-snippet:-1","max-image-preview":"max-image-preview:large","max-video-preview":"max-video-preview:-1"},"canonical":"https:\/\/www.smartystore.it\/fr\/prodotto\/chevalet-publicitaire-pivotant\/","og_locale":"fr_FR","og_type":"article","og_title":"Tableau de chevalet avec dispositif d'inclinaison - Smarty Store Au Meilleur Prix","og_description":"Tableau de chevalet avec dispositif d'inclinaison au design vintage\/moderne. \u00c9crivable et effa\u00e7able avec des marqueurs \u00e0 craie liquide.","og_url":"https:\/\/www.smartystore.it\/fr\/prodotto\/chevalet-publicitaire-pivotant\/","og_site_name":"Smarty Store","article_modified_time":"2026-04-08T16:49:26+00:00","og_image":[{"width":1000,"height":1000,"url":"https:\/\/www.smartystore.it\/v25\/wp-content\/uploads\/2024\/02\/Lavagna-a-cavalletto-con-attacco-basculante.jpg","type":"image\/jpeg"}],"twitter_card":"summary_large_image","twitter_misc":{"Dur\u00e9e de lecture estim\u00e9e":"2 minutes"},"schema":{"@context":"https:\/\/schema.org","@graph":[{"@type":"WebPage","@id":"https:\/\/www.smartystore.it\/fr\/prodotto\/chevalet-publicitaire-pivotant\/","url":"https:\/\/www.smartystore.it\/fr\/prodotto\/chevalet-publicitaire-pivotant\/","name":"Tableau de chevalet avec dispositif d'inclinaison - Smarty Store Au Meilleur Prix","isPartOf":{"@id":"https:\/\/www.smartystore.it\/fr\/#website"},"primaryImageOfPage":{"@id":"https:\/\/www.smartystore.it\/fr\/prodotto\/chevalet-publicitaire-pivotant\/#primaryimage"},"image":{"@id":"https:\/\/www.smartystore.it\/fr\/prodotto\/chevalet-publicitaire-pivotant\/#primaryimage"},"thumbnailUrl":"https:\/\/www.smartystore.it\/v25\/wp-content\/uploads\/2024\/02\/Lavagna-a-cavalletto-con-attacco-basculante.jpg","datePublished":"2024-02-29T15:35:37+00:00","dateModified":"2026-04-08T16:49:26+00:00","description":"Tableau de chevalet avec dispositif d'inclinaison au design vintage\/moderne. \u00c9crivable et effa\u00e7able avec des marqueurs \u00e0 craie liquide.","breadcrumb":{"@id":"https:\/\/www.smartystore.it\/fr\/prodotto\/chevalet-publicitaire-pivotant\/#breadcrumb"},"inLanguage":"fr-FR","potentialAction":[{"@type":"ReadAction","target":["https:\/\/www.smartystore.it\/fr\/prodotto\/chevalet-publicitaire-pivotant\/"]}]},{"@type":"ImageObject","inLanguage":"fr-FR","@id":"https:\/\/www.smartystore.it\/fr\/prodotto\/chevalet-publicitaire-pivotant\/#primaryimage","url":"https:\/\/www.smartystore.it\/v25\/wp-content\/uploads\/2024\/02\/Lavagna-a-cavalletto-con-attacco-basculante.jpg","contentUrl":"https:\/\/www.smartystore.it\/v25\/wp-content\/uploads\/2024\/02\/Lavagna-a-cavalletto-con-attacco-basculante.jpg","width":1000,"height":1000,"caption":"Tableau de chevalet avec dispositif d'inclinaison"},{"@type":"BreadcrumbList","@id":"https:\/\/www.smartystore.it\/fr\/prodotto\/chevalet-publicitaire-pivotant\/#breadcrumb","itemListElement":[{"@type":"ListItem","position":1,"name":"Home","item":"https:\/\/www.smartystore.it\/fr\/"},{"@type":"ListItem","position":2,"name":"Boutique","item":"https:\/\/www.smartystore.it\/fr\/boutique\/"},{"@type":"ListItem","position":3,"name":"Tableau de chevalet avec dispositif d&#8217;inclinaison"}]},{"@type":"WebSite","@id":"https:\/\/www.smartystore.it\/fr\/#website","url":"https:\/\/www.smartystore.it\/fr\/","name":"Smarty Store","description":"Espositori Pubblicitari e Sistemi di Comunicazione Visiva","potentialAction":[{"@type":"SearchAction","target":{"@type":"EntryPoint","urlTemplate":"https:\/\/www.smartystore.it\/fr\/?s={search_term_string}"},"query-input":{"@type":"PropertyValueSpecification","valueRequired":true,"valueName":"search_term_string"}}],"inLanguage":"fr-FR"}]}},"brands":[],"_links":{"self":[{"href":"https:\/\/www.smartystore.it\/fr\/wp-json\/wp\/v2\/product\/86284","targetHints":{"allow":["GET"]}}],"collection":[{"href":"https:\/\/www.smartystore.it\/fr\/wp-json\/wp\/v2\/product"}],"about":[{"href":"https:\/\/www.smartystore.it\/fr\/wp-json\/wp\/v2\/types\/product"}],"replies":[{"embeddable":true,"href":"https:\/\/www.smartystore.it\/fr\/wp-json\/wp\/v2\/comments?post=86284"}],"wp:featuredmedia":[{"embeddable":true,"href":"https:\/\/www.smartystore.it\/fr\/wp-json\/wp\/v2\/media\/86256"}],"wp:attachment":[{"href":"https:\/\/www.smartystore.it\/fr\/wp-json\/wp\/v2\/media?parent=86284"}],"wp:term":[{"taxonomy":"pwb-brand","embeddable":true,"href":"https:\/\/www.smartystore.it\/fr\/wp-json\/wp\/v2\/pwb-brand?post=86284"},{"taxonomy":"product_brand","embeddable":true,"href":"https:\/\/www.smartystore.it\/fr\/wp-json\/wp\/v2\/product_brand?post=86284"},{"taxonomy":"product_cat","embeddable":true,"href":"https:\/\/www.smartystore.it\/fr\/wp-json\/wp\/v2\/product_cat?post=86284"},{"taxonomy":"product_tag","embeddable":true,"href":"https:\/\/www.smartystore.it\/fr\/wp-json\/wp\/v2\/product_tag?post=86284"}],"curies":[{"name":"wp","href":"https:\/\/api.w.org\/{rel}","templated":true}]}}