{"id":84475,"date":"2023-09-21T15:41:19","date_gmt":"2023-09-21T13:41:19","guid":{"rendered":"https:\/\/www.smartystore.it\/?post_type=product&#038;p=84475"},"modified":"2026-02-17T16:08:30","modified_gmt":"2026-02-17T14:08:30","slug":"fondale-pubblicitario-curvo-in-tessuto-completo-di-stampa","status":"publish","type":"product","link":"https:\/\/www.smartystore.it\/fr\/prodotto\/fondale-pubblicitario-curvo-in-tessuto-completo-di-stampa\/","title":{"rendered":"Fondale pubblicitario curvo in tessuto &#8211; COMPLETO DI STAMPA"},"content":{"rendered":"<div class=\"wpb-content-wrapper\"><p>[vc_row][vc_column][vc_column_text css=\u00a0\u00bb\u00a0\u00bb css_params=\u00a0\u00bb\u00a0\u00bb]<\/p>\n<h2>Fondale pubblicitario curvo in tessuto &#8211; COMPLETO DI STAMPA<\/h2>\n<p>Il fondale pubblicitario curvo in tessuto completo di stampa \u00e8 ideale come angolo promozionale per attirare ed accogliere il cliente in ambienti come fiere, eventi e all&rsquo;interno di vetrine di negozi.<\/p>\n<p>Il fondale si compone di una struttura tubolare in alliminio leggera e smontabile, cos\u00ec da facilitare il trasporto nel pratico trolley incluso nell&rsquo;acquisto.<\/p>\n<p>La grafica \u00e8 stampata in sublimazione su tessuto. Questa tecnica di stampa rende i colori pi\u00f9 vivaci e questo cattura subito l&rsquo;occhio di chi \u00e8 di passaggio. La personalizzazione pu\u00f2 essere fatta su un solo lato e su entrambi, con la stessa immagine o con due grafiche differenti. Il tessuto aderisce sulla struttura coprendola interamente. Sulla parte inferiore c&rsquo;\u00e8 la chiusura zip.<\/p>\n<p>Questo modello di fondale pubblicitario non necessita di piedini in quanto la sua forma curva gli permette di avere stabilit\u00e0 autonoma.<\/p>\n<p>Il fondale pubblicitario curvo in tessuto completo di stampa \u00e8 disponibile in 3 dimensioni.<\/p>\n<h3>CARATTERISTICHE:<\/h3>\n<p>Fondale pubblicitario.<\/p>\n<p>Profilo curvo.<\/p>\n<p>Struttura in alluminio silver completamente smontabile.<\/p>\n<p>Angoli superiori ed inferiori arrotondati.<\/p>\n<p><span style=\"color: #000000;\"><strong>STAMPA SU TESSUTO: INCLUSA<\/strong><\/span><\/p>\n<p>Stampa: monofacciale e bifacciale (un solo lato, su entrambi i lati, con la stessa immagine o con due grafiche differenti).<\/p>\n<p>Zip di chiusura.<\/p>\n<p>Trolley per il trasporto incluso.<\/p>\n<p><strong><span style=\"color: #000000;\">Tempi di spedizione: 7\/8 giorni lavorativi dalla conferma del bozzetto grafico.<\/span><\/strong><\/p>\n<table style=\"height: 90px; width: 85.5351%; border-collapse: collapse; border-style: solid; border-color: #000000;\" border=\"1\" cellpadding=\"1\">\n<tbody>\n<tr style=\"height: 24px;\">\n<td style=\"width: 16.9308%; text-align: center; height: 24px;\"><strong>CODICE<\/strong><\/td>\n<td style=\"width: 13.8441%; text-align: center; height: 24px;\"><strong>GRAFICA<\/strong><\/td>\n<td style=\"width: 15.393%; text-align: center; height: 24px;\"><strong>AREA VISIBILE<\/strong><\/td>\n<td style=\"width: 19.182%; text-align: center; height: 24px;\"><strong>DIMENSIONI STRUTTURA<\/strong><\/td>\n<td style=\"width: 8.48336%; text-align: center; height: 24px;\"><strong>PESO<\/strong><\/td>\n<td style=\"width: 11.7018%; text-align: center; height: 24px;\"><strong>TRACCIATO FUSTELLA<\/strong><\/td>\n<\/tr>\n<tr style=\"height: 28px;\">\n<td style=\"width: 16.9308%; height: 28px;\"><strong>STR-TZIP-CUR300X230<\/strong><\/td>\n<td style=\"width: 13.8441%; text-align: center; height: 28px;\">monofacciale\/bifacciale<\/td>\n<td style=\"width: 15.393%; text-align: center; height: 28px;\">3000&#215;2300 mm.<\/td>\n<td style=\"width: 19.182%; text-align: center; height: 28px;\">3000x2300x600<\/td>\n<td style=\"width: 8.48336%; text-align: center; height: 28px;\">10,60 Kg.<\/td>\n<td style=\"width: 11.7018%; text-align: center; height: 28px;\"><a href=\"https:\/\/www.smartystore.it\/v25\/wp-content\/uploads\/2023\/09\/STR-TZIP-CUR300x230-template.pdf\" target=\"_blank\" rel=\"noopener\"><img loading=\"lazy\" decoding=\"async\" class=\"alignnone size-full wp-image-93609\" src=\"https:\/\/www.smartystore.it\/v25\/wp-content\/uploads\/2021\/02\/LogoDownload_green-1.jpg\" alt=\"\" width=\"50\" height=\"50\" \/><\/a><\/td>\n<\/tr>\n<tr style=\"height: 28px;\">\n<td style=\"width: 16.9308%; height: 28px;\"><strong>STR-TZIP-CUR400X230<\/strong><\/td>\n<td style=\"width: 13.8441%; text-align: center; height: 28px;\">monofacciale\/bifacciale<\/td>\n<td style=\"width: 15.393%; text-align: center; height: 28px;\">4000&#215;2300 mm.<\/td>\n<td style=\"width: 19.182%; text-align: center; height: 28px;\">4000x2300x800<\/td>\n<td style=\"width: 8.48336%; text-align: center; height: 28px;\">11,10 Kg.<\/td>\n<td style=\"width: 11.7018%; text-align: center; height: 28px;\"><a href=\"https:\/\/www.smartystore.it\/v25\/wp-content\/uploads\/2023\/09\/STR-TZIP-CUR400x230-template.pdf\" target=\"_blank\" rel=\"noopener\"><img loading=\"lazy\" decoding=\"async\" class=\"alignnone size-full wp-image-93609\" src=\"https:\/\/www.smartystore.it\/v25\/wp-content\/uploads\/2021\/02\/LogoDownload_green-1.jpg\" alt=\"\" width=\"50\" height=\"50\" \/><\/a><\/td>\n<\/tr>\n<tr style=\"height: 28px;\">\n<td style=\"width: 16.9308%; height: 10px;\"><strong>STR-TZIP-CUR500X230<\/strong><\/td>\n<td style=\"width: 13.8441%; text-align: center; height: 10px;\">monofacciale\/bifacciale<\/td>\n<td style=\"width: 15.393%; text-align: center; height: 10px;\">5000&#215;2300 mm.<\/td>\n<td style=\"width: 19.182%; text-align: center; height: 10px;\">5000x2300x1000<\/td>\n<td style=\"width: 8.48336%; text-align: center; height: 10px;\">11,60 Kg.<\/td>\n<td style=\"width: 11.7018%; text-align: center; height: 10px;\"><a href=\"https:\/\/www.smartystore.it\/v25\/wp-content\/uploads\/2023\/09\/STR-TZIP-CUR500x230-template.pdf\" target=\"_blank\" rel=\"noopener\"><img loading=\"lazy\" decoding=\"async\" class=\"alignnone size-full wp-image-93609\" src=\"https:\/\/www.smartystore.it\/v25\/wp-content\/uploads\/2021\/02\/LogoDownload_green-1.jpg\" alt=\"\" width=\"50\" height=\"50\" \/><\/a><\/td>\n<\/tr>\n<\/tbody>\n<\/table>\n<p>&nbsp;<\/p>\n<p><span style=\"color: #993300;\"><strong>PER IL FILE DI GRAFICA: creare il file delle dimensioni indicate nel tracciato (scala 1:1) con i testi convertiti in tracciati, dopo il salvataggio del file in formato PDF (risoluzione minima di 200 dpi) inviare il documento all&rsquo;indirizzo di posta elettronica<\/strong><\/span><strong>\u00a0<a href=\"mailto:grafica@smartystore.it\">grafica@smartystore.it<\/a>\u00a0<\/strong><span style=\"color: #993300;\"><strong>facendo riferimento al numero di ordine.<\/strong><\/span><\/p>\n<p><a href=\"https:\/\/www.smartystore.it\/v25\/wp-content\/uploads\/2023\/09\/STR-TZIP-CUR.pdf\" target=\"_blank\" rel=\"noopener\"><img loading=\"lazy\" decoding=\"async\" class=\"alignnone size-full wp-image-93672\" src=\"https:\/\/www.smartystore.it\/v25\/wp-content\/uploads\/2023\/11\/LogoDownload_yellow.jpg\" alt=\"\" width=\"50\" height=\"50\" \/> \u00a0<\/a><a href=\"https:\/\/www.smartystore.it\/v25\/wp-content\/uploads\/2023\/09\/STR-TZIP-CUR.pdf\" target=\"_blank\" rel=\"noopener noreferrer\"><strong>SCHEDA TECNICA &#8211; DATA SHEET &#8211; FICHE TECHNIQUE<\/strong><\/a><\/p>\n<p>&nbsp;<\/p>\n<p><b>SERVIZI DI GRAFICA E STAMPA<\/b><\/p>\n<p>Smarty Store pu\u00f2 fornire il servizio di impaginazione e\/o della stampa.<\/p>\n<p>Se viene richiesto il servizio di sola stampa, il cliente dovr\u00e0 inviare il file di stampa in formato PDF. La grafica verr\u00e0 stampata cos\u00ec come ricevuta nel file.<\/p>\n<p>Se viene richiesto il servizio di impaginazione, la nostra struttura si metter\u00e0 in contatto telefonico con il cliente per le necessarie informazioni. Dall&rsquo;impostazione grafica restano escluse le immagini che dovranno essere fornite dal cliente o quotate separatamente.<br \/>\nIl cliente ricever\u00e0 la proposta grafica in formato PDF per approvazione.<\/p>\n<p><b>ATTENZIONE:<\/b><br \/>\nI colori visualizzati possono differire da monitor a monitor. Per i colori di stampa \u00e8 necessario fare sempre riferimento alla scala Pantone.<br \/>\nSmarty Store non si assume alcuna responsabilit\u00e0 nel caso di colori controllati dal cliente solo sul proprio monitor.[\/vc_column_text][\/vc_column][\/vc_row]<\/p>\n<\/div>","protected":false},"excerpt":{"rendered":"<p>Parete pubblicitaria dal profilo curvo completa di stampa su tessuto e pratico trolley per il trasporto. Disponibile in varie misure.<\/p>\n","protected":false},"featured_media":84572,"comment_status":"open","ping_status":"closed","template":"","meta":{"_acf_changed":false},"pwb-brand":[],"product_brand":[],"product_cat":[3664,3666],"product_tag":[],"class_list":{"0":"post-84475","1":"product","2":"type-product","3":"status-publish","4":"has-post-thumbnail","6":"product_cat-porte-banniere","7":"product_cat-porte-banniere-au-sol","8":"pa_c2c_angolo-rond","9":"pa_c2c_dimensione-cm-300x230","10":"pa_c2c_dimensione-cm-400x230","11":"pa_c2c_dimensione-cm-500x230","12":"pa_c2c_grafica-non","13":"pa_c2c_grafica-oui","14":"pa_c2c_mono_bifacciale-double-face","15":"pa_c2c_mono_bifacciale-simple-face","16":"pa_c2c_trovraprezzi-oui","18":"first","19":"instock","20":"taxable","21":"shipping-taxable","22":"purchasable","23":"product-type-variable"},"acf":[],"yoast_head":"<!-- This site is optimized with the Yoast SEO plugin v27.4 - https:\/\/yoast.com\/product\/yoast-seo-wordpress\/ -->\n<title>Fondale pubblicitario curvo in tessuto - COMPLETO DI STAMPA - Smarty Store<\/title>\n<meta name=\"description\" content=\"Il fondale pubblicitario curvo in tessuto completo di stampa \u00e8 una parete personalizzabile facilmente trasportabile. Disponibile in varie misure.\" \/>\n<meta name=\"robots\" content=\"index, follow, max-snippet:-1, max-image-preview:large, max-video-preview:-1\" \/>\n<link rel=\"canonical\" href=\"https:\/\/www.smartystore.it\/fr\/prodotto\/fondale-pubblicitario-curvo-in-tessuto-completo-di-stampa\/\" \/>\n<meta property=\"og:locale\" content=\"fr_FR\" \/>\n<meta property=\"og:type\" content=\"article\" \/>\n<meta property=\"og:title\" content=\"Fondale pubblicitario curvo in tessuto - COMPLETO DI STAMPA - Smarty Store\" \/>\n<meta property=\"og:description\" content=\"Il fondale pubblicitario curvo in tessuto completo di stampa \u00e8 una parete personalizzabile facilmente trasportabile. Disponibile in varie misure.\" \/>\n<meta property=\"og:url\" content=\"https:\/\/www.smartystore.it\/fr\/prodotto\/fondale-pubblicitario-curvo-in-tessuto-completo-di-stampa\/\" \/>\n<meta property=\"og:site_name\" content=\"Smarty Store\" \/>\n<meta property=\"article:modified_time\" content=\"2026-02-17T14:08:30+00:00\" \/>\n<meta property=\"og:image\" content=\"https:\/\/www.smartystore.it\/v25\/wp-content\/uploads\/2023\/09\/Fondale-pubblicitario-curvo-in-tessuto-completo-di-stampa.jpg\" \/>\n\t<meta property=\"og:image:width\" content=\"1000\" \/>\n\t<meta property=\"og:image:height\" content=\"1000\" \/>\n\t<meta property=\"og:image:type\" content=\"image\/jpeg\" \/>\n<meta name=\"twitter:card\" content=\"summary_large_image\" \/>\n<meta name=\"twitter:label1\" content=\"Dur\u00e9e de lecture estim\u00e9e\" \/>\n\t<meta name=\"twitter:data1\" content=\"4 minutes\" \/>\n<script type=\"application\/ld+json\" class=\"yoast-schema-graph\">{\"@context\":\"https:\\\/\\\/schema.org\",\"@graph\":[{\"@type\":\"WebPage\",\"@id\":\"https:\\\/\\\/www.smartystore.it\\\/fr\\\/prodotto\\\/fondale-pubblicitario-curvo-in-tessuto-completo-di-stampa\\\/\",\"url\":\"https:\\\/\\\/www.smartystore.it\\\/fr\\\/prodotto\\\/fondale-pubblicitario-curvo-in-tessuto-completo-di-stampa\\\/\",\"name\":\"Fondale pubblicitario curvo in tessuto - COMPLETO DI STAMPA - Smarty Store\",\"isPartOf\":{\"@id\":\"https:\\\/\\\/www.smartystore.it\\\/fr\\\/#website\"},\"primaryImageOfPage\":{\"@id\":\"https:\\\/\\\/www.smartystore.it\\\/fr\\\/prodotto\\\/fondale-pubblicitario-curvo-in-tessuto-completo-di-stampa\\\/#primaryimage\"},\"image\":{\"@id\":\"https:\\\/\\\/www.smartystore.it\\\/fr\\\/prodotto\\\/fondale-pubblicitario-curvo-in-tessuto-completo-di-stampa\\\/#primaryimage\"},\"thumbnailUrl\":\"https:\\\/\\\/www.smartystore.it\\\/v25\\\/wp-content\\\/uploads\\\/2023\\\/09\\\/Fondale-pubblicitario-curvo-in-tessuto-completo-di-stampa.jpg\",\"datePublished\":\"2023-09-21T13:41:19+00:00\",\"dateModified\":\"2026-02-17T14:08:30+00:00\",\"description\":\"Il fondale pubblicitario curvo in tessuto completo di stampa \u00e8 una parete personalizzabile facilmente trasportabile. Disponibile in varie misure.\",\"breadcrumb\":{\"@id\":\"https:\\\/\\\/www.smartystore.it\\\/fr\\\/prodotto\\\/fondale-pubblicitario-curvo-in-tessuto-completo-di-stampa\\\/#breadcrumb\"},\"inLanguage\":\"fr-FR\",\"potentialAction\":[{\"@type\":\"ReadAction\",\"target\":[\"https:\\\/\\\/www.smartystore.it\\\/fr\\\/prodotto\\\/fondale-pubblicitario-curvo-in-tessuto-completo-di-stampa\\\/\"]}]},{\"@type\":\"ImageObject\",\"inLanguage\":\"fr-FR\",\"@id\":\"https:\\\/\\\/www.smartystore.it\\\/fr\\\/prodotto\\\/fondale-pubblicitario-curvo-in-tessuto-completo-di-stampa\\\/#primaryimage\",\"url\":\"https:\\\/\\\/www.smartystore.it\\\/v25\\\/wp-content\\\/uploads\\\/2023\\\/09\\\/Fondale-pubblicitario-curvo-in-tessuto-completo-di-stampa.jpg\",\"contentUrl\":\"https:\\\/\\\/www.smartystore.it\\\/v25\\\/wp-content\\\/uploads\\\/2023\\\/09\\\/Fondale-pubblicitario-curvo-in-tessuto-completo-di-stampa.jpg\",\"width\":1000,\"height\":1000,\"caption\":\"Fondale pubblicitario curvo in tessuto completo di stampa\"},{\"@type\":\"BreadcrumbList\",\"@id\":\"https:\\\/\\\/www.smartystore.it\\\/fr\\\/prodotto\\\/fondale-pubblicitario-curvo-in-tessuto-completo-di-stampa\\\/#breadcrumb\",\"itemListElement\":[{\"@type\":\"ListItem\",\"position\":1,\"name\":\"Home\",\"item\":\"https:\\\/\\\/www.smartystore.it\\\/fr\\\/\"},{\"@type\":\"ListItem\",\"position\":2,\"name\":\"Boutique\",\"item\":\"https:\\\/\\\/www.smartystore.it\\\/fr\\\/boutique\\\/\"},{\"@type\":\"ListItem\",\"position\":3,\"name\":\"Fondale pubblicitario curvo in tessuto &#8211; COMPLETO DI STAMPA\"}]},{\"@type\":\"WebSite\",\"@id\":\"https:\\\/\\\/www.smartystore.it\\\/fr\\\/#website\",\"url\":\"https:\\\/\\\/www.smartystore.it\\\/fr\\\/\",\"name\":\"Smarty Store\",\"description\":\"Espositori Pubblicitari e Sistemi di Comunicazione Visiva\",\"potentialAction\":[{\"@type\":\"SearchAction\",\"target\":{\"@type\":\"EntryPoint\",\"urlTemplate\":\"https:\\\/\\\/www.smartystore.it\\\/fr\\\/?s={search_term_string}\"},\"query-input\":{\"@type\":\"PropertyValueSpecification\",\"valueRequired\":true,\"valueName\":\"search_term_string\"}}],\"inLanguage\":\"fr-FR\"}]}<\/script>\n<!-- \/ Yoast SEO plugin. -->","yoast_head_json":{"title":"Fondale pubblicitario curvo in tessuto - COMPLETO DI STAMPA - Smarty Store","description":"Il fondale pubblicitario curvo in tessuto completo di stampa \u00e8 una parete personalizzabile facilmente trasportabile. Disponibile in varie misure.","robots":{"index":"index","follow":"follow","max-snippet":"max-snippet:-1","max-image-preview":"max-image-preview:large","max-video-preview":"max-video-preview:-1"},"canonical":"https:\/\/www.smartystore.it\/fr\/prodotto\/fondale-pubblicitario-curvo-in-tessuto-completo-di-stampa\/","og_locale":"fr_FR","og_type":"article","og_title":"Fondale pubblicitario curvo in tessuto - COMPLETO DI STAMPA - Smarty Store","og_description":"Il fondale pubblicitario curvo in tessuto completo di stampa \u00e8 una parete personalizzabile facilmente trasportabile. Disponibile in varie misure.","og_url":"https:\/\/www.smartystore.it\/fr\/prodotto\/fondale-pubblicitario-curvo-in-tessuto-completo-di-stampa\/","og_site_name":"Smarty Store","article_modified_time":"2026-02-17T14:08:30+00:00","og_image":[{"width":1000,"height":1000,"url":"https:\/\/www.smartystore.it\/v25\/wp-content\/uploads\/2023\/09\/Fondale-pubblicitario-curvo-in-tessuto-completo-di-stampa.jpg","type":"image\/jpeg"}],"twitter_card":"summary_large_image","twitter_misc":{"Dur\u00e9e de lecture estim\u00e9e":"4 minutes"},"schema":{"@context":"https:\/\/schema.org","@graph":[{"@type":"WebPage","@id":"https:\/\/www.smartystore.it\/fr\/prodotto\/fondale-pubblicitario-curvo-in-tessuto-completo-di-stampa\/","url":"https:\/\/www.smartystore.it\/fr\/prodotto\/fondale-pubblicitario-curvo-in-tessuto-completo-di-stampa\/","name":"Fondale pubblicitario curvo in tessuto - COMPLETO DI STAMPA - Smarty Store","isPartOf":{"@id":"https:\/\/www.smartystore.it\/fr\/#website"},"primaryImageOfPage":{"@id":"https:\/\/www.smartystore.it\/fr\/prodotto\/fondale-pubblicitario-curvo-in-tessuto-completo-di-stampa\/#primaryimage"},"image":{"@id":"https:\/\/www.smartystore.it\/fr\/prodotto\/fondale-pubblicitario-curvo-in-tessuto-completo-di-stampa\/#primaryimage"},"thumbnailUrl":"https:\/\/www.smartystore.it\/v25\/wp-content\/uploads\/2023\/09\/Fondale-pubblicitario-curvo-in-tessuto-completo-di-stampa.jpg","datePublished":"2023-09-21T13:41:19+00:00","dateModified":"2026-02-17T14:08:30+00:00","description":"Il fondale pubblicitario curvo in tessuto completo di stampa \u00e8 una parete personalizzabile facilmente trasportabile. Disponibile in varie misure.","breadcrumb":{"@id":"https:\/\/www.smartystore.it\/fr\/prodotto\/fondale-pubblicitario-curvo-in-tessuto-completo-di-stampa\/#breadcrumb"},"inLanguage":"fr-FR","potentialAction":[{"@type":"ReadAction","target":["https:\/\/www.smartystore.it\/fr\/prodotto\/fondale-pubblicitario-curvo-in-tessuto-completo-di-stampa\/"]}]},{"@type":"ImageObject","inLanguage":"fr-FR","@id":"https:\/\/www.smartystore.it\/fr\/prodotto\/fondale-pubblicitario-curvo-in-tessuto-completo-di-stampa\/#primaryimage","url":"https:\/\/www.smartystore.it\/v25\/wp-content\/uploads\/2023\/09\/Fondale-pubblicitario-curvo-in-tessuto-completo-di-stampa.jpg","contentUrl":"https:\/\/www.smartystore.it\/v25\/wp-content\/uploads\/2023\/09\/Fondale-pubblicitario-curvo-in-tessuto-completo-di-stampa.jpg","width":1000,"height":1000,"caption":"Fondale pubblicitario curvo in tessuto completo di stampa"},{"@type":"BreadcrumbList","@id":"https:\/\/www.smartystore.it\/fr\/prodotto\/fondale-pubblicitario-curvo-in-tessuto-completo-di-stampa\/#breadcrumb","itemListElement":[{"@type":"ListItem","position":1,"name":"Home","item":"https:\/\/www.smartystore.it\/fr\/"},{"@type":"ListItem","position":2,"name":"Boutique","item":"https:\/\/www.smartystore.it\/fr\/boutique\/"},{"@type":"ListItem","position":3,"name":"Fondale pubblicitario curvo in tessuto &#8211; COMPLETO DI STAMPA"}]},{"@type":"WebSite","@id":"https:\/\/www.smartystore.it\/fr\/#website","url":"https:\/\/www.smartystore.it\/fr\/","name":"Smarty Store","description":"Espositori Pubblicitari e Sistemi di Comunicazione Visiva","potentialAction":[{"@type":"SearchAction","target":{"@type":"EntryPoint","urlTemplate":"https:\/\/www.smartystore.it\/fr\/?s={search_term_string}"},"query-input":{"@type":"PropertyValueSpecification","valueRequired":true,"valueName":"search_term_string"}}],"inLanguage":"fr-FR"}]}},"brands":[],"_links":{"self":[{"href":"https:\/\/www.smartystore.it\/fr\/wp-json\/wp\/v2\/product\/84475","targetHints":{"allow":["GET"]}}],"collection":[{"href":"https:\/\/www.smartystore.it\/fr\/wp-json\/wp\/v2\/product"}],"about":[{"href":"https:\/\/www.smartystore.it\/fr\/wp-json\/wp\/v2\/types\/product"}],"replies":[{"embeddable":true,"href":"https:\/\/www.smartystore.it\/fr\/wp-json\/wp\/v2\/comments?post=84475"}],"wp:featuredmedia":[{"embeddable":true,"href":"https:\/\/www.smartystore.it\/fr\/wp-json\/wp\/v2\/media\/84572"}],"wp:attachment":[{"href":"https:\/\/www.smartystore.it\/fr\/wp-json\/wp\/v2\/media?parent=84475"}],"wp:term":[{"taxonomy":"pwb-brand","embeddable":true,"href":"https:\/\/www.smartystore.it\/fr\/wp-json\/wp\/v2\/pwb-brand?post=84475"},{"taxonomy":"product_brand","embeddable":true,"href":"https:\/\/www.smartystore.it\/fr\/wp-json\/wp\/v2\/product_brand?post=84475"},{"taxonomy":"product_cat","embeddable":true,"href":"https:\/\/www.smartystore.it\/fr\/wp-json\/wp\/v2\/product_cat?post=84475"},{"taxonomy":"product_tag","embeddable":true,"href":"https:\/\/www.smartystore.it\/fr\/wp-json\/wp\/v2\/product_tag?post=84475"}],"curies":[{"name":"wp","href":"https:\/\/api.w.org\/{rel}","templated":true}]}}