{"id":84157,"date":"2023-09-06T17:10:07","date_gmt":"2023-09-06T15:10:07","guid":{"rendered":"https:\/\/www.smartystore.it\/?post_type=product&#038;p=84157"},"modified":"2026-02-16T17:04:51","modified_gmt":"2026-02-16T15:04:51","slug":"targhe-in-plexiglass-trasparente","status":"publish","type":"product","link":"https:\/\/www.smartystore.it\/fr\/prodotto\/targhe-in-plexiglass-trasparente\/","title":{"rendered":"Targhe in plexiglass trasparente"},"content":{"rendered":"<h2>Targhe in plexiglass trasparente<\/h2>\n<p>Le targhe in plexiglass trasparente sono dei pannelli in acrilico su cui \u00e8 possibile stampare la propria grafica monofacciale.<\/p>\n<p>L&rsquo;acrilico trasparente \u00e8 un materiale di alta qualit\u00e0 e meno delicato del vetro, questo permette alle targhe di essere esposte alle intemperie senza subire usure e cambiamenti di colore, ed in caso di incendio non produce fumi tossici.<\/p>\n<p>Possono essere quindi utilizzate sia come segnaletica in luoghi chiusi che all&rsquo;aperto. Classico esempio di utilizzo \u00e8 come insegna accanto alle porte\/portoni di ingresso grazie all&rsquo;ausilio dei distanziali (acquistabili separatamente<span style=\"color: #ff0000;\"> <strong><a style=\"color: #ff0000;\" href=\"https:\/\/www.smartystore.it\/?count=40&amp;paged=&amp;s=distanzial&amp;post_type=product&amp;dgwt_wcas=1&amp;lang=it\" target=\"_blank\" rel=\"noopener\">LINK<\/a><\/strong><\/span>).<\/p>\n<p>Le targhe sono completamente trasparenti ma possono essere personalizzate tramite stampa diretta UV.<\/p>\n<p>Disponibili in vari formati: mm. 150&#215;150 &#8211; mm. 210&#215;150 &#8211; mm. 200&#215;200 &#8211; mm. 500&#215;700 &#8211; mm. 460&#215;300 &#8211; mm. 337&#215;215.<\/p>\n<h3>CARATTERISTICHE:<\/h3>\n<p>Targhe in acrilico<\/p>\n<p>Colore: trasparente<\/p>\n<p>Personalizzazione: SU RICHIESTA stampa diretta UV.<\/p>\n<p>Disponibili anche nella versione con fori: <a href=\"https:\/\/www.smartystore.it\/prodotto\/targhe-in-plexiglass-trasparente-con-fori\/\" target=\"_blank\" rel=\"noopener\"><strong>LINK<\/strong><\/a><\/p>\n<table style=\"width: 71.2916%; border-collapse: collapse; border-color: #000000; height: 96px;\" border=\"1\">\n<tbody>\n<tr style=\"height: 24px;\">\n<td style=\"width: 7.8469%; height: 24px; text-align: center;\"><strong>CODICE<\/strong><\/td>\n<td style=\"width: 10.8321%; height: 24px; text-align: center;\"><strong>DIMENSIONI\u00a0 PANNELLO<\/strong><\/td>\n<td style=\"width: 9.4594%; text-align: center;\"><strong>SPESSORE PANNELLO<\/strong><\/td>\n<td style=\"width: 5.56737%; text-align: center;\"><strong>PESO<\/strong><\/td>\n<\/tr>\n<tr style=\"height: 24px;\">\n<td style=\"width: 7.8469%; height: 24px;\"><strong>STR-TD1515<\/strong><\/td>\n<td style=\"width: 10.8321%; height: 24px; text-align: center;\">150 x 150 mm.<\/td>\n<td style=\"width: 9.4594%; text-align: center;\">3 mm.<\/td>\n<td style=\"width: 5.56737%; text-align: center;\">0,19 Kg<\/td>\n<\/tr>\n<tr style=\"height: 24px;\">\n<td style=\"width: 7.8469%; height: 24px;\"><strong>STR-TD2115<\/strong><\/td>\n<td style=\"width: 10.8321%; height: 24px; text-align: center;\">210 x 150 mm.<\/td>\n<td style=\"width: 9.4594%; text-align: center;\">3 mm.<\/td>\n<td style=\"width: 5.56737%; text-align: center;\">0,20 Kg<\/td>\n<\/tr>\n<tr style=\"height: 24px;\">\n<td style=\"width: 7.8469%; height: 24px;\"><strong>STR-TD2020<\/strong><\/td>\n<td style=\"width: 10.8321%; height: 24px; text-align: center;\">200 x 200 mm.<\/td>\n<td style=\"width: 9.4594%; text-align: center;\">3 mm.<\/td>\n<td style=\"width: 5.56737%; text-align: center;\">0,25 Kg<\/td>\n<\/tr>\n<tr>\n<td style=\"width: 7.8469%;\"><strong>STR-TD5070<\/strong><\/td>\n<td style=\"width: 10.8321%; text-align: center;\">500 x 700 mm.<\/td>\n<td style=\"width: 9.4594%; text-align: center;\">5 mm.<\/td>\n<td style=\"width: 5.56737%; text-align: center;\">2,10 Kg<\/td>\n<\/tr>\n<tr>\n<td style=\"width: 7.8469%;\"><strong>STR-TDA3<\/strong><\/td>\n<td style=\"width: 10.8321%; text-align: center;\">460 x 300 mm.<\/td>\n<td style=\"width: 9.4594%; text-align: center;\">3 mm.<\/td>\n<td style=\"width: 5.56737%; text-align: center;\">0,60 Kg<\/td>\n<\/tr>\n<tr>\n<td style=\"width: 7.8469%;\"><strong>STR-TDA4<\/strong><\/td>\n<td style=\"width: 10.8321%; text-align: center;\">337 x 215 mm.<\/td>\n<td style=\"width: 9.4594%; text-align: center;\">3 mm.<\/td>\n<td style=\"width: 5.56737%; text-align: center;\">0,30 Kg<\/td>\n<\/tr>\n<\/tbody>\n<\/table>\n<p>&nbsp;<\/p>\n<p><b><span style=\"color: #993300;\">PER IL FILE DI GRAFICA: creare il file delle dimensioni indicate nella sezione \u00ab\u00a0DIMENSIONI PANNELLO\u00a0\u00bb tenendo presente di non inserire testi e\/o immagini nei due cm laterali (scala 1:1) con i testi convertiti in tracciati, dopo il salvataggio del file in formato PDF (risoluzione minima di 200 dpi) inviare il documento all&rsquo;indirizzo di posta elettronica<\/span>\u00a0<\/b><a href=\"mailto:grafica@smartystore.it\"><b>grafica@smartystore.it<\/b><\/a><b>\u00a0<\/b><span style=\"color: #993300;\"><b>facendo riferimento al numero di ordine.<\/b><\/span><\/p>\n<p><a href=\"https:\/\/www.smartystore.it\/v25\/wp-content\/uploads\/2023\/09\/STR-TD1515-2115-2020-5070-A3-A4.pdf\" target=\"_blank\" rel=\"noopener\"><img loading=\"lazy\" decoding=\"async\" class=\"alignnone size-full wp-image-93510\" src=\"https:\/\/www.smartystore.it\/v25\/wp-content\/uploads\/2014\/10\/SchedaTecnica-300-e1750084266903.png\" alt=\"\" width=\"249\" height=\"63\" \/><\/a><\/p>\n<p><b>SERVIZI DI GRAFICA E STAMPA<\/b><\/p>\n<p>Smarty Store pu\u00f2 fornire il servizio di impaginazione e\/o della stampa.<\/p>\n<p>Se viene richiesto il servizio di sola stampa, il cliente dovr\u00e0 inviare il file di stampa in formato PDF. La grafica verr\u00e0 stampata cos\u00ec come ricevuta nel file.<\/p>\n<p>Se viene richiesto il servizio di impaginazione, la nostra struttura si metter\u00e0 in contatto telefonico con il cliente per le necessarie informazioni. Dall&rsquo;impostazione grafica restano escluse le immagini che dovranno essere fornite dal cliente o quotate separatamente.<br \/>\nIl cliente ricever\u00e0 la proposta grafica in formato PDF per approvazione.<\/p>\n<p><b>ATTENZIONE:<\/b><br \/>\nI colori visualizzati possono differire da monitor a monitor. Per i colori di stampa \u00e8 necessario fare sempre riferimento alla scala Pantone.<br \/>\nSmarty Store non si assume alcuna responsabilit\u00e0 nel caso di colori controllati dal cliente solo sul proprio monitor.<\/p>\n","protected":false},"excerpt":{"rendered":"<p>Pannelli in acrilico trasparente personalizzabili per l&rsquo;utilizzo con distanziali. Disponibili in vari formati.<\/p>\n","protected":false},"featured_media":84195,"comment_status":"open","ping_status":"closed","template":"","meta":{"_acf_changed":false},"pwb-brand":[],"product_brand":[],"product_cat":[2097,2039],"product_tag":[],"class_list":{"0":"post-84157","1":"product","2":"type-product","3":"status-publish","4":"has-post-thumbnail","6":"product_cat-segnaletica-aziendale","7":"product_cat-segnaletica","8":"pa_c2c_angolo-2c-vivo","9":"pa_c2c_color-trasparente","10":"pa_c2c_dimensione-mm-150x150","11":"pa_c2c_dimensione-mm-200x200","12":"pa_c2c_dimensione-mm-210x150","13":"pa_c2c_dimensione-mm-337x215","14":"pa_c2c_dimensione-mm-460x300","15":"pa_c2c_dimensione-mm-500x700","16":"pa_c2c_grafica-f2-no","17":"pa_c2c_grafica-e4-si","18":"pa_c2c_materiale-0b-plexiglasstrasparente","19":"pa_c2c_mono_bifacciale-ca-monofacciale","20":"pa_c2c_orientamento-df-orizzontale","21":"pa_c2c_orientamento-94-verticale","22":"pa_c2c_stampa-f2-no","23":"pa_c2c_stampa-e4-si","24":"pa_c2c_trovraprezzi-ae-si","25":"pa_tipo-di-utilizzo-esterno","26":"pa_tipo-di-utilizzo-interno","28":"first","29":"instock","30":"taxable","31":"shipping-taxable","32":"purchasable","33":"product-type-variable"},"acf":[],"yoast_head":"<!-- This site is optimized with the Yoast SEO plugin v27.4 - https:\/\/yoast.com\/product\/yoast-seo-wordpress\/ -->\n<title>Targhe in plexiglass trasparente - Smarty Store<\/title>\n<meta name=\"description\" content=\"Targhe in plexiglass trasparente per l&#039;utilizzo con distanziali. Possibilit\u00e0 di personalizzazione. Disponibili in vari formati.\" \/>\n<meta name=\"robots\" content=\"index, follow, max-snippet:-1, max-image-preview:large, max-video-preview:-1\" \/>\n<link rel=\"canonical\" href=\"https:\/\/www.smartystore.it\/fr\/prodotto\/targhe-in-plexiglass-trasparente\/\" \/>\n<meta property=\"og:locale\" content=\"fr_FR\" \/>\n<meta property=\"og:type\" content=\"article\" \/>\n<meta property=\"og:title\" content=\"Targhe in plexiglass trasparente - Smarty Store\" \/>\n<meta property=\"og:description\" content=\"Targhe in plexiglass trasparente per l&#039;utilizzo con distanziali. Possibilit\u00e0 di personalizzazione. Disponibili in vari formati.\" \/>\n<meta property=\"og:url\" content=\"https:\/\/www.smartystore.it\/fr\/prodotto\/targhe-in-plexiglass-trasparente\/\" \/>\n<meta property=\"og:site_name\" content=\"Smarty Store\" \/>\n<meta property=\"article:modified_time\" content=\"2026-02-16T15:04:51+00:00\" \/>\n<meta property=\"og:image\" content=\"https:\/\/www.smartystore.it\/v25\/wp-content\/uploads\/2023\/09\/Targhe-in-acrilico-trasparente-senza-fori-per-distanziali_disponibile-in-vari-formati_2.jpg\" \/>\n\t<meta property=\"og:image:width\" content=\"1000\" \/>\n\t<meta property=\"og:image:height\" content=\"1000\" \/>\n\t<meta property=\"og:image:type\" content=\"image\/jpeg\" \/>\n<meta name=\"twitter:card\" content=\"summary_large_image\" \/>\n<meta name=\"twitter:label1\" content=\"Dur\u00e9e de lecture estim\u00e9e\" \/>\n\t<meta name=\"twitter:data1\" content=\"3 minutes\" \/>\n<script type=\"application\/ld+json\" class=\"yoast-schema-graph\">{\"@context\":\"https:\\\/\\\/schema.org\",\"@graph\":[{\"@type\":\"WebPage\",\"@id\":\"https:\\\/\\\/www.smartystore.it\\\/fr\\\/prodotto\\\/targhe-in-plexiglass-trasparente\\\/\",\"url\":\"https:\\\/\\\/www.smartystore.it\\\/fr\\\/prodotto\\\/targhe-in-plexiglass-trasparente\\\/\",\"name\":\"Targhe in plexiglass trasparente - Smarty Store\",\"isPartOf\":{\"@id\":\"https:\\\/\\\/www.smartystore.it\\\/fr\\\/#website\"},\"primaryImageOfPage\":{\"@id\":\"https:\\\/\\\/www.smartystore.it\\\/fr\\\/prodotto\\\/targhe-in-plexiglass-trasparente\\\/#primaryimage\"},\"image\":{\"@id\":\"https:\\\/\\\/www.smartystore.it\\\/fr\\\/prodotto\\\/targhe-in-plexiglass-trasparente\\\/#primaryimage\"},\"thumbnailUrl\":\"https:\\\/\\\/www.smartystore.it\\\/v25\\\/wp-content\\\/uploads\\\/2023\\\/09\\\/Targhe-in-acrilico-trasparente-senza-fori-per-distanziali_disponibile-in-vari-formati_2.jpg\",\"datePublished\":\"2023-09-06T15:10:07+00:00\",\"dateModified\":\"2026-02-16T15:04:51+00:00\",\"description\":\"Targhe in plexiglass trasparente per l'utilizzo con distanziali. Possibilit\u00e0 di personalizzazione. Disponibili in vari formati.\",\"breadcrumb\":{\"@id\":\"https:\\\/\\\/www.smartystore.it\\\/fr\\\/prodotto\\\/targhe-in-plexiglass-trasparente\\\/#breadcrumb\"},\"inLanguage\":\"fr-FR\",\"potentialAction\":[{\"@type\":\"ReadAction\",\"target\":[\"https:\\\/\\\/www.smartystore.it\\\/fr\\\/prodotto\\\/targhe-in-plexiglass-trasparente\\\/\"]}]},{\"@type\":\"ImageObject\",\"inLanguage\":\"fr-FR\",\"@id\":\"https:\\\/\\\/www.smartystore.it\\\/fr\\\/prodotto\\\/targhe-in-plexiglass-trasparente\\\/#primaryimage\",\"url\":\"https:\\\/\\\/www.smartystore.it\\\/v25\\\/wp-content\\\/uploads\\\/2023\\\/09\\\/Targhe-in-acrilico-trasparente-senza-fori-per-distanziali_disponibile-in-vari-formati_2.jpg\",\"contentUrl\":\"https:\\\/\\\/www.smartystore.it\\\/v25\\\/wp-content\\\/uploads\\\/2023\\\/09\\\/Targhe-in-acrilico-trasparente-senza-fori-per-distanziali_disponibile-in-vari-formati_2.jpg\",\"width\":1000,\"height\":1000,\"caption\":\"Targhe in acrilico trasparente senza fori per distanziali disponibile in vari formati 2\"},{\"@type\":\"BreadcrumbList\",\"@id\":\"https:\\\/\\\/www.smartystore.it\\\/fr\\\/prodotto\\\/targhe-in-plexiglass-trasparente\\\/#breadcrumb\",\"itemListElement\":[{\"@type\":\"ListItem\",\"position\":1,\"name\":\"Home\",\"item\":\"https:\\\/\\\/www.smartystore.it\\\/fr\\\/\"},{\"@type\":\"ListItem\",\"position\":2,\"name\":\"Boutique\",\"item\":\"https:\\\/\\\/www.smartystore.it\\\/fr\\\/boutique\\\/\"},{\"@type\":\"ListItem\",\"position\":3,\"name\":\"Targhe in plexiglass trasparente\"}]},{\"@type\":\"WebSite\",\"@id\":\"https:\\\/\\\/www.smartystore.it\\\/fr\\\/#website\",\"url\":\"https:\\\/\\\/www.smartystore.it\\\/fr\\\/\",\"name\":\"Smarty Store\",\"description\":\"Espositori Pubblicitari e Sistemi di Comunicazione Visiva\",\"potentialAction\":[{\"@type\":\"SearchAction\",\"target\":{\"@type\":\"EntryPoint\",\"urlTemplate\":\"https:\\\/\\\/www.smartystore.it\\\/fr\\\/?s={search_term_string}\"},\"query-input\":{\"@type\":\"PropertyValueSpecification\",\"valueRequired\":true,\"valueName\":\"search_term_string\"}}],\"inLanguage\":\"fr-FR\"}]}<\/script>\n<!-- \/ Yoast SEO plugin. -->","yoast_head_json":{"title":"Targhe in plexiglass trasparente - Smarty Store","description":"Targhe in plexiglass trasparente per l'utilizzo con distanziali. Possibilit\u00e0 di personalizzazione. Disponibili in vari formati.","robots":{"index":"index","follow":"follow","max-snippet":"max-snippet:-1","max-image-preview":"max-image-preview:large","max-video-preview":"max-video-preview:-1"},"canonical":"https:\/\/www.smartystore.it\/fr\/prodotto\/targhe-in-plexiglass-trasparente\/","og_locale":"fr_FR","og_type":"article","og_title":"Targhe in plexiglass trasparente - Smarty Store","og_description":"Targhe in plexiglass trasparente per l'utilizzo con distanziali. Possibilit\u00e0 di personalizzazione. Disponibili in vari formati.","og_url":"https:\/\/www.smartystore.it\/fr\/prodotto\/targhe-in-plexiglass-trasparente\/","og_site_name":"Smarty Store","article_modified_time":"2026-02-16T15:04:51+00:00","og_image":[{"width":1000,"height":1000,"url":"https:\/\/www.smartystore.it\/v25\/wp-content\/uploads\/2023\/09\/Targhe-in-acrilico-trasparente-senza-fori-per-distanziali_disponibile-in-vari-formati_2.jpg","type":"image\/jpeg"}],"twitter_card":"summary_large_image","twitter_misc":{"Dur\u00e9e de lecture estim\u00e9e":"3 minutes"},"schema":{"@context":"https:\/\/schema.org","@graph":[{"@type":"WebPage","@id":"https:\/\/www.smartystore.it\/fr\/prodotto\/targhe-in-plexiglass-trasparente\/","url":"https:\/\/www.smartystore.it\/fr\/prodotto\/targhe-in-plexiglass-trasparente\/","name":"Targhe in plexiglass trasparente - Smarty Store","isPartOf":{"@id":"https:\/\/www.smartystore.it\/fr\/#website"},"primaryImageOfPage":{"@id":"https:\/\/www.smartystore.it\/fr\/prodotto\/targhe-in-plexiglass-trasparente\/#primaryimage"},"image":{"@id":"https:\/\/www.smartystore.it\/fr\/prodotto\/targhe-in-plexiglass-trasparente\/#primaryimage"},"thumbnailUrl":"https:\/\/www.smartystore.it\/v25\/wp-content\/uploads\/2023\/09\/Targhe-in-acrilico-trasparente-senza-fori-per-distanziali_disponibile-in-vari-formati_2.jpg","datePublished":"2023-09-06T15:10:07+00:00","dateModified":"2026-02-16T15:04:51+00:00","description":"Targhe in plexiglass trasparente per l'utilizzo con distanziali. Possibilit\u00e0 di personalizzazione. Disponibili in vari formati.","breadcrumb":{"@id":"https:\/\/www.smartystore.it\/fr\/prodotto\/targhe-in-plexiglass-trasparente\/#breadcrumb"},"inLanguage":"fr-FR","potentialAction":[{"@type":"ReadAction","target":["https:\/\/www.smartystore.it\/fr\/prodotto\/targhe-in-plexiglass-trasparente\/"]}]},{"@type":"ImageObject","inLanguage":"fr-FR","@id":"https:\/\/www.smartystore.it\/fr\/prodotto\/targhe-in-plexiglass-trasparente\/#primaryimage","url":"https:\/\/www.smartystore.it\/v25\/wp-content\/uploads\/2023\/09\/Targhe-in-acrilico-trasparente-senza-fori-per-distanziali_disponibile-in-vari-formati_2.jpg","contentUrl":"https:\/\/www.smartystore.it\/v25\/wp-content\/uploads\/2023\/09\/Targhe-in-acrilico-trasparente-senza-fori-per-distanziali_disponibile-in-vari-formati_2.jpg","width":1000,"height":1000,"caption":"Targhe in acrilico trasparente senza fori per distanziali disponibile in vari formati 2"},{"@type":"BreadcrumbList","@id":"https:\/\/www.smartystore.it\/fr\/prodotto\/targhe-in-plexiglass-trasparente\/#breadcrumb","itemListElement":[{"@type":"ListItem","position":1,"name":"Home","item":"https:\/\/www.smartystore.it\/fr\/"},{"@type":"ListItem","position":2,"name":"Boutique","item":"https:\/\/www.smartystore.it\/fr\/boutique\/"},{"@type":"ListItem","position":3,"name":"Targhe in plexiglass trasparente"}]},{"@type":"WebSite","@id":"https:\/\/www.smartystore.it\/fr\/#website","url":"https:\/\/www.smartystore.it\/fr\/","name":"Smarty Store","description":"Espositori Pubblicitari e Sistemi di Comunicazione Visiva","potentialAction":[{"@type":"SearchAction","target":{"@type":"EntryPoint","urlTemplate":"https:\/\/www.smartystore.it\/fr\/?s={search_term_string}"},"query-input":{"@type":"PropertyValueSpecification","valueRequired":true,"valueName":"search_term_string"}}],"inLanguage":"fr-FR"}]}},"brands":[],"_links":{"self":[{"href":"https:\/\/www.smartystore.it\/fr\/wp-json\/wp\/v2\/product\/84157","targetHints":{"allow":["GET"]}}],"collection":[{"href":"https:\/\/www.smartystore.it\/fr\/wp-json\/wp\/v2\/product"}],"about":[{"href":"https:\/\/www.smartystore.it\/fr\/wp-json\/wp\/v2\/types\/product"}],"replies":[{"embeddable":true,"href":"https:\/\/www.smartystore.it\/fr\/wp-json\/wp\/v2\/comments?post=84157"}],"wp:featuredmedia":[{"embeddable":true,"href":"https:\/\/www.smartystore.it\/fr\/wp-json\/wp\/v2\/media\/84195"}],"wp:attachment":[{"href":"https:\/\/www.smartystore.it\/fr\/wp-json\/wp\/v2\/media?parent=84157"}],"wp:term":[{"taxonomy":"pwb-brand","embeddable":true,"href":"https:\/\/www.smartystore.it\/fr\/wp-json\/wp\/v2\/pwb-brand?post=84157"},{"taxonomy":"product_brand","embeddable":true,"href":"https:\/\/www.smartystore.it\/fr\/wp-json\/wp\/v2\/product_brand?post=84157"},{"taxonomy":"product_cat","embeddable":true,"href":"https:\/\/www.smartystore.it\/fr\/wp-json\/wp\/v2\/product_cat?post=84157"},{"taxonomy":"product_tag","embeddable":true,"href":"https:\/\/www.smartystore.it\/fr\/wp-json\/wp\/v2\/product_tag?post=84157"}],"curies":[{"name":"wp","href":"https:\/\/api.w.org\/{rel}","templated":true}]}}