{"id":80476,"date":"2022-08-26T15:00:52","date_gmt":"2022-08-26T13:00:52","guid":{"rendered":"https:\/\/www.smartystore.it\/?post_type=product&#038;p=80476"},"modified":"2025-01-22T18:34:45","modified_gmt":"2025-01-22T16:34:45","slug":"cornice-a-scatto-50x70-da-vetrina-con-illuminazione-a-led-usata-per-esposizione","status":"publish","type":"product","link":"https:\/\/www.smartystore.it\/fr\/prodotto\/cornice-a-scatto-50x70-da-vetrina-con-illuminazione-a-led-usata-per-esposizione\/","title":{"rendered":"Cornice a scatto 50&#215;70 da vetrina con illuminazione a LED &#8211; Usata per esposizione"},"content":{"rendered":"<p>La nostra cornice a scatto da parete con illuminazione a LED \u00e8 una soluzione estetica e funzionale che ti consentir\u00e0 di comunicare al meglio anche all&rsquo;esterno della tua attivit\u00e0.<\/p>\n<p>Questa soluzione di bacheca con affissione a soffitto offre la possibilit\u00e0 di rendere sempre ben visibili tutte le tue informazioni. Per esempio, se sei un ristorante, puoi utilizzarla per inserire le tue promozioni direttamente dalla vetrina. In questo modo, soprattutto di notte, i tuoi clienti sapranno sempre cosa hai da offrirgli!<br \/>\nTutti i passanti saranno sicuramente pi\u00f9 incuriositi e si avvicineranno per iniziare ad assaporare le pietanze che il tuo locale propone.<\/p>\n<p>Apertura a scatto.<\/p>\n<p>Angolo vivo.<\/p>\n<p>Cornice per affissione a soffitto.<\/p>\n<p>Illuminazione LED sui lati lunghi della cornice.<\/p>\n<p>Materiale cornice: alluminio.<\/p>\n<p>Profilo cornice: Frame 52 mm.<\/p>\n<p>Foglio di protezione in PVC anti-riflesso.<\/p>\n<p>Alimentatore integrato con cavo per alimentazione a 220V.<\/p>\n<p>Interruttore di accensione\/spegnimento sul lato inferiore della cornice<\/p>\n<p>Cavi in acciaio per fissaggio a soffitto gi\u00e0 inclusi.<\/p>\n<p>Dimensioni totali cornice (in mm.): L 593 x H 793 x P 40<\/p>\n<p>Per stampe: 50&#215;70 cm.<\/p>\n<p>Area visibile (in mm.): L 485 x H 685<\/p>\n<p>Peso: 9 Kg<\/p>\n<p>Utilizzo: monofacciale.<\/p>\n<p><strong>Usata per esposizione.<\/strong><\/p>\n","protected":false},"excerpt":{"rendered":"<p>Cornice a scatto luminosa LED per poster 50x70cm. Affissione a soffitto.<\/p>\n","protected":false},"featured_media":80478,"comment_status":"open","ping_status":"closed","template":"","meta":{"_acf_changed":false},"pwb-brand":[],"product_brand":[],"product_cat":[3008,2912,3006,3661],"product_tag":[],"class_list":{"0":"post-80476","1":"product","2":"type-product","3":"status-publish","4":"has-post-thumbnail","6":"product_cat-cadres-clic-clac","7":"product_cat-cadres-instantanes","8":"product_cat-cadres-lumineux","9":"product_cat-offres-speciales","10":"pa_c2c_angolo-vif","11":"pa_c2c_color-argent","12":"pa_c2c_dimensione-4d-cm50x70led","13":"pa_c2c_illuminazione-avec-eclairage","14":"pa_c2c_mono_bifacciale-simple-face","15":"pa_c2c_orientamento-verticale","16":"pa_c2c_trovraprezzi-oui","18":"first","19":"outofstock","20":"taxable","21":"shipping-taxable","22":"purchasable","23":"product-type-simple"},"acf":[],"yoast_head":"<!-- This site is optimized with the Yoast SEO plugin v27.4 - https:\/\/yoast.com\/product\/yoast-seo-wordpress\/ -->\n<title>Cornice a scatto 50x70 da vetrina con illuminazione a LED - Usata per esposizione - Smarty Store<\/title>\n<meta name=\"robots\" content=\"index, follow, max-snippet:-1, max-image-preview:large, max-video-preview:-1\" \/>\n<link rel=\"canonical\" href=\"https:\/\/www.smartystore.it\/fr\/prodotto\/cornice-a-scatto-50x70-da-vetrina-con-illuminazione-a-led-usata-per-esposizione\/\" \/>\n<meta property=\"og:locale\" content=\"fr_FR\" \/>\n<meta property=\"og:type\" content=\"article\" \/>\n<meta property=\"og:title\" content=\"Cornice a scatto 50x70 da vetrina con illuminazione a LED - Usata per esposizione - Smarty Store\" \/>\n<meta property=\"og:description\" content=\"Cornice a scatto luminosa LED per poster 50x70cm. Affissione a soffitto.\" \/>\n<meta property=\"og:url\" content=\"https:\/\/www.smartystore.it\/fr\/prodotto\/cornice-a-scatto-50x70-da-vetrina-con-illuminazione-a-led-usata-per-esposizione\/\" \/>\n<meta property=\"og:site_name\" content=\"Smarty Store\" \/>\n<meta property=\"article:modified_time\" content=\"2025-01-22T16:34:45+00:00\" \/>\n<meta property=\"og:image\" content=\"https:\/\/www.smartystore.it\/v25\/wp-content\/uploads\/2022\/08\/Cornice-a-scatto-50x70-da-vetrina-con-illuminazione-LED.jpg\" \/>\n\t<meta property=\"og:image:width\" content=\"1000\" \/>\n\t<meta property=\"og:image:height\" content=\"1000\" \/>\n\t<meta property=\"og:image:type\" content=\"image\/jpeg\" \/>\n<meta name=\"twitter:card\" content=\"summary_large_image\" \/>\n<meta name=\"twitter:label1\" content=\"Dur\u00e9e de lecture estim\u00e9e\" \/>\n\t<meta name=\"twitter:data1\" content=\"2 minutes\" \/>\n<script type=\"application\/ld+json\" class=\"yoast-schema-graph\">{\"@context\":\"https:\\\/\\\/schema.org\",\"@graph\":[{\"@type\":\"WebPage\",\"@id\":\"https:\\\/\\\/www.smartystore.it\\\/fr\\\/prodotto\\\/cornice-a-scatto-50x70-da-vetrina-con-illuminazione-a-led-usata-per-esposizione\\\/\",\"url\":\"https:\\\/\\\/www.smartystore.it\\\/fr\\\/prodotto\\\/cornice-a-scatto-50x70-da-vetrina-con-illuminazione-a-led-usata-per-esposizione\\\/\",\"name\":\"Cornice a scatto 50x70 da vetrina con illuminazione a LED - Usata per esposizione - Smarty Store\",\"isPartOf\":{\"@id\":\"https:\\\/\\\/www.smartystore.it\\\/fr\\\/#website\"},\"primaryImageOfPage\":{\"@id\":\"https:\\\/\\\/www.smartystore.it\\\/fr\\\/prodotto\\\/cornice-a-scatto-50x70-da-vetrina-con-illuminazione-a-led-usata-per-esposizione\\\/#primaryimage\"},\"image\":{\"@id\":\"https:\\\/\\\/www.smartystore.it\\\/fr\\\/prodotto\\\/cornice-a-scatto-50x70-da-vetrina-con-illuminazione-a-led-usata-per-esposizione\\\/#primaryimage\"},\"thumbnailUrl\":\"https:\\\/\\\/www.smartystore.it\\\/v25\\\/wp-content\\\/uploads\\\/2022\\\/08\\\/Cornice-a-scatto-50x70-da-vetrina-con-illuminazione-LED.jpg\",\"datePublished\":\"2022-08-26T13:00:52+00:00\",\"dateModified\":\"2025-01-22T16:34:45+00:00\",\"breadcrumb\":{\"@id\":\"https:\\\/\\\/www.smartystore.it\\\/fr\\\/prodotto\\\/cornice-a-scatto-50x70-da-vetrina-con-illuminazione-a-led-usata-per-esposizione\\\/#breadcrumb\"},\"inLanguage\":\"fr-FR\",\"potentialAction\":[{\"@type\":\"ReadAction\",\"target\":[\"https:\\\/\\\/www.smartystore.it\\\/fr\\\/prodotto\\\/cornice-a-scatto-50x70-da-vetrina-con-illuminazione-a-led-usata-per-esposizione\\\/\"]}]},{\"@type\":\"ImageObject\",\"inLanguage\":\"fr-FR\",\"@id\":\"https:\\\/\\\/www.smartystore.it\\\/fr\\\/prodotto\\\/cornice-a-scatto-50x70-da-vetrina-con-illuminazione-a-led-usata-per-esposizione\\\/#primaryimage\",\"url\":\"https:\\\/\\\/www.smartystore.it\\\/v25\\\/wp-content\\\/uploads\\\/2022\\\/08\\\/Cornice-a-scatto-50x70-da-vetrina-con-illuminazione-LED.jpg\",\"contentUrl\":\"https:\\\/\\\/www.smartystore.it\\\/v25\\\/wp-content\\\/uploads\\\/2022\\\/08\\\/Cornice-a-scatto-50x70-da-vetrina-con-illuminazione-LED.jpg\",\"width\":1000,\"height\":1000,\"caption\":\"Cornice a scatto 50x70 da vetrina con illuminazione LED\"},{\"@type\":\"BreadcrumbList\",\"@id\":\"https:\\\/\\\/www.smartystore.it\\\/fr\\\/prodotto\\\/cornice-a-scatto-50x70-da-vetrina-con-illuminazione-a-led-usata-per-esposizione\\\/#breadcrumb\",\"itemListElement\":[{\"@type\":\"ListItem\",\"position\":1,\"name\":\"Home\",\"item\":\"https:\\\/\\\/www.smartystore.it\\\/fr\\\/\"},{\"@type\":\"ListItem\",\"position\":2,\"name\":\"Boutique\",\"item\":\"https:\\\/\\\/www.smartystore.it\\\/fr\\\/boutique\\\/\"},{\"@type\":\"ListItem\",\"position\":3,\"name\":\"Cornice a scatto 50&#215;70 da vetrina con illuminazione a LED &#8211; Usata per esposizione\"}]},{\"@type\":\"WebSite\",\"@id\":\"https:\\\/\\\/www.smartystore.it\\\/fr\\\/#website\",\"url\":\"https:\\\/\\\/www.smartystore.it\\\/fr\\\/\",\"name\":\"Smarty Store\",\"description\":\"Espositori Pubblicitari e Sistemi di Comunicazione Visiva\",\"potentialAction\":[{\"@type\":\"SearchAction\",\"target\":{\"@type\":\"EntryPoint\",\"urlTemplate\":\"https:\\\/\\\/www.smartystore.it\\\/fr\\\/?s={search_term_string}\"},\"query-input\":{\"@type\":\"PropertyValueSpecification\",\"valueRequired\":true,\"valueName\":\"search_term_string\"}}],\"inLanguage\":\"fr-FR\"}]}<\/script>\n<!-- \/ Yoast SEO plugin. -->","yoast_head_json":{"title":"Cornice a scatto 50x70 da vetrina con illuminazione a LED - Usata per esposizione - Smarty Store","robots":{"index":"index","follow":"follow","max-snippet":"max-snippet:-1","max-image-preview":"max-image-preview:large","max-video-preview":"max-video-preview:-1"},"canonical":"https:\/\/www.smartystore.it\/fr\/prodotto\/cornice-a-scatto-50x70-da-vetrina-con-illuminazione-a-led-usata-per-esposizione\/","og_locale":"fr_FR","og_type":"article","og_title":"Cornice a scatto 50x70 da vetrina con illuminazione a LED - Usata per esposizione - Smarty Store","og_description":"Cornice a scatto luminosa LED per poster 50x70cm. Affissione a soffitto.","og_url":"https:\/\/www.smartystore.it\/fr\/prodotto\/cornice-a-scatto-50x70-da-vetrina-con-illuminazione-a-led-usata-per-esposizione\/","og_site_name":"Smarty Store","article_modified_time":"2025-01-22T16:34:45+00:00","og_image":[{"width":1000,"height":1000,"url":"https:\/\/www.smartystore.it\/v25\/wp-content\/uploads\/2022\/08\/Cornice-a-scatto-50x70-da-vetrina-con-illuminazione-LED.jpg","type":"image\/jpeg"}],"twitter_card":"summary_large_image","twitter_misc":{"Dur\u00e9e de lecture estim\u00e9e":"2 minutes"},"schema":{"@context":"https:\/\/schema.org","@graph":[{"@type":"WebPage","@id":"https:\/\/www.smartystore.it\/fr\/prodotto\/cornice-a-scatto-50x70-da-vetrina-con-illuminazione-a-led-usata-per-esposizione\/","url":"https:\/\/www.smartystore.it\/fr\/prodotto\/cornice-a-scatto-50x70-da-vetrina-con-illuminazione-a-led-usata-per-esposizione\/","name":"Cornice a scatto 50x70 da vetrina con illuminazione a LED - Usata per esposizione - Smarty Store","isPartOf":{"@id":"https:\/\/www.smartystore.it\/fr\/#website"},"primaryImageOfPage":{"@id":"https:\/\/www.smartystore.it\/fr\/prodotto\/cornice-a-scatto-50x70-da-vetrina-con-illuminazione-a-led-usata-per-esposizione\/#primaryimage"},"image":{"@id":"https:\/\/www.smartystore.it\/fr\/prodotto\/cornice-a-scatto-50x70-da-vetrina-con-illuminazione-a-led-usata-per-esposizione\/#primaryimage"},"thumbnailUrl":"https:\/\/www.smartystore.it\/v25\/wp-content\/uploads\/2022\/08\/Cornice-a-scatto-50x70-da-vetrina-con-illuminazione-LED.jpg","datePublished":"2022-08-26T13:00:52+00:00","dateModified":"2025-01-22T16:34:45+00:00","breadcrumb":{"@id":"https:\/\/www.smartystore.it\/fr\/prodotto\/cornice-a-scatto-50x70-da-vetrina-con-illuminazione-a-led-usata-per-esposizione\/#breadcrumb"},"inLanguage":"fr-FR","potentialAction":[{"@type":"ReadAction","target":["https:\/\/www.smartystore.it\/fr\/prodotto\/cornice-a-scatto-50x70-da-vetrina-con-illuminazione-a-led-usata-per-esposizione\/"]}]},{"@type":"ImageObject","inLanguage":"fr-FR","@id":"https:\/\/www.smartystore.it\/fr\/prodotto\/cornice-a-scatto-50x70-da-vetrina-con-illuminazione-a-led-usata-per-esposizione\/#primaryimage","url":"https:\/\/www.smartystore.it\/v25\/wp-content\/uploads\/2022\/08\/Cornice-a-scatto-50x70-da-vetrina-con-illuminazione-LED.jpg","contentUrl":"https:\/\/www.smartystore.it\/v25\/wp-content\/uploads\/2022\/08\/Cornice-a-scatto-50x70-da-vetrina-con-illuminazione-LED.jpg","width":1000,"height":1000,"caption":"Cornice a scatto 50x70 da vetrina con illuminazione LED"},{"@type":"BreadcrumbList","@id":"https:\/\/www.smartystore.it\/fr\/prodotto\/cornice-a-scatto-50x70-da-vetrina-con-illuminazione-a-led-usata-per-esposizione\/#breadcrumb","itemListElement":[{"@type":"ListItem","position":1,"name":"Home","item":"https:\/\/www.smartystore.it\/fr\/"},{"@type":"ListItem","position":2,"name":"Boutique","item":"https:\/\/www.smartystore.it\/fr\/boutique\/"},{"@type":"ListItem","position":3,"name":"Cornice a scatto 50&#215;70 da vetrina con illuminazione a LED &#8211; Usata per esposizione"}]},{"@type":"WebSite","@id":"https:\/\/www.smartystore.it\/fr\/#website","url":"https:\/\/www.smartystore.it\/fr\/","name":"Smarty Store","description":"Espositori Pubblicitari e Sistemi di Comunicazione Visiva","potentialAction":[{"@type":"SearchAction","target":{"@type":"EntryPoint","urlTemplate":"https:\/\/www.smartystore.it\/fr\/?s={search_term_string}"},"query-input":{"@type":"PropertyValueSpecification","valueRequired":true,"valueName":"search_term_string"}}],"inLanguage":"fr-FR"}]}},"brands":[],"_links":{"self":[{"href":"https:\/\/www.smartystore.it\/fr\/wp-json\/wp\/v2\/product\/80476","targetHints":{"allow":["GET"]}}],"collection":[{"href":"https:\/\/www.smartystore.it\/fr\/wp-json\/wp\/v2\/product"}],"about":[{"href":"https:\/\/www.smartystore.it\/fr\/wp-json\/wp\/v2\/types\/product"}],"replies":[{"embeddable":true,"href":"https:\/\/www.smartystore.it\/fr\/wp-json\/wp\/v2\/comments?post=80476"}],"wp:featuredmedia":[{"embeddable":true,"href":"https:\/\/www.smartystore.it\/fr\/wp-json\/wp\/v2\/media\/80478"}],"wp:attachment":[{"href":"https:\/\/www.smartystore.it\/fr\/wp-json\/wp\/v2\/media?parent=80476"}],"wp:term":[{"taxonomy":"pwb-brand","embeddable":true,"href":"https:\/\/www.smartystore.it\/fr\/wp-json\/wp\/v2\/pwb-brand?post=80476"},{"taxonomy":"product_brand","embeddable":true,"href":"https:\/\/www.smartystore.it\/fr\/wp-json\/wp\/v2\/product_brand?post=80476"},{"taxonomy":"product_cat","embeddable":true,"href":"https:\/\/www.smartystore.it\/fr\/wp-json\/wp\/v2\/product_cat?post=80476"},{"taxonomy":"product_tag","embeddable":true,"href":"https:\/\/www.smartystore.it\/fr\/wp-json\/wp\/v2\/product_tag?post=80476"}],"curies":[{"name":"wp","href":"https:\/\/api.w.org\/{rel}","templated":true}]}}