{"id":79480,"date":"2022-05-25T14:11:25","date_gmt":"2022-05-25T12:11:25","guid":{"rendered":"https:\/\/www.smartystore.it\/?post_type=product&#038;p=79480"},"modified":"2023-02-01T00:00:29","modified_gmt":"2023-01-31T22:00:29","slug":"totem-multimediale-digital-signage-con-monitor-55-full-hd-4k","status":"publish","type":"product","link":"https:\/\/www.smartystore.it\/fr\/prodotto\/totem-multimediale-digital-signage-con-monitor-55-full-hd-4k\/","title":{"rendered":"Totem Multimediale Digital Signage con monitor 55&Prime; Full HD 4K"},"content":{"rendered":"<h2>Totem Multimediale Digital Signage con monitor 55&Prime; Full HD 4K<\/h2>\n<p>Totem Multimediale Digital Signage con monitor 55&Prime; Full HD 4K perfetto per ogni attivit\u00e0 commerciale che voglia comunicare un messaggio in modo dinamico e creativo. Questo totem digitale \u00e8 subito funzionante; ti baster\u00e0 collegare l&rsquo;alimentazione e tramite una USB i tuoi messaggi promozionali saranno riprodotti dopo pochi secondi.<\/p>\n<p>Design semplice e innovativo con ingombro molto ridotto. La struttura leggera autoportante in alluminio rende il totem facile da trasportare e collegare.<\/p>\n<p><strong>Il Totem digital signage \u00e8 interamente in metallo<\/strong> ed \u00e8 cablato internamente mentre il monitor \u00e8 un\u00a0 <strong>Monitor Professionale Samsung <\/strong>da 55&Prime; Full HD 1920&#215;1080 &#8211; 4K<\/p>\n<p>Montaggio monitor in verticale<\/p>\n<p>Il totem \u00e8 monofacciale ed il monitor \u00e8 protetto sul fronte da un vetro temperato infrangibile 3+3 mm.<\/p>\n<p>Tempi di spedizione: circa 10 giorni<\/p>\n<p><strong>TOTEM<\/strong><\/p>\n<p><strong>Totem per uso interno<\/strong>\u00a0in alluminio cablato internamente<\/p>\n<p>Colore: nero<\/p>\n<p>Dimensioni totem: cm. 86x 202,5 x 10 (senza base)<\/p>\n<p>Base in metallo: cm. 87 x 80<\/p>\n<p>Si consiglia l&rsquo;utilizzo solo in luoghi al chiuso e non esposto a luce diretta naturale o artificiale.<\/p>\n<p>Peso espositore: Kg. 95.00<\/p>\n<p><strong>MONITOR<\/strong><\/p>\n<p>Marchio: Samsung.<\/p>\n<p>Schermo da 55&Prime; LCD con tecnologia di illuminazione LED diretta<\/p>\n<p>Risoluzione grafica Full HD 1920 x 1080<\/p>\n<p>Contrasto: 4000:1<\/p>\n<p>Elettronica interna studiata per il funzionamento 24 h \/ 7 giorni.<\/p>\n<p>Vetro antiriflesso<\/p>\n<p>Audio integrato<\/p>\n<p>Luminosit\u00e0: 350 cd\/m2<\/p>\n<p>Consumo: 108W &#8211; 143W max. &#8211; Standby meno di 0,5W<\/p>\n<p><strong>PLAYER (Opzionale)<\/strong><\/p>\n<p>Il Player digitale offre la possibilit\u00e0 di aggiornare i contenuti da remoto con l&rsquo;ausilio di un webserver.<br \/>\nQuesta funzionalit\u00e0 \u00e8 particolarmente utile per Catene di negozi, Centri commerciali, Banche, Ristoranti, ecc. per aggiornare i contenuti di pi\u00f9 totem\/monitor posizionati in localit\u00e0 differenti.<br \/>\nE&rsquo; sufficiente avere un notebook con connessione a internet e direttamente da casa o dal proprio ufficio \u00e8 possibile cambiare le immagini\/video che possono essere personalizzati anche per ogni singolo monitor.<\/p>\n<p>Software per la composizione della routine dei contenuti.<\/p>\n<p>Visualizzazione immagini e\/o video con programmazione di accensione\/spegnimento automatico.<\/p>\n<p>Memoria: con SD card<\/p>\n<p>Per la gestione dei contenuti in remoto \u00e8 necessario un webserver con Windows server installato (servizio opzionale fornito su richiesta)<\/p>\n<p>Il sistema viene preparato e configurato prima della spedizione. In questo modo sar\u00e0 sufficiente collegare il cavo di alimentazione e il cavo ethernet per la connessione a internet e il sistema riprodurr\u00e0 automaticamente i contenuti.<\/p>\n<p>&nbsp;<\/p>\n<p><strong>SERVIZI OPZIONALI<\/strong><\/p>\n<p>Webserver con Windows server<\/p>\n<p>Realizzazione immagini e video da riprodurre<\/p>\n<p>Gestione dei contenuti audio\/video<\/p>\n","protected":false},"excerpt":{"rendered":"<p><strong>Totem Multimediale Digital Signage<\/strong>\u00a0composto da totem cablato,\u00a0<strong>monitor pubblicitario\u00a0<\/strong> da 55&Prime; 4K. Modello indicato per uso interno<\/p>\n","protected":false},"featured_media":79923,"comment_status":"open","ping_status":"closed","template":"","meta":{"_acf_changed":false},"pwb-brand":[],"product_brand":[],"product_cat":[2017,2137,2045],"product_tag":[2775,2776],"class_list":{"0":"post-79480","1":"product","2":"type-product","3":"status-publish","4":"has-post-thumbnail","6":"product_cat-digital-signage-sistemi-di-comunicazione-con-monitor-lcd","7":"product_cat-totem-e-monitor-digital-signage","8":"product_cat-totem-pubblicitari-informativi","9":"product_tag-digital-signage","10":"product_tag-totem-digitali","11":"pa_c2c_color-d4-nero","12":"pa_c2c_configurazione-totem","13":"pa_c2c_configurazione-totem-player","14":"pa_c2c_dimensione-2585","15":"pa_c2c_mono_bifacciale-ca-monofacciale","16":"pa_c2c_orientamento-94-verticale","17":"pa_c2c_trovraprezzi-ae-si","19":"first","20":"instock","21":"taxable","22":"shipping-taxable","23":"purchasable","24":"product-type-variable"},"acf":[],"yoast_head":"<!-- This site is optimized with the Yoast SEO plugin v27.4 - https:\/\/yoast.com\/product\/yoast-seo-wordpress\/ -->\n<title>Totem Multimediale Digital Signage Con Monitor 55&quot; Full HD 4K<\/title>\n<meta name=\"description\" content=\"Scegli il Totem Multimediale Digital Signage con monitor 55&quot; Full HD 4K, semplice ed immediato. Pu\u00f2 essere gestito in loco o in remoto tramite web.\" \/>\n<meta name=\"robots\" content=\"index, follow, max-snippet:-1, max-image-preview:large, max-video-preview:-1\" \/>\n<link rel=\"canonical\" href=\"https:\/\/www.smartystore.it\/fr\/prodotto\/totem-multimediale-digital-signage-con-monitor-55-full-hd-4k\/\" \/>\n<meta property=\"og:locale\" content=\"fr_FR\" \/>\n<meta property=\"og:type\" content=\"article\" \/>\n<meta property=\"og:title\" content=\"Totem Multimediale Digital Signage Con Monitor 55&quot; Full HD 4K\" \/>\n<meta property=\"og:description\" content=\"Scegli il Totem Multimediale Digital Signage con monitor 55&quot; Full HD 4K, semplice ed immediato. Pu\u00f2 essere gestito in loco o in remoto tramite web.\" \/>\n<meta property=\"og:url\" content=\"https:\/\/www.smartystore.it\/fr\/prodotto\/totem-multimediale-digital-signage-con-monitor-55-full-hd-4k\/\" \/>\n<meta property=\"og:site_name\" content=\"Smarty Store\" \/>\n<meta property=\"article:modified_time\" content=\"2023-01-31T22:00:29+00:00\" \/>\n<meta property=\"og:image\" content=\"https:\/\/www.smartystore.it\/v25\/wp-content\/uploads\/2022\/05\/Totem-multimediale-digital-signage-con-monitor-55-pollici-Full-HD-4K.jpg\" \/>\n\t<meta property=\"og:image:width\" content=\"1000\" \/>\n\t<meta property=\"og:image:height\" content=\"1000\" \/>\n\t<meta property=\"og:image:type\" content=\"image\/jpeg\" \/>\n<meta name=\"twitter:card\" content=\"summary_large_image\" \/>\n<meta name=\"twitter:label1\" content=\"Dur\u00e9e de lecture estim\u00e9e\" \/>\n\t<meta name=\"twitter:data1\" content=\"3 minutes\" \/>\n<script type=\"application\/ld+json\" class=\"yoast-schema-graph\">{\"@context\":\"https:\\\/\\\/schema.org\",\"@graph\":[{\"@type\":\"WebPage\",\"@id\":\"https:\\\/\\\/www.smartystore.it\\\/fr\\\/prodotto\\\/totem-multimediale-digital-signage-con-monitor-55-full-hd-4k\\\/\",\"url\":\"https:\\\/\\\/www.smartystore.it\\\/fr\\\/prodotto\\\/totem-multimediale-digital-signage-con-monitor-55-full-hd-4k\\\/\",\"name\":\"Totem Multimediale Digital Signage Con Monitor 55\\\" Full HD 4K\",\"isPartOf\":{\"@id\":\"https:\\\/\\\/www.smartystore.it\\\/fr\\\/#website\"},\"primaryImageOfPage\":{\"@id\":\"https:\\\/\\\/www.smartystore.it\\\/fr\\\/prodotto\\\/totem-multimediale-digital-signage-con-monitor-55-full-hd-4k\\\/#primaryimage\"},\"image\":{\"@id\":\"https:\\\/\\\/www.smartystore.it\\\/fr\\\/prodotto\\\/totem-multimediale-digital-signage-con-monitor-55-full-hd-4k\\\/#primaryimage\"},\"thumbnailUrl\":\"https:\\\/\\\/www.smartystore.it\\\/v25\\\/wp-content\\\/uploads\\\/2022\\\/05\\\/Totem-multimediale-digital-signage-con-monitor-55-pollici-Full-HD-4K.jpg\",\"datePublished\":\"2022-05-25T12:11:25+00:00\",\"dateModified\":\"2023-01-31T22:00:29+00:00\",\"description\":\"Scegli il Totem Multimediale Digital Signage con monitor 55\\\" Full HD 4K, semplice ed immediato. Pu\u00f2 essere gestito in loco o in remoto tramite web.\",\"breadcrumb\":{\"@id\":\"https:\\\/\\\/www.smartystore.it\\\/fr\\\/prodotto\\\/totem-multimediale-digital-signage-con-monitor-55-full-hd-4k\\\/#breadcrumb\"},\"inLanguage\":\"fr-FR\",\"potentialAction\":[{\"@type\":\"ReadAction\",\"target\":[\"https:\\\/\\\/www.smartystore.it\\\/fr\\\/prodotto\\\/totem-multimediale-digital-signage-con-monitor-55-full-hd-4k\\\/\"]}]},{\"@type\":\"ImageObject\",\"inLanguage\":\"fr-FR\",\"@id\":\"https:\\\/\\\/www.smartystore.it\\\/fr\\\/prodotto\\\/totem-multimediale-digital-signage-con-monitor-55-full-hd-4k\\\/#primaryimage\",\"url\":\"https:\\\/\\\/www.smartystore.it\\\/v25\\\/wp-content\\\/uploads\\\/2022\\\/05\\\/Totem-multimediale-digital-signage-con-monitor-55-pollici-Full-HD-4K.jpg\",\"contentUrl\":\"https:\\\/\\\/www.smartystore.it\\\/v25\\\/wp-content\\\/uploads\\\/2022\\\/05\\\/Totem-multimediale-digital-signage-con-monitor-55-pollici-Full-HD-4K.jpg\",\"width\":1000,\"height\":1000,\"caption\":\"Totem multimediale digital signage con monitor 55 pollici Full HD 4K\"},{\"@type\":\"BreadcrumbList\",\"@id\":\"https:\\\/\\\/www.smartystore.it\\\/fr\\\/prodotto\\\/totem-multimediale-digital-signage-con-monitor-55-full-hd-4k\\\/#breadcrumb\",\"itemListElement\":[{\"@type\":\"ListItem\",\"position\":1,\"name\":\"Home\",\"item\":\"https:\\\/\\\/www.smartystore.it\\\/fr\\\/\"},{\"@type\":\"ListItem\",\"position\":2,\"name\":\"Boutique\",\"item\":\"https:\\\/\\\/www.smartystore.it\\\/fr\\\/boutique\\\/\"},{\"@type\":\"ListItem\",\"position\":3,\"name\":\"Totem Multimediale Digital Signage con monitor 55&Prime; Full HD 4K\"}]},{\"@type\":\"WebSite\",\"@id\":\"https:\\\/\\\/www.smartystore.it\\\/fr\\\/#website\",\"url\":\"https:\\\/\\\/www.smartystore.it\\\/fr\\\/\",\"name\":\"Smarty Store\",\"description\":\"Espositori Pubblicitari e Sistemi di Comunicazione Visiva\",\"potentialAction\":[{\"@type\":\"SearchAction\",\"target\":{\"@type\":\"EntryPoint\",\"urlTemplate\":\"https:\\\/\\\/www.smartystore.it\\\/fr\\\/?s={search_term_string}\"},\"query-input\":{\"@type\":\"PropertyValueSpecification\",\"valueRequired\":true,\"valueName\":\"search_term_string\"}}],\"inLanguage\":\"fr-FR\"}]}<\/script>\n<!-- \/ Yoast SEO plugin. -->","yoast_head_json":{"title":"Totem Multimediale Digital Signage Con Monitor 55\" Full HD 4K","description":"Scegli il Totem Multimediale Digital Signage con monitor 55\" Full HD 4K, semplice ed immediato. Pu\u00f2 essere gestito in loco o in remoto tramite web.","robots":{"index":"index","follow":"follow","max-snippet":"max-snippet:-1","max-image-preview":"max-image-preview:large","max-video-preview":"max-video-preview:-1"},"canonical":"https:\/\/www.smartystore.it\/fr\/prodotto\/totem-multimediale-digital-signage-con-monitor-55-full-hd-4k\/","og_locale":"fr_FR","og_type":"article","og_title":"Totem Multimediale Digital Signage Con Monitor 55\" Full HD 4K","og_description":"Scegli il Totem Multimediale Digital Signage con monitor 55\" Full HD 4K, semplice ed immediato. Pu\u00f2 essere gestito in loco o in remoto tramite web.","og_url":"https:\/\/www.smartystore.it\/fr\/prodotto\/totem-multimediale-digital-signage-con-monitor-55-full-hd-4k\/","og_site_name":"Smarty Store","article_modified_time":"2023-01-31T22:00:29+00:00","og_image":[{"width":1000,"height":1000,"url":"https:\/\/www.smartystore.it\/v25\/wp-content\/uploads\/2022\/05\/Totem-multimediale-digital-signage-con-monitor-55-pollici-Full-HD-4K.jpg","type":"image\/jpeg"}],"twitter_card":"summary_large_image","twitter_misc":{"Dur\u00e9e de lecture estim\u00e9e":"3 minutes"},"schema":{"@context":"https:\/\/schema.org","@graph":[{"@type":"WebPage","@id":"https:\/\/www.smartystore.it\/fr\/prodotto\/totem-multimediale-digital-signage-con-monitor-55-full-hd-4k\/","url":"https:\/\/www.smartystore.it\/fr\/prodotto\/totem-multimediale-digital-signage-con-monitor-55-full-hd-4k\/","name":"Totem Multimediale Digital Signage Con Monitor 55\" Full HD 4K","isPartOf":{"@id":"https:\/\/www.smartystore.it\/fr\/#website"},"primaryImageOfPage":{"@id":"https:\/\/www.smartystore.it\/fr\/prodotto\/totem-multimediale-digital-signage-con-monitor-55-full-hd-4k\/#primaryimage"},"image":{"@id":"https:\/\/www.smartystore.it\/fr\/prodotto\/totem-multimediale-digital-signage-con-monitor-55-full-hd-4k\/#primaryimage"},"thumbnailUrl":"https:\/\/www.smartystore.it\/v25\/wp-content\/uploads\/2022\/05\/Totem-multimediale-digital-signage-con-monitor-55-pollici-Full-HD-4K.jpg","datePublished":"2022-05-25T12:11:25+00:00","dateModified":"2023-01-31T22:00:29+00:00","description":"Scegli il Totem Multimediale Digital Signage con monitor 55\" Full HD 4K, semplice ed immediato. Pu\u00f2 essere gestito in loco o in remoto tramite web.","breadcrumb":{"@id":"https:\/\/www.smartystore.it\/fr\/prodotto\/totem-multimediale-digital-signage-con-monitor-55-full-hd-4k\/#breadcrumb"},"inLanguage":"fr-FR","potentialAction":[{"@type":"ReadAction","target":["https:\/\/www.smartystore.it\/fr\/prodotto\/totem-multimediale-digital-signage-con-monitor-55-full-hd-4k\/"]}]},{"@type":"ImageObject","inLanguage":"fr-FR","@id":"https:\/\/www.smartystore.it\/fr\/prodotto\/totem-multimediale-digital-signage-con-monitor-55-full-hd-4k\/#primaryimage","url":"https:\/\/www.smartystore.it\/v25\/wp-content\/uploads\/2022\/05\/Totem-multimediale-digital-signage-con-monitor-55-pollici-Full-HD-4K.jpg","contentUrl":"https:\/\/www.smartystore.it\/v25\/wp-content\/uploads\/2022\/05\/Totem-multimediale-digital-signage-con-monitor-55-pollici-Full-HD-4K.jpg","width":1000,"height":1000,"caption":"Totem multimediale digital signage con monitor 55 pollici Full HD 4K"},{"@type":"BreadcrumbList","@id":"https:\/\/www.smartystore.it\/fr\/prodotto\/totem-multimediale-digital-signage-con-monitor-55-full-hd-4k\/#breadcrumb","itemListElement":[{"@type":"ListItem","position":1,"name":"Home","item":"https:\/\/www.smartystore.it\/fr\/"},{"@type":"ListItem","position":2,"name":"Boutique","item":"https:\/\/www.smartystore.it\/fr\/boutique\/"},{"@type":"ListItem","position":3,"name":"Totem Multimediale Digital Signage con monitor 55&Prime; Full HD 4K"}]},{"@type":"WebSite","@id":"https:\/\/www.smartystore.it\/fr\/#website","url":"https:\/\/www.smartystore.it\/fr\/","name":"Smarty Store","description":"Espositori Pubblicitari e Sistemi di Comunicazione Visiva","potentialAction":[{"@type":"SearchAction","target":{"@type":"EntryPoint","urlTemplate":"https:\/\/www.smartystore.it\/fr\/?s={search_term_string}"},"query-input":{"@type":"PropertyValueSpecification","valueRequired":true,"valueName":"search_term_string"}}],"inLanguage":"fr-FR"}]}},"brands":[],"_links":{"self":[{"href":"https:\/\/www.smartystore.it\/fr\/wp-json\/wp\/v2\/product\/79480","targetHints":{"allow":["GET"]}}],"collection":[{"href":"https:\/\/www.smartystore.it\/fr\/wp-json\/wp\/v2\/product"}],"about":[{"href":"https:\/\/www.smartystore.it\/fr\/wp-json\/wp\/v2\/types\/product"}],"replies":[{"embeddable":true,"href":"https:\/\/www.smartystore.it\/fr\/wp-json\/wp\/v2\/comments?post=79480"}],"wp:featuredmedia":[{"embeddable":true,"href":"https:\/\/www.smartystore.it\/fr\/wp-json\/wp\/v2\/media\/79923"}],"wp:attachment":[{"href":"https:\/\/www.smartystore.it\/fr\/wp-json\/wp\/v2\/media?parent=79480"}],"wp:term":[{"taxonomy":"pwb-brand","embeddable":true,"href":"https:\/\/www.smartystore.it\/fr\/wp-json\/wp\/v2\/pwb-brand?post=79480"},{"taxonomy":"product_brand","embeddable":true,"href":"https:\/\/www.smartystore.it\/fr\/wp-json\/wp\/v2\/product_brand?post=79480"},{"taxonomy":"product_cat","embeddable":true,"href":"https:\/\/www.smartystore.it\/fr\/wp-json\/wp\/v2\/product_cat?post=79480"},{"taxonomy":"product_tag","embeddable":true,"href":"https:\/\/www.smartystore.it\/fr\/wp-json\/wp\/v2\/product_tag?post=79480"}],"curies":[{"name":"wp","href":"https:\/\/api.w.org\/{rel}","templated":true}]}}