{"id":77230,"date":"2022-01-24T17:32:26","date_gmt":"2022-01-24T15:32:26","guid":{"rendered":"https:\/\/www.smartystore.it\/?post_type=product&#038;p=77230"},"modified":"2024-09-02T17:32:00","modified_gmt":"2024-09-02T15:32:00","slug":"cornice-a-cavalletto-bifacciale-70x100-cm-con-fondo-in-metallo-usato-per-esposizione","status":"publish","type":"product","link":"https:\/\/www.smartystore.it\/fr\/prodotto\/cornice-a-cavalletto-bifacciale-70x100-cm-con-fondo-in-metallo-usato-per-esposizione\/","title":{"rendered":"Cornice a cavalletto Bifacciale 70\u00d7100 cm. con fondo in METALLO &#8211; Usato per esposizione"},"content":{"rendered":"<p>Questo cavalletto \u00e8 stato utilizzato per foto pubblicitarie e per l&rsquo;esposizione in showroom ma \u00e8 quasi come nuovo e con imballo originale.<\/p>\n<p>Cornice bifacciale da terra a cavalletto con sistema di apertura a scatto e robusto fondo in metallo per una maggiore durata nel tempo. Le cornici a cavalletto sono utilissime in tutti i casi in cui si ha bisogno di pubblicizzare un prodotto o una promozione all&rsquo;esterno del punto vendita. La cornice a cavalletto \u00e8 facilmente ripiegabile per poterla sistemare in pochissimo spazio all&rsquo;interno del locale, dopo la chiusura.<\/p>\n<p>Angolo tondo cromato.<\/p>\n<p>Foglio di protezione antiriflesso.<\/p>\n<p>Profilo cornice: Frame 32.<\/p>\n<p>Formato Stampato: cm. 70&#215;100 .<\/p>\n<p>Spessore stampato: max. 1,8 mm.<\/p>\n<p>Formato visibile: cm. 68,2 x 98,2<\/p>\n<p>Materiale cornice: Alluminio.<\/p>\n<p>Materiale fondo: Metallo.<\/p>\n<p>Colore: Alluminio anodizzato.<\/p>\n<p>Dimensione cornice: cm. L 74,5 &#8211; H 140,6 &#8211; P 92,5.<\/p>\n<p>Peso: 11,8 Kg ca.<\/p>\n<p><strong><span style=\"color: #000000; font-size: 19px;\">ACQUISTA IL NUOVO MODELLO AL SEGUENTE <a href=\"https:\/\/www.smartystore.it\/prodotto\/cornice-a-cavalletto-bifacciale-70x100-cm\/\" target=\"_blank\" rel=\"noopener\">LINK<\/a><\/span><\/strong><\/p>\n<p>Nella categoria \u00ab\u00a0<span style=\"text-decoration: underline;\"><strong><a href=\"https:\/\/www.smartystore.it\/en\/servizi\/\" target=\"_self\" rel=\"noopener noreferrer\">SERVIZI<\/a><\/strong><\/span>\u00a0\u00bb \u00e8 possibile ordinare le stampe sia in carta che in PVC. In questo modo riceverete il cavalletto gi\u00e0 pronto da esporre.<\/p>\n","protected":false},"excerpt":{"rendered":"<p>Prodotto usato per foto e da esposizione ma come nuovo.<\/p>\n<p>Cavalletto pubblicitario in alluminio bifacciale 70&#215;100, frame 32 con angoli tondi cromati.<\/p>\n","protected":false},"featured_media":77231,"comment_status":"open","ping_status":"closed","template":"","meta":{"_acf_changed":false},"pwb-brand":[],"product_brand":[],"product_cat":[3004,3661],"product_tag":[],"class_list":{"0":"post-77230","1":"product","2":"type-product","3":"status-publish","4":"has-post-thumbnail","6":"product_cat-stands-publicitaires","7":"product_cat-offres-speciales","8":"pa_c2c_angolo-rond","9":"pa_c2c_dimensione-70x100","10":"pa_c2c_mono_bifacciale-double-face","11":"pa_c2c_trovraprezzi-oui","13":"first","14":"outofstock","15":"taxable","16":"shipping-taxable","17":"purchasable","18":"product-type-simple"},"acf":[],"yoast_head":"<!-- This site is optimized with the Yoast SEO plugin v27.4 - https:\/\/yoast.com\/product\/yoast-seo-wordpress\/ -->\n<title>Cornice a cavalletto Bifacciale 70\u00d7100 cm. con fondo in METALLO - Usato per esposizione - Smarty Store<\/title>\n<meta name=\"robots\" content=\"index, follow, max-snippet:-1, max-image-preview:large, max-video-preview:-1\" \/>\n<link rel=\"canonical\" href=\"https:\/\/www.smartystore.it\/fr\/prodotto\/cornice-a-cavalletto-bifacciale-70x100-cm-con-fondo-in-metallo-usato-per-esposizione\/\" \/>\n<meta property=\"og:locale\" content=\"fr_FR\" \/>\n<meta property=\"og:type\" content=\"article\" \/>\n<meta property=\"og:title\" content=\"Cornice a cavalletto Bifacciale 70\u00d7100 cm. con fondo in METALLO - Usato per esposizione - Smarty Store\" \/>\n<meta property=\"og:description\" content=\"Prodotto usato per foto e da esposizione ma come nuovo.  Cavalletto pubblicitario in alluminio bifacciale 70x100, frame 32 con angoli tondi cromati.\" \/>\n<meta property=\"og:url\" content=\"https:\/\/www.smartystore.it\/fr\/prodotto\/cornice-a-cavalletto-bifacciale-70x100-cm-con-fondo-in-metallo-usato-per-esposizione\/\" \/>\n<meta property=\"og:site_name\" content=\"Smarty Store\" \/>\n<meta property=\"article:modified_time\" content=\"2024-09-02T15:32:00+00:00\" \/>\n<meta property=\"og:image\" content=\"https:\/\/www.smartystore.it\/v25\/wp-content\/uploads\/2022\/01\/Cornice-a-cavalletto-bifacciale-70x100-fondo-in-metallo-usato-per-esposizione.jpg\" \/>\n\t<meta property=\"og:image:width\" content=\"1000\" \/>\n\t<meta property=\"og:image:height\" content=\"1000\" \/>\n\t<meta property=\"og:image:type\" content=\"image\/jpeg\" \/>\n<meta name=\"twitter:card\" content=\"summary_large_image\" \/>\n<meta name=\"twitter:label1\" content=\"Dur\u00e9e de lecture estim\u00e9e\" \/>\n\t<meta name=\"twitter:data1\" content=\"2 minutes\" \/>\n<script type=\"application\/ld+json\" class=\"yoast-schema-graph\">{\"@context\":\"https:\\\/\\\/schema.org\",\"@graph\":[{\"@type\":\"WebPage\",\"@id\":\"https:\\\/\\\/www.smartystore.it\\\/fr\\\/prodotto\\\/cornice-a-cavalletto-bifacciale-70x100-cm-con-fondo-in-metallo-usato-per-esposizione\\\/\",\"url\":\"https:\\\/\\\/www.smartystore.it\\\/fr\\\/prodotto\\\/cornice-a-cavalletto-bifacciale-70x100-cm-con-fondo-in-metallo-usato-per-esposizione\\\/\",\"name\":\"Cornice a cavalletto Bifacciale 70\u00d7100 cm. con fondo in METALLO - Usato per esposizione - Smarty Store\",\"isPartOf\":{\"@id\":\"https:\\\/\\\/www.smartystore.it\\\/fr\\\/#website\"},\"primaryImageOfPage\":{\"@id\":\"https:\\\/\\\/www.smartystore.it\\\/fr\\\/prodotto\\\/cornice-a-cavalletto-bifacciale-70x100-cm-con-fondo-in-metallo-usato-per-esposizione\\\/#primaryimage\"},\"image\":{\"@id\":\"https:\\\/\\\/www.smartystore.it\\\/fr\\\/prodotto\\\/cornice-a-cavalletto-bifacciale-70x100-cm-con-fondo-in-metallo-usato-per-esposizione\\\/#primaryimage\"},\"thumbnailUrl\":\"https:\\\/\\\/www.smartystore.it\\\/v25\\\/wp-content\\\/uploads\\\/2022\\\/01\\\/Cornice-a-cavalletto-bifacciale-70x100-fondo-in-metallo-usato-per-esposizione.jpg\",\"datePublished\":\"2022-01-24T15:32:26+00:00\",\"dateModified\":\"2024-09-02T15:32:00+00:00\",\"breadcrumb\":{\"@id\":\"https:\\\/\\\/www.smartystore.it\\\/fr\\\/prodotto\\\/cornice-a-cavalletto-bifacciale-70x100-cm-con-fondo-in-metallo-usato-per-esposizione\\\/#breadcrumb\"},\"inLanguage\":\"fr-FR\",\"potentialAction\":[{\"@type\":\"ReadAction\",\"target\":[\"https:\\\/\\\/www.smartystore.it\\\/fr\\\/prodotto\\\/cornice-a-cavalletto-bifacciale-70x100-cm-con-fondo-in-metallo-usato-per-esposizione\\\/\"]}]},{\"@type\":\"ImageObject\",\"inLanguage\":\"fr-FR\",\"@id\":\"https:\\\/\\\/www.smartystore.it\\\/fr\\\/prodotto\\\/cornice-a-cavalletto-bifacciale-70x100-cm-con-fondo-in-metallo-usato-per-esposizione\\\/#primaryimage\",\"url\":\"https:\\\/\\\/www.smartystore.it\\\/v25\\\/wp-content\\\/uploads\\\/2022\\\/01\\\/Cornice-a-cavalletto-bifacciale-70x100-fondo-in-metallo-usato-per-esposizione.jpg\",\"contentUrl\":\"https:\\\/\\\/www.smartystore.it\\\/v25\\\/wp-content\\\/uploads\\\/2022\\\/01\\\/Cornice-a-cavalletto-bifacciale-70x100-fondo-in-metallo-usato-per-esposizione.jpg\",\"width\":1000,\"height\":1000,\"caption\":\"Cornice a cavalletto bifacciale 70x100 fondo in metallo usato per esposizione\"},{\"@type\":\"BreadcrumbList\",\"@id\":\"https:\\\/\\\/www.smartystore.it\\\/fr\\\/prodotto\\\/cornice-a-cavalletto-bifacciale-70x100-cm-con-fondo-in-metallo-usato-per-esposizione\\\/#breadcrumb\",\"itemListElement\":[{\"@type\":\"ListItem\",\"position\":1,\"name\":\"Home\",\"item\":\"https:\\\/\\\/www.smartystore.it\\\/fr\\\/\"},{\"@type\":\"ListItem\",\"position\":2,\"name\":\"Boutique\",\"item\":\"https:\\\/\\\/www.smartystore.it\\\/fr\\\/boutique\\\/\"},{\"@type\":\"ListItem\",\"position\":3,\"name\":\"Cornice a cavalletto Bifacciale 70\u00d7100 cm. con fondo in METALLO &#8211; Usato per esposizione\"}]},{\"@type\":\"WebSite\",\"@id\":\"https:\\\/\\\/www.smartystore.it\\\/fr\\\/#website\",\"url\":\"https:\\\/\\\/www.smartystore.it\\\/fr\\\/\",\"name\":\"Smarty Store\",\"description\":\"Espositori Pubblicitari e Sistemi di Comunicazione Visiva\",\"potentialAction\":[{\"@type\":\"SearchAction\",\"target\":{\"@type\":\"EntryPoint\",\"urlTemplate\":\"https:\\\/\\\/www.smartystore.it\\\/fr\\\/?s={search_term_string}\"},\"query-input\":{\"@type\":\"PropertyValueSpecification\",\"valueRequired\":true,\"valueName\":\"search_term_string\"}}],\"inLanguage\":\"fr-FR\"}]}<\/script>\n<!-- \/ Yoast SEO plugin. -->","yoast_head_json":{"title":"Cornice a cavalletto Bifacciale 70\u00d7100 cm. con fondo in METALLO - Usato per esposizione - Smarty Store","robots":{"index":"index","follow":"follow","max-snippet":"max-snippet:-1","max-image-preview":"max-image-preview:large","max-video-preview":"max-video-preview:-1"},"canonical":"https:\/\/www.smartystore.it\/fr\/prodotto\/cornice-a-cavalletto-bifacciale-70x100-cm-con-fondo-in-metallo-usato-per-esposizione\/","og_locale":"fr_FR","og_type":"article","og_title":"Cornice a cavalletto Bifacciale 70\u00d7100 cm. con fondo in METALLO - Usato per esposizione - Smarty Store","og_description":"Prodotto usato per foto e da esposizione ma come nuovo.  Cavalletto pubblicitario in alluminio bifacciale 70x100, frame 32 con angoli tondi cromati.","og_url":"https:\/\/www.smartystore.it\/fr\/prodotto\/cornice-a-cavalletto-bifacciale-70x100-cm-con-fondo-in-metallo-usato-per-esposizione\/","og_site_name":"Smarty Store","article_modified_time":"2024-09-02T15:32:00+00:00","og_image":[{"width":1000,"height":1000,"url":"https:\/\/www.smartystore.it\/v25\/wp-content\/uploads\/2022\/01\/Cornice-a-cavalletto-bifacciale-70x100-fondo-in-metallo-usato-per-esposizione.jpg","type":"image\/jpeg"}],"twitter_card":"summary_large_image","twitter_misc":{"Dur\u00e9e de lecture estim\u00e9e":"2 minutes"},"schema":{"@context":"https:\/\/schema.org","@graph":[{"@type":"WebPage","@id":"https:\/\/www.smartystore.it\/fr\/prodotto\/cornice-a-cavalletto-bifacciale-70x100-cm-con-fondo-in-metallo-usato-per-esposizione\/","url":"https:\/\/www.smartystore.it\/fr\/prodotto\/cornice-a-cavalletto-bifacciale-70x100-cm-con-fondo-in-metallo-usato-per-esposizione\/","name":"Cornice a cavalletto Bifacciale 70\u00d7100 cm. con fondo in METALLO - Usato per esposizione - Smarty Store","isPartOf":{"@id":"https:\/\/www.smartystore.it\/fr\/#website"},"primaryImageOfPage":{"@id":"https:\/\/www.smartystore.it\/fr\/prodotto\/cornice-a-cavalletto-bifacciale-70x100-cm-con-fondo-in-metallo-usato-per-esposizione\/#primaryimage"},"image":{"@id":"https:\/\/www.smartystore.it\/fr\/prodotto\/cornice-a-cavalletto-bifacciale-70x100-cm-con-fondo-in-metallo-usato-per-esposizione\/#primaryimage"},"thumbnailUrl":"https:\/\/www.smartystore.it\/v25\/wp-content\/uploads\/2022\/01\/Cornice-a-cavalletto-bifacciale-70x100-fondo-in-metallo-usato-per-esposizione.jpg","datePublished":"2022-01-24T15:32:26+00:00","dateModified":"2024-09-02T15:32:00+00:00","breadcrumb":{"@id":"https:\/\/www.smartystore.it\/fr\/prodotto\/cornice-a-cavalletto-bifacciale-70x100-cm-con-fondo-in-metallo-usato-per-esposizione\/#breadcrumb"},"inLanguage":"fr-FR","potentialAction":[{"@type":"ReadAction","target":["https:\/\/www.smartystore.it\/fr\/prodotto\/cornice-a-cavalletto-bifacciale-70x100-cm-con-fondo-in-metallo-usato-per-esposizione\/"]}]},{"@type":"ImageObject","inLanguage":"fr-FR","@id":"https:\/\/www.smartystore.it\/fr\/prodotto\/cornice-a-cavalletto-bifacciale-70x100-cm-con-fondo-in-metallo-usato-per-esposizione\/#primaryimage","url":"https:\/\/www.smartystore.it\/v25\/wp-content\/uploads\/2022\/01\/Cornice-a-cavalletto-bifacciale-70x100-fondo-in-metallo-usato-per-esposizione.jpg","contentUrl":"https:\/\/www.smartystore.it\/v25\/wp-content\/uploads\/2022\/01\/Cornice-a-cavalletto-bifacciale-70x100-fondo-in-metallo-usato-per-esposizione.jpg","width":1000,"height":1000,"caption":"Cornice a cavalletto bifacciale 70x100 fondo in metallo usato per esposizione"},{"@type":"BreadcrumbList","@id":"https:\/\/www.smartystore.it\/fr\/prodotto\/cornice-a-cavalletto-bifacciale-70x100-cm-con-fondo-in-metallo-usato-per-esposizione\/#breadcrumb","itemListElement":[{"@type":"ListItem","position":1,"name":"Home","item":"https:\/\/www.smartystore.it\/fr\/"},{"@type":"ListItem","position":2,"name":"Boutique","item":"https:\/\/www.smartystore.it\/fr\/boutique\/"},{"@type":"ListItem","position":3,"name":"Cornice a cavalletto Bifacciale 70\u00d7100 cm. con fondo in METALLO &#8211; Usato per esposizione"}]},{"@type":"WebSite","@id":"https:\/\/www.smartystore.it\/fr\/#website","url":"https:\/\/www.smartystore.it\/fr\/","name":"Smarty Store","description":"Espositori Pubblicitari e Sistemi di Comunicazione Visiva","potentialAction":[{"@type":"SearchAction","target":{"@type":"EntryPoint","urlTemplate":"https:\/\/www.smartystore.it\/fr\/?s={search_term_string}"},"query-input":{"@type":"PropertyValueSpecification","valueRequired":true,"valueName":"search_term_string"}}],"inLanguage":"fr-FR"}]}},"brands":[],"_links":{"self":[{"href":"https:\/\/www.smartystore.it\/fr\/wp-json\/wp\/v2\/product\/77230","targetHints":{"allow":["GET"]}}],"collection":[{"href":"https:\/\/www.smartystore.it\/fr\/wp-json\/wp\/v2\/product"}],"about":[{"href":"https:\/\/www.smartystore.it\/fr\/wp-json\/wp\/v2\/types\/product"}],"replies":[{"embeddable":true,"href":"https:\/\/www.smartystore.it\/fr\/wp-json\/wp\/v2\/comments?post=77230"}],"wp:featuredmedia":[{"embeddable":true,"href":"https:\/\/www.smartystore.it\/fr\/wp-json\/wp\/v2\/media\/77231"}],"wp:attachment":[{"href":"https:\/\/www.smartystore.it\/fr\/wp-json\/wp\/v2\/media?parent=77230"}],"wp:term":[{"taxonomy":"pwb-brand","embeddable":true,"href":"https:\/\/www.smartystore.it\/fr\/wp-json\/wp\/v2\/pwb-brand?post=77230"},{"taxonomy":"product_brand","embeddable":true,"href":"https:\/\/www.smartystore.it\/fr\/wp-json\/wp\/v2\/product_brand?post=77230"},{"taxonomy":"product_cat","embeddable":true,"href":"https:\/\/www.smartystore.it\/fr\/wp-json\/wp\/v2\/product_cat?post=77230"},{"taxonomy":"product_tag","embeddable":true,"href":"https:\/\/www.smartystore.it\/fr\/wp-json\/wp\/v2\/product_tag?post=77230"}],"curies":[{"name":"wp","href":"https:\/\/api.w.org\/{rel}","templated":true}]}}