{"id":60839,"date":"2020-10-27T16:26:49","date_gmt":"2020-10-27T16:26:49","guid":{"rendered":"https:\/\/www.smartystore.it\/?post_type=product&#038;p=60839"},"modified":"2025-06-27T13:17:49","modified_gmt":"2025-06-27T11:17:49","slug":"colonnina-di-delimitazione-show","status":"publish","type":"product","link":"https:\/\/www.smartystore.it\/fr\/prodotto\/colonnina-di-delimitazione-show\/","title":{"rendered":"Colonnina di delimitazione SHOW"},"content":{"rendered":"<h2>Colonnina di delimitazione SHOW<\/h2>\n<p>La colonnina di delimitazione Show \u00e8 una soluzione minimal ed elegante allo stesso tempo. Interamente prodotta in metallo, \u00e8 composta da una base ultra piatta e da un montante a capo del quale vi \u00e8 un foro dove far passare il cordino elastico disponibile nella colorazione rossa, blu e nera e in quattro lunghezze, 5 metri, 10 metri, 20 metri e 50 metri.<\/p>\n<p>La sua estetica la rende particolarmente indicata in ambienti come musei, gallerie e showroom per delimitare e mantenere le distanze da quadri, istallazioni e prodotti in mostra. Esteticamente discreta, oltre a fungere la delimitazione, non \u00e8 impattante visivamente cos\u00ec da far risaltare quindi l&rsquo;oggetto esposto.<\/p>\n<p>Delimitare si, ma sempre in sicurezza. Chi ha un\u2019attivit\u00e0 commerciale sa bene di cosa stiamo parlando. La sua base ultra piatta antinciampo, fa risultare questo prodotto idoneo alla collocazione in ambienti affollati, senza avere la preoccupazione che le persone possano cadere inciampando sulla base.<\/p>\n<p>Disponibile in due colorazioni, nero opaco e silver, colori sempre neutri ed eleganti allo stesso tempo.<\/p>\n<h3>CARATTERISTICHE:<\/h3>\n<p>Colonnina segnapercorso di delimitazione della linea SHOW.<\/p>\n<p>Realizzata in metallo verniciato a polveri finitura nero opaco o silver.<\/p>\n<p><span style=\"text-decoration: underline;\"><strong>BASE ULTRA PIATTA ANTINCIAMPO: spessore 6 mm.<\/strong><\/span><\/p>\n<p>Base piatta in acciaio \u00d8 35 cm. Lo spessore di soli 6 mm. e lo smusso perimetrale sono ideali per ridurre la possibilit\u00e0 di inciampo.<\/p>\n<p>Dimensioni montante: \u00d8 2.5 cm, H 90 cm.<\/p>\n<p>Altezza totale della colonnina: cm. 91<\/p>\n<p>Peso totale colonnina: 5,5 Kg<\/p>\n<p>Ordine minimo: 2 pezzi<\/p>\n<p>Da utilizzare in abbinamento al cordino elastico (disponibile nella colorazione blu, rossa o nera) da 5 metri (SST-SHOW5), da 10 metri (SST-SHOW10), da 20 metri (SST-SHOW20) o da 50 metri (SST-SHOW50) non inclusi nella confezione, e acquistabili al seguente <a href=\"https:\/\/www.smartystore.it\/prodotto\/cordino-elastico-per-colonnine-di-delimitazione-show\/\" target=\"_blank\" rel=\"noopener\"><strong>LINK<\/strong><\/a>.<\/p>\n<p><strong><span style=\"color: #800000;\">SU RICHIESTA E CON QUANTITATIVO MINIMO DI 20 PEZZI, E&rsquo; POSSIBILE REALIZZARE LE COLONNINE CON COLORAZIONE PERSONALIZZATA (INDICANDO IL NUMERO DI RAL CHE SI DESIDERA). INVIARE UNA RICHIESTA A <span style=\"color: #0000ff;\">info@smartystore.it<\/span><\/span><\/strong><\/p>\n<p><a href=\"https:\/\/www.smartystore.it\/v25\/wp-content\/uploads\/2020\/10\/Colonnina-Delimitazione-SST-SHOW90-45-SchedaInfo-Ita-1.pdf\" target=\"_blank\" rel=\"noopener\"><img loading=\"lazy\" decoding=\"async\" class=\"alignnone size-full wp-image-93510\" src=\"https:\/\/www.smartystore.it\/v25\/wp-content\/uploads\/2014\/10\/SchedaTecnica-300-e1750084266903.png\" alt=\"\" width=\"249\" height=\"63\" \/><\/a><\/p>\n","protected":false},"excerpt":{"rendered":"<p>Colonnina segna percorso disponibile nella finitura nera o silver per utilizzo con cordino elastico.<\/p>\n","protected":false},"featured_media":67414,"comment_status":"open","ping_status":"closed","template":"","meta":{"_acf_changed":false},"pwb-brand":[],"product_brand":[],"product_cat":[2015,2053],"product_tag":[],"class_list":{"0":"post-60839","1":"product","2":"type-product","3":"status-publish","4":"has-post-thumbnail","6":"product_cat-colonnine-segnapercorso","7":"product_cat-colonnine-segnapercorso-1","8":"pa_c2c_base-base-tonda","9":"pa_c2c_color-d4-nero","10":"pa_c2c_color-28-silver","11":"pa_c2c_dimensione-cm-90","12":"pa_c2c_trovraprezzi-ae-si","14":"first","15":"instock","16":"taxable","17":"shipping-taxable","18":"purchasable","19":"product-type-variable"},"acf":[],"yoast_head":"<!-- This site is optimized with the Yoast SEO plugin v27.4 - https:\/\/yoast.com\/product\/yoast-seo-wordpress\/ -->\n<title>Colonnina di delimitazione SHOW - Smarty Store<\/title>\n<meta name=\"description\" content=\"La colonnina di delimitazione SHOW \u00e8 disponibile in due colorazioni. Su richiesta e quantitativo minimo, disponibile anche in altri colrori.\" \/>\n<meta name=\"robots\" content=\"index, follow, max-snippet:-1, max-image-preview:large, max-video-preview:-1\" \/>\n<link rel=\"canonical\" href=\"https:\/\/www.smartystore.it\/fr\/prodotto\/colonnina-di-delimitazione-show\/\" \/>\n<meta property=\"og:locale\" content=\"fr_FR\" \/>\n<meta property=\"og:type\" content=\"article\" \/>\n<meta property=\"og:title\" content=\"Colonnina di delimitazione SHOW - Smarty Store\" \/>\n<meta property=\"og:description\" content=\"La colonnina di delimitazione SHOW \u00e8 disponibile in due colorazioni. Su richiesta e quantitativo minimo, disponibile anche in altri colrori.\" \/>\n<meta property=\"og:url\" content=\"https:\/\/www.smartystore.it\/fr\/prodotto\/colonnina-di-delimitazione-show\/\" \/>\n<meta property=\"og:site_name\" content=\"Smarty Store\" \/>\n<meta property=\"article:modified_time\" content=\"2025-06-27T11:17:49+00:00\" \/>\n<meta property=\"og:image\" content=\"https:\/\/www.smartystore.it\/v25\/wp-content\/uploads\/2020\/10\/Colonnina-segnapercorso-H-90-silver-nera-per-uso-con-cordino-elastico.jpg\" \/>\n\t<meta property=\"og:image:width\" content=\"1000\" \/>\n\t<meta property=\"og:image:height\" content=\"1000\" \/>\n\t<meta property=\"og:image:type\" content=\"image\/jpeg\" \/>\n<meta name=\"twitter:card\" content=\"summary_large_image\" \/>\n<meta name=\"twitter:label1\" content=\"Dur\u00e9e de lecture estim\u00e9e\" \/>\n\t<meta name=\"twitter:data1\" content=\"3 minutes\" \/>\n<script type=\"application\/ld+json\" class=\"yoast-schema-graph\">{\"@context\":\"https:\\\/\\\/schema.org\",\"@graph\":[{\"@type\":\"WebPage\",\"@id\":\"https:\\\/\\\/www.smartystore.it\\\/fr\\\/prodotto\\\/colonnina-di-delimitazione-show\\\/\",\"url\":\"https:\\\/\\\/www.smartystore.it\\\/fr\\\/prodotto\\\/colonnina-di-delimitazione-show\\\/\",\"name\":\"Colonnina di delimitazione SHOW - Smarty Store\",\"isPartOf\":{\"@id\":\"https:\\\/\\\/www.smartystore.it\\\/fr\\\/#website\"},\"primaryImageOfPage\":{\"@id\":\"https:\\\/\\\/www.smartystore.it\\\/fr\\\/prodotto\\\/colonnina-di-delimitazione-show\\\/#primaryimage\"},\"image\":{\"@id\":\"https:\\\/\\\/www.smartystore.it\\\/fr\\\/prodotto\\\/colonnina-di-delimitazione-show\\\/#primaryimage\"},\"thumbnailUrl\":\"https:\\\/\\\/www.smartystore.it\\\/v25\\\/wp-content\\\/uploads\\\/2020\\\/10\\\/Colonnina-segnapercorso-H-90-silver-nera-per-uso-con-cordino-elastico.jpg\",\"datePublished\":\"2020-10-27T16:26:49+00:00\",\"dateModified\":\"2025-06-27T11:17:49+00:00\",\"description\":\"La colonnina di delimitazione SHOW \u00e8 disponibile in due colorazioni. Su richiesta e quantitativo minimo, disponibile anche in altri colrori.\",\"breadcrumb\":{\"@id\":\"https:\\\/\\\/www.smartystore.it\\\/fr\\\/prodotto\\\/colonnina-di-delimitazione-show\\\/#breadcrumb\"},\"inLanguage\":\"fr-FR\",\"potentialAction\":[{\"@type\":\"ReadAction\",\"target\":[\"https:\\\/\\\/www.smartystore.it\\\/fr\\\/prodotto\\\/colonnina-di-delimitazione-show\\\/\"]}]},{\"@type\":\"ImageObject\",\"inLanguage\":\"fr-FR\",\"@id\":\"https:\\\/\\\/www.smartystore.it\\\/fr\\\/prodotto\\\/colonnina-di-delimitazione-show\\\/#primaryimage\",\"url\":\"https:\\\/\\\/www.smartystore.it\\\/v25\\\/wp-content\\\/uploads\\\/2020\\\/10\\\/Colonnina-segnapercorso-H-90-silver-nera-per-uso-con-cordino-elastico.jpg\",\"contentUrl\":\"https:\\\/\\\/www.smartystore.it\\\/v25\\\/wp-content\\\/uploads\\\/2020\\\/10\\\/Colonnina-segnapercorso-H-90-silver-nera-per-uso-con-cordino-elastico.jpg\",\"width\":1000,\"height\":1000,\"caption\":\"Colonnina segnapercorso di delimitazione H 90 silver nera per uso con cordino elastico\"},{\"@type\":\"BreadcrumbList\",\"@id\":\"https:\\\/\\\/www.smartystore.it\\\/fr\\\/prodotto\\\/colonnina-di-delimitazione-show\\\/#breadcrumb\",\"itemListElement\":[{\"@type\":\"ListItem\",\"position\":1,\"name\":\"Home\",\"item\":\"https:\\\/\\\/www.smartystore.it\\\/fr\\\/\"},{\"@type\":\"ListItem\",\"position\":2,\"name\":\"Boutique\",\"item\":\"https:\\\/\\\/www.smartystore.it\\\/fr\\\/boutique\\\/\"},{\"@type\":\"ListItem\",\"position\":3,\"name\":\"Colonnina di delimitazione SHOW\"}]},{\"@type\":\"WebSite\",\"@id\":\"https:\\\/\\\/www.smartystore.it\\\/fr\\\/#website\",\"url\":\"https:\\\/\\\/www.smartystore.it\\\/fr\\\/\",\"name\":\"Smarty Store\",\"description\":\"Espositori Pubblicitari e Sistemi di Comunicazione Visiva\",\"potentialAction\":[{\"@type\":\"SearchAction\",\"target\":{\"@type\":\"EntryPoint\",\"urlTemplate\":\"https:\\\/\\\/www.smartystore.it\\\/fr\\\/?s={search_term_string}\"},\"query-input\":{\"@type\":\"PropertyValueSpecification\",\"valueRequired\":true,\"valueName\":\"search_term_string\"}}],\"inLanguage\":\"fr-FR\"}]}<\/script>\n<!-- \/ Yoast SEO plugin. -->","yoast_head_json":{"title":"Colonnina di delimitazione SHOW - Smarty Store","description":"La colonnina di delimitazione SHOW \u00e8 disponibile in due colorazioni. Su richiesta e quantitativo minimo, disponibile anche in altri colrori.","robots":{"index":"index","follow":"follow","max-snippet":"max-snippet:-1","max-image-preview":"max-image-preview:large","max-video-preview":"max-video-preview:-1"},"canonical":"https:\/\/www.smartystore.it\/fr\/prodotto\/colonnina-di-delimitazione-show\/","og_locale":"fr_FR","og_type":"article","og_title":"Colonnina di delimitazione SHOW - Smarty Store","og_description":"La colonnina di delimitazione SHOW \u00e8 disponibile in due colorazioni. Su richiesta e quantitativo minimo, disponibile anche in altri colrori.","og_url":"https:\/\/www.smartystore.it\/fr\/prodotto\/colonnina-di-delimitazione-show\/","og_site_name":"Smarty Store","article_modified_time":"2025-06-27T11:17:49+00:00","og_image":[{"width":1000,"height":1000,"url":"https:\/\/www.smartystore.it\/v25\/wp-content\/uploads\/2020\/10\/Colonnina-segnapercorso-H-90-silver-nera-per-uso-con-cordino-elastico.jpg","type":"image\/jpeg"}],"twitter_card":"summary_large_image","twitter_misc":{"Dur\u00e9e de lecture estim\u00e9e":"3 minutes"},"schema":{"@context":"https:\/\/schema.org","@graph":[{"@type":"WebPage","@id":"https:\/\/www.smartystore.it\/fr\/prodotto\/colonnina-di-delimitazione-show\/","url":"https:\/\/www.smartystore.it\/fr\/prodotto\/colonnina-di-delimitazione-show\/","name":"Colonnina di delimitazione SHOW - Smarty Store","isPartOf":{"@id":"https:\/\/www.smartystore.it\/fr\/#website"},"primaryImageOfPage":{"@id":"https:\/\/www.smartystore.it\/fr\/prodotto\/colonnina-di-delimitazione-show\/#primaryimage"},"image":{"@id":"https:\/\/www.smartystore.it\/fr\/prodotto\/colonnina-di-delimitazione-show\/#primaryimage"},"thumbnailUrl":"https:\/\/www.smartystore.it\/v25\/wp-content\/uploads\/2020\/10\/Colonnina-segnapercorso-H-90-silver-nera-per-uso-con-cordino-elastico.jpg","datePublished":"2020-10-27T16:26:49+00:00","dateModified":"2025-06-27T11:17:49+00:00","description":"La colonnina di delimitazione SHOW \u00e8 disponibile in due colorazioni. Su richiesta e quantitativo minimo, disponibile anche in altri colrori.","breadcrumb":{"@id":"https:\/\/www.smartystore.it\/fr\/prodotto\/colonnina-di-delimitazione-show\/#breadcrumb"},"inLanguage":"fr-FR","potentialAction":[{"@type":"ReadAction","target":["https:\/\/www.smartystore.it\/fr\/prodotto\/colonnina-di-delimitazione-show\/"]}]},{"@type":"ImageObject","inLanguage":"fr-FR","@id":"https:\/\/www.smartystore.it\/fr\/prodotto\/colonnina-di-delimitazione-show\/#primaryimage","url":"https:\/\/www.smartystore.it\/v25\/wp-content\/uploads\/2020\/10\/Colonnina-segnapercorso-H-90-silver-nera-per-uso-con-cordino-elastico.jpg","contentUrl":"https:\/\/www.smartystore.it\/v25\/wp-content\/uploads\/2020\/10\/Colonnina-segnapercorso-H-90-silver-nera-per-uso-con-cordino-elastico.jpg","width":1000,"height":1000,"caption":"Colonnina segnapercorso di delimitazione H 90 silver nera per uso con cordino elastico"},{"@type":"BreadcrumbList","@id":"https:\/\/www.smartystore.it\/fr\/prodotto\/colonnina-di-delimitazione-show\/#breadcrumb","itemListElement":[{"@type":"ListItem","position":1,"name":"Home","item":"https:\/\/www.smartystore.it\/fr\/"},{"@type":"ListItem","position":2,"name":"Boutique","item":"https:\/\/www.smartystore.it\/fr\/boutique\/"},{"@type":"ListItem","position":3,"name":"Colonnina di delimitazione SHOW"}]},{"@type":"WebSite","@id":"https:\/\/www.smartystore.it\/fr\/#website","url":"https:\/\/www.smartystore.it\/fr\/","name":"Smarty Store","description":"Espositori Pubblicitari e Sistemi di Comunicazione Visiva","potentialAction":[{"@type":"SearchAction","target":{"@type":"EntryPoint","urlTemplate":"https:\/\/www.smartystore.it\/fr\/?s={search_term_string}"},"query-input":{"@type":"PropertyValueSpecification","valueRequired":true,"valueName":"search_term_string"}}],"inLanguage":"fr-FR"}]}},"brands":[],"_links":{"self":[{"href":"https:\/\/www.smartystore.it\/fr\/wp-json\/wp\/v2\/product\/60839","targetHints":{"allow":["GET"]}}],"collection":[{"href":"https:\/\/www.smartystore.it\/fr\/wp-json\/wp\/v2\/product"}],"about":[{"href":"https:\/\/www.smartystore.it\/fr\/wp-json\/wp\/v2\/types\/product"}],"replies":[{"embeddable":true,"href":"https:\/\/www.smartystore.it\/fr\/wp-json\/wp\/v2\/comments?post=60839"}],"wp:featuredmedia":[{"embeddable":true,"href":"https:\/\/www.smartystore.it\/fr\/wp-json\/wp\/v2\/media\/67414"}],"wp:attachment":[{"href":"https:\/\/www.smartystore.it\/fr\/wp-json\/wp\/v2\/media?parent=60839"}],"wp:term":[{"taxonomy":"pwb-brand","embeddable":true,"href":"https:\/\/www.smartystore.it\/fr\/wp-json\/wp\/v2\/pwb-brand?post=60839"},{"taxonomy":"product_brand","embeddable":true,"href":"https:\/\/www.smartystore.it\/fr\/wp-json\/wp\/v2\/product_brand?post=60839"},{"taxonomy":"product_cat","embeddable":true,"href":"https:\/\/www.smartystore.it\/fr\/wp-json\/wp\/v2\/product_cat?post=60839"},{"taxonomy":"product_tag","embeddable":true,"href":"https:\/\/www.smartystore.it\/fr\/wp-json\/wp\/v2\/product_tag?post=60839"}],"curies":[{"name":"wp","href":"https:\/\/api.w.org\/{rel}","templated":true}]}}