{"id":48025,"date":"2019-10-25T13:59:10","date_gmt":"2019-10-25T11:59:10","guid":{"rendered":"https:\/\/www.smartystore.it\/prodotto\/leggio-da-pavimento-smontabile-in-plexiglass-per-formato-a4-orientabile-tekno\/"},"modified":"2022-03-15T15:52:42","modified_gmt":"2022-03-15T13:52:42","slug":"leggio-da-pavimento-smontabile-in-plexiglass-per-formato-a4-orientabile-tekno","status":"publish","type":"product","link":"https:\/\/www.smartystore.it\/fr\/prodotto\/leggio-da-pavimento-smontabile-in-plexiglass-per-formato-a4-orientabile-tekno\/","title":{"rendered":"Leggio da pavimento smontabile in plexiglass A4"},"content":{"rendered":"<h2>Leggio da pavimento smontabile in plexiglass A4.<\/h2>\n<p>Espositore a leggio da pavimento smontabile in plexiglass A4, composto da tre elementi in plexiglass trasparente da 8 mm. di spessore. Questo tipo di leggio \u00e8 particolarmente indicato per chi ha necessit\u00e0 di fare esposizioni itineranti poich\u00e9, con la possibilit\u00e0 di essere facilmente smontabile, ne permette un pratico trasporto limitando quindi i rischi di rottura.<\/p>\n<p>Ideale per aziende o attivit\u00e0 che hanno necessit\u00e0 di fare manifestazioni come fiere ed eventi itineranti ed avere quindi la praticit\u00e0 di trasportare il leggio in sicurezza, senza correre il rischio che si possa rompere durante il trasporto.<\/p>\n<p>Lo spessore di 8 mm. dei pannelli in plexiglass rende il leggio pi\u00f9 robusto e resistente in caso di urti. In ogni caso, qualora una delle parti del leggio si dovesse rompere, a differenza di espositori monoblocco, scrivendo a info@smartystore.it, \u00e8 possibile richiedere la sola sezione danneggiata senza dover acquistare un nuovo leggio.<\/p>\n<p>Le sezioni vengono unite tra di loro attraverso appositi morsetti in metallo in dotazione (n. 3 pz.).<\/p>\n<p>La componibilit\u00e0 permette il posizionamento del messaggio sia in orizzontale che in verticale (abbinando in fase di ordine l&rsquo;apposita tasca) e un facile montaggio\/smontaggio per un eventuale trasporto.<\/p>\n<p>Il leggio \u00e8 fornito di una chiave a brugola per facilitare il montaggio e lo smontaggio in modo pratico e veloce.<\/p>\n<p>Selezionare dal men\u00f9 a tendina se si desidera ricevere il leggio senza tasca, con tasca verticale o con tasca orizzontale.<\/p>\n<h3>Caratteristiche:<\/h3>\n<p>Dimensioni con utilizzo orizzontale (in cm.): L 34 x P 26,5 x H 104.<\/p>\n<p>Dimensioni con utilizzo verticale (in cm.): L 25 x P 26,5 x H 110.<\/p>\n<p>Peso espositore: Kg 3,8<\/p>\n<p>SmartyStore assiste in pieno i suoi clienti quindi, se hai necessit\u00e0 di poster A4 da inserire nella tasca del leggio, puoi trovare ci\u00f2 che cerchi al seguente <a href=\"https:\/\/www.smartystore.it\/prodotto\/stampa-poster-monofacciale-su-carta\/\" target=\"_blank\" rel=\"noopener\"><strong>LINK<\/strong><\/a><\/p>\n<p>&nbsp;<\/p>\n<p><span style=\"color: #993300;\">Tempi di spedizione: 4\/5 giorni lavorativi dalla conferma d&rsquo;ordine e relativo pagamento.<\/span><\/p>\n","protected":false},"excerpt":{"rendered":"<p>Espositore a leggio componibile in plexiglass trasparente serie TEKNO per messaggi formato A4, orientabile in verticale o orizzontale.<\/p>\n","protected":false},"featured_media":62173,"comment_status":"open","ping_status":"closed","template":"","meta":{"_acf_changed":false},"pwb-brand":[],"product_brand":[],"product_cat":[3010,3018,3024,3013],"product_tag":[],"class_list":{"0":"post-48025","1":"product","2":"type-product","3":"status-publish","4":"has-post-thumbnail","6":"product_cat-affichage-porte-avis-emplacement","7":"product_cat-presentoirs-publicitaires","8":"product_cat-pupitres-et-tables","9":"product_cat-porte-affiche-au-sol","10":"pa_c2c_color-argent","11":"pa_c2c_color-transparent","12":"pa_c2c_dimensione-a4-21x29-7","13":"pa_c2c_orientamento-horizontal","14":"pa_c2c_orientamento-sans-poche","15":"pa_c2c_orientamento-verticale","16":"pa_c2c_trovraprezzi-oui","18":"first","19":"instock","20":"taxable","21":"shipping-taxable","22":"purchasable","23":"product-type-variable"},"acf":[],"yoast_head":"<!-- This site is optimized with the Yoast SEO plugin v27.4 - https:\/\/yoast.com\/product\/yoast-seo-wordpress\/ -->\n<title>Leggio da pavimento smontabile in plexiglass A4 - Smarty Store<\/title>\n<meta name=\"description\" content=\"Espositore a leggio da pavimento smontabile in plexiglass A4 componibile in plexiglass trasparente per messaggi formato A4 orientabile.\" \/>\n<meta name=\"robots\" content=\"index, follow, max-snippet:-1, max-image-preview:large, max-video-preview:-1\" \/>\n<link rel=\"canonical\" href=\"https:\/\/www.smartystore.it\/fr\/prodotto\/leggio-da-pavimento-smontabile-in-plexiglass-per-formato-a4-orientabile-tekno\/\" \/>\n<meta property=\"og:locale\" content=\"fr_FR\" \/>\n<meta property=\"og:type\" content=\"article\" \/>\n<meta property=\"og:title\" content=\"Leggio da pavimento smontabile in plexiglass A4 - Smarty Store\" \/>\n<meta property=\"og:description\" content=\"Espositore a leggio da pavimento smontabile in plexiglass A4 componibile in plexiglass trasparente per messaggi formato A4 orientabile.\" \/>\n<meta property=\"og:url\" content=\"https:\/\/www.smartystore.it\/fr\/prodotto\/leggio-da-pavimento-smontabile-in-plexiglass-per-formato-a4-orientabile-tekno\/\" \/>\n<meta property=\"og:site_name\" content=\"Smarty Store\" \/>\n<meta property=\"article:modified_time\" content=\"2022-03-15T13:52:42+00:00\" \/>\n<meta property=\"og:image\" content=\"https:\/\/www.smartystore.it\/v25\/wp-content\/uploads\/2019\/10\/Leggio-da-pavimento-smontabile-in-plexiglass-per-formato-A4-verticale-TEKNO.jpg\" \/>\n\t<meta property=\"og:image:width\" content=\"1000\" \/>\n\t<meta property=\"og:image:height\" content=\"1000\" \/>\n\t<meta property=\"og:image:type\" content=\"image\/jpeg\" \/>\n<meta name=\"twitter:card\" content=\"summary_large_image\" \/>\n<meta name=\"twitter:label1\" content=\"Dur\u00e9e de lecture estim\u00e9e\" \/>\n\t<meta name=\"twitter:data1\" content=\"2 minutes\" \/>\n<script type=\"application\/ld+json\" class=\"yoast-schema-graph\">{\"@context\":\"https:\\\/\\\/schema.org\",\"@graph\":[{\"@type\":\"WebPage\",\"@id\":\"https:\\\/\\\/www.smartystore.it\\\/fr\\\/prodotto\\\/leggio-da-pavimento-smontabile-in-plexiglass-per-formato-a4-orientabile-tekno\\\/\",\"url\":\"https:\\\/\\\/www.smartystore.it\\\/fr\\\/prodotto\\\/leggio-da-pavimento-smontabile-in-plexiglass-per-formato-a4-orientabile-tekno\\\/\",\"name\":\"Leggio da pavimento smontabile in plexiglass A4 - Smarty Store\",\"isPartOf\":{\"@id\":\"https:\\\/\\\/www.smartystore.it\\\/fr\\\/#website\"},\"primaryImageOfPage\":{\"@id\":\"https:\\\/\\\/www.smartystore.it\\\/fr\\\/prodotto\\\/leggio-da-pavimento-smontabile-in-plexiglass-per-formato-a4-orientabile-tekno\\\/#primaryimage\"},\"image\":{\"@id\":\"https:\\\/\\\/www.smartystore.it\\\/fr\\\/prodotto\\\/leggio-da-pavimento-smontabile-in-plexiglass-per-formato-a4-orientabile-tekno\\\/#primaryimage\"},\"thumbnailUrl\":\"https:\\\/\\\/www.smartystore.it\\\/v25\\\/wp-content\\\/uploads\\\/2019\\\/10\\\/Leggio-da-pavimento-smontabile-in-plexiglass-per-formato-A4-verticale-TEKNO.jpg\",\"datePublished\":\"2019-10-25T11:59:10+00:00\",\"dateModified\":\"2022-03-15T13:52:42+00:00\",\"description\":\"Espositore a leggio da pavimento smontabile in plexiglass A4 componibile in plexiglass trasparente per messaggi formato A4 orientabile.\",\"breadcrumb\":{\"@id\":\"https:\\\/\\\/www.smartystore.it\\\/fr\\\/prodotto\\\/leggio-da-pavimento-smontabile-in-plexiglass-per-formato-a4-orientabile-tekno\\\/#breadcrumb\"},\"inLanguage\":\"fr-FR\",\"potentialAction\":[{\"@type\":\"ReadAction\",\"target\":[\"https:\\\/\\\/www.smartystore.it\\\/fr\\\/prodotto\\\/leggio-da-pavimento-smontabile-in-plexiglass-per-formato-a4-orientabile-tekno\\\/\"]}]},{\"@type\":\"ImageObject\",\"inLanguage\":\"fr-FR\",\"@id\":\"https:\\\/\\\/www.smartystore.it\\\/fr\\\/prodotto\\\/leggio-da-pavimento-smontabile-in-plexiglass-per-formato-a4-orientabile-tekno\\\/#primaryimage\",\"url\":\"https:\\\/\\\/www.smartystore.it\\\/v25\\\/wp-content\\\/uploads\\\/2019\\\/10\\\/Leggio-da-pavimento-smontabile-in-plexiglass-per-formato-A4-verticale-TEKNO.jpg\",\"contentUrl\":\"https:\\\/\\\/www.smartystore.it\\\/v25\\\/wp-content\\\/uploads\\\/2019\\\/10\\\/Leggio-da-pavimento-smontabile-in-plexiglass-per-formato-A4-verticale-TEKNO.jpg\",\"width\":1000,\"height\":1000,\"caption\":\"Leggio-da-pavimento-smontabile-in-plexiglass-per-formato-A4-verticale-TEKNO\"},{\"@type\":\"BreadcrumbList\",\"@id\":\"https:\\\/\\\/www.smartystore.it\\\/fr\\\/prodotto\\\/leggio-da-pavimento-smontabile-in-plexiglass-per-formato-a4-orientabile-tekno\\\/#breadcrumb\",\"itemListElement\":[{\"@type\":\"ListItem\",\"position\":1,\"name\":\"Home\",\"item\":\"https:\\\/\\\/www.smartystore.it\\\/fr\\\/\"},{\"@type\":\"ListItem\",\"position\":2,\"name\":\"Boutique\",\"item\":\"https:\\\/\\\/www.smartystore.it\\\/fr\\\/boutique\\\/\"},{\"@type\":\"ListItem\",\"position\":3,\"name\":\"Leggio da pavimento smontabile in plexiglass A4\"}]},{\"@type\":\"WebSite\",\"@id\":\"https:\\\/\\\/www.smartystore.it\\\/fr\\\/#website\",\"url\":\"https:\\\/\\\/www.smartystore.it\\\/fr\\\/\",\"name\":\"Smarty Store\",\"description\":\"Espositori Pubblicitari e Sistemi di Comunicazione Visiva\",\"potentialAction\":[{\"@type\":\"SearchAction\",\"target\":{\"@type\":\"EntryPoint\",\"urlTemplate\":\"https:\\\/\\\/www.smartystore.it\\\/fr\\\/?s={search_term_string}\"},\"query-input\":{\"@type\":\"PropertyValueSpecification\",\"valueRequired\":true,\"valueName\":\"search_term_string\"}}],\"inLanguage\":\"fr-FR\"}]}<\/script>\n<!-- \/ Yoast SEO plugin. -->","yoast_head_json":{"title":"Leggio da pavimento smontabile in plexiglass A4 - Smarty Store","description":"Espositore a leggio da pavimento smontabile in plexiglass A4 componibile in plexiglass trasparente per messaggi formato A4 orientabile.","robots":{"index":"index","follow":"follow","max-snippet":"max-snippet:-1","max-image-preview":"max-image-preview:large","max-video-preview":"max-video-preview:-1"},"canonical":"https:\/\/www.smartystore.it\/fr\/prodotto\/leggio-da-pavimento-smontabile-in-plexiglass-per-formato-a4-orientabile-tekno\/","og_locale":"fr_FR","og_type":"article","og_title":"Leggio da pavimento smontabile in plexiglass A4 - Smarty Store","og_description":"Espositore a leggio da pavimento smontabile in plexiglass A4 componibile in plexiglass trasparente per messaggi formato A4 orientabile.","og_url":"https:\/\/www.smartystore.it\/fr\/prodotto\/leggio-da-pavimento-smontabile-in-plexiglass-per-formato-a4-orientabile-tekno\/","og_site_name":"Smarty Store","article_modified_time":"2022-03-15T13:52:42+00:00","og_image":[{"width":1000,"height":1000,"url":"https:\/\/www.smartystore.it\/v25\/wp-content\/uploads\/2019\/10\/Leggio-da-pavimento-smontabile-in-plexiglass-per-formato-A4-verticale-TEKNO.jpg","type":"image\/jpeg"}],"twitter_card":"summary_large_image","twitter_misc":{"Dur\u00e9e de lecture estim\u00e9e":"2 minutes"},"schema":{"@context":"https:\/\/schema.org","@graph":[{"@type":"WebPage","@id":"https:\/\/www.smartystore.it\/fr\/prodotto\/leggio-da-pavimento-smontabile-in-plexiglass-per-formato-a4-orientabile-tekno\/","url":"https:\/\/www.smartystore.it\/fr\/prodotto\/leggio-da-pavimento-smontabile-in-plexiglass-per-formato-a4-orientabile-tekno\/","name":"Leggio da pavimento smontabile in plexiglass A4 - Smarty Store","isPartOf":{"@id":"https:\/\/www.smartystore.it\/fr\/#website"},"primaryImageOfPage":{"@id":"https:\/\/www.smartystore.it\/fr\/prodotto\/leggio-da-pavimento-smontabile-in-plexiglass-per-formato-a4-orientabile-tekno\/#primaryimage"},"image":{"@id":"https:\/\/www.smartystore.it\/fr\/prodotto\/leggio-da-pavimento-smontabile-in-plexiglass-per-formato-a4-orientabile-tekno\/#primaryimage"},"thumbnailUrl":"https:\/\/www.smartystore.it\/v25\/wp-content\/uploads\/2019\/10\/Leggio-da-pavimento-smontabile-in-plexiglass-per-formato-A4-verticale-TEKNO.jpg","datePublished":"2019-10-25T11:59:10+00:00","dateModified":"2022-03-15T13:52:42+00:00","description":"Espositore a leggio da pavimento smontabile in plexiglass A4 componibile in plexiglass trasparente per messaggi formato A4 orientabile.","breadcrumb":{"@id":"https:\/\/www.smartystore.it\/fr\/prodotto\/leggio-da-pavimento-smontabile-in-plexiglass-per-formato-a4-orientabile-tekno\/#breadcrumb"},"inLanguage":"fr-FR","potentialAction":[{"@type":"ReadAction","target":["https:\/\/www.smartystore.it\/fr\/prodotto\/leggio-da-pavimento-smontabile-in-plexiglass-per-formato-a4-orientabile-tekno\/"]}]},{"@type":"ImageObject","inLanguage":"fr-FR","@id":"https:\/\/www.smartystore.it\/fr\/prodotto\/leggio-da-pavimento-smontabile-in-plexiglass-per-formato-a4-orientabile-tekno\/#primaryimage","url":"https:\/\/www.smartystore.it\/v25\/wp-content\/uploads\/2019\/10\/Leggio-da-pavimento-smontabile-in-plexiglass-per-formato-A4-verticale-TEKNO.jpg","contentUrl":"https:\/\/www.smartystore.it\/v25\/wp-content\/uploads\/2019\/10\/Leggio-da-pavimento-smontabile-in-plexiglass-per-formato-A4-verticale-TEKNO.jpg","width":1000,"height":1000,"caption":"Leggio-da-pavimento-smontabile-in-plexiglass-per-formato-A4-verticale-TEKNO"},{"@type":"BreadcrumbList","@id":"https:\/\/www.smartystore.it\/fr\/prodotto\/leggio-da-pavimento-smontabile-in-plexiglass-per-formato-a4-orientabile-tekno\/#breadcrumb","itemListElement":[{"@type":"ListItem","position":1,"name":"Home","item":"https:\/\/www.smartystore.it\/fr\/"},{"@type":"ListItem","position":2,"name":"Boutique","item":"https:\/\/www.smartystore.it\/fr\/boutique\/"},{"@type":"ListItem","position":3,"name":"Leggio da pavimento smontabile in plexiglass A4"}]},{"@type":"WebSite","@id":"https:\/\/www.smartystore.it\/fr\/#website","url":"https:\/\/www.smartystore.it\/fr\/","name":"Smarty Store","description":"Espositori Pubblicitari e Sistemi di Comunicazione Visiva","potentialAction":[{"@type":"SearchAction","target":{"@type":"EntryPoint","urlTemplate":"https:\/\/www.smartystore.it\/fr\/?s={search_term_string}"},"query-input":{"@type":"PropertyValueSpecification","valueRequired":true,"valueName":"search_term_string"}}],"inLanguage":"fr-FR"}]}},"brands":[],"_links":{"self":[{"href":"https:\/\/www.smartystore.it\/fr\/wp-json\/wp\/v2\/product\/48025","targetHints":{"allow":["GET"]}}],"collection":[{"href":"https:\/\/www.smartystore.it\/fr\/wp-json\/wp\/v2\/product"}],"about":[{"href":"https:\/\/www.smartystore.it\/fr\/wp-json\/wp\/v2\/types\/product"}],"replies":[{"embeddable":true,"href":"https:\/\/www.smartystore.it\/fr\/wp-json\/wp\/v2\/comments?post=48025"}],"wp:featuredmedia":[{"embeddable":true,"href":"https:\/\/www.smartystore.it\/fr\/wp-json\/wp\/v2\/media\/62173"}],"wp:attachment":[{"href":"https:\/\/www.smartystore.it\/fr\/wp-json\/wp\/v2\/media?parent=48025"}],"wp:term":[{"taxonomy":"pwb-brand","embeddable":true,"href":"https:\/\/www.smartystore.it\/fr\/wp-json\/wp\/v2\/pwb-brand?post=48025"},{"taxonomy":"product_brand","embeddable":true,"href":"https:\/\/www.smartystore.it\/fr\/wp-json\/wp\/v2\/product_brand?post=48025"},{"taxonomy":"product_cat","embeddable":true,"href":"https:\/\/www.smartystore.it\/fr\/wp-json\/wp\/v2\/product_cat?post=48025"},{"taxonomy":"product_tag","embeddable":true,"href":"https:\/\/www.smartystore.it\/fr\/wp-json\/wp\/v2\/product_tag?post=48025"}],"curies":[{"name":"wp","href":"https:\/\/api.w.org\/{rel}","templated":true}]}}