{"id":47679,"date":"2019-07-02T08:48:56","date_gmt":"2019-07-02T08:48:56","guid":{"rendered":"https:\/\/www.smartystore.it\/prodotto\/totem-bifacciale-slim-80x190-in-sandwich-con-piedi-di-sostegno\/"},"modified":"2022-07-14T17:20:14","modified_gmt":"2022-07-14T15:20:14","slug":"totem-bifacciale-slim-80x200-in-sandwich-con-piedi-di-sostegno","status":"publish","type":"product","link":"https:\/\/www.smartystore.it\/fr\/prodotto\/totem-bifacciale-slim-80x200-in-sandwich-con-piedi-di-sostegno\/","title":{"rendered":"Totem Bifacciale Slim 80&#215;200 in sandwich con piedi di sostegno"},"content":{"rendered":"<p>Il Sandwich \u00e8 un pannello con superfici esterne in PVC ed interno in espanso. Il risultato finale \u00e8 un prodotto di notevole rigidit\u00e0 e leggero allo stesso tempo. Il pannello non si imbarca con l\u2019umidit\u00e0 ed ha un\u2019ottima resa in stampa.<\/p>\n<p>Totem leggero e pratico<\/p>\n<p>Espositore pubblicitario per interno serie SLIM composto da:<\/p>\n<p>Pannello in sandwich 19 mm di spessore.<\/p>\n<p>Piedini in sandwich colore bianco sp. 19 mm.<\/p>\n<p>Stampa: in quadricromia diretta su pannello monofacciale o bifacciale a scelta.<\/p>\n<p>Dimensione struttura (in cm.): L 80 x H 200 x P 30<\/p>\n<p>Dimensione area di stampa (in cm.): L 80 x H 200 (non inserire testi nelle scanalature riservate all&rsquo;inserimento dei piedini).<\/p>\n<p>Peso pannello: 3 Kg ca<\/p>\n<p>Se non hai il file di stampa, lo staff di SmartyStore pu\u00f2 farlo per te. Acquista un Layout Grafico Totem a questo <span style=\"color: #ff0000;\"><strong><a title=\"Layout grafico totem\" href=\"https:\/\/www.smartystore.it\/servizi\/layout-grafico-totem-1-soggetto.html\"><span style=\"color: #ff0000;\">LINK<\/span><\/a><\/strong><\/span>, e verrai contattato per realizzare insieme la grafica che vuoi stampare!<\/p>\n<p><span style=\"color: #800000;\"><strong>PER IL FILE DI GRAFICA: creare il file delle dimensioni cm 80&#215;190 (scala 1:1) con i testi convertiti in tracciati, dopo il salvataggio del file in formato PDF (risoluzione minima di 200 dpi) inviare il documento all&rsquo;indirizzo di posta elettronica<\/strong><\/span><strong>\u00a0<a href=\"mailto:grafica@smartystore.it\">grafica@smartystore.it<\/a>\u00a0<\/strong><span style=\"color: #800000;\"><strong>facendo riferimento al numero di ordine.<\/strong><\/span><\/p>\n","protected":false},"excerpt":{"rendered":"<p>Totem da interno linea slim in sandwich e piedi di sostegno a incastro.<\/p>\n<p>Per quantitativi superiori a 3 pezzi chiedere il preventivo.<\/p>\n","protected":false},"featured_media":64008,"comment_status":"open","ping_status":"closed","template":"","meta":{"_acf_changed":false},"pwb-brand":[],"product_brand":[],"product_cat":[2127,2045],"product_tag":[],"class_list":{"0":"post-47679","1":"product","2":"type-product","3":"status-publish","4":"has-post-thumbnail","6":"product_cat-totem-slim","7":"product_cat-totem-pubblicitari-informativi","8":"pa_c2c_angolo-2c-vivo","9":"pa_c2c_color-35-bianco","10":"pa_c2c_dimensione-cm-80x190","11":"pa_c2c_grafica-f2-no","12":"pa_c2c_grafica-e4-si","13":"pa_c2c_materiale-71-sandwich","14":"pa_c2c_mono_bifacciale-19-bifacciale","15":"pa_c2c_mono_bifacciale-ca-monofacciale","16":"pa_c2c_orientamento-94-verticale","17":"pa_c2c_stampa-e4-si","18":"pa_c2c_trovraprezzi-ae-si","20":"first","21":"instock","22":"taxable","23":"shipping-taxable","24":"purchasable","25":"product-type-variable"},"acf":[],"yoast_head":"<!-- This site is optimized with the Yoast SEO plugin v27.4 - https:\/\/yoast.com\/product\/yoast-seo-wordpress\/ -->\n<title>Totem Bifacciale Slim 80x200 in sandwich con piedi di sostegno - Smarty Store<\/title>\n<meta name=\"robots\" content=\"index, follow, max-snippet:-1, max-image-preview:large, max-video-preview:-1\" \/>\n<link rel=\"canonical\" href=\"https:\/\/www.smartystore.it\/fr\/prodotto\/totem-bifacciale-slim-80x200-in-sandwich-con-piedi-di-sostegno\/\" \/>\n<meta property=\"og:locale\" content=\"fr_FR\" \/>\n<meta property=\"og:type\" content=\"article\" \/>\n<meta property=\"og:title\" content=\"Totem Bifacciale Slim 80x200 in sandwich con piedi di sostegno - Smarty Store\" \/>\n<meta property=\"og:description\" content=\"Totem da interno linea slim in sandwich e piedi di sostegno a incastro.  Per quantitativi superiori a 3 pezzi chiedere il preventivo.\" \/>\n<meta property=\"og:url\" content=\"https:\/\/www.smartystore.it\/fr\/prodotto\/totem-bifacciale-slim-80x200-in-sandwich-con-piedi-di-sostegno\/\" \/>\n<meta property=\"og:site_name\" content=\"Smarty Store\" \/>\n<meta property=\"article:modified_time\" content=\"2022-07-14T15:20:14+00:00\" \/>\n<meta property=\"og:image\" content=\"https:\/\/www.smartystore.it\/v25\/wp-content\/uploads\/2019\/07\/Totem_Piuma-con-piedini-di-sostegno-a-incastro-in-piuma-w.jpg\" \/>\n\t<meta property=\"og:image:width\" content=\"1000\" \/>\n\t<meta property=\"og:image:height\" content=\"1000\" \/>\n\t<meta property=\"og:image:type\" content=\"image\/jpeg\" \/>\n<meta name=\"twitter:card\" content=\"summary_large_image\" \/>\n<meta name=\"twitter:label1\" content=\"Dur\u00e9e de lecture estim\u00e9e\" \/>\n\t<meta name=\"twitter:data1\" content=\"2 minutes\" \/>\n<script type=\"application\/ld+json\" class=\"yoast-schema-graph\">{\"@context\":\"https:\\\/\\\/schema.org\",\"@graph\":[{\"@type\":\"WebPage\",\"@id\":\"https:\\\/\\\/www.smartystore.it\\\/fr\\\/prodotto\\\/totem-bifacciale-slim-80x200-in-sandwich-con-piedi-di-sostegno\\\/\",\"url\":\"https:\\\/\\\/www.smartystore.it\\\/fr\\\/prodotto\\\/totem-bifacciale-slim-80x200-in-sandwich-con-piedi-di-sostegno\\\/\",\"name\":\"Totem Bifacciale Slim 80x200 in sandwich con piedi di sostegno - Smarty Store\",\"isPartOf\":{\"@id\":\"https:\\\/\\\/www.smartystore.it\\\/fr\\\/#website\"},\"primaryImageOfPage\":{\"@id\":\"https:\\\/\\\/www.smartystore.it\\\/fr\\\/prodotto\\\/totem-bifacciale-slim-80x200-in-sandwich-con-piedi-di-sostegno\\\/#primaryimage\"},\"image\":{\"@id\":\"https:\\\/\\\/www.smartystore.it\\\/fr\\\/prodotto\\\/totem-bifacciale-slim-80x200-in-sandwich-con-piedi-di-sostegno\\\/#primaryimage\"},\"thumbnailUrl\":\"https:\\\/\\\/www.smartystore.it\\\/v25\\\/wp-content\\\/uploads\\\/2019\\\/07\\\/Totem_Piuma-con-piedini-di-sostegno-a-incastro-in-piuma-w.jpg\",\"datePublished\":\"2019-07-02T08:48:56+00:00\",\"dateModified\":\"2022-07-14T15:20:14+00:00\",\"breadcrumb\":{\"@id\":\"https:\\\/\\\/www.smartystore.it\\\/fr\\\/prodotto\\\/totem-bifacciale-slim-80x200-in-sandwich-con-piedi-di-sostegno\\\/#breadcrumb\"},\"inLanguage\":\"fr-FR\",\"potentialAction\":[{\"@type\":\"ReadAction\",\"target\":[\"https:\\\/\\\/www.smartystore.it\\\/fr\\\/prodotto\\\/totem-bifacciale-slim-80x200-in-sandwich-con-piedi-di-sostegno\\\/\"]}]},{\"@type\":\"ImageObject\",\"inLanguage\":\"fr-FR\",\"@id\":\"https:\\\/\\\/www.smartystore.it\\\/fr\\\/prodotto\\\/totem-bifacciale-slim-80x200-in-sandwich-con-piedi-di-sostegno\\\/#primaryimage\",\"url\":\"https:\\\/\\\/www.smartystore.it\\\/v25\\\/wp-content\\\/uploads\\\/2019\\\/07\\\/Totem_Piuma-con-piedini-di-sostegno-a-incastro-in-piuma-w.jpg\",\"contentUrl\":\"https:\\\/\\\/www.smartystore.it\\\/v25\\\/wp-content\\\/uploads\\\/2019\\\/07\\\/Totem_Piuma-con-piedini-di-sostegno-a-incastro-in-piuma-w.jpg\",\"width\":1000,\"height\":1000},{\"@type\":\"BreadcrumbList\",\"@id\":\"https:\\\/\\\/www.smartystore.it\\\/fr\\\/prodotto\\\/totem-bifacciale-slim-80x200-in-sandwich-con-piedi-di-sostegno\\\/#breadcrumb\",\"itemListElement\":[{\"@type\":\"ListItem\",\"position\":1,\"name\":\"Home\",\"item\":\"https:\\\/\\\/www.smartystore.it\\\/fr\\\/\"},{\"@type\":\"ListItem\",\"position\":2,\"name\":\"Boutique\",\"item\":\"https:\\\/\\\/www.smartystore.it\\\/fr\\\/boutique\\\/\"},{\"@type\":\"ListItem\",\"position\":3,\"name\":\"Totem Bifacciale Slim 80&#215;200 in sandwich con piedi di sostegno\"}]},{\"@type\":\"WebSite\",\"@id\":\"https:\\\/\\\/www.smartystore.it\\\/fr\\\/#website\",\"url\":\"https:\\\/\\\/www.smartystore.it\\\/fr\\\/\",\"name\":\"Smarty Store\",\"description\":\"Espositori Pubblicitari e Sistemi di Comunicazione Visiva\",\"potentialAction\":[{\"@type\":\"SearchAction\",\"target\":{\"@type\":\"EntryPoint\",\"urlTemplate\":\"https:\\\/\\\/www.smartystore.it\\\/fr\\\/?s={search_term_string}\"},\"query-input\":{\"@type\":\"PropertyValueSpecification\",\"valueRequired\":true,\"valueName\":\"search_term_string\"}}],\"inLanguage\":\"fr-FR\"}]}<\/script>\n<!-- \/ Yoast SEO plugin. -->","yoast_head_json":{"title":"Totem Bifacciale Slim 80x200 in sandwich con piedi di sostegno - Smarty Store","robots":{"index":"index","follow":"follow","max-snippet":"max-snippet:-1","max-image-preview":"max-image-preview:large","max-video-preview":"max-video-preview:-1"},"canonical":"https:\/\/www.smartystore.it\/fr\/prodotto\/totem-bifacciale-slim-80x200-in-sandwich-con-piedi-di-sostegno\/","og_locale":"fr_FR","og_type":"article","og_title":"Totem Bifacciale Slim 80x200 in sandwich con piedi di sostegno - Smarty Store","og_description":"Totem da interno linea slim in sandwich e piedi di sostegno a incastro.  Per quantitativi superiori a 3 pezzi chiedere il preventivo.","og_url":"https:\/\/www.smartystore.it\/fr\/prodotto\/totem-bifacciale-slim-80x200-in-sandwich-con-piedi-di-sostegno\/","og_site_name":"Smarty Store","article_modified_time":"2022-07-14T15:20:14+00:00","og_image":[{"width":1000,"height":1000,"url":"https:\/\/www.smartystore.it\/v25\/wp-content\/uploads\/2019\/07\/Totem_Piuma-con-piedini-di-sostegno-a-incastro-in-piuma-w.jpg","type":"image\/jpeg"}],"twitter_card":"summary_large_image","twitter_misc":{"Dur\u00e9e de lecture estim\u00e9e":"2 minutes"},"schema":{"@context":"https:\/\/schema.org","@graph":[{"@type":"WebPage","@id":"https:\/\/www.smartystore.it\/fr\/prodotto\/totem-bifacciale-slim-80x200-in-sandwich-con-piedi-di-sostegno\/","url":"https:\/\/www.smartystore.it\/fr\/prodotto\/totem-bifacciale-slim-80x200-in-sandwich-con-piedi-di-sostegno\/","name":"Totem Bifacciale Slim 80x200 in sandwich con piedi di sostegno - Smarty Store","isPartOf":{"@id":"https:\/\/www.smartystore.it\/fr\/#website"},"primaryImageOfPage":{"@id":"https:\/\/www.smartystore.it\/fr\/prodotto\/totem-bifacciale-slim-80x200-in-sandwich-con-piedi-di-sostegno\/#primaryimage"},"image":{"@id":"https:\/\/www.smartystore.it\/fr\/prodotto\/totem-bifacciale-slim-80x200-in-sandwich-con-piedi-di-sostegno\/#primaryimage"},"thumbnailUrl":"https:\/\/www.smartystore.it\/v25\/wp-content\/uploads\/2019\/07\/Totem_Piuma-con-piedini-di-sostegno-a-incastro-in-piuma-w.jpg","datePublished":"2019-07-02T08:48:56+00:00","dateModified":"2022-07-14T15:20:14+00:00","breadcrumb":{"@id":"https:\/\/www.smartystore.it\/fr\/prodotto\/totem-bifacciale-slim-80x200-in-sandwich-con-piedi-di-sostegno\/#breadcrumb"},"inLanguage":"fr-FR","potentialAction":[{"@type":"ReadAction","target":["https:\/\/www.smartystore.it\/fr\/prodotto\/totem-bifacciale-slim-80x200-in-sandwich-con-piedi-di-sostegno\/"]}]},{"@type":"ImageObject","inLanguage":"fr-FR","@id":"https:\/\/www.smartystore.it\/fr\/prodotto\/totem-bifacciale-slim-80x200-in-sandwich-con-piedi-di-sostegno\/#primaryimage","url":"https:\/\/www.smartystore.it\/v25\/wp-content\/uploads\/2019\/07\/Totem_Piuma-con-piedini-di-sostegno-a-incastro-in-piuma-w.jpg","contentUrl":"https:\/\/www.smartystore.it\/v25\/wp-content\/uploads\/2019\/07\/Totem_Piuma-con-piedini-di-sostegno-a-incastro-in-piuma-w.jpg","width":1000,"height":1000},{"@type":"BreadcrumbList","@id":"https:\/\/www.smartystore.it\/fr\/prodotto\/totem-bifacciale-slim-80x200-in-sandwich-con-piedi-di-sostegno\/#breadcrumb","itemListElement":[{"@type":"ListItem","position":1,"name":"Home","item":"https:\/\/www.smartystore.it\/fr\/"},{"@type":"ListItem","position":2,"name":"Boutique","item":"https:\/\/www.smartystore.it\/fr\/boutique\/"},{"@type":"ListItem","position":3,"name":"Totem Bifacciale Slim 80&#215;200 in sandwich con piedi di sostegno"}]},{"@type":"WebSite","@id":"https:\/\/www.smartystore.it\/fr\/#website","url":"https:\/\/www.smartystore.it\/fr\/","name":"Smarty Store","description":"Espositori Pubblicitari e Sistemi di Comunicazione Visiva","potentialAction":[{"@type":"SearchAction","target":{"@type":"EntryPoint","urlTemplate":"https:\/\/www.smartystore.it\/fr\/?s={search_term_string}"},"query-input":{"@type":"PropertyValueSpecification","valueRequired":true,"valueName":"search_term_string"}}],"inLanguage":"fr-FR"}]}},"brands":[],"_links":{"self":[{"href":"https:\/\/www.smartystore.it\/fr\/wp-json\/wp\/v2\/product\/47679","targetHints":{"allow":["GET"]}}],"collection":[{"href":"https:\/\/www.smartystore.it\/fr\/wp-json\/wp\/v2\/product"}],"about":[{"href":"https:\/\/www.smartystore.it\/fr\/wp-json\/wp\/v2\/types\/product"}],"replies":[{"embeddable":true,"href":"https:\/\/www.smartystore.it\/fr\/wp-json\/wp\/v2\/comments?post=47679"}],"wp:featuredmedia":[{"embeddable":true,"href":"https:\/\/www.smartystore.it\/fr\/wp-json\/wp\/v2\/media\/64008"}],"wp:attachment":[{"href":"https:\/\/www.smartystore.it\/fr\/wp-json\/wp\/v2\/media?parent=47679"}],"wp:term":[{"taxonomy":"pwb-brand","embeddable":true,"href":"https:\/\/www.smartystore.it\/fr\/wp-json\/wp\/v2\/pwb-brand?post=47679"},{"taxonomy":"product_brand","embeddable":true,"href":"https:\/\/www.smartystore.it\/fr\/wp-json\/wp\/v2\/product_brand?post=47679"},{"taxonomy":"product_cat","embeddable":true,"href":"https:\/\/www.smartystore.it\/fr\/wp-json\/wp\/v2\/product_cat?post=47679"},{"taxonomy":"product_tag","embeddable":true,"href":"https:\/\/www.smartystore.it\/fr\/wp-json\/wp\/v2\/product_tag?post=47679"}],"curies":[{"name":"wp","href":"https:\/\/api.w.org\/{rel}","templated":true}]}}