{"id":47139,"date":"2019-01-24T16:15:05","date_gmt":"2019-01-24T16:15:05","guid":{"rendered":"https:\/\/www.smartystore.it\/prodotto\/realizzazione-sito-e-commerce\/"},"modified":"2026-03-18T18:01:15","modified_gmt":"2026-03-18T16:01:15","slug":"realizzazione-sito-e-commerce","status":"publish","type":"product","link":"https:\/\/www.smartystore.it\/fr\/prodotto\/realizzazione-sito-e-commerce\/","title":{"rendered":"Realizzazione Sito E-commerce"},"content":{"rendered":"<p>Per chi opera nel settore del commercio, dal piccolo negozio di quartiere alla grande catena commerciale, \u00e8 diventato ormai essenziale avere un <strong>e-commerce<\/strong>, un <strong>negozio on-line<\/strong> per vendere in questo modo i propri prodotti ad una platea di clienti potenzialmente infinita.<\/p>\n<p>Acquistando questa soluzione, lo staff di SmartyStore si metter\u00e0 in contatto con te per studiare il progetto e decidere insieme il tipo di grafica da usare per <strong>il tuo nuovo e-commerce<\/strong>, le funzionalit\u00e0 da aggiungere e i servizi accessori.<\/p>\n<p>Il nostro staff si preoccuper\u00e0 di:<\/p>\n<p>&#8211;\u00a0<strong>configurare la piattaforma<\/strong><\/p>\n<p>&#8211; aggiungere il <strong>layout grafico<\/strong> che verr\u00e0 scelto<\/p>\n<p><strong>&#8211; configurare il server<\/strong> che ospiter\u00e0 il nuovo ecommerce<\/p>\n<p>&#8211; configurare le <strong>email transazionali automatiche<\/strong><\/p>\n<p>&#8211; impostare i <strong>metodi di pagamento<\/strong>.<\/p>\n<p>Una volta pubblicato il tuo nuovo negozio online, avrai la possibilit\u00e0 di gestire autonomamente le schede informative dei prodotti, i prezzi di vendita, gli ordini ricevuti.<br \/>\nMa, se non hai la possibilit\u00e0 o il tempo per seguire la <strong>gestione del tuo e-commerce<\/strong>, il <strong>nostro staff potr\u00e0 farlo per tuo conto offrendoti un servizio extra<\/strong>, cos\u00ec da lasciarti il tempo libero necessario a seguire tutti gli altri aspetti della tua attivit\u00e0.<\/p>\n<p>Cos\u00ec come \u00e8 importante avere un negozio on-line, ancora pi\u00f9 importante \u00e8 pubblicizzarlo e farlo conoscere e per questo possiamo occuparci di posizionare il tuo e-commerce nei <strong>motori di ricerca<\/strong>, gestire le tue pagine sui pi\u00f9 famosi <strong>Social network<\/strong> (Facebook, Instagram, Twitter, G+, ecc.), inviare <strong>Newsletter periodiche<\/strong> per far conoscere le novit\u00e0 ai tuoi clienti. Tutto questo per per essere molto pi\u00f9 visibile ai tuoi clienti e pi\u00f9 competitivo verso i tuoi concorrenti.<\/p>\n<p>Contattaci ora per avere tutte le informzioni necessarie ed avere in pochi giorni il tuo negozio visibile a milioni di persone.<\/p>\n","protected":false},"excerpt":{"rendered":"<p>Ideazione e realizzazione del tuo sito e-commerce su piattaforma Woocommerce, una delle pi\u00f9 utilizzate piattaforme dedicata al commercio elettronico<\/p>\n","protected":false},"featured_media":65697,"comment_status":"open","ping_status":"closed","template":"","meta":{"_acf_changed":false},"pwb-brand":[],"product_brand":[],"product_cat":[2049,2107],"product_tag":[],"class_list":{"0":"post-47139","1":"product","2":"type-product","3":"status-publish","4":"has-post-thumbnail","6":"product_cat-servizi","7":"product_cat-servizi-web","8":"pa_c2c_trovraprezzi-f2-no","10":"first","11":"outofstock","12":"taxable","13":"shipping-taxable","14":"purchasable","15":"product-type-simple"},"acf":[],"yoast_head":"<!-- This site is optimized with the Yoast SEO plugin v27.4 - https:\/\/yoast.com\/product\/yoast-seo-wordpress\/ -->\n<title>Realizzazione Sito E-commerce - Smarty Store<\/title>\n<meta name=\"robots\" content=\"index, follow, max-snippet:-1, max-image-preview:large, max-video-preview:-1\" \/>\n<link rel=\"canonical\" href=\"https:\/\/www.smartystore.it\/fr\/prodotto\/realizzazione-sito-e-commerce\/\" \/>\n<meta property=\"og:locale\" content=\"fr_FR\" \/>\n<meta property=\"og:type\" content=\"article\" \/>\n<meta property=\"og:title\" content=\"Realizzazione Sito E-commerce - Smarty Store\" \/>\n<meta property=\"og:description\" content=\"Ideazione e realizzazione del tuo sito e-commerce su piattaforma Woocommerce, una delle pi\u00f9 utilizzate piattaforme dedicata al commercio elettronico\" \/>\n<meta property=\"og:url\" content=\"https:\/\/www.smartystore.it\/fr\/prodotto\/realizzazione-sito-e-commerce\/\" \/>\n<meta property=\"og:site_name\" content=\"Smarty Store\" \/>\n<meta property=\"article:modified_time\" content=\"2026-03-18T16:01:15+00:00\" \/>\n<meta property=\"og:image\" content=\"https:\/\/www.smartystore.it\/v25\/wp-content\/uploads\/2019\/01\/E-commerce-w.jpg\" \/>\n\t<meta property=\"og:image:width\" content=\"1000\" \/>\n\t<meta property=\"og:image:height\" content=\"1000\" \/>\n\t<meta property=\"og:image:type\" content=\"image\/jpeg\" \/>\n<meta name=\"twitter:card\" content=\"summary_large_image\" \/>\n<meta name=\"twitter:label1\" content=\"Dur\u00e9e de lecture estim\u00e9e\" \/>\n\t<meta name=\"twitter:data1\" content=\"1 minute\" \/>\n<script type=\"application\/ld+json\" class=\"yoast-schema-graph\">{\"@context\":\"https:\\\/\\\/schema.org\",\"@graph\":[{\"@type\":\"WebPage\",\"@id\":\"https:\\\/\\\/www.smartystore.it\\\/fr\\\/prodotto\\\/realizzazione-sito-e-commerce\\\/\",\"url\":\"https:\\\/\\\/www.smartystore.it\\\/fr\\\/prodotto\\\/realizzazione-sito-e-commerce\\\/\",\"name\":\"Realizzazione Sito E-commerce - Smarty Store\",\"isPartOf\":{\"@id\":\"https:\\\/\\\/www.smartystore.it\\\/fr\\\/#website\"},\"primaryImageOfPage\":{\"@id\":\"https:\\\/\\\/www.smartystore.it\\\/fr\\\/prodotto\\\/realizzazione-sito-e-commerce\\\/#primaryimage\"},\"image\":{\"@id\":\"https:\\\/\\\/www.smartystore.it\\\/fr\\\/prodotto\\\/realizzazione-sito-e-commerce\\\/#primaryimage\"},\"thumbnailUrl\":\"https:\\\/\\\/www.smartystore.it\\\/v25\\\/wp-content\\\/uploads\\\/2019\\\/01\\\/E-commerce-w.jpg\",\"datePublished\":\"2019-01-24T16:15:05+00:00\",\"dateModified\":\"2026-03-18T16:01:15+00:00\",\"breadcrumb\":{\"@id\":\"https:\\\/\\\/www.smartystore.it\\\/fr\\\/prodotto\\\/realizzazione-sito-e-commerce\\\/#breadcrumb\"},\"inLanguage\":\"fr-FR\",\"potentialAction\":[{\"@type\":\"ReadAction\",\"target\":[\"https:\\\/\\\/www.smartystore.it\\\/fr\\\/prodotto\\\/realizzazione-sito-e-commerce\\\/\"]}]},{\"@type\":\"ImageObject\",\"inLanguage\":\"fr-FR\",\"@id\":\"https:\\\/\\\/www.smartystore.it\\\/fr\\\/prodotto\\\/realizzazione-sito-e-commerce\\\/#primaryimage\",\"url\":\"https:\\\/\\\/www.smartystore.it\\\/v25\\\/wp-content\\\/uploads\\\/2019\\\/01\\\/E-commerce-w.jpg\",\"contentUrl\":\"https:\\\/\\\/www.smartystore.it\\\/v25\\\/wp-content\\\/uploads\\\/2019\\\/01\\\/E-commerce-w.jpg\",\"width\":1000,\"height\":1000},{\"@type\":\"BreadcrumbList\",\"@id\":\"https:\\\/\\\/www.smartystore.it\\\/fr\\\/prodotto\\\/realizzazione-sito-e-commerce\\\/#breadcrumb\",\"itemListElement\":[{\"@type\":\"ListItem\",\"position\":1,\"name\":\"Home\",\"item\":\"https:\\\/\\\/www.smartystore.it\\\/fr\\\/\"},{\"@type\":\"ListItem\",\"position\":2,\"name\":\"Boutique\",\"item\":\"https:\\\/\\\/www.smartystore.it\\\/fr\\\/boutique\\\/\"},{\"@type\":\"ListItem\",\"position\":3,\"name\":\"Realizzazione Sito E-commerce\"}]},{\"@type\":\"WebSite\",\"@id\":\"https:\\\/\\\/www.smartystore.it\\\/fr\\\/#website\",\"url\":\"https:\\\/\\\/www.smartystore.it\\\/fr\\\/\",\"name\":\"Smarty Store\",\"description\":\"Espositori Pubblicitari e Sistemi di Comunicazione Visiva\",\"potentialAction\":[{\"@type\":\"SearchAction\",\"target\":{\"@type\":\"EntryPoint\",\"urlTemplate\":\"https:\\\/\\\/www.smartystore.it\\\/fr\\\/?s={search_term_string}\"},\"query-input\":{\"@type\":\"PropertyValueSpecification\",\"valueRequired\":true,\"valueName\":\"search_term_string\"}}],\"inLanguage\":\"fr-FR\"}]}<\/script>\n<!-- \/ Yoast SEO plugin. -->","yoast_head_json":{"title":"Realizzazione Sito E-commerce - Smarty Store","robots":{"index":"index","follow":"follow","max-snippet":"max-snippet:-1","max-image-preview":"max-image-preview:large","max-video-preview":"max-video-preview:-1"},"canonical":"https:\/\/www.smartystore.it\/fr\/prodotto\/realizzazione-sito-e-commerce\/","og_locale":"fr_FR","og_type":"article","og_title":"Realizzazione Sito E-commerce - Smarty Store","og_description":"Ideazione e realizzazione del tuo sito e-commerce su piattaforma Woocommerce, una delle pi\u00f9 utilizzate piattaforme dedicata al commercio elettronico","og_url":"https:\/\/www.smartystore.it\/fr\/prodotto\/realizzazione-sito-e-commerce\/","og_site_name":"Smarty Store","article_modified_time":"2026-03-18T16:01:15+00:00","og_image":[{"width":1000,"height":1000,"url":"https:\/\/www.smartystore.it\/v25\/wp-content\/uploads\/2019\/01\/E-commerce-w.jpg","type":"image\/jpeg"}],"twitter_card":"summary_large_image","twitter_misc":{"Dur\u00e9e de lecture estim\u00e9e":"1 minute"},"schema":{"@context":"https:\/\/schema.org","@graph":[{"@type":"WebPage","@id":"https:\/\/www.smartystore.it\/fr\/prodotto\/realizzazione-sito-e-commerce\/","url":"https:\/\/www.smartystore.it\/fr\/prodotto\/realizzazione-sito-e-commerce\/","name":"Realizzazione Sito E-commerce - Smarty Store","isPartOf":{"@id":"https:\/\/www.smartystore.it\/fr\/#website"},"primaryImageOfPage":{"@id":"https:\/\/www.smartystore.it\/fr\/prodotto\/realizzazione-sito-e-commerce\/#primaryimage"},"image":{"@id":"https:\/\/www.smartystore.it\/fr\/prodotto\/realizzazione-sito-e-commerce\/#primaryimage"},"thumbnailUrl":"https:\/\/www.smartystore.it\/v25\/wp-content\/uploads\/2019\/01\/E-commerce-w.jpg","datePublished":"2019-01-24T16:15:05+00:00","dateModified":"2026-03-18T16:01:15+00:00","breadcrumb":{"@id":"https:\/\/www.smartystore.it\/fr\/prodotto\/realizzazione-sito-e-commerce\/#breadcrumb"},"inLanguage":"fr-FR","potentialAction":[{"@type":"ReadAction","target":["https:\/\/www.smartystore.it\/fr\/prodotto\/realizzazione-sito-e-commerce\/"]}]},{"@type":"ImageObject","inLanguage":"fr-FR","@id":"https:\/\/www.smartystore.it\/fr\/prodotto\/realizzazione-sito-e-commerce\/#primaryimage","url":"https:\/\/www.smartystore.it\/v25\/wp-content\/uploads\/2019\/01\/E-commerce-w.jpg","contentUrl":"https:\/\/www.smartystore.it\/v25\/wp-content\/uploads\/2019\/01\/E-commerce-w.jpg","width":1000,"height":1000},{"@type":"BreadcrumbList","@id":"https:\/\/www.smartystore.it\/fr\/prodotto\/realizzazione-sito-e-commerce\/#breadcrumb","itemListElement":[{"@type":"ListItem","position":1,"name":"Home","item":"https:\/\/www.smartystore.it\/fr\/"},{"@type":"ListItem","position":2,"name":"Boutique","item":"https:\/\/www.smartystore.it\/fr\/boutique\/"},{"@type":"ListItem","position":3,"name":"Realizzazione Sito E-commerce"}]},{"@type":"WebSite","@id":"https:\/\/www.smartystore.it\/fr\/#website","url":"https:\/\/www.smartystore.it\/fr\/","name":"Smarty Store","description":"Espositori Pubblicitari e Sistemi di Comunicazione Visiva","potentialAction":[{"@type":"SearchAction","target":{"@type":"EntryPoint","urlTemplate":"https:\/\/www.smartystore.it\/fr\/?s={search_term_string}"},"query-input":{"@type":"PropertyValueSpecification","valueRequired":true,"valueName":"search_term_string"}}],"inLanguage":"fr-FR"}]}},"brands":[],"_links":{"self":[{"href":"https:\/\/www.smartystore.it\/fr\/wp-json\/wp\/v2\/product\/47139","targetHints":{"allow":["GET"]}}],"collection":[{"href":"https:\/\/www.smartystore.it\/fr\/wp-json\/wp\/v2\/product"}],"about":[{"href":"https:\/\/www.smartystore.it\/fr\/wp-json\/wp\/v2\/types\/product"}],"replies":[{"embeddable":true,"href":"https:\/\/www.smartystore.it\/fr\/wp-json\/wp\/v2\/comments?post=47139"}],"wp:featuredmedia":[{"embeddable":true,"href":"https:\/\/www.smartystore.it\/fr\/wp-json\/wp\/v2\/media\/65697"}],"wp:attachment":[{"href":"https:\/\/www.smartystore.it\/fr\/wp-json\/wp\/v2\/media?parent=47139"}],"wp:term":[{"taxonomy":"pwb-brand","embeddable":true,"href":"https:\/\/www.smartystore.it\/fr\/wp-json\/wp\/v2\/pwb-brand?post=47139"},{"taxonomy":"product_brand","embeddable":true,"href":"https:\/\/www.smartystore.it\/fr\/wp-json\/wp\/v2\/product_brand?post=47139"},{"taxonomy":"product_cat","embeddable":true,"href":"https:\/\/www.smartystore.it\/fr\/wp-json\/wp\/v2\/product_cat?post=47139"},{"taxonomy":"product_tag","embeddable":true,"href":"https:\/\/www.smartystore.it\/fr\/wp-json\/wp\/v2\/product_tag?post=47139"}],"curies":[{"name":"wp","href":"https:\/\/api.w.org\/{rel}","templated":true}]}}