{"id":46653,"date":"2018-12-14T09:16:08","date_gmt":"2018-12-14T09:16:08","guid":{"rendered":"https:\/\/www.smartystore.it\/prodotto\/totem-mono-bifacciale-slim-60x170-in-sandwich-con-base-in-metallo\/"},"modified":"2023-01-06T03:34:16","modified_gmt":"2023-01-06T01:34:16","slug":"totem-mono-bifacciale-slim-60x170-in-sandwich-con-base-in-metallo","status":"publish","type":"product","link":"https:\/\/www.smartystore.it\/fr\/prodotto\/totem-mono-bifacciale-slim-60x170-in-sandwich-con-base-in-metallo\/","title":{"rendered":"Totem Mono-Bifacciale Slim 60&#215;170 in sandwich con base in metallo"},"content":{"rendered":"<p>Il Sandwich \u00e8 un pannello con superfici esterne in PVC ed interno in espanso. Il risultato finale \u00e8 un prodotto di notevole rigidit\u00e0 e leggero allo stesso tempo. Il pannello non si imbarca con l\u2019umidit\u00e0 ed ha un\u2019ottima resa in stampa.<\/p>\n<p>La base in metallo ha il vantaggio di dare una stabilit\u00e0 al totem decisamente maggiore rispetto ai modelli con piedini ad incastro dello stesso materiale. Il totem pu\u00f2 quindi essere posizionato anche all&rsquo;esterno nelle belle giornate.<br \/>\nInoltre la base pu\u00f2\u00a0essere riutilizzata quindi, nel caso di aggiornamento del messaggio, \u00e8 sufficiente ordinare solo il nuovo pannello con un conseguente notevole risparmio.<\/p>\n<p>Espositore pubblicitario per interno serie SLIM composto da:<\/p>\n<p>Pannello in sandwich 19 mm di spessore.<\/p>\n<p>Base in metallo verniciato a polveri silver sp. 3 mm.<\/p>\n<p>Peso base: 3,5 Kg. circa<\/p>\n<p>Stampa: in quadricromia diretta su pannello monofacciale o bifacciale a scelta.<\/p>\n<p>Dimensione struttura (in cm.): L 60 x H 170 x P 58,5<\/p>\n<p>Dimensione area di stampa (in cm.): L 60 x H 170 (non inserire testi nella parte bassa del file di stampa: 10 cm ca).<\/p>\n<p>Peso pannello: 3 Kg ca<\/p>\n<p>Se non hai il file di stampa, lo staff di SmartyStore pu\u00f2 farlo per te. Seleziona anche la grafica in fase di ordine\u00a0e verrai contattato per realizzare insieme la grafica che vuoi stampare!<\/p>\n<p><span style=\"color: #800000;\"><strong>PER IL FILE DI GRAFICA: creare il file delle dimensioni cm 60&#215;170 (scala 1:1) con i testi convertiti in tracciati, dopo il salvataggio del file in formato PDF (risoluzione minima di 200 dpi) inviare il documento all&rsquo;indirizzo di posta elettronica<\/strong><\/span><strong>\u00a0<a href=\"mailto:grafica@smartystore.it\">grafica@smartystore.it<\/a>\u00a0<\/strong><span style=\"color: #800000;\"><strong>facendo riferimento al numero di ordine.<\/strong><\/span><\/p>\n<table style=\"height: 50px; background-color: #ffffff; ; width: 250px;\" border=\"0\">\n<tbody>\n<tr>\n<td style=\"text-align: center;\"><a href=\"https:\/\/www.smartystore.it\/wp-content\/uploads\/2018\/12\/TTM-PMLN60170_Tracciato.pdf\" target=\"_blank\" rel=\"noopener noreferrer\"><img loading=\"lazy\" decoding=\"async\" class=\" size-full wp-image-31489\" style=\"vertical-align: middle;\" src=\"https:\/\/www.smartystore.it\/wp-content\/uploads\/2013\/05\/freccia-scarica.jpg\" alt=\"\" width=\"30\" height=\"30\" \/><\/a><\/td>\n<td><span style=\"color: #000000;\"><a href=\"https:\/\/www.smartystore.it\/wp-content\/uploads\/2018\/12\/TTM-PMLN60170_Tracciato.pdf\" target=\"_blank\" rel=\"noopener noreferrer\"><span style=\"color: #000000;\"><strong>TRACCIATO FUSTELLA<\/strong><\/span><\/a><\/span><\/td>\n<\/tr>\n<\/tbody>\n<\/table>\n","protected":false},"excerpt":{"rendered":"<p>Totem linea slim in sandwich e base in metallo verniciato silver.<\/p>\n","protected":false},"featured_media":64019,"comment_status":"open","ping_status":"closed","template":"","meta":{"_acf_changed":false},"pwb-brand":[],"product_brand":[],"product_cat":[2127,2045],"product_tag":[],"class_list":{"0":"post-46653","1":"product","2":"type-product","3":"status-publish","4":"has-post-thumbnail","6":"product_cat-totem-slim","7":"product_cat-totem-pubblicitari-informativi","8":"pa_c2c_angolo-2c-vivo","9":"pa_c2c_color-28-silver","10":"pa_c2c_configurazione-6c-basepannello","11":"pa_c2c_configurazione-d5-solopannello","12":"pa_c2c_dimensione-0e-cm60x168","13":"pa_c2c_grafica-f2-no","14":"pa_c2c_grafica-e4-si","15":"pa_c2c_materiale-71-sandwich","16":"pa_c2c_mono_bifacciale-19-bifacciale","17":"pa_c2c_mono_bifacciale-ca-monofacciale","18":"pa_c2c_orientamento-94-verticale","19":"pa_c2c_stampa-e4-si","20":"pa_c2c_trovraprezzi-ae-si","22":"first","23":"instock","24":"taxable","25":"shipping-taxable","26":"purchasable","27":"product-type-variable"},"acf":[],"yoast_head":"<!-- This site is optimized with the Yoast SEO plugin v27.4 - https:\/\/yoast.com\/product\/yoast-seo-wordpress\/ -->\n<title>Totem Mono-Bifacciale Slim 60x170 in sandwich con base in metallo - Smarty Store<\/title>\n<meta name=\"robots\" content=\"index, follow, max-snippet:-1, max-image-preview:large, max-video-preview:-1\" \/>\n<link rel=\"canonical\" href=\"https:\/\/www.smartystore.it\/fr\/prodotto\/totem-mono-bifacciale-slim-60x170-in-sandwich-con-base-in-metallo\/\" \/>\n<meta property=\"og:locale\" content=\"fr_FR\" \/>\n<meta property=\"og:type\" content=\"article\" \/>\n<meta property=\"og:title\" content=\"Totem Mono-Bifacciale Slim 60x170 in sandwich con base in metallo - Smarty Store\" \/>\n<meta property=\"og:description\" content=\"Totem linea slim in sandwich e base in metallo verniciato silver.\" \/>\n<meta property=\"og:url\" content=\"https:\/\/www.smartystore.it\/fr\/prodotto\/totem-mono-bifacciale-slim-60x170-in-sandwich-con-base-in-metallo\/\" \/>\n<meta property=\"og:site_name\" content=\"Smarty Store\" \/>\n<meta property=\"article:modified_time\" content=\"2023-01-06T01:34:16+00:00\" \/>\n<meta property=\"og:image\" content=\"https:\/\/www.smartystore.it\/v25\/wp-content\/uploads\/2018\/12\/Totem-sandwich-Base-Metallo-Luna-60x170-1.jpg\" \/>\n\t<meta property=\"og:image:width\" content=\"1000\" \/>\n\t<meta property=\"og:image:height\" content=\"1000\" \/>\n\t<meta property=\"og:image:type\" content=\"image\/jpeg\" \/>\n<meta name=\"twitter:card\" content=\"summary_large_image\" \/>\n<meta name=\"twitter:label1\" content=\"Dur\u00e9e de lecture estim\u00e9e\" \/>\n\t<meta name=\"twitter:data1\" content=\"2 minutes\" \/>\n<script type=\"application\/ld+json\" class=\"yoast-schema-graph\">{\"@context\":\"https:\\\/\\\/schema.org\",\"@graph\":[{\"@type\":\"WebPage\",\"@id\":\"https:\\\/\\\/www.smartystore.it\\\/fr\\\/prodotto\\\/totem-mono-bifacciale-slim-60x170-in-sandwich-con-base-in-metallo\\\/\",\"url\":\"https:\\\/\\\/www.smartystore.it\\\/fr\\\/prodotto\\\/totem-mono-bifacciale-slim-60x170-in-sandwich-con-base-in-metallo\\\/\",\"name\":\"Totem Mono-Bifacciale Slim 60x170 in sandwich con base in metallo - Smarty Store\",\"isPartOf\":{\"@id\":\"https:\\\/\\\/www.smartystore.it\\\/fr\\\/#website\"},\"primaryImageOfPage\":{\"@id\":\"https:\\\/\\\/www.smartystore.it\\\/fr\\\/prodotto\\\/totem-mono-bifacciale-slim-60x170-in-sandwich-con-base-in-metallo\\\/#primaryimage\"},\"image\":{\"@id\":\"https:\\\/\\\/www.smartystore.it\\\/fr\\\/prodotto\\\/totem-mono-bifacciale-slim-60x170-in-sandwich-con-base-in-metallo\\\/#primaryimage\"},\"thumbnailUrl\":\"https:\\\/\\\/www.smartystore.it\\\/v25\\\/wp-content\\\/uploads\\\/2018\\\/12\\\/Totem-sandwich-Base-Metallo-Luna-60x170-1.jpg\",\"datePublished\":\"2018-12-14T09:16:08+00:00\",\"dateModified\":\"2023-01-06T01:34:16+00:00\",\"breadcrumb\":{\"@id\":\"https:\\\/\\\/www.smartystore.it\\\/fr\\\/prodotto\\\/totem-mono-bifacciale-slim-60x170-in-sandwich-con-base-in-metallo\\\/#breadcrumb\"},\"inLanguage\":\"fr-FR\",\"potentialAction\":[{\"@type\":\"ReadAction\",\"target\":[\"https:\\\/\\\/www.smartystore.it\\\/fr\\\/prodotto\\\/totem-mono-bifacciale-slim-60x170-in-sandwich-con-base-in-metallo\\\/\"]}]},{\"@type\":\"ImageObject\",\"inLanguage\":\"fr-FR\",\"@id\":\"https:\\\/\\\/www.smartystore.it\\\/fr\\\/prodotto\\\/totem-mono-bifacciale-slim-60x170-in-sandwich-con-base-in-metallo\\\/#primaryimage\",\"url\":\"https:\\\/\\\/www.smartystore.it\\\/v25\\\/wp-content\\\/uploads\\\/2018\\\/12\\\/Totem-sandwich-Base-Metallo-Luna-60x170-1.jpg\",\"contentUrl\":\"https:\\\/\\\/www.smartystore.it\\\/v25\\\/wp-content\\\/uploads\\\/2018\\\/12\\\/Totem-sandwich-Base-Metallo-Luna-60x170-1.jpg\",\"width\":1000,\"height\":1000},{\"@type\":\"BreadcrumbList\",\"@id\":\"https:\\\/\\\/www.smartystore.it\\\/fr\\\/prodotto\\\/totem-mono-bifacciale-slim-60x170-in-sandwich-con-base-in-metallo\\\/#breadcrumb\",\"itemListElement\":[{\"@type\":\"ListItem\",\"position\":1,\"name\":\"Home\",\"item\":\"https:\\\/\\\/www.smartystore.it\\\/fr\\\/\"},{\"@type\":\"ListItem\",\"position\":2,\"name\":\"Boutique\",\"item\":\"https:\\\/\\\/www.smartystore.it\\\/fr\\\/boutique\\\/\"},{\"@type\":\"ListItem\",\"position\":3,\"name\":\"Totem Mono-Bifacciale Slim 60&#215;170 in sandwich con base in metallo\"}]},{\"@type\":\"WebSite\",\"@id\":\"https:\\\/\\\/www.smartystore.it\\\/fr\\\/#website\",\"url\":\"https:\\\/\\\/www.smartystore.it\\\/fr\\\/\",\"name\":\"Smarty Store\",\"description\":\"Espositori Pubblicitari e Sistemi di Comunicazione Visiva\",\"potentialAction\":[{\"@type\":\"SearchAction\",\"target\":{\"@type\":\"EntryPoint\",\"urlTemplate\":\"https:\\\/\\\/www.smartystore.it\\\/fr\\\/?s={search_term_string}\"},\"query-input\":{\"@type\":\"PropertyValueSpecification\",\"valueRequired\":true,\"valueName\":\"search_term_string\"}}],\"inLanguage\":\"fr-FR\"}]}<\/script>\n<!-- \/ Yoast SEO plugin. -->","yoast_head_json":{"title":"Totem Mono-Bifacciale Slim 60x170 in sandwich con base in metallo - Smarty Store","robots":{"index":"index","follow":"follow","max-snippet":"max-snippet:-1","max-image-preview":"max-image-preview:large","max-video-preview":"max-video-preview:-1"},"canonical":"https:\/\/www.smartystore.it\/fr\/prodotto\/totem-mono-bifacciale-slim-60x170-in-sandwich-con-base-in-metallo\/","og_locale":"fr_FR","og_type":"article","og_title":"Totem Mono-Bifacciale Slim 60x170 in sandwich con base in metallo - Smarty Store","og_description":"Totem linea slim in sandwich e base in metallo verniciato silver.","og_url":"https:\/\/www.smartystore.it\/fr\/prodotto\/totem-mono-bifacciale-slim-60x170-in-sandwich-con-base-in-metallo\/","og_site_name":"Smarty Store","article_modified_time":"2023-01-06T01:34:16+00:00","og_image":[{"width":1000,"height":1000,"url":"https:\/\/www.smartystore.it\/v25\/wp-content\/uploads\/2018\/12\/Totem-sandwich-Base-Metallo-Luna-60x170-1.jpg","type":"image\/jpeg"}],"twitter_card":"summary_large_image","twitter_misc":{"Dur\u00e9e de lecture estim\u00e9e":"2 minutes"},"schema":{"@context":"https:\/\/schema.org","@graph":[{"@type":"WebPage","@id":"https:\/\/www.smartystore.it\/fr\/prodotto\/totem-mono-bifacciale-slim-60x170-in-sandwich-con-base-in-metallo\/","url":"https:\/\/www.smartystore.it\/fr\/prodotto\/totem-mono-bifacciale-slim-60x170-in-sandwich-con-base-in-metallo\/","name":"Totem Mono-Bifacciale Slim 60x170 in sandwich con base in metallo - Smarty Store","isPartOf":{"@id":"https:\/\/www.smartystore.it\/fr\/#website"},"primaryImageOfPage":{"@id":"https:\/\/www.smartystore.it\/fr\/prodotto\/totem-mono-bifacciale-slim-60x170-in-sandwich-con-base-in-metallo\/#primaryimage"},"image":{"@id":"https:\/\/www.smartystore.it\/fr\/prodotto\/totem-mono-bifacciale-slim-60x170-in-sandwich-con-base-in-metallo\/#primaryimage"},"thumbnailUrl":"https:\/\/www.smartystore.it\/v25\/wp-content\/uploads\/2018\/12\/Totem-sandwich-Base-Metallo-Luna-60x170-1.jpg","datePublished":"2018-12-14T09:16:08+00:00","dateModified":"2023-01-06T01:34:16+00:00","breadcrumb":{"@id":"https:\/\/www.smartystore.it\/fr\/prodotto\/totem-mono-bifacciale-slim-60x170-in-sandwich-con-base-in-metallo\/#breadcrumb"},"inLanguage":"fr-FR","potentialAction":[{"@type":"ReadAction","target":["https:\/\/www.smartystore.it\/fr\/prodotto\/totem-mono-bifacciale-slim-60x170-in-sandwich-con-base-in-metallo\/"]}]},{"@type":"ImageObject","inLanguage":"fr-FR","@id":"https:\/\/www.smartystore.it\/fr\/prodotto\/totem-mono-bifacciale-slim-60x170-in-sandwich-con-base-in-metallo\/#primaryimage","url":"https:\/\/www.smartystore.it\/v25\/wp-content\/uploads\/2018\/12\/Totem-sandwich-Base-Metallo-Luna-60x170-1.jpg","contentUrl":"https:\/\/www.smartystore.it\/v25\/wp-content\/uploads\/2018\/12\/Totem-sandwich-Base-Metallo-Luna-60x170-1.jpg","width":1000,"height":1000},{"@type":"BreadcrumbList","@id":"https:\/\/www.smartystore.it\/fr\/prodotto\/totem-mono-bifacciale-slim-60x170-in-sandwich-con-base-in-metallo\/#breadcrumb","itemListElement":[{"@type":"ListItem","position":1,"name":"Home","item":"https:\/\/www.smartystore.it\/fr\/"},{"@type":"ListItem","position":2,"name":"Boutique","item":"https:\/\/www.smartystore.it\/fr\/boutique\/"},{"@type":"ListItem","position":3,"name":"Totem Mono-Bifacciale Slim 60&#215;170 in sandwich con base in metallo"}]},{"@type":"WebSite","@id":"https:\/\/www.smartystore.it\/fr\/#website","url":"https:\/\/www.smartystore.it\/fr\/","name":"Smarty Store","description":"Espositori Pubblicitari e Sistemi di Comunicazione Visiva","potentialAction":[{"@type":"SearchAction","target":{"@type":"EntryPoint","urlTemplate":"https:\/\/www.smartystore.it\/fr\/?s={search_term_string}"},"query-input":{"@type":"PropertyValueSpecification","valueRequired":true,"valueName":"search_term_string"}}],"inLanguage":"fr-FR"}]}},"brands":[],"_links":{"self":[{"href":"https:\/\/www.smartystore.it\/fr\/wp-json\/wp\/v2\/product\/46653","targetHints":{"allow":["GET"]}}],"collection":[{"href":"https:\/\/www.smartystore.it\/fr\/wp-json\/wp\/v2\/product"}],"about":[{"href":"https:\/\/www.smartystore.it\/fr\/wp-json\/wp\/v2\/types\/product"}],"replies":[{"embeddable":true,"href":"https:\/\/www.smartystore.it\/fr\/wp-json\/wp\/v2\/comments?post=46653"}],"wp:featuredmedia":[{"embeddable":true,"href":"https:\/\/www.smartystore.it\/fr\/wp-json\/wp\/v2\/media\/64019"}],"wp:attachment":[{"href":"https:\/\/www.smartystore.it\/fr\/wp-json\/wp\/v2\/media?parent=46653"}],"wp:term":[{"taxonomy":"pwb-brand","embeddable":true,"href":"https:\/\/www.smartystore.it\/fr\/wp-json\/wp\/v2\/pwb-brand?post=46653"},{"taxonomy":"product_brand","embeddable":true,"href":"https:\/\/www.smartystore.it\/fr\/wp-json\/wp\/v2\/product_brand?post=46653"},{"taxonomy":"product_cat","embeddable":true,"href":"https:\/\/www.smartystore.it\/fr\/wp-json\/wp\/v2\/product_cat?post=46653"},{"taxonomy":"product_tag","embeddable":true,"href":"https:\/\/www.smartystore.it\/fr\/wp-json\/wp\/v2\/product_tag?post=46653"}],"curies":[{"name":"wp","href":"https:\/\/api.w.org\/{rel}","templated":true}]}}