{"id":42247,"date":"2017-03-02T18:00:58","date_gmt":"2017-03-02T18:00:58","guid":{"rendered":"https:\/\/www.smartystore.it\/prodotto\/totem-digital-signage-con-monitor-55\/"},"modified":"2025-05-29T18:07:44","modified_gmt":"2025-05-29T16:07:44","slug":"totem-digital-signage-con-monitor-55-samsung","status":"publish","type":"product","link":"https:\/\/www.smartystore.it\/fr\/prodotto\/totem-digital-signage-con-monitor-55-samsung\/","title":{"rendered":"Totem Digital Signage con monitor 55&Prime;"},"content":{"rendered":"<p><strong>Il Digital Signage<\/strong> non \u00e8 mai stato cos\u00ec semplice e alla portata di ogni attivit\u00e0 commerciale. Questo totem digital signage \u00e8 da subito funzionante, \u00e8 sufficiente collegare il cavo di rete a internet e l&rsquo;alimentazione per vedere i tuoi messaggi promozionali riprodotti dopo pochi secondi.<\/p>\n<p><strong>Totem digitale in acciaio<\/strong> e alluminio cablato internamente<\/p>\n<p><strong>Monitor Professionale<\/strong> da 55&Prime; con risoluzione Full HD 3840\u00d72160 (16:9) 4K<\/p>\n<p>Player per la gestione dei contenuti in locale o in remoto<\/p>\n<p>Montaggio monitor in orizzontale e in verticale<\/p>\n<p>Tempi di spedizione: 7\/10 giorni lavorativi<\/p>\n<p><strong>TOTEM<\/strong><\/p>\n<p><strong>Totem digital signage per uso interno<\/strong> in acciaio e alluminio cablato internamente<\/p>\n<p>Cablaggio interno: cavo Ethernet per il collegamento internet e presa multipla con 4 prese shuko.<\/p>\n<p>Cablaggio esterno: cavo di alimentazione e presa Ethernet a filo struttura.<\/p>\n<p>Altezza totem: cm.196.5 (escluso monitor)<\/p>\n<p>Base in acciaio: cm. 80 x 45<\/p>\n<p>Pannello centrale con profili in alluminio: cm. 69.5.<\/p>\n<p>Si consiglia l&rsquo;utilizzo solo in luoghi al chiuso.<\/p>\n<p>Peso espositore: Kg. 65.10\u00a0(escluso monitor)<\/p>\n<p>&nbsp;<\/p>\n<p><strong>MONITOR<\/strong><\/p>\n<p>Monitor Professionale Samsung da 55&Prime; per digital signage<\/p>\n<p>Risoluzione: Full HD 3840&#215;2160 (16:9) 4K<\/p>\n<p>Elettronica interna studiata per il funzionamento 24\/24h sette giorni su sette per i modelli da 500 e 700 nit, mentre 16\/24h sette giorni su sette per il modello da 350 nit.<\/p>\n<p>Contrasto: 4000:1<\/p>\n<p>Luminosit\u00e0: 350 nit &#8211; 500 nit &#8211; 700 nit<\/p>\n<p>Ingressi: 3 x HDMI &#8211; 2 x USB &#8211; 1 x DP &#8211; 1 x stereo mini-jack per i modelli da 500 nit e 700 nit<\/p>\n<p>Ingressi: 3 x HDMI &#8211; 2 x USB &#8211; 1 x stereo mini-jack per i modelli da 350 nit<\/p>\n<p>Dimensioni: 1235,1 x 707,9 x 46,3 mm.<\/p>\n<p>Peso: Kg. 18,1<\/p>\n<p>&nbsp;<\/p>\n<p><strong>PLAYER (su richiesta)<\/strong><\/p>\n<p>Player digitale per la gestione dei contenuti.<\/p>\n<p>Software per la composizione della routine dei contenuti.<\/p>\n<p>Visualizzazione immagini e\/o video con programmazione di accensione\/spegnimento automatico.<\/p>\n<p>Memoria: con SD card<\/p>\n<p>Per la gestione dei contenuti in remoto \u00e8 necessario un webserver con Windows server installato (servizio opzionale fornito su richiesta)<\/p>\n<p>Il sistema viene preparato e configurato prima della spedizione. In questo modo sar\u00e0 sufficiente collegare il cavo di alimentazione e il cavo ethernet per la connessione a internet e il sistema riprodurr\u00e0 automaticamente i contenuti.<\/p>\n<p>&nbsp;<\/p>\n<p><strong>SERVIZI OPZIONALI<\/strong><\/p>\n<p>Webserver con Windows server<\/p>\n<p>Realizzazione immagini e video da riprodurre<\/p>\n<p>Gestione dei contenuti audio\/video<\/p>\n","protected":false},"excerpt":{"rendered":"<p><strong>Totem Digital Signage<\/strong> composto da totem cablato, <strong> monitor pubblicitario <\/strong>55&Prime;e, su richiesta, un Player digitale.<\/p>\n","protected":false},"featured_media":64600,"comment_status":"open","ping_status":"closed","template":"","meta":{"_acf_changed":false},"pwb-brand":[],"product_brand":[],"product_cat":[3009,3683,3679],"product_tag":[3687,3688],"class_list":{"0":"post-42247","1":"product","2":"type-product","3":"status-publish","4":"has-post-thumbnail","6":"product_cat-systemes-de-communication-daffichage-numerique-avec-moniteurs-lcd","7":"product_cat-totem-et-monitor-digital-signage","8":"product_cat-totems-publicitaires-et-dinformation","9":"product_tag-digital-signage-fr","10":"product_tag-totems-numeriques","11":"pa_c2c_configurazione-totem-monitor","12":"pa_c2c_configurazione-totem-monitor-player","13":"pa_c2c_dimensione-55-fr","14":"pa_c2c_trovraprezzi-oui","16":"first","17":"onbackorder","18":"taxable","19":"shipping-taxable","20":"purchasable","21":"product-type-variable"},"acf":[],"yoast_head":"<!-- This site is optimized with the Yoast SEO plugin v27.4 - https:\/\/yoast.com\/product\/yoast-seo-wordpress\/ -->\n<title>Totem Digital Signage Con Monitor Pubblicitari 55&quot; Samsung<\/title>\n<meta name=\"description\" content=\"Sfrutta la potenza pubblicitaria del Totem digital signage con monitor Samsung, Design elegante, \u00e8 perfetto per qualunque tipo di attivit\u00e0 commerciale.\" \/>\n<meta name=\"robots\" content=\"index, follow, max-snippet:-1, max-image-preview:large, max-video-preview:-1\" \/>\n<link rel=\"canonical\" href=\"https:\/\/www.smartystore.it\/fr\/prodotto\/totem-digital-signage-con-monitor-55-samsung\/\" \/>\n<meta property=\"og:locale\" content=\"fr_FR\" \/>\n<meta property=\"og:type\" content=\"article\" \/>\n<meta property=\"og:title\" content=\"Totem Digital Signage Con Monitor Pubblicitari 55&quot; Samsung\" \/>\n<meta property=\"og:description\" content=\"Sfrutta la potenza pubblicitaria del Totem digital signage con monitor Samsung, Design elegante, \u00e8 perfetto per qualunque tipo di attivit\u00e0 commerciale.\" \/>\n<meta property=\"og:url\" content=\"https:\/\/www.smartystore.it\/fr\/prodotto\/totem-digital-signage-con-monitor-55-samsung\/\" \/>\n<meta property=\"og:site_name\" content=\"Smarty Store\" \/>\n<meta property=\"article:modified_time\" content=\"2025-05-29T16:07:44+00:00\" \/>\n<meta property=\"og:image\" content=\"https:\/\/www.smartystore.it\/v25\/wp-content\/uploads\/2017\/03\/totem-digitale-55.jpg\" \/>\n\t<meta property=\"og:image:width\" content=\"1000\" \/>\n\t<meta property=\"og:image:height\" content=\"1000\" \/>\n\t<meta property=\"og:image:type\" content=\"image\/jpeg\" \/>\n<meta name=\"twitter:card\" content=\"summary_large_image\" \/>\n<meta name=\"twitter:label1\" content=\"Dur\u00e9e de lecture estim\u00e9e\" \/>\n\t<meta name=\"twitter:data1\" content=\"2 minutes\" \/>\n<script type=\"application\/ld+json\" class=\"yoast-schema-graph\">{\"@context\":\"https:\\\/\\\/schema.org\",\"@graph\":[{\"@type\":\"WebPage\",\"@id\":\"https:\\\/\\\/www.smartystore.it\\\/fr\\\/prodotto\\\/totem-digital-signage-con-monitor-55-samsung\\\/\",\"url\":\"https:\\\/\\\/www.smartystore.it\\\/fr\\\/prodotto\\\/totem-digital-signage-con-monitor-55-samsung\\\/\",\"name\":\"Totem Digital Signage Con Monitor Pubblicitari 55\\\" Samsung\",\"isPartOf\":{\"@id\":\"https:\\\/\\\/www.smartystore.it\\\/fr\\\/#website\"},\"primaryImageOfPage\":{\"@id\":\"https:\\\/\\\/www.smartystore.it\\\/fr\\\/prodotto\\\/totem-digital-signage-con-monitor-55-samsung\\\/#primaryimage\"},\"image\":{\"@id\":\"https:\\\/\\\/www.smartystore.it\\\/fr\\\/prodotto\\\/totem-digital-signage-con-monitor-55-samsung\\\/#primaryimage\"},\"thumbnailUrl\":\"https:\\\/\\\/www.smartystore.it\\\/v25\\\/wp-content\\\/uploads\\\/2017\\\/03\\\/totem-digitale-55.jpg\",\"datePublished\":\"2017-03-02T18:00:58+00:00\",\"dateModified\":\"2025-05-29T16:07:44+00:00\",\"description\":\"Sfrutta la potenza pubblicitaria del Totem digital signage con monitor Samsung, Design elegante, \u00e8 perfetto per qualunque tipo di attivit\u00e0 commerciale.\",\"breadcrumb\":{\"@id\":\"https:\\\/\\\/www.smartystore.it\\\/fr\\\/prodotto\\\/totem-digital-signage-con-monitor-55-samsung\\\/#breadcrumb\"},\"inLanguage\":\"fr-FR\",\"potentialAction\":[{\"@type\":\"ReadAction\",\"target\":[\"https:\\\/\\\/www.smartystore.it\\\/fr\\\/prodotto\\\/totem-digital-signage-con-monitor-55-samsung\\\/\"]}]},{\"@type\":\"ImageObject\",\"inLanguage\":\"fr-FR\",\"@id\":\"https:\\\/\\\/www.smartystore.it\\\/fr\\\/prodotto\\\/totem-digital-signage-con-monitor-55-samsung\\\/#primaryimage\",\"url\":\"https:\\\/\\\/www.smartystore.it\\\/v25\\\/wp-content\\\/uploads\\\/2017\\\/03\\\/totem-digitale-55.jpg\",\"contentUrl\":\"https:\\\/\\\/www.smartystore.it\\\/v25\\\/wp-content\\\/uploads\\\/2017\\\/03\\\/totem-digitale-55.jpg\",\"width\":1000,\"height\":1000},{\"@type\":\"BreadcrumbList\",\"@id\":\"https:\\\/\\\/www.smartystore.it\\\/fr\\\/prodotto\\\/totem-digital-signage-con-monitor-55-samsung\\\/#breadcrumb\",\"itemListElement\":[{\"@type\":\"ListItem\",\"position\":1,\"name\":\"Home\",\"item\":\"https:\\\/\\\/www.smartystore.it\\\/fr\\\/\"},{\"@type\":\"ListItem\",\"position\":2,\"name\":\"Boutique\",\"item\":\"https:\\\/\\\/www.smartystore.it\\\/fr\\\/boutique\\\/\"},{\"@type\":\"ListItem\",\"position\":3,\"name\":\"Totem Digital Signage con monitor 55&#8243;\"}]},{\"@type\":\"WebSite\",\"@id\":\"https:\\\/\\\/www.smartystore.it\\\/fr\\\/#website\",\"url\":\"https:\\\/\\\/www.smartystore.it\\\/fr\\\/\",\"name\":\"Smarty Store\",\"description\":\"Espositori Pubblicitari e Sistemi di Comunicazione Visiva\",\"potentialAction\":[{\"@type\":\"SearchAction\",\"target\":{\"@type\":\"EntryPoint\",\"urlTemplate\":\"https:\\\/\\\/www.smartystore.it\\\/fr\\\/?s={search_term_string}\"},\"query-input\":{\"@type\":\"PropertyValueSpecification\",\"valueRequired\":true,\"valueName\":\"search_term_string\"}}],\"inLanguage\":\"fr-FR\"}]}<\/script>\n<!-- \/ Yoast SEO plugin. -->","yoast_head_json":{"title":"Totem Digital Signage Con Monitor Pubblicitari 55\" Samsung","description":"Sfrutta la potenza pubblicitaria del Totem digital signage con monitor Samsung, Design elegante, \u00e8 perfetto per qualunque tipo di attivit\u00e0 commerciale.","robots":{"index":"index","follow":"follow","max-snippet":"max-snippet:-1","max-image-preview":"max-image-preview:large","max-video-preview":"max-video-preview:-1"},"canonical":"https:\/\/www.smartystore.it\/fr\/prodotto\/totem-digital-signage-con-monitor-55-samsung\/","og_locale":"fr_FR","og_type":"article","og_title":"Totem Digital Signage Con Monitor Pubblicitari 55\" Samsung","og_description":"Sfrutta la potenza pubblicitaria del Totem digital signage con monitor Samsung, Design elegante, \u00e8 perfetto per qualunque tipo di attivit\u00e0 commerciale.","og_url":"https:\/\/www.smartystore.it\/fr\/prodotto\/totem-digital-signage-con-monitor-55-samsung\/","og_site_name":"Smarty Store","article_modified_time":"2025-05-29T16:07:44+00:00","og_image":[{"width":1000,"height":1000,"url":"https:\/\/www.smartystore.it\/v25\/wp-content\/uploads\/2017\/03\/totem-digitale-55.jpg","type":"image\/jpeg"}],"twitter_card":"summary_large_image","twitter_misc":{"Dur\u00e9e de lecture estim\u00e9e":"2 minutes"},"schema":{"@context":"https:\/\/schema.org","@graph":[{"@type":"WebPage","@id":"https:\/\/www.smartystore.it\/fr\/prodotto\/totem-digital-signage-con-monitor-55-samsung\/","url":"https:\/\/www.smartystore.it\/fr\/prodotto\/totem-digital-signage-con-monitor-55-samsung\/","name":"Totem Digital Signage Con Monitor Pubblicitari 55\" Samsung","isPartOf":{"@id":"https:\/\/www.smartystore.it\/fr\/#website"},"primaryImageOfPage":{"@id":"https:\/\/www.smartystore.it\/fr\/prodotto\/totem-digital-signage-con-monitor-55-samsung\/#primaryimage"},"image":{"@id":"https:\/\/www.smartystore.it\/fr\/prodotto\/totem-digital-signage-con-monitor-55-samsung\/#primaryimage"},"thumbnailUrl":"https:\/\/www.smartystore.it\/v25\/wp-content\/uploads\/2017\/03\/totem-digitale-55.jpg","datePublished":"2017-03-02T18:00:58+00:00","dateModified":"2025-05-29T16:07:44+00:00","description":"Sfrutta la potenza pubblicitaria del Totem digital signage con monitor Samsung, Design elegante, \u00e8 perfetto per qualunque tipo di attivit\u00e0 commerciale.","breadcrumb":{"@id":"https:\/\/www.smartystore.it\/fr\/prodotto\/totem-digital-signage-con-monitor-55-samsung\/#breadcrumb"},"inLanguage":"fr-FR","potentialAction":[{"@type":"ReadAction","target":["https:\/\/www.smartystore.it\/fr\/prodotto\/totem-digital-signage-con-monitor-55-samsung\/"]}]},{"@type":"ImageObject","inLanguage":"fr-FR","@id":"https:\/\/www.smartystore.it\/fr\/prodotto\/totem-digital-signage-con-monitor-55-samsung\/#primaryimage","url":"https:\/\/www.smartystore.it\/v25\/wp-content\/uploads\/2017\/03\/totem-digitale-55.jpg","contentUrl":"https:\/\/www.smartystore.it\/v25\/wp-content\/uploads\/2017\/03\/totem-digitale-55.jpg","width":1000,"height":1000},{"@type":"BreadcrumbList","@id":"https:\/\/www.smartystore.it\/fr\/prodotto\/totem-digital-signage-con-monitor-55-samsung\/#breadcrumb","itemListElement":[{"@type":"ListItem","position":1,"name":"Home","item":"https:\/\/www.smartystore.it\/fr\/"},{"@type":"ListItem","position":2,"name":"Boutique","item":"https:\/\/www.smartystore.it\/fr\/boutique\/"},{"@type":"ListItem","position":3,"name":"Totem Digital Signage con monitor 55&#8243;"}]},{"@type":"WebSite","@id":"https:\/\/www.smartystore.it\/fr\/#website","url":"https:\/\/www.smartystore.it\/fr\/","name":"Smarty Store","description":"Espositori Pubblicitari e Sistemi di Comunicazione Visiva","potentialAction":[{"@type":"SearchAction","target":{"@type":"EntryPoint","urlTemplate":"https:\/\/www.smartystore.it\/fr\/?s={search_term_string}"},"query-input":{"@type":"PropertyValueSpecification","valueRequired":true,"valueName":"search_term_string"}}],"inLanguage":"fr-FR"}]}},"brands":[],"_links":{"self":[{"href":"https:\/\/www.smartystore.it\/fr\/wp-json\/wp\/v2\/product\/42247","targetHints":{"allow":["GET"]}}],"collection":[{"href":"https:\/\/www.smartystore.it\/fr\/wp-json\/wp\/v2\/product"}],"about":[{"href":"https:\/\/www.smartystore.it\/fr\/wp-json\/wp\/v2\/types\/product"}],"replies":[{"embeddable":true,"href":"https:\/\/www.smartystore.it\/fr\/wp-json\/wp\/v2\/comments?post=42247"}],"wp:featuredmedia":[{"embeddable":true,"href":"https:\/\/www.smartystore.it\/fr\/wp-json\/wp\/v2\/media\/64600"}],"wp:attachment":[{"href":"https:\/\/www.smartystore.it\/fr\/wp-json\/wp\/v2\/media?parent=42247"}],"wp:term":[{"taxonomy":"pwb-brand","embeddable":true,"href":"https:\/\/www.smartystore.it\/fr\/wp-json\/wp\/v2\/pwb-brand?post=42247"},{"taxonomy":"product_brand","embeddable":true,"href":"https:\/\/www.smartystore.it\/fr\/wp-json\/wp\/v2\/product_brand?post=42247"},{"taxonomy":"product_cat","embeddable":true,"href":"https:\/\/www.smartystore.it\/fr\/wp-json\/wp\/v2\/product_cat?post=42247"},{"taxonomy":"product_tag","embeddable":true,"href":"https:\/\/www.smartystore.it\/fr\/wp-json\/wp\/v2\/product_tag?post=42247"}],"curies":[{"name":"wp","href":"https:\/\/api.w.org\/{rel}","templated":true}]}}