{"id":33433,"date":"2014-03-14T16:36:46","date_gmt":"2014-03-14T14:36:46","guid":{"rendered":"https:\/\/www.smartystore.it\/prodotto\/espositore-portabanner-a-x-60x160\/"},"modified":"2022-09-27T16:49:33","modified_gmt":"2022-09-27T14:49:33","slug":"espositore-portabanner-a-x-60x160","status":"publish","type":"product","link":"https:\/\/www.smartystore.it\/fr\/prodotto\/espositore-portabanner-a-x-60x160\/","title":{"rendered":"Espositore Portabanner a X 60&#215;160"},"content":{"rendered":"<p>Portabanner con struttura a X per banner dotati di occhielli agli angoli di 2 cm. di diametro.<\/p>\n<p>Materiale: metallo e plastica.<\/p>\n<p>Banner: in PVC con 4 occhielli stampato a colori su un lato<\/p>\n<p>Dimensioni: cm. 60&#215;160<\/p>\n<p>Peso: 1 Kg. circa<\/p>\n<p>Sacca per il trasporto inclusa.<\/p>\n<p>Banner fornito solo se richiesta la stampa.<\/p>\n<p>Tempi di spedizione: 4 gg circa da ricezione ordine\/pagamento\/approvazione bozzetto<\/p>\n<p>Dopo aver effettuato l&rsquo;acquisto, scaricare il template che segue e impostare la grafica con un programma di grafica secondo le indicazioni presenti sul template.<br \/>\nSalvare la grafica in formato\u00a0<strong>PDF<\/strong>\u00a0con risoluzione di almeno\u00a0<strong>200 dpi<\/strong>.<br \/>\nInviare il file di stampa a\u00a0<strong>grafica@smartystore.it<\/strong> facendo riferimento al numero d&rsquo;ordine<\/p>\n<p>&nbsp;<\/p>\n<p><strong>SERVIZI DI GRAFICA E STAMPA<\/strong><\/p>\n<p>Smarty Store pu\u00f2 fornire il servizio di impaginazione e\/o della stampa.<\/p>\n<p>Se viene richiesto il servizio di sola stampa, il cliente dovr\u00e0 inviare il file di stampa in formato PDF. La grafica verr\u00e0 stampata cos\u00ec come ricevuta nel file.<\/p>\n<p>Se viene richiesto il servizio di impaginazione, la nostra struttura si metter\u00e0 in contatto telefonico con il cliente per le necessarie informazioni. Dall&rsquo;impostazione grafica restano escluse le immagini che dovranno essere fornite dal cliente o quotate separatamente.<br \/>\nIl cliente ricever\u00e0 la proposta grafica in formato PDF per approvazione.<\/p>\n<p><strong>ATTENZIONE:<\/strong><br \/>\nI colori visualizzati possono differire da monitor a monitor. Per i colori di stampa \u00e8 necessario fare sempre riferimento alla scala Pantone.<br \/>\nSmarty Store non si assume alcuna responsabilit\u00e0 nel caso di colori controllati dal cliente solo sul proprio monitor.<\/p>\n","protected":false},"excerpt":{"rendered":"<p>Portabanner con struttura a X superleggero con borsa di trasporto.<\/p>\n","protected":false},"featured_media":63602,"comment_status":"open","ping_status":"closed","template":"","meta":{"_acf_changed":false},"pwb-brand":[],"product_brand":[],"product_cat":[3664,3666],"product_tag":[],"class_list":{"0":"post-33433","1":"product","2":"type-product","3":"status-publish","4":"has-post-thumbnail","6":"product_cat-porte-banniere","7":"product_cat-porte-banniere-au-sol","8":"pa_c2c_dimensione-cm-60x160","9":"pa_c2c_grafica-non","10":"pa_c2c_grafica-oui","11":"pa_c2c_mono_bifacciale-simple-face","12":"pa_c2c_stampa-non","13":"pa_c2c_stampa-oui","14":"pa_c2c_stampa-81-telosenzastampa","15":"pa_c2c_trovraprezzi-oui","17":"first","18":"instock","19":"taxable","20":"shipping-taxable","21":"purchasable","22":"product-type-variable"},"acf":[],"yoast_head":"<!-- This site is optimized with the Yoast SEO plugin v27.4 - https:\/\/yoast.com\/product\/yoast-seo-wordpress\/ -->\n<title>Espositore Portabanner a X 60x160 - Smarty Store<\/title>\n<meta name=\"robots\" content=\"index, follow, max-snippet:-1, max-image-preview:large, max-video-preview:-1\" \/>\n<link rel=\"canonical\" href=\"https:\/\/www.smartystore.it\/fr\/prodotto\/espositore-portabanner-a-x-60x160\/\" \/>\n<meta property=\"og:locale\" content=\"fr_FR\" \/>\n<meta property=\"og:type\" content=\"article\" \/>\n<meta property=\"og:title\" content=\"Espositore Portabanner a X 60x160 - Smarty Store\" \/>\n<meta property=\"og:description\" content=\"Portabanner con struttura a X superleggero con borsa di trasporto.\" \/>\n<meta property=\"og:url\" content=\"https:\/\/www.smartystore.it\/fr\/prodotto\/espositore-portabanner-a-x-60x160\/\" \/>\n<meta property=\"og:site_name\" content=\"Smarty Store\" \/>\n<meta property=\"article:modified_time\" content=\"2022-09-27T14:49:33+00:00\" \/>\n<meta property=\"og:image\" content=\"https:\/\/www.smartystore.it\/v25\/wp-content\/uploads\/2019\/06\/X-Banner-portabanner-pubblicitario-leggero-60x160-web.jpg\" \/>\n\t<meta property=\"og:image:width\" content=\"1000\" \/>\n\t<meta property=\"og:image:height\" content=\"1000\" \/>\n\t<meta property=\"og:image:type\" content=\"image\/jpeg\" \/>\n<meta name=\"twitter:card\" content=\"summary_large_image\" \/>\n<meta name=\"twitter:label1\" content=\"Dur\u00e9e de lecture estim\u00e9e\" \/>\n\t<meta name=\"twitter:data1\" content=\"2 minutes\" \/>\n<script type=\"application\/ld+json\" class=\"yoast-schema-graph\">{\"@context\":\"https:\\\/\\\/schema.org\",\"@graph\":[{\"@type\":\"WebPage\",\"@id\":\"https:\\\/\\\/www.smartystore.it\\\/fr\\\/prodotto\\\/espositore-portabanner-a-x-60x160\\\/\",\"url\":\"https:\\\/\\\/www.smartystore.it\\\/fr\\\/prodotto\\\/espositore-portabanner-a-x-60x160\\\/\",\"name\":\"Espositore Portabanner a X 60x160 - Smarty Store\",\"isPartOf\":{\"@id\":\"https:\\\/\\\/www.smartystore.it\\\/fr\\\/#website\"},\"primaryImageOfPage\":{\"@id\":\"https:\\\/\\\/www.smartystore.it\\\/fr\\\/prodotto\\\/espositore-portabanner-a-x-60x160\\\/#primaryimage\"},\"image\":{\"@id\":\"https:\\\/\\\/www.smartystore.it\\\/fr\\\/prodotto\\\/espositore-portabanner-a-x-60x160\\\/#primaryimage\"},\"thumbnailUrl\":\"https:\\\/\\\/www.smartystore.it\\\/v25\\\/wp-content\\\/uploads\\\/2019\\\/06\\\/X-Banner-portabanner-pubblicitario-leggero-60x160-web.jpg\",\"datePublished\":\"2014-03-14T14:36:46+00:00\",\"dateModified\":\"2022-09-27T14:49:33+00:00\",\"breadcrumb\":{\"@id\":\"https:\\\/\\\/www.smartystore.it\\\/fr\\\/prodotto\\\/espositore-portabanner-a-x-60x160\\\/#breadcrumb\"},\"inLanguage\":\"fr-FR\",\"potentialAction\":[{\"@type\":\"ReadAction\",\"target\":[\"https:\\\/\\\/www.smartystore.it\\\/fr\\\/prodotto\\\/espositore-portabanner-a-x-60x160\\\/\"]}]},{\"@type\":\"ImageObject\",\"inLanguage\":\"fr-FR\",\"@id\":\"https:\\\/\\\/www.smartystore.it\\\/fr\\\/prodotto\\\/espositore-portabanner-a-x-60x160\\\/#primaryimage\",\"url\":\"https:\\\/\\\/www.smartystore.it\\\/v25\\\/wp-content\\\/uploads\\\/2019\\\/06\\\/X-Banner-portabanner-pubblicitario-leggero-60x160-web.jpg\",\"contentUrl\":\"https:\\\/\\\/www.smartystore.it\\\/v25\\\/wp-content\\\/uploads\\\/2019\\\/06\\\/X-Banner-portabanner-pubblicitario-leggero-60x160-web.jpg\",\"width\":1000,\"height\":1000},{\"@type\":\"BreadcrumbList\",\"@id\":\"https:\\\/\\\/www.smartystore.it\\\/fr\\\/prodotto\\\/espositore-portabanner-a-x-60x160\\\/#breadcrumb\",\"itemListElement\":[{\"@type\":\"ListItem\",\"position\":1,\"name\":\"Home\",\"item\":\"https:\\\/\\\/www.smartystore.it\\\/fr\\\/\"},{\"@type\":\"ListItem\",\"position\":2,\"name\":\"Boutique\",\"item\":\"https:\\\/\\\/www.smartystore.it\\\/fr\\\/boutique\\\/\"},{\"@type\":\"ListItem\",\"position\":3,\"name\":\"Espositore Portabanner a X 60&#215;160\"}]},{\"@type\":\"WebSite\",\"@id\":\"https:\\\/\\\/www.smartystore.it\\\/fr\\\/#website\",\"url\":\"https:\\\/\\\/www.smartystore.it\\\/fr\\\/\",\"name\":\"Smarty Store\",\"description\":\"Espositori Pubblicitari e Sistemi di Comunicazione Visiva\",\"potentialAction\":[{\"@type\":\"SearchAction\",\"target\":{\"@type\":\"EntryPoint\",\"urlTemplate\":\"https:\\\/\\\/www.smartystore.it\\\/fr\\\/?s={search_term_string}\"},\"query-input\":{\"@type\":\"PropertyValueSpecification\",\"valueRequired\":true,\"valueName\":\"search_term_string\"}}],\"inLanguage\":\"fr-FR\"}]}<\/script>\n<!-- \/ Yoast SEO plugin. -->","yoast_head_json":{"title":"Espositore Portabanner a X 60x160 - Smarty Store","robots":{"index":"index","follow":"follow","max-snippet":"max-snippet:-1","max-image-preview":"max-image-preview:large","max-video-preview":"max-video-preview:-1"},"canonical":"https:\/\/www.smartystore.it\/fr\/prodotto\/espositore-portabanner-a-x-60x160\/","og_locale":"fr_FR","og_type":"article","og_title":"Espositore Portabanner a X 60x160 - Smarty Store","og_description":"Portabanner con struttura a X superleggero con borsa di trasporto.","og_url":"https:\/\/www.smartystore.it\/fr\/prodotto\/espositore-portabanner-a-x-60x160\/","og_site_name":"Smarty Store","article_modified_time":"2022-09-27T14:49:33+00:00","og_image":[{"width":1000,"height":1000,"url":"https:\/\/www.smartystore.it\/v25\/wp-content\/uploads\/2019\/06\/X-Banner-portabanner-pubblicitario-leggero-60x160-web.jpg","type":"image\/jpeg"}],"twitter_card":"summary_large_image","twitter_misc":{"Dur\u00e9e de lecture estim\u00e9e":"2 minutes"},"schema":{"@context":"https:\/\/schema.org","@graph":[{"@type":"WebPage","@id":"https:\/\/www.smartystore.it\/fr\/prodotto\/espositore-portabanner-a-x-60x160\/","url":"https:\/\/www.smartystore.it\/fr\/prodotto\/espositore-portabanner-a-x-60x160\/","name":"Espositore Portabanner a X 60x160 - Smarty Store","isPartOf":{"@id":"https:\/\/www.smartystore.it\/fr\/#website"},"primaryImageOfPage":{"@id":"https:\/\/www.smartystore.it\/fr\/prodotto\/espositore-portabanner-a-x-60x160\/#primaryimage"},"image":{"@id":"https:\/\/www.smartystore.it\/fr\/prodotto\/espositore-portabanner-a-x-60x160\/#primaryimage"},"thumbnailUrl":"https:\/\/www.smartystore.it\/v25\/wp-content\/uploads\/2019\/06\/X-Banner-portabanner-pubblicitario-leggero-60x160-web.jpg","datePublished":"2014-03-14T14:36:46+00:00","dateModified":"2022-09-27T14:49:33+00:00","breadcrumb":{"@id":"https:\/\/www.smartystore.it\/fr\/prodotto\/espositore-portabanner-a-x-60x160\/#breadcrumb"},"inLanguage":"fr-FR","potentialAction":[{"@type":"ReadAction","target":["https:\/\/www.smartystore.it\/fr\/prodotto\/espositore-portabanner-a-x-60x160\/"]}]},{"@type":"ImageObject","inLanguage":"fr-FR","@id":"https:\/\/www.smartystore.it\/fr\/prodotto\/espositore-portabanner-a-x-60x160\/#primaryimage","url":"https:\/\/www.smartystore.it\/v25\/wp-content\/uploads\/2019\/06\/X-Banner-portabanner-pubblicitario-leggero-60x160-web.jpg","contentUrl":"https:\/\/www.smartystore.it\/v25\/wp-content\/uploads\/2019\/06\/X-Banner-portabanner-pubblicitario-leggero-60x160-web.jpg","width":1000,"height":1000},{"@type":"BreadcrumbList","@id":"https:\/\/www.smartystore.it\/fr\/prodotto\/espositore-portabanner-a-x-60x160\/#breadcrumb","itemListElement":[{"@type":"ListItem","position":1,"name":"Home","item":"https:\/\/www.smartystore.it\/fr\/"},{"@type":"ListItem","position":2,"name":"Boutique","item":"https:\/\/www.smartystore.it\/fr\/boutique\/"},{"@type":"ListItem","position":3,"name":"Espositore Portabanner a X 60&#215;160"}]},{"@type":"WebSite","@id":"https:\/\/www.smartystore.it\/fr\/#website","url":"https:\/\/www.smartystore.it\/fr\/","name":"Smarty Store","description":"Espositori Pubblicitari e Sistemi di Comunicazione Visiva","potentialAction":[{"@type":"SearchAction","target":{"@type":"EntryPoint","urlTemplate":"https:\/\/www.smartystore.it\/fr\/?s={search_term_string}"},"query-input":{"@type":"PropertyValueSpecification","valueRequired":true,"valueName":"search_term_string"}}],"inLanguage":"fr-FR"}]}},"brands":[],"_links":{"self":[{"href":"https:\/\/www.smartystore.it\/fr\/wp-json\/wp\/v2\/product\/33433","targetHints":{"allow":["GET"]}}],"collection":[{"href":"https:\/\/www.smartystore.it\/fr\/wp-json\/wp\/v2\/product"}],"about":[{"href":"https:\/\/www.smartystore.it\/fr\/wp-json\/wp\/v2\/types\/product"}],"replies":[{"embeddable":true,"href":"https:\/\/www.smartystore.it\/fr\/wp-json\/wp\/v2\/comments?post=33433"}],"wp:featuredmedia":[{"embeddable":true,"href":"https:\/\/www.smartystore.it\/fr\/wp-json\/wp\/v2\/media\/63602"}],"wp:attachment":[{"href":"https:\/\/www.smartystore.it\/fr\/wp-json\/wp\/v2\/media?parent=33433"}],"wp:term":[{"taxonomy":"pwb-brand","embeddable":true,"href":"https:\/\/www.smartystore.it\/fr\/wp-json\/wp\/v2\/pwb-brand?post=33433"},{"taxonomy":"product_brand","embeddable":true,"href":"https:\/\/www.smartystore.it\/fr\/wp-json\/wp\/v2\/product_brand?post=33433"},{"taxonomy":"product_cat","embeddable":true,"href":"https:\/\/www.smartystore.it\/fr\/wp-json\/wp\/v2\/product_cat?post=33433"},{"taxonomy":"product_tag","embeddable":true,"href":"https:\/\/www.smartystore.it\/fr\/wp-json\/wp\/v2\/product_tag?post=33433"}],"curies":[{"name":"wp","href":"https:\/\/api.w.org\/{rel}","templated":true}]}}