{"id":86547,"date":"2024-03-07T18:40:32","date_gmt":"2024-03-07T16:40:32","guid":{"rendered":"https:\/\/www.smartystore.it\/cookie\/"},"modified":"2024-03-07T18:40:32","modified_gmt":"2024-03-07T16:40:32","slug":"cookie","status":"publish","type":"page","link":"https:\/\/www.smartystore.it\/fr\/cookie\/","title":{"rendered":"Cookie"},"content":{"rendered":"<div class=\"wpb-content-wrapper\"><p>[vc_row][vc_column][vc_separator color=\u00a0\u00bbcustom\u00a0\u00bb gap=\u00a0\u00bbtall\u00a0\u00bb gradient=\u00a0\u00bbyes\u00a0\u00bb][vc_column_text]<\/p>\n<p><strong>POLITIQUE EN MATI\u00c8RE DE COOKIES<\/strong><\/p>\n<p>Pour permettre l&rsquo;utilisation de notre site et la fourniture de nos services, nous utilisons \u00e0 la fois des cookies dits persistants (c&rsquo;est-\u00e0-dire des cookies qui restent en m\u00e9moire jusqu&rsquo;\u00e0 ce qu&rsquo;ils soient supprim\u00e9s manuellement par l&rsquo;utilisateur ou pour lesquels une suppression programm\u00e9e \u00e0 long terme est pr\u00e9vue) et les cookies dits de session, qui ne sont pas stock\u00e9s de mani\u00e8re permanente sur l&rsquo;ordinateur du visiteur et disparaissent \u00e0 la fermeture du navigateur. Gr\u00e2ce aux cookies, nous ne pouvons pas acc\u00e9der aux autres informations stock\u00e9es sur votre appareil, m\u00eame si c&rsquo;est l\u00e0 que les cookies sont t\u00e9l\u00e9charg\u00e9s. Les cookies ne peuvent charger aucun code d&rsquo;aucune sorte, v\u00e9hiculer des virus ou des logiciels malveillants et ne sont pas nuisibles au terminal de l&rsquo;utilisateur.<\/p>\n<p><strong>Cookies tiers\u00a0:<\/strong> ce site utilise Google Analytics, un service d&rsquo;analyse du trafic Web fourni par Google, Inc., 1600 Amphitheatre Parkway \u2013 Mountain View \u2013 CA94043 USA, qui utilise des cookies pour collecter et analyser de mani\u00e8re globale informations relatives \u00e0 la navigation de l&rsquo;utilisateur. Ni Smartystore.it ni Google n&rsquo;associent votre adresse IP \u00e0 d&rsquo;autres donn\u00e9es en leur possession pour vous identifier directement.<\/p>\n<p>Les informations collect\u00e9es sont trait\u00e9es par les syst\u00e8mes Google Analytics afin de produire des rapports destin\u00e9s aux administrateurs de Smartystore.it, qui les utilisent pour v\u00e9rifier le bon fonctionnement des services et \u00e9ventuellement le taux de satisfaction des contenus propos\u00e9s.<\/p>\n<p>Si vous souhaitez plus d&rsquo;informations sur les politiques appliqu\u00e9es par Google Inc. en mati\u00e8re de confidentialit\u00e9 des donn\u00e9es, vous pouvez cliquer\u00a0<a href=\"https:\/\/www.google.it\/intl\/it\/policies\/privacy\/\">ici<\/a. >\u00a0; pour d\u00e9sactiver les cookies statistiques, emp\u00eachant ainsi Google Analytics de collecter des donn\u00e9es sur votre navigation, vous pouvez t\u00e9l\u00e9charger le composant appropri\u00e9 de d\u00e9sactivation de Google Analytics disponible ici\u00a0:\u00a0<a href=\"https:\/\/tools.google.com\/dlpage\/ gaoptout\">https :\/\/tools.google.com\/dlpage\/gaoptout<\/a>.<\/p>\n<p>&nbsp;<\/p>\n<p>[\/vc_column_text][\/vc_column][\/vc_row]<\/p>\n<\/div>","protected":false},"excerpt":{"rendered":"<p>[vc_row][vc_column][vc_separator color=\u00a0\u00bbcustom\u00a0\u00bb gap=\u00a0\u00bbtall\u00a0\u00bb gradient=\u00a0\u00bbyes\u00a0\u00bb][vc_column_text] POLITIQUE EN MATI\u00c8RE DE COOKIES Pour permettre l&rsquo;utilisation de notre site et la fourniture de nos services, nous utilisons \u00e0 la fois des cookies dits persistants (c&rsquo;est-\u00e0-dire des cookies qui restent en m\u00e9moire jusqu&rsquo;\u00e0 ce qu&rsquo;ils soient supprim\u00e9s manuellement par l&rsquo;utilisateur ou pour lesquels une suppression programm\u00e9e \u00e0 long terme est [&hellip;]<\/p>\n","protected":false},"author":13509,"featured_media":0,"parent":0,"menu_order":0,"comment_status":"closed","ping_status":"closed","template":"","meta":{"_acf_changed":false,"footnotes":""},"class_list":["post-86547","page","type-page","status-publish","hentry"],"acf":[],"yoast_head":"<!-- This site is optimized with the Yoast SEO plugin v27.0 - https:\/\/yoast.com\/product\/yoast-seo-wordpress\/ -->\n<title>Cookie - Smarty Store<\/title>\n<meta name=\"robots\" content=\"index, follow, max-snippet:-1, max-image-preview:large, max-video-preview:-1\" \/>\n<link rel=\"canonical\" href=\"https:\/\/www.smartystore.it\/fr\/cookie\/\" \/>\n<meta property=\"og:locale\" content=\"fr_FR\" \/>\n<meta property=\"og:type\" content=\"article\" \/>\n<meta property=\"og:title\" content=\"Cookie - Smarty Store\" \/>\n<meta property=\"og:description\" content=\"[vc_row][vc_column][vc_separator color=\u00a0\u00bbcustom\u00a0\u00bb gap=\u00a0\u00bbtall\u00a0\u00bb gradient=\u00a0\u00bbyes\u00a0\u00bb][vc_column_text] POLITIQUE EN MATI\u00c8RE DE COOKIES Pour permettre l&rsquo;utilisation de notre site et la fourniture de nos services, nous utilisons \u00e0 la fois des cookies dits persistants (c&rsquo;est-\u00e0-dire des cookies qui restent en m\u00e9moire jusqu&rsquo;\u00e0 ce qu&rsquo;ils soient supprim\u00e9s manuellement par l&rsquo;utilisateur ou pour lesquels une suppression programm\u00e9e \u00e0 long terme est [&hellip;]\" \/>\n<meta property=\"og:url\" content=\"https:\/\/www.smartystore.it\/fr\/cookie\/\" \/>\n<meta property=\"og:site_name\" content=\"Smarty Store\" \/>\n<meta property=\"article:publisher\" content=\"https:\/\/www.facebook.com\/smartystore.it\/\" \/>\n<meta name=\"twitter:card\" content=\"summary_large_image\" \/>\n<meta name=\"twitter:site\" content=\"@smartystore\" \/>\n<meta name=\"twitter:label1\" content=\"Dur\u00e9e de lecture estim\u00e9e\" \/>\n\t<meta name=\"twitter:data1\" content=\"2 minutes\" \/>\n<script type=\"application\/ld+json\" class=\"yoast-schema-graph\">{\"@context\":\"https:\/\/schema.org\",\"@graph\":[{\"@type\":\"WebPage\",\"@id\":\"https:\/\/www.smartystore.it\/fr\/cookie\/\",\"url\":\"https:\/\/www.smartystore.it\/fr\/cookie\/\",\"name\":\"Cookie - Smarty Store\",\"isPartOf\":{\"@id\":\"https:\/\/www.smartystore.it\/fr\/#website\"},\"datePublished\":\"2024-03-07T16:40:32+00:00\",\"breadcrumb\":{\"@id\":\"https:\/\/www.smartystore.it\/fr\/cookie\/#breadcrumb\"},\"inLanguage\":\"fr-FR\",\"potentialAction\":[{\"@type\":\"ReadAction\",\"target\":[\"https:\/\/www.smartystore.it\/fr\/cookie\/\"]}]},{\"@type\":\"BreadcrumbList\",\"@id\":\"https:\/\/www.smartystore.it\/fr\/cookie\/#breadcrumb\",\"itemListElement\":[{\"@type\":\"ListItem\",\"position\":1,\"name\":\"Accueil\",\"item\":\"https:\/\/www.smartystore.it\/fr\/\"},{\"@type\":\"ListItem\",\"position\":2,\"name\":\"Cookie\"}]},{\"@type\":\"WebSite\",\"@id\":\"https:\/\/www.smartystore.it\/fr\/#website\",\"url\":\"https:\/\/www.smartystore.it\/fr\/\",\"name\":\"Smarty Store\",\"description\":\"Espositori Pubblicitari e Sistemi di Comunicazione Visiva\",\"potentialAction\":[{\"@type\":\"SearchAction\",\"target\":{\"@type\":\"EntryPoint\",\"urlTemplate\":\"https:\/\/www.smartystore.it\/fr\/?s={search_term_string}\"},\"query-input\":{\"@type\":\"PropertyValueSpecification\",\"valueRequired\":true,\"valueName\":\"search_term_string\"}}],\"inLanguage\":\"fr-FR\"}]}<\/script>\n<!-- \/ Yoast SEO plugin. -->","yoast_head_json":{"title":"Cookie - Smarty Store","robots":{"index":"index","follow":"follow","max-snippet":"max-snippet:-1","max-image-preview":"max-image-preview:large","max-video-preview":"max-video-preview:-1"},"canonical":"https:\/\/www.smartystore.it\/fr\/cookie\/","og_locale":"fr_FR","og_type":"article","og_title":"Cookie - Smarty Store","og_description":"[vc_row][vc_column][vc_separator color=\u00a0\u00bbcustom\u00a0\u00bb gap=\u00a0\u00bbtall\u00a0\u00bb gradient=\u00a0\u00bbyes\u00a0\u00bb][vc_column_text] POLITIQUE EN MATI\u00c8RE DE COOKIES Pour permettre l&rsquo;utilisation de notre site et la fourniture de nos services, nous utilisons \u00e0 la fois des cookies dits persistants (c&rsquo;est-\u00e0-dire des cookies qui restent en m\u00e9moire jusqu&rsquo;\u00e0 ce qu&rsquo;ils soient supprim\u00e9s manuellement par l&rsquo;utilisateur ou pour lesquels une suppression programm\u00e9e \u00e0 long terme est [&hellip;]","og_url":"https:\/\/www.smartystore.it\/fr\/cookie\/","og_site_name":"Smarty Store","article_publisher":"https:\/\/www.facebook.com\/smartystore.it\/","twitter_card":"summary_large_image","twitter_site":"@smartystore","twitter_misc":{"Dur\u00e9e de lecture estim\u00e9e":"2 minutes"},"schema":{"@context":"https:\/\/schema.org","@graph":[{"@type":"WebPage","@id":"https:\/\/www.smartystore.it\/fr\/cookie\/","url":"https:\/\/www.smartystore.it\/fr\/cookie\/","name":"Cookie - Smarty Store","isPartOf":{"@id":"https:\/\/www.smartystore.it\/fr\/#website"},"datePublished":"2024-03-07T16:40:32+00:00","breadcrumb":{"@id":"https:\/\/www.smartystore.it\/fr\/cookie\/#breadcrumb"},"inLanguage":"fr-FR","potentialAction":[{"@type":"ReadAction","target":["https:\/\/www.smartystore.it\/fr\/cookie\/"]}]},{"@type":"BreadcrumbList","@id":"https:\/\/www.smartystore.it\/fr\/cookie\/#breadcrumb","itemListElement":[{"@type":"ListItem","position":1,"name":"Accueil","item":"https:\/\/www.smartystore.it\/fr\/"},{"@type":"ListItem","position":2,"name":"Cookie"}]},{"@type":"WebSite","@id":"https:\/\/www.smartystore.it\/fr\/#website","url":"https:\/\/www.smartystore.it\/fr\/","name":"Smarty Store","description":"Espositori Pubblicitari e Sistemi di Comunicazione Visiva","potentialAction":[{"@type":"SearchAction","target":{"@type":"EntryPoint","urlTemplate":"https:\/\/www.smartystore.it\/fr\/?s={search_term_string}"},"query-input":{"@type":"PropertyValueSpecification","valueRequired":true,"valueName":"search_term_string"}}],"inLanguage":"fr-FR"}]}},"_links":{"self":[{"href":"https:\/\/www.smartystore.it\/fr\/wp-json\/wp\/v2\/pages\/86547","targetHints":{"allow":["GET"]}}],"collection":[{"href":"https:\/\/www.smartystore.it\/fr\/wp-json\/wp\/v2\/pages"}],"about":[{"href":"https:\/\/www.smartystore.it\/fr\/wp-json\/wp\/v2\/types\/page"}],"author":[{"embeddable":true,"href":"https:\/\/www.smartystore.it\/fr\/wp-json\/wp\/v2\/users\/13509"}],"replies":[{"embeddable":true,"href":"https:\/\/www.smartystore.it\/fr\/wp-json\/wp\/v2\/comments?post=86547"}],"version-history":[{"count":2,"href":"https:\/\/www.smartystore.it\/fr\/wp-json\/wp\/v2\/pages\/86547\/revisions"}],"predecessor-version":[{"id":86549,"href":"https:\/\/www.smartystore.it\/fr\/wp-json\/wp\/v2\/pages\/86547\/revisions\/86549"}],"wp:attachment":[{"href":"https:\/\/www.smartystore.it\/fr\/wp-json\/wp\/v2\/media?parent=86547"}],"curies":[{"name":"wp","href":"https:\/\/api.w.org\/{rel}","templated":true}]}}