{"id":86474,"date":"2024-03-06T17:07:31","date_gmt":"2024-03-06T15:07:31","guid":{"rendered":"https:\/\/www.smartystore.it\/qui-nous-sommes\/"},"modified":"2024-04-15T16:19:14","modified_gmt":"2024-04-15T14:19:14","slug":"qui-nous-sommes","status":"publish","type":"page","link":"https:\/\/www.smartystore.it\/fr\/qui-nous-sommes\/","title":{"rendered":"<strong>Qui nous sommes<\/strong>"},"content":{"rendered":"<div class=\"wpb-content-wrapper\"><p>[vc_row][vc_column css=\u00a0\u00bb.vc_custom_1601375553471{padding-top: 20px !important;}\u00a0\u00bb][vc_custom_heading text=\u00a0\u00bb<strong>Qui nous sommes<\/strong>\u00a0\u00bb font_container=\u00a0\u00bbtag:h4|text_align:left|color:%23ce1304&Prime; use_theme_fonts=\u00a0\u00bbyes\u00a0\u00bb][vc_column_text]Smartystore est l&rsquo;e-shop sp\u00e9cialis\u00e9 dans la vente de produits publicitaires et de communication visuelle. Avec une offre extr\u00eamement diversifi\u00e9e, Smartystore\u00a0a pour objectif d&rsquo;apporter des solutions concr\u00e8tes pour la promotion d&rsquo;une marque au sein des salons, des agences, des entreprises et des h\u00e9bergements.<\/p>\n<p>Le portail, n\u00e9 d&rsquo;une passion pour la publicit\u00e9, offre aux utilisateurs la possibilit\u00e9 d&rsquo;identifier facilement &#8211; dans les diff\u00e9rentes sections et cat\u00e9gories &#8211; les produits les plus adapt\u00e9s \u00e0 la strat\u00e9gie de communication choisie.<\/p>\n<p><strong>Totems et pr\u00e9sentoirs publicitaires<\/strong>,\u00a0<strong>cadres instantan\u00e9s<\/strong>,\u00a0<strong>tableaux magn\u00e9tiques<\/strong>\u00a0et\u00a0<strong>porte-catalogues<\/strong>\u00a0sont quelques-uns des outils disponibles. sur le e-commerce, qui vous permettent de vous faire remarquer sans avoir recours \u00e0 des consultants externes et en m\u00eame temps d&rsquo;acheter ces articles \u00e0 un prix extr\u00eamement comp\u00e9titif.<\/p>\n<p>La navigation sur le site est con\u00e7ue de mani\u00e8re \u00e0 offrir \u00e0 l&rsquo;utilisateur la possibilit\u00e9 de trouver rapidement les solutions les plus adapt\u00e9es pour promouvoir son entreprise, \u00e0 l&rsquo;aide de sous-cat\u00e9gories et sous-cat\u00e9gories ad hoc.<\/p>\n<p>Une aide suppl\u00e9mentaire pour les consommateurs vient de la galerie de photos, li\u00e9e \u00e0 chaque produit individuel\u00a0: une m\u00e9thode qui permet \u00e0 l&rsquo;acheteur de clarifier rapidement ses id\u00e9es sur l&rsquo;objet qui l&rsquo;int\u00e9resse.<\/p>\n<p>Le portail en ligne est \u00e9galement disponible en version anglaise et vous permet de passer des commandes et d&rsquo;exp\u00e9dier vers certains pays europ\u00e9ens. Smartystore offre une exp\u00e9rience d&rsquo;achat simple et rapide\u00a0: plusieurs m\u00e9thodes de paiement sont prises en charge, des cartes de paiement \u00e0 PayPal, avec la possibilit\u00e9 d&rsquo;effectuer un virement bancaire si l&rsquo;utilisateur ne dispose pas des options pr\u00e9c\u00e9dentes.<\/p>\n<div class=\"porto-blockquote wpb_content_element  col-lg-5 pull-right\"><blockquote class=\" blockquote-reverse \"><p><\/p><footer>Smartystore, des solutions concr\u00e8tes pour la promotion d&#039;une marque au sein des salons, agences, entreprises et h\u00e9bergements <cite title=\"\"><\/cite><\/footer><\/blockquote><\/div>\n<p>&nbsp;<\/p>\n<p>Si pu\u00f2 fare riferimento alla piattaforma per essere certi di effettuare una scelta vantaggiosa ed al contempo consapevole: online si possono fare rapidi confronti tra i vari prodotti. \u00c8 anche possibile acquistare e ricevere prodotti pubblicitari personalizzati con la grafica e le indicazioni dettagliate fornite dall\u2019utente: non solo stampa, quindi, ma supporto all\u2019ideazione stessa della brand image desiderata.<\/p>\n<p>Peculiarit\u00e0 e plus di SmartyStore \u00e8 senz\u2019altro la rapidit\u00e0 del servizio di spedizione in 24\/48 ore dal momento della ricezione del pagamento. Per ulteriori dubbi o informazioni potete rivolgervi al team di assistenza dedicato in grado di intervenire nell\u2019eventualit\u00e0 riscontriate problematiche o impedimenti tecnici nella navigazione sul sito.<\/p>\n<p>&nbsp;<\/p>\n<p><span style=\"color: #d10606;\"><strong>LO STAFF SMARTYSTORE<\/strong><\/span>[\/vc_column_text][\/vc_column][\/vc_row]<\/p>\n<\/div>","protected":false},"excerpt":{"rendered":"<p>[vc_row][vc_column css=\u00a0\u00bb.vc_custom_1601375553471{padding-top: 20px !important;}\u00a0\u00bb][vc_custom_heading text=\u00a0\u00bbQui nous sommes\u00a0\u00bb font_container=\u00a0\u00bbtag:h4|text_align:left|color:%23ce1304&Prime; use_theme_fonts=\u00a0\u00bbyes\u00a0\u00bb][vc_column_text]Smartystore est l&rsquo;e-shop sp\u00e9cialis\u00e9 dans la vente de produits publicitaires et de communication visuelle. Avec une offre extr\u00eamement diversifi\u00e9e, Smartystore\u00a0a pour objectif d&rsquo;apporter des solutions concr\u00e8tes pour la promotion d&rsquo;une marque au sein des salons, des agences, des entreprises et des h\u00e9bergements. Le portail, n\u00e9 d&rsquo;une passion [&hellip;]<\/p>\n","protected":false},"author":13509,"featured_media":0,"parent":0,"menu_order":0,"comment_status":"closed","ping_status":"closed","template":"","meta":{"_acf_changed":false,"footnotes":""},"class_list":["post-86474","page","type-page","status-publish","hentry"],"acf":[],"yoast_head":"<!-- This site is optimized with the Yoast SEO plugin v27.0 - https:\/\/yoast.com\/product\/yoast-seo-wordpress\/ -->\n<title>Qui nous sommes - Smarty Store<\/title>\n<meta name=\"robots\" content=\"index, follow, max-snippet:-1, max-image-preview:large, max-video-preview:-1\" \/>\n<link rel=\"canonical\" href=\"https:\/\/www.smartystore.it\/fr\/qui-nous-sommes\/\" \/>\n<meta property=\"og:locale\" content=\"fr_FR\" \/>\n<meta property=\"og:type\" content=\"article\" \/>\n<meta property=\"og:title\" content=\"Qui nous sommes - Smarty Store\" \/>\n<meta property=\"og:description\" content=\"[vc_row][vc_column css=\u00a0\u00bb.vc_custom_1601375553471{padding-top: 20px !important;}\u00a0\u00bb][vc_custom_heading text=\u00a0\u00bbQui nous sommes\u00a0\u00bb font_container=\u00a0\u00bbtag:h4|text_align:left|color:%23ce1304&Prime; use_theme_fonts=\u00a0\u00bbyes\u00a0\u00bb][vc_column_text]Smartystore est l&rsquo;e-shop sp\u00e9cialis\u00e9 dans la vente de produits publicitaires et de communication visuelle. Avec une offre extr\u00eamement diversifi\u00e9e, Smartystore\u00a0a pour objectif d&rsquo;apporter des solutions concr\u00e8tes pour la promotion d&rsquo;une marque au sein des salons, des agences, des entreprises et des h\u00e9bergements. Le portail, n\u00e9 d&rsquo;une passion [&hellip;]\" \/>\n<meta property=\"og:url\" content=\"https:\/\/www.smartystore.it\/fr\/qui-nous-sommes\/\" \/>\n<meta property=\"og:site_name\" content=\"Smarty Store\" \/>\n<meta property=\"article:modified_time\" content=\"2024-04-15T14:19:14+00:00\" \/>\n<meta name=\"twitter:card\" content=\"summary_large_image\" \/>\n<meta name=\"twitter:label1\" content=\"Dur\u00e9e de lecture estim\u00e9e\" \/>\n\t<meta name=\"twitter:data1\" content=\"2 minutes\" \/>\n<script type=\"application\/ld+json\" class=\"yoast-schema-graph\">{\"@context\":\"https:\/\/schema.org\",\"@graph\":[{\"@type\":\"WebPage\",\"@id\":\"https:\/\/www.smartystore.it\/fr\/qui-nous-sommes\/\",\"url\":\"https:\/\/www.smartystore.it\/fr\/qui-nous-sommes\/\",\"name\":\"Qui nous sommes - Smarty Store\",\"isPartOf\":{\"@id\":\"https:\/\/www.smartystore.it\/fr\/#website\"},\"datePublished\":\"2024-03-06T15:07:31+00:00\",\"dateModified\":\"2024-04-15T14:19:14+00:00\",\"breadcrumb\":{\"@id\":\"https:\/\/www.smartystore.it\/fr\/qui-nous-sommes\/#breadcrumb\"},\"inLanguage\":\"fr-FR\",\"potentialAction\":[{\"@type\":\"ReadAction\",\"target\":[\"https:\/\/www.smartystore.it\/fr\/qui-nous-sommes\/\"]}]},{\"@type\":\"BreadcrumbList\",\"@id\":\"https:\/\/www.smartystore.it\/fr\/qui-nous-sommes\/#breadcrumb\",\"itemListElement\":[{\"@type\":\"ListItem\",\"position\":1,\"name\":\"Home\",\"item\":\"https:\/\/www.smartystore.it\/fr\/\"},{\"@type\":\"ListItem\",\"position\":2,\"name\":\"Qui nous sommes\"}]},{\"@type\":\"WebSite\",\"@id\":\"https:\/\/www.smartystore.it\/fr\/#website\",\"url\":\"https:\/\/www.smartystore.it\/fr\/\",\"name\":\"Smarty Store\",\"description\":\"Espositori Pubblicitari e Sistemi di Comunicazione Visiva\",\"potentialAction\":[{\"@type\":\"SearchAction\",\"target\":{\"@type\":\"EntryPoint\",\"urlTemplate\":\"https:\/\/www.smartystore.it\/fr\/?s={search_term_string}\"},\"query-input\":{\"@type\":\"PropertyValueSpecification\",\"valueRequired\":true,\"valueName\":\"search_term_string\"}}],\"inLanguage\":\"fr-FR\"}]}<\/script>\n<!-- \/ Yoast SEO plugin. -->","yoast_head_json":{"title":"Qui nous sommes - Smarty Store","robots":{"index":"index","follow":"follow","max-snippet":"max-snippet:-1","max-image-preview":"max-image-preview:large","max-video-preview":"max-video-preview:-1"},"canonical":"https:\/\/www.smartystore.it\/fr\/qui-nous-sommes\/","og_locale":"fr_FR","og_type":"article","og_title":"Qui nous sommes - Smarty Store","og_description":"[vc_row][vc_column css=\u00a0\u00bb.vc_custom_1601375553471{padding-top: 20px !important;}\u00a0\u00bb][vc_custom_heading text=\u00a0\u00bbQui nous sommes\u00a0\u00bb font_container=\u00a0\u00bbtag:h4|text_align:left|color:%23ce1304&Prime; use_theme_fonts=\u00a0\u00bbyes\u00a0\u00bb][vc_column_text]Smartystore est l&rsquo;e-shop sp\u00e9cialis\u00e9 dans la vente de produits publicitaires et de communication visuelle. Avec une offre extr\u00eamement diversifi\u00e9e, Smartystore\u00a0a pour objectif d&rsquo;apporter des solutions concr\u00e8tes pour la promotion d&rsquo;une marque au sein des salons, des agences, des entreprises et des h\u00e9bergements. Le portail, n\u00e9 d&rsquo;une passion [&hellip;]","og_url":"https:\/\/www.smartystore.it\/fr\/qui-nous-sommes\/","og_site_name":"Smarty Store","article_modified_time":"2024-04-15T14:19:14+00:00","twitter_card":"summary_large_image","twitter_misc":{"Dur\u00e9e de lecture estim\u00e9e":"2 minutes"},"schema":{"@context":"https:\/\/schema.org","@graph":[{"@type":"WebPage","@id":"https:\/\/www.smartystore.it\/fr\/qui-nous-sommes\/","url":"https:\/\/www.smartystore.it\/fr\/qui-nous-sommes\/","name":"Qui nous sommes - Smarty Store","isPartOf":{"@id":"https:\/\/www.smartystore.it\/fr\/#website"},"datePublished":"2024-03-06T15:07:31+00:00","dateModified":"2024-04-15T14:19:14+00:00","breadcrumb":{"@id":"https:\/\/www.smartystore.it\/fr\/qui-nous-sommes\/#breadcrumb"},"inLanguage":"fr-FR","potentialAction":[{"@type":"ReadAction","target":["https:\/\/www.smartystore.it\/fr\/qui-nous-sommes\/"]}]},{"@type":"BreadcrumbList","@id":"https:\/\/www.smartystore.it\/fr\/qui-nous-sommes\/#breadcrumb","itemListElement":[{"@type":"ListItem","position":1,"name":"Home","item":"https:\/\/www.smartystore.it\/fr\/"},{"@type":"ListItem","position":2,"name":"Qui nous sommes"}]},{"@type":"WebSite","@id":"https:\/\/www.smartystore.it\/fr\/#website","url":"https:\/\/www.smartystore.it\/fr\/","name":"Smarty Store","description":"Espositori Pubblicitari e Sistemi di Comunicazione Visiva","potentialAction":[{"@type":"SearchAction","target":{"@type":"EntryPoint","urlTemplate":"https:\/\/www.smartystore.it\/fr\/?s={search_term_string}"},"query-input":{"@type":"PropertyValueSpecification","valueRequired":true,"valueName":"search_term_string"}}],"inLanguage":"fr-FR"}]}},"_links":{"self":[{"href":"https:\/\/www.smartystore.it\/fr\/wp-json\/wp\/v2\/pages\/86474","targetHints":{"allow":["GET"]}}],"collection":[{"href":"https:\/\/www.smartystore.it\/fr\/wp-json\/wp\/v2\/pages"}],"about":[{"href":"https:\/\/www.smartystore.it\/fr\/wp-json\/wp\/v2\/types\/page"}],"author":[{"embeddable":true,"href":"https:\/\/www.smartystore.it\/fr\/wp-json\/wp\/v2\/users\/13509"}],"replies":[{"embeddable":true,"href":"https:\/\/www.smartystore.it\/fr\/wp-json\/wp\/v2\/comments?post=86474"}],"version-history":[{"count":3,"href":"https:\/\/www.smartystore.it\/fr\/wp-json\/wp\/v2\/pages\/86474\/revisions"}],"predecessor-version":[{"id":87620,"href":"https:\/\/www.smartystore.it\/fr\/wp-json\/wp\/v2\/pages\/86474\/revisions\/87620"}],"wp:attachment":[{"href":"https:\/\/www.smartystore.it\/fr\/wp-json\/wp\/v2\/media?parent=86474"}],"curies":[{"name":"wp","href":"https:\/\/api.w.org\/{rel}","templated":true}]}}